{"id":38145,"date":"2022-06-26T17:35:59","date_gmt":"2022-06-26T17:35:59","guid":{"rendered":"https:\/\/www.touregyptclub.com\/search-page-faq\/"},"modified":"2025-07-31T14:21:15","modified_gmt":"2025-07-31T14:21:15","slug":"search-page-faq","status":"publish","type":"page","link":"http:\/\/www.touregyptclub.com\/pt-br\/search-page-faq\/","title":{"rendered":"footer page faq"},"content":{"rendered":"<div class=\"wpb-content-wrapper\"><p>[vc_row][vc_column el_class=&#8221;searchpagfaq&#8221;][vc_column_text css=&#8221;.vc_custom_1702805716642{margin-bottom: 20px !important;}&#8221;]<\/p>\n<h4 style=\"font-size: 14px;\">Os 10 melhores passeios no Egito 2024<\/h4>\n<p>[\/vc_column_text]<div class=\"st-faq-new st-faq\">\r\n\t<h3>faq<\/h3>\r\n\t\t\t\t\t\t\t\t<div class=\"item active\">\r\n\t\t\t\t\t<div class=\"header\">\r\n\t\t\t\t\t\t<i class=\"input-icon st-border-radius field-icon fa\"><svg height=\"18px\" width=\"18px\" version=\"1.1\" id=\"Layer_1\" xmlns=\"http:\/\/www.w3.org\/2000\/svg\" xmlns:xlink=\"http:\/\/www.w3.org\/1999\/xlink\" x=\"0px\" y=\"0px\"\r\n     viewBox=\"0 0 24 24\" style=\"enable-background:new 0 0 24 24;\" xml:space=\"preserve\">\r\n\r\n<g fill=\"#5E6D77\">\r\n    <path d=\"M5.25,24c-0.116,0-0.232-0.027-0.336-0.079C4.659,23.793,4.5,23.536,4.5,23.25V19.5H2.25C1.009,19.5,0,18.491,0,17.25v-15\r\n        C0,1.009,1.009,0,2.25,0h19.5C22.991,0,24,1.009,24,2.25v15c0,1.241-1.009,2.25-2.25,2.25H11.5l-5.8,4.35\r\n        C5.571,23.947,5.411,24,5.25,24z M2.25,1.5C1.836,1.5,1.5,1.836,1.5,2.25v15C1.5,17.664,1.836,18,2.25,18h3\r\n        C5.664,18,6,18.336,6,18.75v3l4.8-3.6c0.129-0.097,0.289-0.15,0.45-0.15h10.5c0.414,0,0.75-0.336,0.75-0.75v-15\r\n        c0-0.414-0.336-0.75-0.75-0.75H2.25z\"\/>\r\n    <path d=\"M12,12c-0.414,0-0.75-0.336-0.75-0.75v-0.256c-0.001-0.952,0.602-1.805,1.5-2.122c0.897-0.317,1.5-1.17,1.5-2.121\r\n        c0-0.6-0.234-1.165-0.66-1.59c-0.425-0.426-0.99-0.66-1.59-0.66c-0.601,0-1.166,0.234-1.591,0.659\r\n        C9.984,5.584,9.75,6.149,9.75,6.75C9.75,7.164,9.414,7.5,9,7.5S8.25,7.163,8.25,6.75c0-2.067,1.683-3.749,3.75-3.749\r\n        c1.002,0,1.944,0.39,2.652,1.099c0.708,0.709,1.098,1.65,1.098,2.652c0,1.586-1.005,3.006-2.5,3.535\r\n        c-0.299,0.106-0.5,0.39-0.5,0.708v0.256C12.75,11.664,12.414,12,12,12z\"\/>\r\n    <circle cx=\"12\" cy=\"14.625\" r=\"1.125\"\/>\r\n<\/g>\r\n<\/svg><\/i>\t\t\t\t\t\t<h5>TitleTitleTitle<\/h5>\r\n\t\t\t\t\t\t<span class=\"arrow\">\r\n\t\t\t\t\t\t\t<i class=\"fa fa-angle-down\"><\/i>\r\n\t\t\t\t\t\t<\/span>\r\n\t\t\t\t\t<\/div>\r\n\r\n\t\t\t\t\t\t\t\t\t\t\t<div class=\"body\">\r\n\t\t\t\t\t\t\tContent\nContent\nContent\nContent\n\t\t\t\t\t\t<\/div>\r\n\t\t\t\t\t\t\t\t\t<\/div>\r\n\t\t\t\t\t\t\t<\/div>\r\n[\/vc_column][\/vc_row][vc_row][vc_column][vc_column_text]<br \/>\n[\/vc_column_text][\/vc_column][\/vc_row][vc_row full_width=&#8221;stretch_row&#8221; css=&#8221;.vc_custom_1542265299369{background-color: #ffffff !important;}&#8221;][vc_column width=&#8221;1\/4&#8243;][vc_column_text css=&#8221;.vc_custom_1629819029047{margin-bottom: 20px !important;}&#8221;]<\/p>\n<h4 style=\"font-size: 14px;\"><strong>Tour Egypt Club<\/strong><\/h4>\n<p>[\/vc_column_text][vc_separator color=&#8221;custom&#8221; align=&#8221;align_left&#8221; el_width=&#8221;40&#8243; accent_color=&#8221;#eaeaea&#8221;][vc_column_text css=&#8221;.vc_custom_1595238377778{border-left-width: 3px !important;padding-left: 20px !important;border-left-color: #5191fa !important;border-left-style: solid !important;}&#8221;]<img decoding=\"async\" width=\"203\" height=\"80\" class=\"alignnone size-medium wp-image-15668\" src=\"https:\/\/touregyptclub.com\/wp-content\/uploads\/2020\/07\/logo.png\" srcset=\"https:\/\/www.touregyptclub.com\/wp-content\/uploads\/2020\/07\/logo.png 203w, https:\/\/www.touregyptclub.com\/wp-content\/uploads\/2020\/07\/logo-600x236.png 600w, https:\/\/www.touregyptclub.com\/wp-content\/uploads\/2020\/07\/logo-768x302.png 768w\" sizes=\"(max-width: 203px) 100vw, 203px\" \/>[\/vc_column_text][vc_column_text css=&#8221;.vc_custom_1753970699003{border-left-width: 3px !important;padding-left: 20px !important;border-left-style: solid !important;border-color: #5191fa !important;}&#8221;]Tour Egypt Club oferece a garantia de que voc\u00ea experimentar\u00e1 apenas as melhores f\u00e9rias no Egito para voc\u00ea e sua fam\u00edlia. Os lugares mais hist\u00f3ricos do mundo antigo no Egito, Jord\u00e2nia e Jerusal\u00e9m, n\u00f3s cobrimos voc\u00ea! Oferecemos uma excelente cole\u00e7\u00e3o de passeios de um dia de alta qualidade e cuidadosamente selecionados, cruzeiros no rio Nilo, passeios pela cidade e pacotes da viagem para o Egito que se encaixam em qualquer or\u00e7amento de viagem. Aproveite a oportunidade \u00fanica e experimente o Egito Antigo conosco!<br \/>\nO Egito Antigo espera por voc\u00ea em 2025, crie uma mem\u00f3ria duradoura e reserve sua viagem com especialistas em viagens.[\/vc_column_text][vc_column_text css=&#8221;.vc_custom_1629920358520{margin-bottom: 15px !important;border-left-width: 3px !important;padding-left: 20px !important;border-left-color: #5191fa !important;border-left-style: solid !important;}&#8221;]<span style=\"color: #5e6d77; margin-bottom: 5px;\">Follow us<br \/>\n<\/span><\/p>\n<p><a style=\"margin-right: 20px;\" href=\"https:\/\/www.facebook.com\/TourEgyptClub.Local.operator.Travel.consultant\/\" target=\"_blank\" rel=\"noopener\"><img decoding=\"async\" class=\"alignnone wp-image-7794 size-full\" src=\"https:\/\/travelhotel.wpengine.com\/wp-content\/uploads\/2018\/12\/ico_facebook_footer.png\" alt=\"\" width=\"21\" height=\"25\" \/><\/a><a style=\"margin-right: 20px;\" href=\"https:\/\/www.linkedin.com\/in\/tour-egypt-club-176312a2\/?originalSubdomain=eg\" target=\"_blank\" rel=\"noopener\"><img decoding=\"async\" class=\"alignnone wp-image-7795 \" src=\"https:\/\/upload.wikimedia.org\/wikipedia\/commons\/thumb\/e\/e9\/Linkedin_icon.svg\/1200px-Linkedin_icon.svg.png\" alt=\"\" width=\"24\" height=\"24\" \/><\/a><a style=\"margin-right: 20px;\" href=\"#\"><img loading=\"lazy\" decoding=\"async\" class=\"alignnone wp-image-7796 size-full\" src=\"https:\/\/travelhotel.wpengine.com\/wp-content\/uploads\/2018\/12\/ico_instagram_footer.png\" alt=\"\" width=\"24\" height=\"22\" \/><\/a>[\/vc_column_text][\/vc_column][vc_column width=&#8221;1\/4&#8243;][vc_column_text css=&#8221;.vc_custom_1750059453040{margin-bottom: 20px !important;}&#8221;]<\/p>\n<h4 style=\"font-size: 14px;\">Os 10 melhores passeios no Egito 2025<\/h4>\n<p>[\/vc_column_text][vc_separator color=&#8221;custom&#8221; align=&#8221;align_left&#8221; el_width=&#8221;40&#8243; accent_color=&#8221;#eaeaea&#8221;]<div class=\"widget widget_nav_menu\"><ul id=\"menu-footer-3-pt\" class=\"menu\"><li id=\"menu-item-38284\" class=\"menu-item menu-item-type-custom menu-item-object-custom menu-item-38284\"><a href=\"https:\/\/www.touregyptclub.com\/pt-br\/egito-excursoes-passeios-turisticos\/show-de-som-e-luzes-nas-pir%C3%A2mides\/\">Show de som e luzes nas Pir\u00e2mides<\/a><\/li>\n<li id=\"menu-item-38285\" class=\"menu-item menu-item-type-custom menu-item-object-custom menu-item-38285\"><a href=\"https:\/\/www.touregyptclub.com\/pt-br\/egito-excursoes-passeios-turisticos\/show-de-som-e-luzes-no-templo-philae\/\">Show de som e luzes no Templo Philae<\/a><\/li>\n<li id=\"menu-item-38286\" class=\"menu-item menu-item-type-custom menu-item-object-custom menu-item-38286\"><a href=\"https:\/\/www.touregyptclub.com\/pt-br\/show-de-som-e-luzes-em-karnak\/\">Show de som e luzes em Karnak<\/a><\/li>\n<li id=\"menu-item-38287\" class=\"menu-item menu-item-type-custom menu-item-object-custom menu-item-38287\"><a href=\"https:\/\/www.touregyptclub.com\/pt-br\/cruzeiro-no-rio-nilo-egito\/5-dias-de-cruzeiro\/\">Cruzeiro desde Luxor (5 Dias)<\/a><\/li>\n<li id=\"menu-item-38288\" class=\"menu-item menu-item-type-custom menu-item-object-custom menu-item-38288\"><a href=\"https:\/\/www.touregyptclub.com\/pt-br\/pacote-de-viagem-egito\/2-dias-no-cairo\/\">Maravilhas do Cairo<\/a><\/li>\n<li id=\"menu-item-38289\" class=\"menu-item menu-item-type-custom menu-item-object-custom menu-item-38289\"><a href=\"https:\/\/www.touregyptclub.com\/pt-br\/pacote-de-viagem-egito\/3-dias-em-cairo\/\">Excurs\u00f5es Cairo III<\/a><\/li>\n<li id=\"menu-item-38290\" class=\"menu-item menu-item-type-custom menu-item-object-custom menu-item-38290\"><a href=\"https:\/\/www.touregyptclub.com\/pt-br\/pacote-de-viagem-egito\/10-dias-em-egito\/\">Egito panor\u00e2mico (10 dias)<\/a><\/li>\n<li id=\"menu-item-38291\" class=\"menu-item menu-item-type-custom menu-item-object-custom menu-item-38291\"><a href=\"https:\/\/www.touregyptclub.com\/pt-br\/egito-em-9-dias\/\">Esplendor do Egito (9 Dias)<\/a><\/li>\n<li id=\"menu-item-38292\" class=\"menu-item menu-item-type-custom menu-item-object-custom menu-item-38292\"><a href=\"https:\/\/www.touregyptclub.com\/pt-br\/cruzeiro-no-rio-nilo-egito\/4-dias-de-cruzeiro\/\">Cruzeiro desde Aswan ( 4 dias)<\/a><\/li>\n<li id=\"menu-item-38293\" class=\"menu-item menu-item-type-custom menu-item-object-custom menu-item-38293\"><a href=\"https:\/\/www.touregyptclub.com\/pt-br\/pacote-de-viagem-egito\/11dias-egito-mar-vermelho\/\">Egito com Mar vermilho<\/a><\/li>\n<\/ul><\/div>[\/vc_column][vc_column width=&#8221;1\/4&#8243;][vc_column_text css=&#8221;.vc_custom_1661168953582{margin-bottom: 20px !important;}&#8221;]<\/p>\n<h4 style=\"font-size: 14px;\">Wiki do viajante<\/h4>\n<p>[\/vc_column_text][vc_separator color=&#8221;custom&#8221; align=&#8221;align_left&#8221; el_width=&#8221;40&#8243; accent_color=&#8221;#eaeaea&#8221;]<div class=\"widget widget_nav_menu\"><ul id=\"menu-footer-2-pt\" class=\"menu\"><li id=\"menu-item-38317\" class=\"menu-item menu-item-type-taxonomy menu-item-object-category menu-item-38317\"><a href=\"http:\/\/www.touregyptclub.com\/pt-br\/wiki-do-viajante\/\">Wiki do viajante<\/a><\/li>\n<li id=\"menu-item-38318\" class=\"menu-item menu-item-type-taxonomy menu-item-object-category menu-item-38318\"><a href=\"http:\/\/www.touregyptclub.com\/pt-br\/wiki-do-viajante\/guia-de-viagem-de-abidos\/\">Guia de viagem de Abidos<\/a><\/li>\n<li id=\"menu-item-38319\" class=\"menu-item menu-item-type-taxonomy menu-item-object-category menu-item-38319\"><a href=\"http:\/\/www.touregyptclub.com\/pt-br\/wiki-do-viajante\/guia-de-viagem-de-alexandria\/\">Guia de viagem de Alexandria<\/a><\/li>\n<li id=\"menu-item-38320\" class=\"menu-item menu-item-type-taxonomy menu-item-object-category menu-item-38320\"><a href=\"http:\/\/www.touregyptclub.com\/pt-br\/wiki-do-viajante\/guia-de-viagem-de-aswan\/\">Guia de viagem de Aswan<\/a><\/li>\n<li id=\"menu-item-38321\" class=\"menu-item menu-item-type-taxonomy menu-item-object-category menu-item-38321\"><a href=\"http:\/\/www.touregyptclub.com\/pt-br\/wiki-do-viajante\/guia-de-viagem-de-fayoum\/\">Guia de viagem de Fayoum<\/a><\/li>\n<li id=\"menu-item-38322\" class=\"menu-item menu-item-type-taxonomy menu-item-object-category menu-item-38322\"><a href=\"http:\/\/www.touregyptclub.com\/pt-br\/wiki-do-viajante\/guia-de-viagem-de-giz%C3%A9\/\">Guia de viagem de Giz\u00e9<\/a><\/li>\n<li id=\"menu-item-38323\" class=\"menu-item menu-item-type-taxonomy menu-item-object-category menu-item-38323\"><a href=\"http:\/\/www.touregyptclub.com\/pt-br\/wiki-do-viajante\/guia-de-viagem-de-hurghada\/\">Guia de viagem de Hurghada<\/a><\/li>\n<li id=\"menu-item-38324\" class=\"menu-item menu-item-type-taxonomy menu-item-object-category menu-item-38324\"><a href=\"http:\/\/www.touregyptclub.com\/pt-br\/wiki-do-viajante\/guia-de-viagem-de-luxor\/\">Guia de viagem de Luxor<\/a><\/li>\n<li id=\"menu-item-38325\" class=\"menu-item menu-item-type-taxonomy menu-item-object-category menu-item-38325\"><a href=\"http:\/\/www.touregyptclub.com\/pt-br\/wiki-do-viajante\/guia-de-viagem-de-sharm-el-sheikh\/\">Guia de viagem de Sharm el Sheikh<\/a><\/li>\n<li id=\"menu-item-38326\" class=\"menu-item menu-item-type-taxonomy menu-item-object-category menu-item-38326\"><a href=\"http:\/\/www.touregyptclub.com\/pt-br\/wiki-do-viajante\/guia-de-viagem-do-cairo\/\">Guia de viagem do Cairo<\/a><\/li>\n<li id=\"menu-item-38327\" class=\"menu-item menu-item-type-taxonomy menu-item-object-category menu-item-38327\"><a href=\"http:\/\/www.touregyptclub.com\/pt-br\/wiki-do-viajante\/guia-de-viagem-do-sinai\/\">Guia de viagem do Sinai<\/a><\/li>\n<\/ul><\/div>[vc_raw_html]JTNDZGl2JTIwaWQlM0QlMjJUQV9jZXJ0aWZpY2F0ZU9mRXhjZWxsZW5jZTg5NCUyMiUyMGNsYXNzJTNEJTIyVEFfY2VydGlmaWNhdGVPZkV4Y2VsbGVuY2UlMjIlM0UlM0N1bCUyMGlkJTNEJTIybWlmajc5SHQlMjIlMjBjbGFzcyUzRCUyMlRBX2xpbmtzJTIwdm5uSDR4JTIyJTNFJTNDbGklMjBpZCUzRCUyMkhnYTlsRHYlMjIlMjBjbGFzcyUzRCUyMkVFWU5jZmt2bSUyMiUzRSUzQ2ElMjB0YXJnZXQlM0QlMjJfYmxhbmslMjIlMjBocmVmJTNEJTIyaHR0cHMlM0ElMkYlMkZ3d3cudHJpcGFkdmlzb3IuY29tLmJyJTJGQXR0cmFjdGlvbl9SZXZpZXctZzI5NDIwMi1kMjA3ODYzMC1SZXZpZXdzLVRvdXJfRWd5cHRfQ2x1Yi1HaXphX0dpemFfR292ZXJub3JhdGUuaHRtbCUyMiUzRSUzQ2ltZyUyMHNyYyUzRCUyMmh0dHBzJTNBJTJGJTJGd3d3LnRyaXBhZHZpc29yLmNvbS5iciUyRmltZyUyRmNkc2klMkZpbWcyJTJGYXdhcmRzJTJGdjIlMkZ0Y2hvdGVsXzIwMjBfTEwtMTQzNDgtMi5wbmclMjIlMjBhbHQlM0QlMjJUcmlwQWR2aXNvciUyMiUyMGNsYXNzJTNEJTIyd2lkQ09FSW1nJTIyJTIwaWQlM0QlMjJDRFNXSURDT0VMT0dPJTIyJTJGJTNFJTNDJTJGYSUzRSUzQyUyRmxpJTNFJTNDJTJGdWwlM0UlM0MlMkZkaXYlM0UlM0NzY3JpcHQlMjBhc3luYyUyMHNyYyUzRCUyMmh0dHBzJTNBJTJGJTJGd3d3LmpzY2FjaGUuY29tJTJGd2VqcyUzRnd0eXBlJTNEY2VydGlmaWNhdGVPZkV4Y2VsbGVuY2UlMjZhbXAlM0J1bmlxJTNEODk0JTI2YW1wJTNCbG9jYXRpb25JZCUzRDIwNzg2MzAlMjZhbXAlM0JsYW5nJTNEcHQlMjZhbXAlM0J5ZWFyJTNEMjAyMCUyNmFtcCUzQmRpc3BsYXlfdmVyc2lvbiUzRDIlMjIlMjBkYXRhLWxvYWR0cmslMjBvbmxvYWQlM0QlMjJ0aGlzLmxvYWR0cmslM0R0cnVlJTIyJTNFJTNDJTJGc2NyaXB0JTNF[\/vc_raw_html][\/vc_column][vc_column width=&#8221;1\/4&#8243;][vc_column_text css=&#8221;.vc_custom_1753971300938{margin-bottom: 20px !important;}&#8221;]<\/p>\n<h4 style=\"font-size: 14px;\">Informa\u00e7\u00f5es de viagem no Egito<\/h4>\n<p>[\/vc_column_text][vc_separator color=&#8221;custom&#8221; align=&#8221;align_left&#8221; el_width=&#8221;40&#8243; accent_color=&#8221;#eaeaea&#8221;]<div class=\"widget widget_nav_menu\"><ul id=\"menu-footer-new-3-portuguese-brazil\" class=\"menu\"><li id=\"menu-item-37343\" class=\"menu-item menu-item-type-post_type menu-item-object-page menu-item-37343\"><a href=\"http:\/\/www.touregyptclub.com\/pt-br\/sobre-o-egito\/\">Sobre o Egito<\/a><\/li>\n<li id=\"menu-item-37344\" class=\"menu-item menu-item-type-post_type menu-item-object-page menu-item-37344\"><a href=\"http:\/\/www.touregyptclub.com\/pt-br\/historia-do-egito\/\">Hist\u00f3ria do Egito<\/a><\/li>\n<li id=\"menu-item-37345\" class=\"menu-item menu-item-type-post_type menu-item-object-page menu-item-37345\"><a href=\"http:\/\/www.touregyptclub.com\/pt-br\/calend%C3%A1rio-de-feriados-no-egito\/\">Calend\u00e1rio de feriados no Egito<\/a><\/li>\n<li id=\"menu-item-37346\" class=\"menu-item menu-item-type-post_type menu-item-object-page menu-item-37346\"><a href=\"http:\/\/www.touregyptclub.com\/pt-br\/egypt-travel-info\/\">Informa\u00e7\u00f5es de viagem ao Egito<\/a><\/li>\n<li id=\"menu-item-37347\" class=\"menu-item menu-item-type-post_type menu-item-object-page menu-item-37347\"><a href=\"http:\/\/www.touregyptclub.com\/pt-br\/cruzeiros-internacionais\/\">Excurs\u00f5es de cruzeiro e viagem de cruzeiro no Egito<\/a><\/li>\n<li id=\"menu-item-37348\" class=\"menu-item menu-item-type-post_type menu-item-object-page menu-item-37348\"><a href=\"http:\/\/www.touregyptclub.com\/pt-br\/sobrevivencia-no-safari-do-deserto\/\">Sobreviv\u00eancia no Safari do Deserto<\/a><\/li>\n<li id=\"menu-item-37349\" class=\"menu-item menu-item-type-post_type menu-item-object-page menu-item-37349\"><a href=\"http:\/\/www.touregyptclub.com\/pt-br\/kit-de-sobreviv%C3%AAncia-do-viajante-no-egito\/\">Kit de sobreviv\u00eancia do viajante no Egito<\/a><\/li>\n<li id=\"menu-item-37350\" class=\"menu-item menu-item-type-post_type menu-item-object-page menu-item-37350\"><a href=\"http:\/\/www.touregyptclub.com\/pt-br\/taxas-de-entrada-no-egito-para-os-principais-monumentos\/\">Taxas de entrada no Egito para os principais monumentos<\/a><\/li>\n<li id=\"menu-item-37351\" class=\"menu-item menu-item-type-post_type menu-item-object-page menu-item-37351\"><a href=\"http:\/\/www.touregyptclub.com\/pt-br\/dist%C3%A2ncias-estimadas-entre-as-principais-cidades-do-egito\/\">Dist\u00e2ncias estimadas entre as principais cidades do Egito<\/a><\/li>\n<\/ul><\/div>[\/vc_column][\/vc_row][vc_row][vc_column][vc_separator][\/vc_column][\/vc_row][vc_row][vc_column width=&#8221;1\/4&#8243;][vc_column_text css=&#8221;&#8221;]<\/p>\n<p style=\"text-align: center;\">Todos os direitos reservados\u00a9 2010 &#8211; 2025 Tour Egypt<\/p>\n<p>[\/vc_column_text][\/vc_column][vc_column width=&#8221;3\/4&#8243;][vc_row_inner][vc_column_inner width=&#8221;1\/4&#8243;][vc_column_text]<\/p>\n<p style=\"text-align: center;\"><a href=\"https:\/\/touregyptclub.com\/pt-br\/quem-somos\/\">Sobre n\u00f3s<\/a><\/p>\n<p>[\/vc_column_text][\/vc_column_inner][vc_column_inner width=&#8221;1\/4&#8243;][vc_column_text]<\/p>\n<p style=\"text-align: center;\"><a href=\"https:\/\/touregyptclub.com\/pt-br\/Contate-Nos\/\">Contate Nos <\/a><\/p>\n<p>[\/vc_column_text][\/vc_column_inner][vc_column_inner width=&#8221;1\/4&#8243;][vc_column_text]<\/p>\n<p style=\"text-align: center;\"><a href=\"https:\/\/touregyptclub.com\/pt-br\/terms-conditions\/\">termos e Condi\u00e7\u00f5es<\/a><\/p>\n<p>[\/vc_column_text][\/vc_column_inner][vc_column_inner width=&#8221;1\/4&#8243;][vc_column_text]<\/p>\n<p style=\"text-align: center;\"><a href=\"https:\/\/touregyptclub.com\/pt-br\/faqs\/\">FAQs<\/a><\/p>\n<p>[\/vc_column_text][\/vc_column_inner][\/vc_row_inner][\/vc_column][\/vc_row]<\/p>\n<\/div>","protected":false},"excerpt":{"rendered":"<p>[vc_row][vc_column el_class=&#8221;searchpagfaq&#8221;][vc_column_text css=&#8221;.vc_custom_1702805716642{margin-bottom: 20px !important;}&#8221;] Os 10 melhores passeios no Egito 2024 [\/vc_column_text][\/vc_column][\/vc_row][vc_row][vc_column][vc_column_text] [\/vc_column_text][\/vc_column][\/vc_row][vc_row full_width=&#8221;stretch_row&#8221; css=&#8221;.vc_custom_1542265299369{background-color: #ffffff !important;}&#8221;][vc_column width=&#8221;1\/4&#8243;][vc_column_text css=&#8221;.vc_custom_1629819029047{margin-bottom: 20px !important;}&#8221;] Tour Egypt Club [\/vc_column_text][vc_separator color=&#8221;custom&#8221; align=&#8221;align_left&#8221; el_width=&#8221;40&#8243; accent_color=&#8221;#eaeaea&#8221;][vc_column_text css=&#8221;.vc_custom_1595238377778{border-left-width: 3px !important;padding-left: 20px !important;border-left-color: #5191fa !important;border-left-style: solid !important;}&#8221;][\/vc_column_text][vc_column_text css=&#8221;.vc_custom_1753970699003{border-left-width: 3px !important;padding-left: 20px !important;border-left-style: solid !important;border-color: #5191fa !important;}&#8221;]Tour Egypt Club oferece a garantia de que [&hellip;]<\/p>\n","protected":false},"author":1,"featured_media":41572,"parent":0,"menu_order":0,"comment_status":"closed","ping_status":"closed","template":"","meta":{"_acf_changed":false,"_uf_show_specific_survey":0,"_uf_disable_surveys":false,"footnotes":""},"class_list":["post-38145","page","type-page","status-publish","has-post-thumbnail","hentry"],"acf":[],"_links":{"self":[{"href":"https:\/\/www.touregyptclub.com\/pt-br\/wp-json\/wp\/v2\/pages\/38145","targetHints":{"allow":["GET"]}}],"collection":[{"href":"https:\/\/www.touregyptclub.com\/pt-br\/wp-json\/wp\/v2\/pages"}],"about":[{"href":"https:\/\/www.touregyptclub.com\/pt-br\/wp-json\/wp\/v2\/types\/page"}],"author":[{"embeddable":true,"href":"https:\/\/www.touregyptclub.com\/pt-br\/wp-json\/wp\/v2\/users\/1"}],"replies":[{"embeddable":true,"href":"https:\/\/www.touregyptclub.com\/pt-br\/wp-json\/wp\/v2\/comments?post=38145"}],"version-history":[{"count":6,"href":"https:\/\/www.touregyptclub.com\/pt-br\/wp-json\/wp\/v2\/pages\/38145\/revisions"}],"predecessor-version":[{"id":55715,"href":"https:\/\/www.touregyptclub.com\/pt-br\/wp-json\/wp\/v2\/pages\/38145\/revisions\/55715"}],"wp:featuredmedia":[{"embeddable":true,"href":"https:\/\/www.touregyptclub.com\/pt-br\/wp-json\/wp\/v2\/media\/41572"}],"wp:attachment":[{"href":"https:\/\/www.touregyptclub.com\/pt-br\/wp-json\/wp\/v2\/media?parent=38145"}],"curies":[{"name":"wp","href":"https:\/\/api.w.org\/{rel}","templated":true}]}}