{"id":37617,"date":"2022-07-20T08:26:58","date_gmt":"2022-07-20T08:26:58","guid":{"rendered":"https:\/\/2022.exploreegypttours.com\/special-tours\/"},"modified":"2024-01-07T05:31:39","modified_gmt":"2024-01-07T05:31:39","slug":"special-tours","status":"publish","type":"page","link":"http:\/\/www.touregyptclub.com\/pt-br\/as-melhores-visites-sp%C3%A9ciales-offres-de-voyages-en-egypte\/","title":{"rendered":"Passeios Especiais: Descubra o Egito com Tour Egypt Club"},"content":{"rendered":"<div class=\"wpb-content-wrapper\"><p>[vc_row][vc_column][vc_column_text]Bem-vindo ao Tour Egypt Club &#8211; sua porta de entrada para passeios especiais e ofertas exclusivas!<\/p>\n<p>Mergulhe na rica tape\u00e7aria do Egito com o Tour Egypt Club, onde vamos al\u00e9m do comum para selecionar experi\u00eancias excepcionais feitas sob medida para voc\u00ea. N\u00e3o importa onde voc\u00ea se encontre nesta terra fascinante, nosso compromisso \u00e9 elevar sua jornada, tornando suas f\u00e9rias no Egito n\u00e3o apenas f\u00e9rias, mas uma odiss\u00e9ia cativante.<\/p>\n<p>Nossos passeios especiais s\u00e3o projetados com aten\u00e7\u00e3o meticulosa aos detalhes, oferecendo a voc\u00ea uma perspectiva \u00fanica das maravilhas hist\u00f3ricas, joias culturais e paisagens de tirar o f\u00f4lego do Egito. Explore maravilhas antigas com nossos guias especializados, desfrute de del\u00edcias culin\u00e1rias aut\u00eanticas e crie mem\u00f3rias duradouras com nossos itiner\u00e1rios cuidadosamente elaborados.<\/p>\n<p>No Tour Egypt Club entendemos que uma viagem verdadeiramente especial \u00e9 feita de momentos de tirar o f\u00f4lego. \u00c9 por isso que nossas ofertas exclusivas foram projetadas para adicionar uma camada extra de prazer \u00e0 sua aventura. Beneficie das \u00faltimas promo\u00e7\u00f5es, garantindo-lhe uma experi\u00eancia memor\u00e1vel sem comprometer a qualidade.<\/p>\n<p>Das ic\u00f4nicas pir\u00e2mides \u00e0 beleza <a href=\"https:\/\/www.touregyptclub.com\/pt-br\/as-melhores-cruzeiros-no-nilo-dahabiya-lago-nasser\/\">tranquila do Nilo<\/a>, cada passeio \u00e9 uma mistura perfeita de hist\u00f3ria, cultura e relaxamento. Navegue por nossa extensa sele\u00e7\u00e3o de passeios e atividades de viagem, cada um prometendo uma combina\u00e7\u00e3o \u00fanica de descoberta e indulg\u00eancia. Escolha o itiner\u00e1rio perfeito que corresponda \u00e0s suas aspira\u00e7\u00f5es de viagem e deixe-nos transformar a fuga dos seus sonhos em realidade.<\/p>\n<p>No Tour Egypt Club, acreditamos n\u00e3o apenas em mostrar o Egito, mas em criar uma viagem envolvente e inesquec\u00edvel que corresponda aos seus desejos de viagem. Junte-se a n\u00f3s em uma expedi\u00e7\u00e3o onde cada momento \u00e9 uma celebra\u00e7\u00e3o do extraordin\u00e1rio.<\/p>\n<p>Bem-vindo a uma viagem personalizada repleta de momentos extraordin\u00e1rios. <a href=\"https:\/\/chiledreamtours.com\/pt\/passeios-especiais-para-grupos\/\" target=\"_blank\" rel=\"noopener\">Passeios Especiais<\/a>, momentos especiais, conosco no Tour Egypt Club.<\/p>\n<p>Planeje conosco a fuga dos seus sonhos e crie mem\u00f3rias que durar\u00e3o a vida toda![\/vc_column_text][\/vc_column][\/vc_row]<\/p>\n<\/div>","protected":false},"excerpt":{"rendered":"<p>[vc_row][vc_column][vc_column_text]Bem-vindo ao Tour Egypt Club &#8211; sua porta de entrada para passeios especiais e ofertas exclusivas! Mergulhe na rica tape\u00e7aria do Egito com o Tour Egypt Club, onde vamos al\u00e9m do comum para selecionar experi\u00eancias excepcionais feitas sob medida para voc\u00ea. N\u00e3o importa onde voc\u00ea se encontre nesta terra fascinante, nosso compromisso \u00e9 elevar sua [&hellip;]<\/p>\n","protected":false},"author":1,"featured_media":0,"parent":0,"menu_order":0,"comment_status":"closed","ping_status":"closed","template":"template-tour-search.php","meta":{"_acf_changed":false,"_uf_show_specific_survey":0,"_uf_disable_surveys":false,"footnotes":""},"class_list":["post-37617","page","type-page","status-publish","has-post-thumbnail","hentry"],"acf":[],"_links":{"self":[{"href":"https:\/\/www.touregyptclub.com\/pt-br\/wp-json\/wp\/v2\/pages\/37617","targetHints":{"allow":["GET"]}}],"collection":[{"href":"https:\/\/www.touregyptclub.com\/pt-br\/wp-json\/wp\/v2\/pages"}],"about":[{"href":"https:\/\/www.touregyptclub.com\/pt-br\/wp-json\/wp\/v2\/types\/page"}],"author":[{"embeddable":true,"href":"https:\/\/www.touregyptclub.com\/pt-br\/wp-json\/wp\/v2\/users\/1"}],"replies":[{"embeddable":true,"href":"https:\/\/www.touregyptclub.com\/pt-br\/wp-json\/wp\/v2\/comments?post=37617"}],"version-history":[{"count":0,"href":"https:\/\/www.touregyptclub.com\/pt-br\/wp-json\/wp\/v2\/pages\/37617\/revisions"}],"wp:attachment":[{"href":"https:\/\/www.touregyptclub.com\/pt-br\/wp-json\/wp\/v2\/media?parent=37617"}],"curies":[{"name":"wp","href":"https:\/\/api.w.org\/{rel}","templated":true}]}}