{"id":37612,"date":"2022-07-20T08:26:15","date_gmt":"2022-07-20T08:26:15","guid":{"rendered":"https:\/\/2022.exploreegypttours.com\/shore-excursion\/"},"modified":"2024-01-08T07:06:36","modified_gmt":"2024-01-08T07:06:36","slug":"shore-excursion","status":"publish","type":"page","link":"http:\/\/www.touregyptclub.com\/pt-br\/as-melhores-excursoes-terrestres-turismo-no-egito-passeio\/","title":{"rendered":"Excurs\u00f5es Terrestres"},"content":{"rendered":"<div class=\"wpb-content-wrapper\"><p>[vc_row][vc_column][vc_column_text]Embarque na viagem da sua vida com Excurs\u00f5es Terrestres, onde o fasc\u00ednio da explora\u00e7\u00e3o terrestre encontra a arte da aventura com curadoria. Num mundo repleto de maravilhas \u00e0 espera de serem descobertas, as nossas excurs\u00f5es terrestres redefinem as viagens, combinando orienta\u00e7\u00e3o especializada com uma profunda paix\u00e3o pela descoberta.<\/p>\n<p>Na Excurs\u00f5es Terrestres entendemos que viajar n\u00e3o \u00e9 apenas chegar a um destino; trata-se da jornada transformadora que se desenrola ao longo do caminho. Nossas excurs\u00f5es meticulosamente elaboradas s\u00e3o projetadas para mergulhar voc\u00ea na ess\u00eancia de cada local, proporcionando uma experi\u00eancia aut\u00eantica e enriquecedora. Quer voc\u00ea seja atra\u00eddo pelas paisagens serenas da natureza, pela energia vibrante das cidades movimentadas ou pelas tradi\u00e7\u00f5es cativantes das culturas locais, nossa diversificada variedade de excurs\u00f5es atende aos desejos de todos os viajantes mais exigentes.<\/p>\n<p>Imagine-se passeando pelas antigas ruas de paralelep\u00edpedos, guiado por nossos especialistas experientes que desvendam as hist\u00f3rias ocultas de cada enclave hist\u00f3rico. Sinta a adrenalina ao embarcar em emocionantes aventuras ao ar livre, explorando a beleza intocada das maravilhas naturais. A Excurs\u00f5es Terrestres n\u00e3o \u00e9 apenas uma ag\u00eancia de viagens; somos seus companheiros na tecelagem de mem\u00f3rias que duram a vida toda.<\/p>\n<p>O nosso compromisso com a excel\u00eancia reflete-se na combina\u00e7\u00e3o perfeita de conforto e explora\u00e7\u00e3o que define as <a href=\"https:\/\/www.touregyptclub.com\/pt-br\/as-melhores-excursoes-terrestres-turismo-no-egito-passeio\/\">Excurs\u00f5es Terrestres<\/a>. Priorizamos a sua seguran\u00e7a e satisfa\u00e7\u00e3o, garantindo que cada momento da sua viagem seja vivido com entusiasmo e planejamento meticuloso. Nossos itiner\u00e1rios selecionados s\u00e3o elaborados para atender a uma variedade de interesses, permitindo que voc\u00ea personalize sua experi\u00eancia e torne cada expedi\u00e7\u00e3o exclusivamente sua.<\/p>\n<p>Ao viajar com as Excurs\u00f5es Terrestres, voc\u00ea se torna parte de uma comunidade que compartilha a paix\u00e3o por descobrir os tesouros do mundo. Conecte-se com outros viajantes, compartilhe hist\u00f3rias e crie la\u00e7os que transcendem fronteiras. Nossas excurs\u00f5es v\u00e3o al\u00e9m de meras f\u00e9rias; s\u00e3o oportunidades para estabelecer conex\u00f5es, tanto com os destinos quanto com as pessoas que voc\u00ea encontra ao longo do caminho.<\/p>\n<p>A Excurs\u00f5es Terrestres \u00e9 mais que um operador tur\u00edstico; somos arquitetos de experi\u00eancias, elaborando viagens que deixam uma marca indel\u00e9vel na sua alma. Quer voc\u00ea seja um aventureiro solit\u00e1rio em busca de autodescoberta, um casal que deseja aventuras rom\u00e2nticas ou uma fam\u00edlia criando mem\u00f3rias compartilhadas, temos uma excurs\u00e3o que se alinha \u00e0s suas aspira\u00e7\u00f5es.<\/p>\n<p>Junte-se a n\u00f3s enquanto redefinimos a explora\u00e7\u00e3o terrestre, onde cada passo \u00e9 uma revela\u00e7\u00e3o e cada destino \u00e9 uma tela \u00e0 espera da sua hist\u00f3ria. A <a href=\"https:\/\/ieventos.tur.br\/shop\/cotar-viagem\/pacote-de-viagem\/pacote-de-viagem\/\" target=\"_blank\" rel=\"noopener\">Excurs\u00f5es Terrestres<\/a> convida-o a explorar o mundo com uma nova perspetiva \u2013 alicer\u00e7ada na beleza da terra e elevada pelo esp\u00edrito de aventura. Sua extraordin\u00e1ria escapada terrestre come\u00e7a aqui.[\/vc_column_text][\/vc_column][\/vc_row]<\/p>\n<\/div>","protected":false},"excerpt":{"rendered":"<p>[vc_row][vc_column][vc_column_text]Embarque na viagem da sua vida com Excurs\u00f5es Terrestres, onde o fasc\u00ednio da explora\u00e7\u00e3o terrestre encontra a arte da aventura com curadoria. Num mundo repleto de maravilhas \u00e0 espera de serem descobertas, as nossas excurs\u00f5es terrestres redefinem as viagens, combinando orienta\u00e7\u00e3o especializada com uma profunda paix\u00e3o pela descoberta. Na Excurs\u00f5es Terrestres entendemos que viajar n\u00e3o [&hellip;]<\/p>\n","protected":false},"author":1,"featured_media":44700,"parent":0,"menu_order":0,"comment_status":"closed","ping_status":"closed","template":"template-tour-search.php","meta":{"_acf_changed":false,"_uf_show_specific_survey":0,"_uf_disable_surveys":false,"footnotes":""},"class_list":["post-37612","page","type-page","status-publish","has-post-thumbnail","hentry"],"acf":[],"_links":{"self":[{"href":"https:\/\/www.touregyptclub.com\/pt-br\/wp-json\/wp\/v2\/pages\/37612","targetHints":{"allow":["GET"]}}],"collection":[{"href":"https:\/\/www.touregyptclub.com\/pt-br\/wp-json\/wp\/v2\/pages"}],"about":[{"href":"https:\/\/www.touregyptclub.com\/pt-br\/wp-json\/wp\/v2\/types\/page"}],"author":[{"embeddable":true,"href":"https:\/\/www.touregyptclub.com\/pt-br\/wp-json\/wp\/v2\/users\/1"}],"replies":[{"embeddable":true,"href":"https:\/\/www.touregyptclub.com\/pt-br\/wp-json\/wp\/v2\/comments?post=37612"}],"version-history":[{"count":0,"href":"https:\/\/www.touregyptclub.com\/pt-br\/wp-json\/wp\/v2\/pages\/37612\/revisions"}],"wp:featuredmedia":[{"embeddable":true,"href":"https:\/\/www.touregyptclub.com\/pt-br\/wp-json\/wp\/v2\/media\/44700"}],"wp:attachment":[{"href":"https:\/\/www.touregyptclub.com\/pt-br\/wp-json\/wp\/v2\/media?parent=37612"}],"curies":[{"name":"wp","href":"https:\/\/api.w.org\/{rel}","templated":true}]}}