{"id":37611,"date":"2022-07-20T08:26:30","date_gmt":"2022-07-20T08:26:30","guid":{"rendered":"https:\/\/2022.exploreegypttours.com\/nile-cruise-dahabyia\/"},"modified":"2024-01-08T06:41:50","modified_gmt":"2024-01-08T06:41:50","slug":"nile-cruise-dahabyia","status":"publish","type":"page","link":"http:\/\/www.touregyptclub.com\/pt-br\/as-melhores-cruzeiros-no-nilo-dahabiya-lago-nasser\/","title":{"rendered":"Cruzeiro pelo Rio Nilo e Cruzeiro Dahahiya e Lago Nasser"},"content":{"rendered":"<p>Cruzeiro no rio Nilo, muitas vezes referido como a for\u00e7a vital do Egito, tem sido uma fonte de fasc\u00ednio e inspira\u00e7\u00e3o h\u00e1 mil\u00e9nios. Suas \u00e1guas nutriram a terra, fomentaram civiliza\u00e7\u00f5es e testemunharam a ascens\u00e3o e queda de dinastias. Hoje, uma viagem ao longo do Rio Nilo oferece aos viajantes uma oportunidade \u00fanica de explorar a rica tape\u00e7aria da hist\u00f3ria e cultura do Egito, enquanto desfrutam do conforto e do luxo de um navio de cruzeiro. Junte-se a n\u00f3s em uma viagem no tempo enquanto mergulhamos no encanto dos cruzeiros no Rio Nilo.<\/p>\n<h2>O rio Nilo: uma perspectiva hist\u00f3rica<\/h2>\n<p>Antes de embarcarmos em nossa aventura no Rio Nilo, vamos aproveitar um momento para apreciar o significado hist\u00f3rico deste majestoso canal. O rio Nilo tem sido uma t\u00e1bua de salva\u00e7\u00e3o para o Egito h\u00e1 milhares de anos. As suas inunda\u00e7\u00f5es anuais depositaram lodo rico em nutrientes nos campos, garantindo colheitas abundantes e o crescimento de uma civiliza\u00e7\u00e3o pr\u00f3spera. O Nilo tamb\u00e9m desempenhou um papel fundamental na constru\u00e7\u00e3o das pir\u00e2mides, dos templos e dos t\u00famulos que continuam a cativar a imagina\u00e7\u00e3o do mundo.<\/p>\n<h2>Cruzeiros modernos pelo rio Nilo<\/h2>\n<p>Avan\u00e7ando at\u00e9 os dias atuais, o Rio Nilo ainda cativa visitantes de todo o mundo. Os cruzeiros modernos pelo Rio Nilo oferecem uma mistura perfeita de hist\u00f3ria, luxo e aventura. Os viajantes podem explorar os marcos ic\u00f4nicos do Egito enquanto desfrutam do conforto de navios de cruzeiro bem equipados. Com uma variedade de itiner\u00e1rios para escolher, voc\u00ea pode experimentar o melhor do Egito com estilo.<\/p>\n<h2>Paradas populares ao longo do Nilo<\/h2>\n<p>Um dos destaques de um cruzeiro pelo Rio Nilo \u00e9 a oportunidade de visitar alguns dos destinos mais famosos do Egito:<\/p>\n<p><strong>Luxor<\/strong>: Conhecido como o \u201cmaior museu ao ar livre do mundo\u201d, Luxor possui o imponente Templo de Karnak e o Vale dos Reis, onde o t\u00famulo de Tutanc\u00e2mon foi descoberto.<br \/>\n<strong>Aswan:<\/strong> Aqui voc\u00ea pode explorar o belo Templo de Philae e fazer um passeio de barco para visitar os templos atemporais de Abu Simbel.<br \/>\n<strong>Edfu<\/strong>: Lar do Templo de Edfu, dedicado ao deus falc\u00e3o H\u00f3rus, esta parada oferece um vislumbre da grandiosidade da arquitetura eg\u00edpcia antiga.<\/p>\n<p>Cada uma dessas paradas est\u00e1 repleta de hist\u00f3ria e oferece uma janela para o rico passado do Egito.<\/p>\n<h2>Experi\u00eancia a bordo<\/h2>\n<p>Embora os locais hist\u00f3ricos ao longo do Rio Nilo sejam, sem d\u00favida, as estrelas do espet\u00e1culo, a experi\u00eancia a bordo \u00e9 igualmente impressionante. Os navios de cruzeiro pelo Rio Nilo s\u00e3o projetados para oferecer conforto e relaxamento. Cabines espa\u00e7osas, refei\u00e7\u00f5es gourmet e op\u00e7\u00f5es de entretenimento s\u00e3o apenas alguns dos luxos que voc\u00ea pode esperar. Ao navegar pelas \u00e1guas calmas do Nilo, voc\u00ea encontrar\u00e1 tranquilidade e uma sensa\u00e7\u00e3o de admira\u00e7\u00e3o verdadeiramente incompar\u00e1vel.<\/p>\n<h2>Enriquecimento Cultural<\/h2>\n<p>Os cruzeiros no Rio Nilo v\u00e3o al\u00e9m dos passeios tur\u00edsticos; eles oferecem oportunidades de enriquecimento cultural. Palestras, demonstra\u00e7\u00f5es e performances a bordo oferecem informa\u00e7\u00f5es sobre a hist\u00f3ria, a arte e as tradi\u00e7\u00f5es do Egito. Al\u00e9m disso, muitos cruzeiros incluem intera\u00e7\u00f5es com comunidades locais, permitindo que voc\u00ea aprenda sobre a vida e os costumes eg\u00edpcios modernos.<\/p>\n<h2>Dicas para escolher o cruzeiro certo no Rio Nilo<\/h2>\n<h3>Ao selecionar um cruzeiro no Rio Nilo, tenha em mente as seguintes dicas:<\/h3>\n<ul style=\"list-style-type: circle;\">\n<li>Considere a dura\u00e7\u00e3o do cruzeiro: decida quanto tempo voc\u00ea deseja ficar na \u00e1gua e quanto tempo gostaria de passar explorando em terra.<\/li>\n<li>Examine as comodidades: procure navios de cruzeiro que ofere\u00e7am as comodidades e servi\u00e7os a bordo mais importantes para voc\u00ea.<\/li>\n<li>Avalie as excurs\u00f5es em terra: Certifique-se de que o cruzeiro inclua visitas aos locais hist\u00f3ricos de seu interesse.<\/li>\n<li>Defina um or\u00e7amento: determine seu or\u00e7amento com anteced\u00eancia para restringir suas escolhas.<\/li>\n<\/ul>\n<h2>Conclus\u00e3o<\/h2>\n<p>Um cruzeiro pelo Rio Nilo \u00e9 uma viagem que transcende o tempo, oferecendo uma mistura cativante de maravilhas antigas e confortos modernos. Ao deslizar pelas \u00e1guas serenas do Nilo, voc\u00ea ser\u00e1 transportado para um mundo onde a hist\u00f3ria ganha vida. Dos imponentes <a href=\"https:\/\/www.touregyptclub.com\/en\/travelers-wiki\/travel-wiki\/luxor-travel-guide\/luxor-temple-complex\/\">templos de Luxor<\/a> \u00e0 beleza serena de Aswan e \u00e0s experi\u00eancias culturais a bordo, um cruzeiro no Rio Nilo \u00e9 uma aventura encantadora que deixar\u00e1 voc\u00ea com lembran\u00e7as duradouras e uma profunda aprecia\u00e7\u00e3o pelos tesouros atemporais do <a href=\"https:\/\/www.britannica.com\/place\/ancient-Egypt\" target=\"_blank\" rel=\"noopener\">Egito<\/a>. Abrace o encanto do Rio Nilo e embarque numa viagem de descoberta na terra dos fara\u00f3s.<\/p>\n<h2>Mais de 200 passeios pelo rio Nilo com faixas de pre\u00e7o<\/h2>\n<p>Com mais de 200 passeios pelo Rio Nilo dispon\u00edveis, h\u00e1 um cruzeiro que atende \u00e0s prefer\u00eancias e ao or\u00e7amento de cada viajante. Desde viagens mais curtas at\u00e9 aventuras prolongadas, e desde pacotes standard at\u00e9 luxuosos, as op\u00e7\u00f5es s\u00e3o diversas. Diferentes operadores tur\u00edsticos oferecem itiner\u00e1rios e inclus\u00f5es exclusivos, garantindo que voc\u00ea encontre o cruzeiro perfeito que atenda aos seus interesses e expectativas.<\/p>\n","protected":false},"excerpt":{"rendered":"<p>Cruzeiro no rio Nilo, muitas vezes referido como a for\u00e7a vital do Egito, tem sido uma fonte de fasc\u00ednio e inspira\u00e7\u00e3o h\u00e1 mil\u00e9nios. Suas \u00e1guas nutriram a terra, fomentaram civiliza\u00e7\u00f5es e testemunharam a ascens\u00e3o e queda de dinastias. Hoje, uma viagem ao longo do Rio Nilo oferece aos viajantes uma oportunidade \u00fanica de explorar a [&hellip;]<\/p>\n","protected":false},"author":1,"featured_media":0,"parent":0,"menu_order":0,"comment_status":"closed","ping_status":"closed","template":"template-tour-search.php","meta":{"_acf_changed":false,"_uf_show_specific_survey":0,"_uf_disable_surveys":false,"footnotes":""},"class_list":["post-37611","page","type-page","status-publish","has-post-thumbnail","hentry"],"acf":[],"_links":{"self":[{"href":"https:\/\/www.touregyptclub.com\/pt-br\/wp-json\/wp\/v2\/pages\/37611","targetHints":{"allow":["GET"]}}],"collection":[{"href":"https:\/\/www.touregyptclub.com\/pt-br\/wp-json\/wp\/v2\/pages"}],"about":[{"href":"https:\/\/www.touregyptclub.com\/pt-br\/wp-json\/wp\/v2\/types\/page"}],"author":[{"embeddable":true,"href":"https:\/\/www.touregyptclub.com\/pt-br\/wp-json\/wp\/v2\/users\/1"}],"replies":[{"embeddable":true,"href":"https:\/\/www.touregyptclub.com\/pt-br\/wp-json\/wp\/v2\/comments?post=37611"}],"version-history":[{"count":0,"href":"https:\/\/www.touregyptclub.com\/pt-br\/wp-json\/wp\/v2\/pages\/37611\/revisions"}],"wp:attachment":[{"href":"https:\/\/www.touregyptclub.com\/pt-br\/wp-json\/wp\/v2\/media?parent=37611"}],"curies":[{"name":"wp","href":"https:\/\/api.w.org\/{rel}","templated":true}]}}