{"id":37608,"date":"2022-07-20T08:25:14","date_gmt":"2022-07-20T08:25:14","guid":{"rendered":"https:\/\/2022.exploreegypttours.com\/tour-package\/"},"modified":"2024-01-08T07:09:15","modified_gmt":"2024-01-08T07:09:15","slug":"best-egypt-travel-vacation-packages","status":"publish","type":"page","link":"http:\/\/www.touregyptclub.com\/pt-br\/as-melhores-viagens-para-o-gito-viagem-roteiro\/","title":{"rendered":"Pacotes de f\u00e9rias para o Egito"},"content":{"rendered":"<div class=\"wpb-content-wrapper\"><p>[vc_row][vc_column][vc_column_text]Prepare-se para uma viagem incr\u00edvel com nossos pacotes de f\u00e9rias para o Egito! Planejamos cada um cuidadosamente para realizar seus sonhos de viagem. Explore diferentes partes desta terra incr\u00edvel com experi\u00eancias pensadas s\u00f3 para voc\u00ea.<\/p>\n<h2>Explorar a hist\u00f3ria<\/h2>\n<p>Embarque em uma viagem fascinante pelas areias do tempo enquanto explora a enigm\u00e1tica hist\u00f3ria do antigo Egito. Testemunhe o legado duradouro das Pir\u00e2mides de Giz\u00e9, incluindo as imponentes estruturas de Khufu, Khafre e Menkaure, maravilhas que desafiaram s\u00e9culos. Em Luxor, atravesse os terrenos sagrados do Templo de Karnak e do cativante Templo de Luxor, onde a ess\u00eancia da espiritualidade e grandeza eg\u00edpcia antiga ressoa atrav\u00e9s dos tempos.<\/p>\n<p>Guiada por egipt\u00f3logos apaixonados, sua visita se torna uma v\u00edvida tape\u00e7aria de hist\u00f3rias, dando vida aos rituais, cerim\u00f4nias e \u00e0 exist\u00eancia di\u00e1ria de uma civiliza\u00e7\u00e3o que prosperou ao longo das margens do Nilo. Os hier\u00f3glifos e a arquitetura monumental revelam hist\u00f3rias de fara\u00f3s e plebeus, transformando sua explora\u00e7\u00e3o em uma odiss\u00e9ia imersiva por um mundo onde o mito e a realidade se entrela\u00e7am, esperando para serem desvendados pelo viajante curioso.<\/p>\n<h2>Cruzeiro no Nilo<\/h2>\n<p>Na viagem ao longo do intemporal Rio Nilo, onde um cruzeiro sereno convida voc\u00ea a relaxar em meio aos esplendores da hist\u00f3ria do Egito. \u00c0 medida que voc\u00ea navega rio abaixo, as margens do rio revelam uma tape\u00e7aria de maravilhas arqueol\u00f3gicas, incluindo o majestoso Templo de Philae, Edfu e Kom Ombo. Fazendo uma transi\u00e7\u00e3o perfeita entre momentos de relaxamento a bordo e explora\u00e7\u00f5es cativantes de locais antigos, o cruzeiro atinge um equil\u00edbrio harmonioso. As correntes calmantes do Nilo transportam voc\u00ea por uma paisagem repleta de mil\u00eanios de hist\u00f3ria.<\/p>\n<p>Deleite-se no conforto do seu retiro flutuante, entregando-se a experi\u00eancias gastron\u00f4micas requintadas sob as estrelas e interagindo com guias especializados que d\u00e3o vida \u00e0s hist\u00f3rias de fara\u00f3s e deuses. Isto cria uma fus\u00e3o inesquec\u00edvel de lazer e imers\u00e3o cultural, onde cada curva do rio d\u00e1 vida a um novo cap\u00edtulo da rica heran\u00e7a do Egito.<\/p>\n<h2>Felicidade do Mar Vermelho<\/h2>\n<p>Red Sea Bliss com nossos pacotes exclusivos para Sharm El Sheikh e Hurghada, prometendo uma escapadela na praia incompar\u00e1vel. Fa\u00e7a uma transi\u00e7\u00e3o perfeita da rotina para o extraordin\u00e1rio enquanto mergulha nas \u00e1guas cristalinas e na vibrante vida marinha do Mar Vermelho. Esses pacotes cuidadosamente selecionados oferecem um ref\u00fagio ideal para os entusiastas do mar, onde a promessa de explora\u00e7\u00e3o subaqu\u00e1tica e relaxamento tranquilo ao longo de praias imaculadas o aguarda.<\/p>\n<p>Saindo da agita\u00e7\u00e3o da vida cotidiana, esses pacotes convidam voc\u00ea a descobrir uma mistura perfeita de charme costeiro, garantindo um retiro feliz que atende aos sonhos de todos os entusiastas do mar. Esteja voc\u00ea ansioso para explorar o fascinante mundo subaqu\u00e1tico atrav\u00e9s de aventuras de mergulho com snorkel e com snorkel ou simplesmente desejando um relaxamento sereno nas praias ensolaradas, o Red Sea Bliss oferece um ref\u00fagio id\u00edlico.<\/p>\n<p>As paisagens pitorescas e as \u00e1guas azuis criam um ambiente que combina perfeitamente a beleza natural com a tranquilidade, oferecendo uma experi\u00eancia incompar\u00e1vel para quem procura uma escapadela rejuvenescedora e envolvente \u00e0 beira-mar.<\/p>\n<h2>Aventura no Cairo<\/h2>\n<p>Descubra o cora\u00e7\u00e3o din\u00e2mico do Cairo com nossos pacotes de aventura, guiando voc\u00ea pelos movimentados mercados da cidade, como Khan El Khalili, e apresentando sua mistura de maravilhas antigas e modernas. Explore as ic\u00f4nicas Pir\u00e2mides e Esfinge e suba a Torre do Cairo para ter vistas panor\u00e2micas que resumem o esp\u00edrito em constante evolu\u00e7\u00e3o da cidade.<\/p>\n<p>Das ruas labir\u00ednticas dos bairros hist\u00f3ricos ao horizonte reluzente, cada canto do Cairo convida voc\u00ea a uma aventura, prometendo uma experi\u00eancia imersiva na vibrante tape\u00e7aria da capital do Egito.<\/p>\n<h2>Saf\u00e1ri no deserto<\/h2>\n<p>Desert Safari, uma viagem que transcende o comum e leva voc\u00ea \u00e0s profundezas das paisagens fascinantes do Saara. Fa\u00e7a uma transi\u00e7\u00e3o perfeita das paisagens urbanas movimentadas para a desola\u00e7\u00e3o serena do deserto, onde a extens\u00e3o ilimitada de areias douradas se estende at\u00e9 onde a vista alcan\u00e7a. Participe de passeios de camelo que proporcionam uma viagem r\u00edtmica por este terreno vasto e atemporal, permitindo que voc\u00ea se conecte intimamente com a beleza natural do deserto.<\/p>\n<p>Fazendo a transi\u00e7\u00e3o dos passeios de camelo, atravesse majestosas dunas de areia que se erguem como esculturas antigas, suas formas onduladas criando uma paisagem surreal. Acampe sob o vasto c\u00e9u eg\u00edpcio, onde os tons mut\u00e1veis do p\u00f4r do sol pintam o deserto com uma paleta de tons quentes. \u00c0 medida que o dia se transforma em noite, o c\u00e9u estrelado no deserto revela um espet\u00e1culo celestial, oferecendo uma conclus\u00e3o encantadora \u00e0 sua aventura no Saara.<\/p>\n<p>A quietude da noite no deserto, interrompida apenas pelos suaves sons do vento, transforma a sua experi\u00eancia de acampamento num momento de reflex\u00e3o tranquila, criando mem\u00f3rias que perduram muito depois de deixar as areias para tr\u00e1s.<\/p>\n<h2>Mergulho Cultural<\/h2>\n<p>Mergulho Cultural com nossos pacotes especialmente elaborados, transcendendo a experi\u00eancia tur\u00edstica comum para proporcionar uma explora\u00e7\u00e3o aut\u00eantica e envolvente do f A rica tape\u00e7aria cultural do Egito. Fazendo a transi\u00e7\u00e3o dos passeios tur\u00edsticos t\u00edpicos, esses pacotes oferecem oportunidades pr\u00e1ticas, como aulas de culin\u00e1ria onde voc\u00ea pode dominar a arte de preparar pratos tradicionais eg\u00edpcios. Ao mergulhar nessas experi\u00eancias culin\u00e1rias, voc\u00ea se conecta perfeitamente com o cora\u00e7\u00e3o da cultura eg\u00edpcia, descobrindo o significado dos sabores e ingredientes que fazem parte da heran\u00e7a do pa\u00eds.<\/p>\n<p>Fazendo a transi\u00e7\u00e3o da cozinha para o palco, nossos pacotes de mergulho cultural convidam voc\u00ea a testemunhar apresenta\u00e7\u00f5es tradicionais que capturam a ess\u00eancia da heran\u00e7a art\u00edstica do Egito. Das dan\u00e7as folcl\u00f3ricas \u00e0 m\u00fasica hipnotizante, cada apresenta\u00e7\u00e3o torna-se uma janela para a alma do pa\u00eds. Passeie por bairros animados, onde a energia vibrante da vida quotidiana se desenrola diante de si, oferecendo uma liga\u00e7\u00e3o aut\u00eantica \u00e0s gentes e tradi\u00e7\u00f5es que moldam a identidade da na\u00e7\u00e3o.<\/p>\n<p>Estas experi\u00eancias n\u00e3o s\u00e3o apenas vislumbres; s\u00e3o mergulhos profundos na alma do Egito, promovendo uma conex\u00e3o genu\u00edna que transcende a superf\u00edcie e deixa voc\u00ea com uma compreens\u00e3o profunda da riqueza cultural do pa\u00eds.<\/p>\n<h2>Jornadas Arqueol\u00f3gicas<\/h2>\n<p>Pacotes de Jornadas Arqueol\u00f3gicas, feitos sob medida para \u00e1vidos entusiastas da hist\u00f3ria, ansiosos por desvendar os mist\u00e9rios de locais menos conhecidos, acrescentando profundidade \u00e0 rica tape\u00e7aria hist\u00f3rica do Egito. Fa\u00e7a uma transi\u00e7\u00e3o perfeita de pontos de refer\u00eancia famosos para tesouros escondidos, explorando ru\u00ednas esquecidas e encontrando artefatos intrigantes que narram coletivamente a hist\u00f3ria cativante de civiliza\u00e7\u00f5es antigas.<\/p>\n<p>Esta expedi\u00e7\u00e3o com curadoria oferece uma compreens\u00e3o diferenciada do passado do Egito, \u00e0 medida que guias especializados entrela\u00e7am a din\u00e2mica cultural, social e pol\u00edtica inerente a cada descoberta arqueol\u00f3gica.<\/p>\n<p>Ao transitar por estes vest\u00edgios do passado, as nossas Jornadas Arqueol\u00f3gicas prometem uma experi\u00eancia imersiva e educativa, proporcionando uma oportunidade de liga\u00e7\u00e3o com os meandros da hist\u00f3ria do Egipto. \u00c0 medida que voc\u00ea atravessa s\u00edtios arqueol\u00f3gicos, cada descoberta se torna um trampolim, revelando segredos h\u00e1 muito velados pelas areias do tempo. Esta explora\u00e7\u00e3o cativante garante que a hist\u00f3ria ganhe vida, oferecendo uma perspectiva \u00fanica sobre a narrativa do Egito atrav\u00e9s dos tempos.<\/p>\n<h2>Divers\u00e3o familiar<\/h2>\n<p>Aventura em fam\u00edlia com nossos pacotes Family Fun especialmente selecionados, onde cada momento \u00e9 pensado para atender a todas as idades. Fa\u00e7a uma transi\u00e7\u00e3o perfeita entre visitas interativas a museus, envolvendo todos os membros da fam\u00edlia em uma viagem pela rica hist\u00f3ria do Egito, para a emo\u00e7\u00e3o dos passeios de camelo, promovendo o riso compartilhado e a uni\u00e3o tendo como pano de fundo as paisagens deslumbrantes do pa\u00eds. Esses pacotes cuidadosamente elaborados n\u00e3o apenas divertem, mas tamb\u00e9m educam, garantindo que cada membro da fam\u00edlia encontre alegria e enriquecimento nas diversas experi\u00eancias.<\/p>\n<p>Passando da maravilha nos olhos de uma crian\u00e7a ao encontrar artefatos antigos para a alegria de um passeio de camelo por paisagens hist\u00f3ricas, nossos pacotes Family Fun v\u00e3o al\u00e9m do passeio tradicional. Estas experi\u00eancias tornam-se mais do que apenas atividades; eles s\u00e3o blocos de constru\u00e7\u00e3o de mem\u00f3rias queridas que fortalecem os la\u00e7os familiares<\/p>\n<p>. Tendo como pano de fundo cativante as maravilhas antigas do Egipto, as fam\u00edlias criam liga\u00e7\u00f5es duradouras, tecendo uma tape\u00e7aria de hist\u00f3rias partilhadas que ser\u00e3o contadas e valorizadas nos pr\u00f3ximos anos.<\/p>\n<h2>Escapadinhas de Luxo<\/h2>\n<p>Pacotes Luxury Getaways, oferecendo uma sinfonia de opul\u00eancia em meio \u00e0s paisagens cativantes do Egito. Mergulhe no ep\u00edtome das acomoda\u00e7\u00f5es luxuosas, onde cada aspecto \u00e9 meticulosamente selecionado para elevar a sua estadia a um n\u00edvel de conforto e estilo sem precedentes. Desde su\u00edtes elegantemente decoradas com vistas deslumbrantes at\u00e9 servi\u00e7os personalizados que antecipam todas as suas necessidades, nossos Luxury Getaways prometem um retiro no luxo, garantindo uma estadia que transcende o comum.<\/p>\n<p>Entre em um mundo de exclusividade com passeios privados que revelam as maravilhas dos marcos ic\u00f4nicos do Egito. Percorra locais hist\u00f3ricos com guias especializados que fornecem informa\u00e7\u00f5es \u00edntimas, permitindo que voc\u00ea se conecte com a rica tape\u00e7aria do passado do pa\u00eds de uma forma exclusivamente pessoal.<\/p>\n<p>Al\u00e9m da experi\u00eancia tur\u00edstica convencional, nossas Escapadinhas de Luxo redefinem a explora\u00e7\u00e3o, garantindo que voc\u00ea encontre atra\u00e7\u00f5es renomadas, como as Pir\u00e2mides de Giz\u00e9, com uma sensa\u00e7\u00e3o de exclusividade e profundidade. Esta n\u00e3o \u00e9 apenas uma jornada; \u00e9 um encontro imersivo com a grandeza do Egito, feito sob medida para satisfazer os desejos dos viajantes mais exigentes.<\/p>\n<h2>Seu jeito<\/h2>\n<p>Personalize a sua aventura eg\u00edpcia com os nossos pacotes Your Way, permitindo-lhe personalizar a sua viagem de acordo com as suas prefer\u00eancias. Escolha destinos, atividades e acomoda\u00e7\u00f5es para uma experi\u00eancia personalizada que reflita seus interesses \u00fanicos. Se voc\u00ea busca explora\u00e7\u00e3o hist\u00f3rica, relaxamento ou uma mistura de ambos, deixe-nos ajudar na curadoria de uma aventura eg\u00edpcia personalizada que se alinhe perfeitamente com seus desejos.<\/p>\n<p>Quer voc\u00ea seja um f\u00e3 de hist\u00f3ria, um amante da praia ou esteja procurando uma escapadela familiar, nossos pacotes de f\u00e9rias no Egito atendem a voc\u00ea<\/p>\n<p>seus interesses espec\u00edficos. Mergulhe profundamente na extraordin\u00e1ria magia do Egito com itiner\u00e1rios perfeitamente selecionados. Garantir que as f\u00e9rias dos seus sonhos aconte\u00e7am exatamente como voc\u00ea imagina. Sua aventura incompar\u00e1vel no Egito o aguarda, e a chave para desbloque\u00e1-la est\u00e1 a apenas um pacote de dist\u00e2ncia!<\/p>\n<h2>Pacote de viagem para o Egito<\/h2>\n<p>No Egypt Travel Package, temos f\u00e9rias perfeitas para todos! Se voc\u00ea deseja uma viagem econ\u00f4mica ou uma aventura mais luxuosa, criamos passeios que se adaptam ao seu estilo. Explore as cidades legais do <a href=\"https:\/\/www.touregyptclub.com\/fr\/category\/travelers-wiki-travel-wiki\/travelers-wiki-travel-wiki-cairo-travel-guide\/\">Cairo<\/a>, <a href=\"https:\/\/www.touregyptclub.com\/fr\/category\/travelers-wiki-travel-wiki\/travelers-wiki-travel-wiki-alexandria-travel-guide\/\">Alexandria<\/a>, <a href=\"https:\/\/en.wikipedia.org\/wiki\/Sharm_El_Sheikh\" target=\"_blank\" rel=\"noopener\">Sharm<\/a>, <a href=\"https:\/\/www.touregyptclub.com\/fr\/category\/travelers-wiki-travel-wiki\/travelers-wiki-travel-wiki-aswan-travel-guide\/\">Aswan<\/a> e <a href=\"https:\/\/www.touregyptclub.com\/fr\/category\/travelers-wiki-travel-wiki\/travelers-wiki-travel-wiki-luxor-travel-guide\/\">Luxor<\/a> sem gastar muito. Nossos pre\u00e7os acess\u00edveis permitem que voc\u00ea aproveite os passeios e crie lembran\u00e7as incr\u00edveis.<\/p>\n<p>Sabemos que cada pessoa \u00e9 diferente, por isso oferecemos v\u00e1rios passeios diferentes para combinar com o que voc\u00ea gosta. Se voc\u00ea adora coisas antigas ou quer se sentir VIP, nossos pacotes garantem que suas f\u00e9rias no Egito sejam super divertidas e perfeitas para voc\u00ea. Venha descobrir a magia do Egito conosco \u2013 onde \u00f3timas experi\u00eancias encontram \u00f3timos pre\u00e7os!<\/p>\n<h2>Tour Egito Clube<\/h2>\n<p>O Tour Egypt Club \u00e9 o seu parceiro dedicado para tornar a sua estadia no Egito verdadeiramente memor\u00e1vel. Nossa equipe est\u00e1 empenhada em aprimorar sua excurs\u00e3o e passeios de um dia no Egito. Se voc\u00ea prefere explorar locais hist\u00f3ricos conhecidos ou tesouros pouco conhecidos. Nossos operadores tur\u00edsticos locais profissionais no Egito est\u00e3o ansiosos para ajud\u00e1-lo a planejar e reservar sua excurs\u00e3o diurna, mesmo no \u00faltimo minuto.<\/p>\n<p>Priorizamos a flexibilidade para atender \u00e0s suas necessidades espec\u00edficas, garantindo uma experi\u00eancia agrad\u00e1vel e descomplicada. Capture a beleza de suas aventuras com a fam\u00edlia e amigos enquanto o guiamos pela rica tape\u00e7aria das maravilhas do Egito. Confie no Tour Egypt Club para lhe proporcionar uma experi\u00eancia de viagem perfeita e personalizada, tornando cada momento da sua viagem especial e inesquec\u00edvel.[\/vc_column_text][\/vc_column][\/vc_row]<\/p>\n<\/div>","protected":false},"excerpt":{"rendered":"<p>[vc_row][vc_column][vc_column_text]Prepare-se para uma viagem incr\u00edvel com nossos pacotes de f\u00e9rias para o Egito! Planejamos cada um cuidadosamente para realizar seus sonhos de viagem. Explore diferentes partes desta terra incr\u00edvel com experi\u00eancias pensadas s\u00f3 para voc\u00ea. Explorar a hist\u00f3ria Embarque em uma viagem fascinante pelas areias do tempo enquanto explora a enigm\u00e1tica hist\u00f3ria do antigo Egito. [&hellip;]<\/p>\n","protected":false},"author":1,"featured_media":0,"parent":0,"menu_order":0,"comment_status":"closed","ping_status":"closed","template":"template-tour-search.php","meta":{"_acf_changed":false,"_uf_show_specific_survey":0,"_uf_disable_surveys":false,"footnotes":""},"class_list":["post-37608","page","type-page","status-publish","has-post-thumbnail","hentry"],"acf":[],"_links":{"self":[{"href":"https:\/\/www.touregyptclub.com\/pt-br\/wp-json\/wp\/v2\/pages\/37608","targetHints":{"allow":["GET"]}}],"collection":[{"href":"https:\/\/www.touregyptclub.com\/pt-br\/wp-json\/wp\/v2\/pages"}],"about":[{"href":"https:\/\/www.touregyptclub.com\/pt-br\/wp-json\/wp\/v2\/types\/page"}],"author":[{"embeddable":true,"href":"https:\/\/www.touregyptclub.com\/pt-br\/wp-json\/wp\/v2\/users\/1"}],"replies":[{"embeddable":true,"href":"https:\/\/www.touregyptclub.com\/pt-br\/wp-json\/wp\/v2\/comments?post=37608"}],"version-history":[{"count":0,"href":"https:\/\/www.touregyptclub.com\/pt-br\/wp-json\/wp\/v2\/pages\/37608\/revisions"}],"wp:attachment":[{"href":"https:\/\/www.touregyptclub.com\/pt-br\/wp-json\/wp\/v2\/media?parent=37608"}],"curies":[{"name":"wp","href":"https:\/\/api.w.org\/{rel}","templated":true}]}}