{"id":37599,"date":"2022-07-20T08:15:24","date_gmt":"2022-07-20T08:15:24","guid":{"rendered":"https:\/\/2022.exploreegypttours.com\/day-tours\/"},"modified":"2024-01-07T06:26:28","modified_gmt":"2024-01-07T06:26:28","slug":"day-tours","status":"publish","type":"page","link":"http:\/\/www.touregyptclub.com\/pt-br\/as-melhores-turismo-no-egito-passeio\/","title":{"rendered":"Turismo no Egito: Explore a Riqueza do Patrim\u00f4nio Eg\u00edpcio"},"content":{"rendered":"<div class=\"wpb-content-wrapper\"><p>[vc_row][vc_column][vc_column_text]Embarque numa viagem extraordin\u00e1ria com o Turismo Egito, uma porta de entrada para um mundo onde os ecos das civiliza\u00e7\u00f5es antigas se harmonizam com o pulsar vibrante da vida moderna. O Turismo Egito convida os viajantes a explorar uma tape\u00e7aria de hist\u00f3ria, cultura e maravilhas naturais que se desenrolam nesta terra enigm\u00e1tica.<\/p>\n<p>Comece sua aventura admirando as ic\u00f4nicas <a href=\"https:\/\/www.touregyptclub.com\/pt-br\/egito-excursoes-passeios-turisticos\/giza-com-as-pir%C3%A2mides-e-a-esfingemuseu-eg%C3%ADpcio\/\">pir\u00e2mides de Giz\u00e9<\/a>, um testemunho da engenhosidade dos antigos eg\u00edpcios. Maravilhe-se com a Esfinge, que guarda essas estruturas colossais com um ar de mist\u00e9rio que intrigou gera\u00e7\u00f5es. \u00c0 medida que voc\u00ea atravessa as paisagens, o Rio Nilo surge como uma t\u00e1bua de salva\u00e7\u00e3o, e um cruzeiro pelas suas \u00e1guas atemporais oferece uma perspectiva \u00fanica da beleza do Egito.<\/p>\n<p>O Turismo Egito convida os amantes da hist\u00f3ria a desvendar as hist\u00f3rias gravadas nas paredes dos antigos templos. Os templos de Luxor e Karnak, com a sua grandeza e esculturas complexas, mostram a proeza arquitet\u00f3nica de \u00e9pocas passadas. Mergulhe no Vale dos Reis, onde os fara\u00f3s encontraram seus locais de descanso eterno, e sinta o peso da hist\u00f3ria ao explorar esses locais sagrados.<\/p>\n<p>Para quem busca um gostinho da vida local, o <a href=\"https:\/\/www.segurospromo.com.br\/blog\/turismo-no-egito\/\" target=\"_blank\" rel=\"noopener\">Turismo Egito<\/a> convida a passear por movimentados bazares, onde o aroma de especiarias ex\u00f3ticas se mistura com as cores vibrantes dos tecidos e do artesanato. Interaja com habitantes locais amig\u00e1veis, saboreie a culin\u00e1ria tradicional e mergulhe no calor da hospitalidade eg\u00edpcia.<\/p>\n<p>\u00c0 medida que o sol se p\u00f5e sobre o deserto do Saara, lan\u00e7ando tons dourados sobre a paisagem, o Turismo Egito desvenda a magia das maravilhas naturais do Egito. Das praias imaculadas do Mar Vermelho \u00e0s paisagens sobrenaturais do Deserto Branco, cada destino pinta uma imagem \u00fanica da beleza diversificada do pa\u00eds.<\/p>\n<p>No Turismo Egito cada passo \u00e9 uma dan\u00e7a entre a antiguidade e a modernidade, oferecendo uma experi\u00eancia de viagem que transcende o tempo. Quer voc\u00ea seja um f\u00e3 de hist\u00f3ria, um aventureiro ou um entusiasta cultural, o Egito recebe voc\u00ea de bra\u00e7os abertos, pronto para compartilhar seus tesouros e mist\u00e9rios. Deixe o Turismo Egito ser o seu guia para uma estadia inesquec\u00edvel no cora\u00e7\u00e3o deste destino cativante.[\/vc_column_text][\/vc_column][\/vc_row]<\/p>\n<\/div>","protected":false},"excerpt":{"rendered":"<p>[vc_row][vc_column][vc_column_text]Embarque numa viagem extraordin\u00e1ria com o Turismo Egito, uma porta de entrada para um mundo onde os ecos das civiliza\u00e7\u00f5es antigas se harmonizam com o pulsar vibrante da vida moderna. O Turismo Egito convida os viajantes a explorar uma tape\u00e7aria de hist\u00f3ria, cultura e maravilhas naturais que se desenrolam nesta terra enigm\u00e1tica. Comece sua aventura [&hellip;]<\/p>\n","protected":false},"author":1,"featured_media":38043,"parent":0,"menu_order":0,"comment_status":"closed","ping_status":"closed","template":"template-tour-search.php","meta":{"_acf_changed":false,"_uf_show_specific_survey":0,"_uf_disable_surveys":false,"footnotes":""},"class_list":["post-37599","page","type-page","status-publish","has-post-thumbnail","hentry"],"acf":[],"_links":{"self":[{"href":"https:\/\/www.touregyptclub.com\/pt-br\/wp-json\/wp\/v2\/pages\/37599","targetHints":{"allow":["GET"]}}],"collection":[{"href":"https:\/\/www.touregyptclub.com\/pt-br\/wp-json\/wp\/v2\/pages"}],"about":[{"href":"https:\/\/www.touregyptclub.com\/pt-br\/wp-json\/wp\/v2\/types\/page"}],"author":[{"embeddable":true,"href":"https:\/\/www.touregyptclub.com\/pt-br\/wp-json\/wp\/v2\/users\/1"}],"replies":[{"embeddable":true,"href":"https:\/\/www.touregyptclub.com\/pt-br\/wp-json\/wp\/v2\/comments?post=37599"}],"version-history":[{"count":0,"href":"https:\/\/www.touregyptclub.com\/pt-br\/wp-json\/wp\/v2\/pages\/37599\/revisions"}],"wp:featuredmedia":[{"embeddable":true,"href":"https:\/\/www.touregyptclub.com\/pt-br\/wp-json\/wp\/v2\/media\/38043"}],"wp:attachment":[{"href":"https:\/\/www.touregyptclub.com\/pt-br\/wp-json\/wp\/v2\/media?parent=37599"}],"curies":[{"name":"wp","href":"https:\/\/api.w.org\/{rel}","templated":true}]}}