{"id":28808,"date":"2022-01-14T09:29:25","date_gmt":"2022-01-14T09:29:25","guid":{"rendered":"https:\/\/touregyptclub.com\/history-of-egypt\/"},"modified":"2024-01-07T05:52:05","modified_gmt":"2024-01-07T05:52:05","slug":"historia-do-egito","status":"publish","type":"page","link":"http:\/\/www.touregyptclub.com\/pt-br\/historia-do-egito\/","title":{"rendered":"Hist\u00f3ria do Egito"},"content":{"rendered":"<p>Situado \u00e0s margens do majestoso Rio Nilo, o Egito possui uma hist\u00f3ria t\u00e3o duradoura quanto as areias de suas vastas paisagens des\u00e9rticas. Esta terra antiga, muitas vezes referida como a \u201cD\u00e1diva do Nilo\u201d, testemunhou a g\u00e9nese de uma das primeiras civiliza\u00e7\u00f5es da humanidade. Por volta de 3.100 a.C., a unifica\u00e7\u00e3o do Alto e do Baixo Egito sob o rei Narmer marcou o in\u00edcio da era fara\u00f4nica, lan\u00e7ando as bases para uma civiliza\u00e7\u00e3o que deixaria uma marca indel\u00e9vel no mundo. A Grande Pir\u00e2mide de Giz\u00e9, uma maravilha da engenharia antiga, \u00e9 um testemunho da habilidade dos eg\u00edpcios na constru\u00e7\u00e3o de estruturas monumentais durante este per\u00edodo formativo.<\/p>\n<h2><strong>Egito Antigo: Nascimento da Civiliza\u00e7\u00e3o:<\/strong><\/h2>\n<p>A era fara\u00f4nica deu in\u00edcio a uma saga real marcada pelo governo de poderosos fara\u00f3s e pela sucess\u00e3o de dinastias poderosas. Da fara\u00f3 Hatshepsut ao ilustre Rams\u00e9s II, cada governante contribuiu para a grandeza do antigo Egito. O sistema din\u00e1stico proporcionou um quadro est\u00e1vel para a governa\u00e7\u00e3o, promovendo realiza\u00e7\u00f5es culturais e art\u00edsticas que perduram at\u00e9 hoje. Os hier\u00f3glifos, o intrincado sistema de escrita, adornavam templos e monumentos, preservando as hist\u00f3rias de uma civiliza\u00e7\u00e3o que reverenciava seus deuses, celebrava a vida e navegava no intrincado equil\u00edbrio entre a vida e a morte. Este per\u00edodo preparou o terreno para os cap\u00edtulos subsequentes da narrativa hist\u00f3rica do Egito.<\/p>\n<h2><strong>A Pedra de Roseta: Uma Chave para o Passado:<\/strong><\/h2>\n<p>S\u00e9culos mais tarde, as areias do tempo revelaram um artefato fundamental que desvendou os mist\u00e9rios do antigo Egito \u2013 a Pedra de Roseta. Descoberta por soldados franceses em 1799 na cidade de Rosetta, esta laje com inscri\u00e7\u00f5es tornou-se um elemento fundamental na decifra\u00e7\u00e3o de hier\u00f3glifos. Apresentando o mesmo texto em tr\u00eas escritas &#8211; grega, dem\u00f3tica e hierogl\u00edfica &#8211; a Pedra de Roseta tornou-se uma Pedra de Roseta do conhecimento, permitindo a estudiosos como Jean-Fran\u00e7ois Champollion decifrar o c\u00f3digo e mergulhar na rica tape\u00e7aria da heran\u00e7a lingu\u00edstica e cultural do Egito. Os hier\u00f3glifos decifrados forneceram informa\u00e7\u00f5es sobre as pr\u00e1ticas religiosas, a vida cotidiana e a grandeza de uma civiliza\u00e7\u00e3o que outrora prosperou ao longo das margens do Nilo.<\/p>\n<h2><strong>Egito sob dom\u00ednio estrangeiro:<\/strong><\/h2>\n<p>\u00c0 medida que as p\u00e1ginas da hist\u00f3ria do Egito viravam, a na\u00e7\u00e3o enfrentava o fluxo e refluxo das influ\u00eancias estrangeiras. Os persas, liderados por Cambises II, acrescentaram um cap\u00edtulo de conquista, seguido pela grandeza do reinado de Alexandre, o Grande. O dom\u00ednio romano subsequente remodelou o Egito, misturando tradi\u00e7\u00f5es ind\u00edgenas com influ\u00eancias greco-romanas. A famosa Biblioteca de Alexandria, um farol de conhecimento no mundo antigo, tornou-se um s\u00edmbolo do interc\u00e2mbio intelectual que caracterizou esta \u00e9poca. Estas interac\u00e7\u00f5es estrangeiras n\u00e3o s\u00f3 alteraram as paisagens pol\u00edticas, mas tamb\u00e9m contribu\u00edram para a fus\u00e3o cultural que define a narrativa hist\u00f3rica do Egipto.<\/p>\n<h2><strong>Egito Isl\u00e2mico: Um Novo Cap\u00edtulo:<\/strong><\/h2>\n<p>Em 641 d.C., um novo cap\u00edtulo surgiu quando as for\u00e7as \u00e1rabes, lideradas por Amr ibn al-As, conquistaram o Egipto, introduzindo a era do dom\u00ednio isl\u00e2mico. Isto marcou uma mudan\u00e7a cultural e religiosa significativa, uma vez que o Isl\u00e3o deixou uma marca indel\u00e9vel na identidade do Egipto. Mesquitas, como a vener\u00e1vel Mesquita de Amr ibn al-As no Cairo, tornaram-se s\u00edmbolos arquitet\u00f3nicos deste per\u00edodo transformador. A assimila\u00e7\u00e3o das tradi\u00e7\u00f5es isl\u00e2micas e o florescimento da l\u00edngua e literatura \u00e1rabe enriqueceram ainda mais a paisagem cultural do Egito.<\/p>\n<h2><strong>Influ\u00eancias Otomanas e Europeias: A Era Moderna:<\/strong><\/h2>\n<p>O s\u00e9culo XVI trouxe um novo cap\u00edtulo com o dom\u00ednio do Imp\u00e9rio Otomano sobre o Egito, abrindo caminho para intera\u00e7\u00f5es com as pot\u00eancias europeias no s\u00e9culo XIX. A constru\u00e7\u00e3o do Canal de Suez durante este per\u00edodo foi um testemunho das mudan\u00e7as nas mar\u00e9s da moderniza\u00e7\u00e3o. No entanto, estes desenvolvimentos tamb\u00e9m marcaram uma luta pela independ\u00eancia e soberania. O s\u00e9culo XX testemunhou o estabelecimento da Rep\u00fablica do Egipto em 1952, liderada por figuras como Gamal Abdel Nasser, moldando o caminho da na\u00e7\u00e3o rumo \u00e0 autodetermina\u00e7\u00e3o.<\/p>\n<h2><strong>Conclus\u00e3o:<\/strong><\/h2>\n<p>A hist\u00f3ria do Egito \u00e9 uma viagem cativante no tempo, tecida com fios de maravilhas antigas, dinastias reais e interse\u00e7\u00f5es culturais. Desde os primeiros dias dos fara\u00f3s at\u00e9 \u00e0 era isl\u00e2mica e aos encontros com pot\u00eancias estrangeiras, a narrativa do Egipto \u00e9 de resili\u00eancia e adapta\u00e7\u00e3o. Hoje, \u00e0 medida que a na\u00e7\u00e3o prospera no s\u00e9culo XXI, a sua rica hist\u00f3ria continua a ecoar nos monumentos ao<a href=\"https:\/\/www.touregyptclub.com\/pt-br\/sobre-o-egito\/\"> longo do Nilo<\/a> e no esp\u00edrito vibrante do seu povo. Estudar as ra\u00edzes desta antiga civiliza\u00e7\u00e3o n\u00e3o s\u00f3 revela os mist\u00e9rios do passado, mas tamb\u00e9m proporciona uma compreens\u00e3o profunda das for\u00e7as que transformaram o<a href=\"https:\/\/www.voflyturismo.com.br\/o-egito-antigo-uma-jornada-fascinante-pelo-berco-da-civilizacao\" target=\"_blank\" rel=\"noopener\"> Egito na fascinante<\/a> tape\u00e7aria que \u00e9 hoje.<\/p>\n","protected":false},"excerpt":{"rendered":"<p>Situado \u00e0s margens do majestoso Rio Nilo, o Egito possui uma hist\u00f3ria t\u00e3o duradoura quanto as areias de suas vastas paisagens des\u00e9rticas. Esta terra antiga, muitas vezes referida como a \u201cD\u00e1diva do Nilo\u201d, testemunhou a g\u00e9nese de uma das primeiras civiliza\u00e7\u00f5es da humanidade. Por volta de 3.100 a.C., a unifica\u00e7\u00e3o do Alto e do Baixo [&hellip;]<\/p>\n","protected":false},"author":1,"featured_media":31232,"parent":0,"menu_order":0,"comment_status":"closed","ping_status":"closed","template":"template-home-modern.php","meta":{"_acf_changed":false,"_uf_show_specific_survey":0,"_uf_disable_surveys":false,"footnotes":""},"class_list":["post-28808","page","type-page","status-publish","has-post-thumbnail","hentry"],"acf":[],"_links":{"self":[{"href":"https:\/\/www.touregyptclub.com\/pt-br\/wp-json\/wp\/v2\/pages\/28808","targetHints":{"allow":["GET"]}}],"collection":[{"href":"https:\/\/www.touregyptclub.com\/pt-br\/wp-json\/wp\/v2\/pages"}],"about":[{"href":"https:\/\/www.touregyptclub.com\/pt-br\/wp-json\/wp\/v2\/types\/page"}],"author":[{"embeddable":true,"href":"https:\/\/www.touregyptclub.com\/pt-br\/wp-json\/wp\/v2\/users\/1"}],"replies":[{"embeddable":true,"href":"https:\/\/www.touregyptclub.com\/pt-br\/wp-json\/wp\/v2\/comments?post=28808"}],"version-history":[{"count":0,"href":"https:\/\/www.touregyptclub.com\/pt-br\/wp-json\/wp\/v2\/pages\/28808\/revisions"}],"wp:featuredmedia":[{"embeddable":true,"href":"https:\/\/www.touregyptclub.com\/pt-br\/wp-json\/wp\/v2\/media\/31232"}],"wp:attachment":[{"href":"https:\/\/www.touregyptclub.com\/pt-br\/wp-json\/wp\/v2\/media?parent=28808"}],"curies":[{"name":"wp","href":"https:\/\/api.w.org\/{rel}","templated":true}]}}