{"id":28802,"date":"2022-01-14T09:23:26","date_gmt":"2022-01-14T09:23:26","guid":{"rendered":"https:\/\/touregyptclub.com\/terms-conditions\/"},"modified":"2024-01-16T09:18:05","modified_gmt":"2024-01-16T09:18:05","slug":"terms-conditions","status":"publish","type":"page","link":"http:\/\/www.touregyptclub.com\/pt-br\/terms-conditions\/","title":{"rendered":"Termos e Condi\u00e7\u00f5es"},"content":{"rendered":"<h2>Seu acordo com o Tour Egypt Club<\/h2>\n<h3>Pol\u00edtica de pagamento:<\/h3>\n<p>Para garantir sua reserva, confirme ativamente seus planos de viagem com voc\u00ea e a empresa. Posteriormente, a reserva torna-se segura ao receber o dep\u00f3sito\/pagamento correto atrav\u00e9s de uma transfer\u00eancia banc\u00e1ria para a conta banc\u00e1ria da nossa empresa. Ao fazer os dep\u00f3sitos exigidos ou concluir o pagamento de pacotes tur\u00edsticos independentes ou acompanhados, voc\u00ea concorda implicitamente com todos os termos descritos e informa\u00e7\u00f5es gerais.<\/p>\n<p>Para reservas, recomendamos fortemente a reserva antecipada, enviando um dep\u00f3sito de 50%. Convenientemente, fa\u00e7a este dep\u00f3sito atrav\u00e9s de transfer\u00eancia banc\u00e1ria ou Western Union. Certifique-se de que o saldo chegue at\u00e9 n\u00f3s dentro de 7 dias ap\u00f3s a confirma\u00e7\u00e3o. Se voc\u00ea reservar dentro de 7 dias antes da partida, dever\u00e1 pagar o valor total no momento da reserva.<\/p>\n<h3>Altera\u00e7\u00f5es:<\/h3>\n<p>As altera\u00e7\u00f5es \u00e0 reserva original dependem da disponibilidade. \u00c9 importante ressaltar que caso tenhamos recebido o pagamento integral ou emitido um voucher, tenha certeza de que nenhuma taxa administrativa ser\u00e1 aplicada.<\/p>\n<h3>Pol\u00edtica para crian\u00e7as:<\/h3>\n<h5>Pacotes, Cruzeiros no Nilo ou Hot\u00e9is:<\/h5>\n<ul>\n<li>At\u00e9 2 crian\u00e7as com menos de 11,99 anos podem partilhar confortavelmente o quarto dos pais.<br \/>\nPara os mais novos, as crian\u00e7as at\u00e9 1,99 anos n\u00e3o pagam.<br \/>\nAs crian\u00e7as dos 2 aos 5,99 anos pagam uma taxa nominal de 25% do custo total para adultos.<br \/>\nDa mesma forma, as crian\u00e7as dos 6 aos 11,99 anos pagam 50% do custo total para adultos.<br \/>\nCrian\u00e7as com mais de 12 anos tornam-se automaticamente adultos.<\/li>\n<\/ul>\n<h5>Passeios Tur\u00edsticos e Passeios Opcionais:<\/h5>\n<p>* As crian\u00e7as mais novas, at\u00e9 aos 5,99 anos, beneficiam de estadias gratuitas.<br \/>\nPara crian\u00e7as de 6 a 11,99 anos que participam dos passeios, a cobran\u00e7a \u00e9 de 50% do custo total do passeio para adultos.<br \/>\nTal como acontece com outros aspectos, as crian\u00e7as com mais de 12 anos s\u00e3o consideradas adultos.<\/p>\n<h5>Voo dom\u00e9stico:<\/h5>\n<p>* Para os passageiros mais jovens, as crian\u00e7as at\u00e9 1,99 anos pagam uma modesta taxa de 10% do custo de adulto.<br \/>\n* Enquanto isso, as crian\u00e7as com idade entre 2 e 11,99 anos incorrem em razo\u00e1veis 75% do custo de adulto.<\/p>\n<h3>Pol\u00edtica de cancelamento:<\/h3>\n<ul>\n<li>Forne\u00e7a documenta\u00e7\u00e3o escrita por fax ou e-mail para cancelamentos. Os encargos aplic\u00e1veis s\u00e3o os seguintes:<\/li>\n<\/ul>\n<p>* Se voc\u00ea cancelar entre 40 e 30 dias antes da partida, deduziremos 25% do pre\u00e7o total do passeio.<br \/>\n* Da mesma forma, os cancelamentos entre 29 e 15 dias antes da partida resultam numa dedu\u00e7\u00e3o de 50% do pre\u00e7o total do passeio.<br \/>\n* Cancelamentos entre 1 e 14 dias antes da partida garantem uma dedu\u00e7\u00e3o de 100% do pre\u00e7o total do passeio.<br \/>\n* \u00c9 importante ressaltar que n\u00e3o oferecemos reembolso por n\u00e3o comparecimento.<\/p>\n<h5>Pol\u00edtica de cancelamento de Natal e Ano Novo: (18 de dezembro a 10 de janeiro)<\/h5>\n<ul>\n<li>Cancelamentos feitos entre 60 e 31 dias antes da chegada ter\u00e3o uma dedu\u00e7\u00e3o de 50% do pre\u00e7o total.<br \/>\nAlternativamente, cancelamentos entre 30 dias antes do dia de chegada resultam numa dedu\u00e7\u00e3o de 100% do pre\u00e7o total.<\/li>\n<\/ul>\n<h3>Reclama\u00e7\u00f5es e Reclama\u00e7\u00f5es:<\/h3>\n<p>Caso tenha alguma reclama\u00e7\u00e3o durante a sua estadia, informe imediatamente a gest\u00e3o do alojamento para resolu\u00e7\u00e3o. N\u00e3o fazer isso pode resultar na perda dos direitos de compensa\u00e7\u00e3o. Se o problema persistir, contacte o nosso representante, e se ainda n\u00e3o for resolvido, contacte o nosso Operador Tur\u00edstico. Direcione quaisquer disputas ao fornecedor de acomoda\u00e7\u00e3o relevante.<\/p>\n<h3>Requerimentos especiais:<\/h3>\n<p>O aviso pr\u00e9vio de quaisquer pedidos especiais antes da data de chegada \u00e9 essencial para considera\u00e7\u00e3o. No entanto, n\u00e3o garantimos solicita\u00e7\u00f5es n\u00e3o explicitamente inclu\u00eddas no acordo.<\/p>\n","protected":false},"excerpt":{"rendered":"<p>Seu acordo com o Tour Egypt Club Pol\u00edtica de pagamento: Para garantir sua reserva, confirme ativamente seus planos de viagem com voc\u00ea e a empresa. Posteriormente, a reserva torna-se segura ao receber o dep\u00f3sito\/pagamento correto atrav\u00e9s de uma transfer\u00eancia banc\u00e1ria para a conta banc\u00e1ria da nossa empresa. Ao fazer os dep\u00f3sitos exigidos ou concluir o [&hellip;]<\/p>\n","protected":false},"author":1,"featured_media":38065,"parent":0,"menu_order":0,"comment_status":"closed","ping_status":"closed","template":"template-home-modern.php","meta":{"_acf_changed":false,"_uf_show_specific_survey":0,"_uf_disable_surveys":false,"footnotes":""},"class_list":["post-28802","page","type-page","status-publish","has-post-thumbnail","hentry"],"acf":[],"_links":{"self":[{"href":"https:\/\/www.touregyptclub.com\/pt-br\/wp-json\/wp\/v2\/pages\/28802","targetHints":{"allow":["GET"]}}],"collection":[{"href":"https:\/\/www.touregyptclub.com\/pt-br\/wp-json\/wp\/v2\/pages"}],"about":[{"href":"https:\/\/www.touregyptclub.com\/pt-br\/wp-json\/wp\/v2\/types\/page"}],"author":[{"embeddable":true,"href":"https:\/\/www.touregyptclub.com\/pt-br\/wp-json\/wp\/v2\/users\/1"}],"replies":[{"embeddable":true,"href":"https:\/\/www.touregyptclub.com\/pt-br\/wp-json\/wp\/v2\/comments?post=28802"}],"version-history":[{"count":4,"href":"https:\/\/www.touregyptclub.com\/pt-br\/wp-json\/wp\/v2\/pages\/28802\/revisions"}],"predecessor-version":[{"id":47385,"href":"https:\/\/www.touregyptclub.com\/pt-br\/wp-json\/wp\/v2\/pages\/28802\/revisions\/47385"}],"wp:featuredmedia":[{"embeddable":true,"href":"https:\/\/www.touregyptclub.com\/pt-br\/wp-json\/wp\/v2\/media\/38065"}],"wp:attachment":[{"href":"https:\/\/www.touregyptclub.com\/pt-br\/wp-json\/wp\/v2\/media?parent=28802"}],"curies":[{"name":"wp","href":"https:\/\/api.w.org\/{rel}","templated":true}]}}