{"id":28798,"date":"2022-01-14T09:22:37","date_gmt":"2022-01-14T09:22:37","guid":{"rendered":"https:\/\/touregyptclub.com\/international-cruise-lines\/"},"modified":"2024-01-08T06:24:39","modified_gmt":"2024-01-08T06:24:39","slug":"international-cruise-lines","status":"publish","type":"page","link":"http:\/\/www.touregyptclub.com\/pt-br\/cruzeiros-internacionais\/","title":{"rendered":"Excurs\u00f5es de cruzeiro e viagem de cruzeiro no Egito"},"content":{"rendered":"<p>Explorar Viagem de excurs\u00f5es terrestres ao Egito.As paisagens encantadoras e a rica heran\u00e7a cultural do Egito atrav\u00e9s de nossas excurs\u00f5es de cruzeiro e experi\u00eancias de viagem de cruzeiro selecionadas. Mergulhe no cora\u00e7\u00e3o das maravilhas hist\u00f3ricas e paisagens de tirar o f\u00f4lego do Egito com nossos itiner\u00e1rios meticulosamente projetados que prometem uma viagem inesquec\u00edvel de excurs\u00e3o terrestre no Egito. Mergulhe no fasc\u00ednio dos tesouros antigos e das maravilhas modernas ao embarcar em uma jornada que revela o esplendor das joias costeiras do Egito.<\/p>\n<p>Das hipnotizantes pir\u00e2mides \u00e0s \u00e1guas tranquilas do Mar Vermelho, nossas excurs\u00f5es de cruzeiro oferecem uma mistura perfeita de relaxamento e descoberta. Junte-se a n\u00f3s enquanto navegamos pelos canais, proporcionando-lhe uma oportunidade incompar\u00e1vel de testemunhar a beleza do Egito a partir de uma perspectiva \u00fanica. Sua aventura eg\u00edpcia come\u00e7a aqui, prometendo uma experi\u00eancia de cruzeiro como nenhuma outra.<\/p>\n<h2>Mar Mediterr\u00e2neo<\/h2>\n<p>Quando grandes navios de outros pa\u00edses chegam ao Egito, eles param em diferentes locais ao longo da costa eg\u00edpcia. O Tour Egypt Club est\u00e1 pronto com muitas viagens diferentes chamadas Egypt Shore Excursions Trip para pessoas que desembarcam desses navios no Mar Vermelho e no Mar Mediterr\u00e2neo.<\/p>\n<p>Nessas viagens, voc\u00ea pode ver coisas incr\u00edveis como a colorida vida marinha do Mar Vermelho ou explorar lugares antigos e interessantes pr\u00f3ximos ao Mediterr\u00e2neo. O objetivo dessas viagens \u00e9 tornar a sua visita ao Egito super divertida e inesquec\u00edvel. Voc\u00ea poder\u00e1 desfrutar de belas vistas, aprender coisas interessantes sobre a hist\u00f3ria e ver como as pessoas vivem l\u00e1.<\/p>\n<p>Ent\u00e3o, se voc\u00ea sair de um grande navio, o Tour Egypt Club tem viagens fant\u00e1sticas para excurs\u00f5es terrestres no Egito esperando por voc\u00ea ao longo do Mar Vermelho e do <a href=\"https:\/\/www.britannica.com\/place\/Mediterranean-Sea\" target=\"_blank\" rel=\"noopener\">Mar Mediterr\u00e2neo<\/a>. \u00c9 uma \u00f3tima maneira de tornar sua estadia no Egito repleta de aventuras emocionantes e lembran\u00e7as incr\u00edveis.<\/p>\n<p>Relacionado: <a href=\"https:\/\/www.touregyptclub.com\/en\/egypts-top-20-attractions-destinations\/\">As 20 principais atra\u00e7\u00f5es e destinos do Egito<\/a><\/p>\n","protected":false},"excerpt":{"rendered":"<p>Explorar Viagem de excurs\u00f5es terrestres ao Egito.As paisagens encantadoras e a rica heran\u00e7a cultural do Egito atrav\u00e9s de nossas excurs\u00f5es de cruzeiro e experi\u00eancias de viagem de cruzeiro selecionadas. Mergulhe no cora\u00e7\u00e3o das maravilhas hist\u00f3ricas e paisagens de tirar o f\u00f4lego do Egito com nossos itiner\u00e1rios meticulosamente projetados que prometem uma viagem inesquec\u00edvel de excurs\u00e3o [&hellip;]<\/p>\n","protected":false},"author":1,"featured_media":31334,"parent":0,"menu_order":0,"comment_status":"closed","ping_status":"closed","template":"template-home-modern.php","meta":{"_acf_changed":false,"_uf_show_specific_survey":0,"_uf_disable_surveys":false,"footnotes":""},"class_list":["post-28798","page","type-page","status-publish","has-post-thumbnail","hentry"],"acf":[],"_links":{"self":[{"href":"https:\/\/www.touregyptclub.com\/pt-br\/wp-json\/wp\/v2\/pages\/28798","targetHints":{"allow":["GET"]}}],"collection":[{"href":"https:\/\/www.touregyptclub.com\/pt-br\/wp-json\/wp\/v2\/pages"}],"about":[{"href":"https:\/\/www.touregyptclub.com\/pt-br\/wp-json\/wp\/v2\/types\/page"}],"author":[{"embeddable":true,"href":"https:\/\/www.touregyptclub.com\/pt-br\/wp-json\/wp\/v2\/users\/1"}],"replies":[{"embeddable":true,"href":"https:\/\/www.touregyptclub.com\/pt-br\/wp-json\/wp\/v2\/comments?post=28798"}],"version-history":[{"count":0,"href":"https:\/\/www.touregyptclub.com\/pt-br\/wp-json\/wp\/v2\/pages\/28798\/revisions"}],"wp:featuredmedia":[{"embeddable":true,"href":"https:\/\/www.touregyptclub.com\/pt-br\/wp-json\/wp\/v2\/media\/31334"}],"wp:attachment":[{"href":"https:\/\/www.touregyptclub.com\/pt-br\/wp-json\/wp\/v2\/media?parent=28798"}],"curies":[{"name":"wp","href":"https:\/\/api.w.org\/{rel}","templated":true}]}}