{"id":28793,"date":"2022-01-14T09:22:35","date_gmt":"2022-01-14T09:22:35","guid":{"rendered":"https:\/\/touregyptclub.com\/inquiry\/thanks\/"},"modified":"2022-02-12T15:50:56","modified_gmt":"2022-02-12T15:50:56","slug":"obrigada","status":"publish","type":"page","link":"http:\/\/www.touregyptclub.com\/pt-br\/investiga%C3%A7%C3%A3o\/obrigada\/","title":{"rendered":"Obrigada"},"content":{"rendered":"\n<p class=\"has-text-align-center\"><img decoding=\"async\" src=\"https:\/\/www.memphistours.com\/theme\/Com2018\/img\/confirm.png\" alt=\"Inquiry sent!\"><\/p>\n\n\n\n<p class=\"has-text-align-center\"><strong>Consulta enviada!<\/strong><\/p>\n\n\n\n<p class=\"has-text-align-center\">Obrigado, recebemos sua pergunta e um de nossos especialistas em viagens entrar\u00e1 em contato com voc\u00ea dentro de 24 horas. Enviaremos seus novos planos de viagem para:<\/p>\n\n\n\n<p class=\"has-text-align-center\">N\u00e3o v\u00ea uma resposta ap\u00f3s 24 horas? Por favor, verifique sua pasta de spam para uma mensagem da <strong>Tour Egypt Club.<\/strong> Todos n\u00f3s acabamos l\u00e1 de vez em quando.<\/p>\n","protected":false},"excerpt":{"rendered":"<p>Consulta enviada! Obrigado, recebemos sua pergunta e um de nossos especialistas em viagens entrar\u00e1 em contato com voc\u00ea dentro de 24 horas. Enviaremos seus novos planos de viagem para: N\u00e3o v\u00ea uma resposta ap\u00f3s 24 horas? Por favor, verifique sua pasta de spam para uma mensagem da Tour Egypt Club. Todos n\u00f3s acabamos l\u00e1 de [&hellip;]<\/p>\n","protected":false},"author":1,"featured_media":42069,"parent":28787,"menu_order":0,"comment_status":"closed","ping_status":"closed","template":"template-home-modern.php","meta":{"_acf_changed":false,"_uf_show_specific_survey":0,"_uf_disable_surveys":false,"footnotes":""},"class_list":["post-28793","page","type-page","status-publish","has-post-thumbnail","hentry"],"acf":[],"_links":{"self":[{"href":"https:\/\/www.touregyptclub.com\/pt-br\/wp-json\/wp\/v2\/pages\/28793","targetHints":{"allow":["GET"]}}],"collection":[{"href":"https:\/\/www.touregyptclub.com\/pt-br\/wp-json\/wp\/v2\/pages"}],"about":[{"href":"https:\/\/www.touregyptclub.com\/pt-br\/wp-json\/wp\/v2\/types\/page"}],"author":[{"embeddable":true,"href":"https:\/\/www.touregyptclub.com\/pt-br\/wp-json\/wp\/v2\/users\/1"}],"replies":[{"embeddable":true,"href":"https:\/\/www.touregyptclub.com\/pt-br\/wp-json\/wp\/v2\/comments?post=28793"}],"version-history":[{"count":0,"href":"https:\/\/www.touregyptclub.com\/pt-br\/wp-json\/wp\/v2\/pages\/28793\/revisions"}],"up":[{"embeddable":true,"href":"https:\/\/www.touregyptclub.com\/pt-br\/wp-json\/wp\/v2\/pages\/28787"}],"wp:featuredmedia":[{"embeddable":true,"href":"https:\/\/www.touregyptclub.com\/pt-br\/wp-json\/wp\/v2\/media\/42069"}],"wp:attachment":[{"href":"https:\/\/www.touregyptclub.com\/pt-br\/wp-json\/wp\/v2\/media?parent=28793"}],"curies":[{"name":"wp","href":"https:\/\/api.w.org\/{rel}","templated":true}]}}