{"id":28764,"date":"2022-01-14T09:19:58","date_gmt":"2022-01-14T09:19:58","guid":{"rendered":"https:\/\/touregyptclub.com\/estimated-distances-between-major-cities-in-egypt\/"},"modified":"2024-01-08T07:00:24","modified_gmt":"2024-01-08T07:00:24","slug":"estimated-distances-between-major-cities-in-egypt","status":"publish","type":"page","link":"http:\/\/www.touregyptclub.com\/pt-br\/dist%C3%A2ncias-estimadas-entre-as-principais-cidades-do-egito\/","title":{"rendered":"Dist\u00e2ncias estimadas entre as principais cidades do Egito"},"content":{"rendered":"\r\n<div>\r\n<div class=\"ebT7ne sMVRZe\">\r\n<div class=\"F0pQVc\"><span class=\"jCAhz ChMk0b\"><span class=\"ryNqvb\">O Egito \u00e9 um pa\u00eds com uma hist\u00f3ria rica e paisagens diversas.<\/span><\/span> <span class=\"jCAhz ChMk0b\"><span class=\"ryNqvb\">Viajar entre suas principais cidades pode ser uma experi\u00eancia emocionante, e conhecer as dist\u00e2ncias entre elas pode ajud\u00e1-lo a planejar sua viagem.<\/span><\/span> <span class=\"jCAhz ChMk0b\"><span class=\"ryNqvb\">Aqui est\u00e1 uma lista de dist\u00e2ncias estimadas de condu\u00e7\u00e3o (em quil\u00f4metros) entre algumas Principais cidades do Egito.<\/span><\/span><\/div>\r\n<\/div>\r\n<\/div>\r\n<div>\u00a0<\/div>\r\n<div>\r\n<table>\r\n<thead>\r\n<tr>\r\n<th>From \/ To<\/th>\r\n<th>Cairo (KM)<\/th>\r\n<th>Alexandria (KM)<\/th>\r\n<th>Marsa Matrouh (KM)<\/th>\r\n<th>Hurghada (KM)<\/th>\r\n<th>St. Catherine (KM)<\/th>\r\n<th>Sharm El Sheikh (KM)<\/th>\r\n<th>Dahab (KM)<\/th>\r\n<th>Nuweiba (KM)<\/th>\r\n<th>Ras Mohamed (KM)<\/th>\r\n<th>Taba (KM)<\/th>\r\n<th>Suez (KM)<\/th>\r\n<\/tr>\r\n<\/thead>\r\n<tbody>\r\n<tr>\r\n<td><strong>Cairo<\/strong><\/td>\r\n<td>&#8211;<\/td>\r\n<td>224<\/td>\r\n<td>400<\/td>\r\n<td>529<\/td>\r\n<td>428<\/td>\r\n<td>488<\/td>\r\n<td>588<\/td>\r\n<td>655<\/td>\r\n<td>462<\/td>\r\n<td>717<\/td>\r\n<td>130<\/td>\r\n<\/tr>\r\n<tr>\r\n<td><strong>Alexandria<\/strong><\/td>\r\n<td>224<\/td>\r\n<td>&#8211;<\/td>\r\n<td>176<\/td>\r\n<td>759<\/td>\r\n<td>662<\/td>\r\n<td>705<\/td>\r\n<td>812<\/td>\r\n<td>869<\/td>\r\n<td>686<\/td>\r\n<td>941<\/td>\r\n<td>364<\/td>\r\n<\/tr>\r\n<tr>\r\n<td><strong>Marsa Matrouh<\/strong><\/td>\r\n<td>400<\/td>\r\n<td>176<\/td>\r\n<td>&#8211;<\/td>\r\n<td>935<\/td>\r\n<td>838<\/td>\r\n<td>881<\/td>\r\n<td>988<\/td>\r\n<td>1045<\/td>\r\n<td>862<\/td>\r\n<td>1117<\/td>\r\n<td>540<\/td>\r\n<\/tr>\r\n<tr>\r\n<td><strong>Hurghada<\/strong><\/td>\r\n<td>529<\/td>\r\n<td>759<\/td>\r\n<td>935<\/td>\r\n<td>&#8211;<\/td>\r\n<td>721<\/td>\r\n<td>781<\/td>\r\n<td>881<\/td>\r\n<td>938<\/td>\r\n<td>807<\/td>\r\n<td>1010<\/td>\r\n<td>395<\/td>\r\n<\/tr>\r\n<tr>\r\n<td><strong>St. Catherine<\/strong><\/td>\r\n<td>428<\/td>\r\n<td>662<\/td>\r\n<td>838<\/td>\r\n<td>721<\/td>\r\n<td>&#8211;<\/td>\r\n<td>60<\/td>\r\n<td>127<\/td>\r\n<td>110<\/td>\r\n<td>253<\/td>\r\n<td>173<\/td>\r\n<td>298<\/td>\r\n<\/tr>\r\n<tr>\r\n<td><strong>Sharm El Sheikh<\/strong><\/td>\r\n<td>488<\/td>\r\n<td>705<\/td>\r\n<td>881<\/td>\r\n<td>781<\/td>\r\n<td>60<\/td>\r\n<td>&#8211;<\/td>\r\n<td>100<\/td>\r\n<td>157<\/td>\r\n<td>26<\/td>\r\n<td>126<\/td>\r\n<td>142<\/td>\r\n<\/tr>\r\n<tr>\r\n<td><strong>Dahab<\/strong><\/td>\r\n<td>588<\/td>\r\n<td>812<\/td>\r\n<td>988<\/td>\r\n<td>881<\/td>\r\n<td>127<\/td>\r\n<td>100<\/td>\r\n<td>&#8211;<\/td>\r\n<td>67<\/td>\r\n<td>126<\/td>\r\n<td>142<\/td>\r\n<td>458<\/td>\r\n<\/tr>\r\n<tr>\r\n<td><strong>Nuweiba<\/strong><\/td>\r\n<td>645<\/td>\r\n<td>869<\/td>\r\n<td>1045<\/td>\r\n<td>938<\/td>\r\n<td>110<\/td>\r\n<td>157<\/td>\r\n<td>67<\/td>\r\n<td>&#8211;<\/td>\r\n<td>183<\/td>\r\n<td>72<\/td>\r\n<td>515<\/td>\r\n<\/tr>\r\n<tr>\r\n<td><strong>Ras Mohamed<\/strong><\/td>\r\n<td>462<\/td>\r\n<td>686<\/td>\r\n<td>862<\/td>\r\n<td>807<\/td>\r\n<td>253<\/td>\r\n<td>26<\/td>\r\n<td>126<\/td>\r\n<td>183<\/td>\r\n<td>&#8211;<\/td>\r\n<td>225<\/td>\r\n<td>332<\/td>\r\n<\/tr>\r\n<tr>\r\n<td><strong>Taba<\/strong><\/td>\r\n<td>717<\/td>\r\n<td>941<\/td>\r\n<td>1117<\/td>\r\n<td>1010<\/td>\r\n<td>173<\/td>\r\n<td>929<\/td>\r\n<td>142<\/td>\r\n<td>72<\/td>\r\n<td>225<\/td>\r\n<td>&#8211;<\/td>\r\n<td>571<\/td>\r\n<\/tr>\r\n<tr>\r\n<td><strong>Suez<\/strong><\/td>\r\n<td>130<\/td>\r\n<td>364<\/td>\r\n<td>540<\/td>\r\n<td>395<\/td>\r\n<td>298<\/td>\r\n<td>342<\/td>\r\n<td>458<\/td>\r\n<td>515<\/td>\r\n<\/tr>\r\n<\/tbody>\r\n<\/table>\r\n<h3>Das cidades<\/h3>\r\n<table class=\"mtr-table mtr-thead-th\">\r\n<thead>\r\n<tr>\r\n<th data-mtr-content=\"From \/ To\" class=\"mtr-th-tag\"><div class=\"mtr-cell-content\">From \/ To<\/div><\/th>\r\n<th data-mtr-content=\"Fayoum (KM)\" class=\"mtr-th-tag\"><div class=\"mtr-cell-content\">Fayoum (KM)<\/div><\/th>\r\n<th data-mtr-content=\"Menia (KM)\" class=\"mtr-th-tag\"><div class=\"mtr-cell-content\">Menia (KM)<\/div><\/th>\r\n<th data-mtr-content=\"Luxor (KM)\" class=\"mtr-th-tag\"><div class=\"mtr-cell-content\">Luxor (KM)<\/div><\/th>\r\n<th data-mtr-content=\"Aswan (KM)\" class=\"mtr-th-tag\"><div class=\"mtr-cell-content\">Aswan (KM)<\/div><\/th>\r\n<th data-mtr-content=\"Siwa (KM)\" class=\"mtr-th-tag\"><div class=\"mtr-cell-content\">Siwa (KM)<\/div><\/th>\r\n<th data-mtr-content=\"Marsa Alam (KM)\" class=\"mtr-th-tag\"><div class=\"mtr-cell-content\">Marsa Alam (KM)<\/div><\/th>\r\n<\/tr>\r\n<\/thead>\r\n<tbody>\r\n<tr>\r\n<td data-mtr-content=\"From \/ To\" class=\"mtr-td-tag\"><div class=\"mtr-cell-content\"><strong>Cairo<\/strong><\/div><\/td>\r\n<td data-mtr-content=\"Fayoum (KM)\" class=\"mtr-td-tag\"><div class=\"mtr-cell-content\">103<\/div><\/td>\r\n<td data-mtr-content=\"Menia (KM)\" class=\"mtr-td-tag\"><div class=\"mtr-cell-content\">241<\/div><\/td>\r\n<td data-mtr-content=\"Luxor (KM)\" class=\"mtr-td-tag\"><div class=\"mtr-cell-content\">676<\/div><\/td>\r\n<td data-mtr-content=\"Aswan (KM)\" class=\"mtr-td-tag\"><div class=\"mtr-cell-content\">906<\/div><\/td>\r\n<td data-mtr-content=\"Siwa (KM)\" class=\"mtr-td-tag\"><div class=\"mtr-cell-content\">617<\/div><\/td>\r\n<td data-mtr-content=\"Marsa Alam (KM)\" class=\"mtr-td-tag\"><div class=\"mtr-cell-content\">789<\/div><\/td>\r\n<\/tr>\r\n<tr>\r\n<td data-mtr-content=\"From \/ To\" class=\"mtr-td-tag\"><div class=\"mtr-cell-content\"><strong>Alexandria<\/strong><\/div><\/td>\r\n<td data-mtr-content=\"Fayoum (KM)\" class=\"mtr-td-tag\"><div class=\"mtr-cell-content\">327<\/div><\/td>\r\n<td data-mtr-content=\"Menia (KM)\" class=\"mtr-td-tag\"><div class=\"mtr-cell-content\">465<\/div><\/td>\r\n<td data-mtr-content=\"Luxor (KM)\" class=\"mtr-td-tag\"><div class=\"mtr-cell-content\">895<\/div><\/td>\r\n<td data-mtr-content=\"Aswan (KM)\" class=\"mtr-td-tag\"><div class=\"mtr-cell-content\">1128<\/div><\/td>\r\n<td data-mtr-content=\"Siwa (KM)\" class=\"mtr-td-tag\"><div class=\"mtr-cell-content\">841<\/div><\/td>\r\n<td data-mtr-content=\"Marsa Alam (KM)\" class=\"mtr-td-tag\"><div class=\"mtr-cell-content\">1013<\/div><\/td>\r\n<\/tr>\r\n<tr>\r\n<td data-mtr-content=\"From \/ To\" class=\"mtr-td-tag\"><div class=\"mtr-cell-content\"><strong>Marsa Matrouh<\/strong><\/div><\/td>\r\n<td data-mtr-content=\"Fayoum (KM)\" class=\"mtr-td-tag\"><div class=\"mtr-cell-content\">503<\/div><\/td>\r\n<td data-mtr-content=\"Menia (KM)\" class=\"mtr-td-tag\"><div class=\"mtr-cell-content\">641<\/div><\/td>\r\n<td data-mtr-content=\"Luxor (KM)\" class=\"mtr-td-tag\"><div class=\"mtr-cell-content\">1071<\/div><\/td>\r\n<td data-mtr-content=\"Aswan (KM)\" class=\"mtr-td-tag\"><div class=\"mtr-cell-content\">1304<\/div><\/td>\r\n<td data-mtr-content=\"Siwa (KM)\" class=\"mtr-td-tag\"><div class=\"mtr-cell-content\">1017<\/div><\/td>\r\n<td data-mtr-content=\"Marsa Alam (KM)\" class=\"mtr-td-tag\"><div class=\"mtr-cell-content\">1189<\/div><\/td>\r\n<\/tr>\r\n<tr>\r\n<td data-mtr-content=\"From \/ To\" class=\"mtr-td-tag\"><div class=\"mtr-cell-content\"><strong>Hurghada<\/strong><\/div><\/td>\r\n<td data-mtr-content=\"Fayoum (KM)\" class=\"mtr-td-tag\"><div class=\"mtr-cell-content\">632<\/div><\/td>\r\n<td data-mtr-content=\"Menia (KM)\" class=\"mtr-td-tag\"><div class=\"mtr-cell-content\">770<\/div><\/td>\r\n<td data-mtr-content=\"Luxor (KM)\" class=\"mtr-td-tag\"><div class=\"mtr-cell-content\">299<\/div><\/td>\r\n<td data-mtr-content=\"Aswan (KM)\" class=\"mtr-td-tag\"><div class=\"mtr-cell-content\">513<\/div><\/td>\r\n<td data-mtr-content=\"Siwa (KM)\" class=\"mtr-td-tag\"><div class=\"mtr-cell-content\">1146<\/div><\/td>\r\n<td data-mtr-content=\"Marsa Alam (KM)\" class=\"mtr-td-tag\"><div class=\"mtr-cell-content\">226<\/div><\/td>\r\n<\/tr>\r\n<tr>\r\n<td data-mtr-content=\"From \/ To\" class=\"mtr-td-tag\"><div class=\"mtr-cell-content\"><strong>St. Catherine<\/strong><\/div><\/td>\r\n<td data-mtr-content=\"Fayoum (KM)\" class=\"mtr-td-tag\"><div class=\"mtr-cell-content\">531<\/div><\/td>\r\n<td data-mtr-content=\"Menia (KM)\" class=\"mtr-td-tag\"><div class=\"mtr-cell-content\">669<\/div><\/td>\r\n<td data-mtr-content=\"Luxor (KM)\" class=\"mtr-td-tag\"><div class=\"mtr-cell-content\">976<\/div><\/td>\r\n<td data-mtr-content=\"Aswan (KM)\" class=\"mtr-td-tag\"><div class=\"mtr-cell-content\">1236<\/div><\/td>\r\n<td data-mtr-content=\"Siwa (KM)\" class=\"mtr-td-tag\"><div class=\"mtr-cell-content\">1045<\/div><\/td>\r\n<td data-mtr-content=\"Marsa Alam (KM)\" class=\"mtr-td-tag\"><div class=\"mtr-cell-content\">1217<\/div><\/td>\r\n<\/tr>\r\n<tr>\r\n<td data-mtr-content=\"From \/ To\" class=\"mtr-td-tag\"><div class=\"mtr-cell-content\"><strong>Sharm El Sheikh<\/strong><\/div><\/td>\r\n<td data-mtr-content=\"Fayoum (KM)\" class=\"mtr-td-tag\"><div class=\"mtr-cell-content\">705<\/div><\/td>\r\n<td data-mtr-content=\"Menia (KM)\" class=\"mtr-td-tag\"><div class=\"mtr-cell-content\">829<\/div><\/td>\r\n<td data-mtr-content=\"Luxor (KM)\" class=\"mtr-td-tag\"><div class=\"mtr-cell-content\">1136<\/div><\/td>\r\n<td data-mtr-content=\"Aswan (KM)\" class=\"mtr-td-tag\"><div class=\"mtr-cell-content\">1105<\/div><\/td>\r\n<td data-mtr-content=\"Siwa (KM)\" class=\"mtr-td-tag\"><div class=\"mtr-cell-content\">1277<\/div><\/td>\r\n<td data-mtr-content=\"Marsa Alam (KM)\" class=\"mtr-td-tag\"><div class=\"mtr-cell-content\">1406<\/div><\/td>\r\n<\/tr>\r\n<tr>\r\n<td data-mtr-content=\"From \/ To\" class=\"mtr-td-tag\"><div class=\"mtr-cell-content\"><strong>Dahab<\/strong><\/div><\/td>\r\n<td data-mtr-content=\"Fayoum (KM)\" class=\"mtr-td-tag\"><div class=\"mtr-cell-content\">691<\/div><\/td>\r\n<td data-mtr-content=\"Menia (KM)\" class=\"mtr-td-tag\"><div class=\"mtr-cell-content\">829<\/div><\/td>\r\n<td data-mtr-content=\"Luxor (KM)\" class=\"mtr-td-tag\"><div class=\"mtr-cell-content\">1136<\/div><\/td>\r\n<td data-mtr-content=\"Aswan (KM)\" class=\"mtr-td-tag\"><div class=\"mtr-cell-content\">1486<\/div><\/td>\r\n<td data-mtr-content=\"Siwa (KM)\" class=\"mtr-td-tag\"><div class=\"mtr-cell-content\">1205<\/div><\/td>\r\n<td data-mtr-content=\"Marsa Alam (KM)\" class=\"mtr-td-tag\"><div class=\"mtr-cell-content\">1377<\/div><\/td>\r\n<\/tr>\r\n<tr>\r\n<td data-mtr-content=\"From \/ To\" class=\"mtr-td-tag\"><div class=\"mtr-cell-content\"><strong>Nuweiba<\/strong><\/div><\/td>\r\n<td data-mtr-content=\"Fayoum (KM)\" class=\"mtr-td-tag\"><div class=\"mtr-cell-content\">748<\/div><\/td>\r\n<td data-mtr-content=\"Menia (KM)\" class=\"mtr-td-tag\"><div class=\"mtr-cell-content\">886<\/div><\/td>\r\n<td data-mtr-content=\"Luxor (KM)\" class=\"mtr-td-tag\"><div class=\"mtr-cell-content\">1193<\/div><\/td>\r\n<td data-mtr-content=\"Aswan (KM)\" class=\"mtr-td-tag\"><div class=\"mtr-cell-content\">1543<\/div><\/td>\r\n<td data-mtr-content=\"Siwa (KM)\" class=\"mtr-td-tag\"><div class=\"mtr-cell-content\">1262<\/div><\/td>\r\n<td data-mtr-content=\"Marsa Alam (KM)\" class=\"mtr-td-tag\"><div class=\"mtr-cell-content\">1434<\/div><\/td>\r\n<\/tr>\r\n<tr>\r\n<td data-mtr-content=\"From \/ To\" class=\"mtr-td-tag\"><div class=\"mtr-cell-content\"><strong>Ras Mohamed<\/strong><\/div><\/td>\r\n<td data-mtr-content=\"Fayoum (KM)\" class=\"mtr-td-tag\"><div class=\"mtr-cell-content\">565<\/div><\/td>\r\n<td data-mtr-content=\"Menia (KM)\" class=\"mtr-td-tag\"><div class=\"mtr-cell-content\">703<\/div><\/td>\r\n<td data-mtr-content=\"Luxor (KM)\" class=\"mtr-td-tag\"><div class=\"mtr-cell-content\">1062<\/div><\/td>\r\n<td data-mtr-content=\"Aswan (KM)\" class=\"mtr-td-tag\"><div class=\"mtr-cell-content\">1412<\/div><\/td>\r\n<td data-mtr-content=\"Siwa (KM)\" class=\"mtr-td-tag\"><div class=\"mtr-cell-content\">1079<\/div><\/td>\r\n<td data-mtr-content=\"Marsa Alam (KM)\" class=\"mtr-td-tag\"><div class=\"mtr-cell-content\">1251<\/div><\/td>\r\n<\/tr>\r\n<tr>\r\n<td data-mtr-content=\"From \/ To\" class=\"mtr-td-tag\"><div class=\"mtr-cell-content\"><strong>Taba<\/strong><\/div><\/td>\r\n<td data-mtr-content=\"Fayoum (KM)\" class=\"mtr-td-tag\"><div class=\"mtr-cell-content\">820<\/div><\/td>\r\n<td data-mtr-content=\"Menia (KM)\" class=\"mtr-td-tag\"><div class=\"mtr-cell-content\">958<\/div><\/td>\r\n<td data-mtr-content=\"Luxor (KM)\" class=\"mtr-td-tag\"><div class=\"mtr-cell-content\">1265<\/div><\/td>\r\n<td data-mtr-content=\"Aswan (KM)\" class=\"mtr-td-tag\"><div class=\"mtr-cell-content\">1615<\/div><\/td>\r\n<td data-mtr-content=\"Siwa (KM)\" class=\"mtr-td-tag\"><div class=\"mtr-cell-content\">1334<\/div><\/td>\r\n<td data-mtr-content=\"Marsa Alam (KM)\" class=\"mtr-td-tag\"><div class=\"mtr-cell-content\">1506<\/div><\/td>\r\n<\/tr>\r\n<tr>\r\n<td data-mtr-content=\"From \/ To\" class=\"mtr-td-tag\"><div class=\"mtr-cell-content\"><strong>Suez<\/strong><\/div><\/td>\r\n<td data-mtr-content=\"Fayoum (KM)\" class=\"mtr-td-tag\"><div class=\"mtr-cell-content\">233<\/div><\/td>\r\n<td data-mtr-content=\"Menia (KM)\" class=\"mtr-td-tag\"><div class=\"mtr-cell-content\">371<\/div><\/td>\r\n<td data-mtr-content=\"Luxor (KM)\" class=\"mtr-td-tag\"><div class=\"mtr-cell-content\">803<\/div><\/td>\r\n<td data-mtr-content=\"Aswan (KM)\" class=\"mtr-td-tag\"><div class=\"mtr-cell-content\">803<\/div><\/td>\r\n<td data-mtr-content=\"Siwa (KM)\" class=\"mtr-td-tag\"><div class=\"mtr-cell-content\">514<\/div><\/td>\r\n<td data-mtr-content=\"Marsa Alam (KM)\" class=\"mtr-td-tag\"><div class=\"mtr-cell-content\">892<\/div><\/td>\r\n<\/tr>\r\n<\/tbody>\r\n<\/table>\r\n<h2>Cidades no Norte do Egito<\/h2>\r\n<h3>Cairo<\/h3>\r\nCairo \u00e9 a capital e maior cidade do Egito. \u00c9 conhecida pelos seus marcos hist\u00f3ricos, incluindo as Pir\u00e2mides de Giz\u00e9 e o Museu Eg\u00edpcio. Os visitantes podem explorar os movimentados mercados, desfrutar da cozinha tradicional eg\u00edpcia e vivenciar a cultura vibrante da cidade.\r\n<h3>Alexandria<\/h3>\r\nAlexandria, localizada na costa do Mediterr\u00e2neo, oferece belas praias, locais hist\u00f3ricos como a Cidadela de Qaitbay e a Biblioteca Alexandrina, uma moderna biblioteca e centro cultural.\r\n<h3>Marsa Matrouh<\/h3>\r\nMarsa Matrouh \u00e9 uma cidade costeira conhecida pelas suas praias deslumbrantes e \u00e1guas cristalinas. \u00c9 um destino popular para relaxamento e esportes aqu\u00e1ticos.\r\n<h3>Hurghada<\/h3>\r\nHurghada \u00e9 uma famosa cidade tur\u00edstica na costa do Mar Vermelho, que oferece excelentes oportunidades de mergulho e snorkeling, bem como uma vida noturna vibrante.\r\n<h3>Santa Catarina<\/h3>\r\nSanta Catarina abriga o ic\u00f4nico Monte Sinai e o Mosteiro de Santa Catarina, tornando-se um local de peregrina\u00e7\u00e3o para viajantes religiosos.\r\n<h3>Sharm el-Sheikh<\/h3>\r\nSharm El Sheikh \u00e9 outra cidade tur\u00edstica do Mar Vermelho, conhecida por seus resorts luxuosos, atividades aqu\u00e1ticas e vida noturna vibrante.\r\n<h3>Dahab<\/h3>\r\nDahab, uma cidade costeira, \u00e9 um para\u00edso para mergulhadores e entusiastas da natureza, com a sua atmosfera serena e paisagens subaqu\u00e1ticas \u00fanicas.\r\n<h3>Nuweiba<\/h3>\r\nNuweiba \u00e9 uma cidade costeira tranquila com belas praias, o que a torna um local ideal para uma escapadela relaxante.\r\n<h3>Ras Mohammed<\/h3>\r\nRas Mohamed \u00e9 um parque nacional protegido conhecido pela sua diversificada vida marinha e recifes de coral, perfeito para snorkeling e mergulho.\r\n<h3>Taba<\/h3>\r\nTaba \u00e9 uma cidade fronteiri\u00e7a perto de Israel e da Jord\u00e2nia, que oferece vistas deslumbrantes do Mar Vermelho e acesso a atra\u00e7\u00f5es pr\u00f3ximas, como o C\u00e2nion Colorido.\r\n<h3>Suez<\/h3>\r\nSuez \u00e9 uma cidade portu\u00e1ria no Canal de Suez, com significado hist\u00f3rico e conex\u00f5es com o mundo antigo.\r\n<h2>Cidades no Sul do Egito<\/h2>\r\n<h3>Fayoum<\/h3>\r\nFayoum \u00e9 conhecida por sua beleza natural, incluindo o <a href=\"https:\/\/medomed.org\/featured_item\/fayoum-oasis-and-lake-qaroun-cultural-landscape-egypt\/\" target=\"_blank\" rel=\"noopener\">O\u00e1sis de Fayoum e o Lago Qarun<\/a>. \u00c9 um \u00f3timo lugar para observa\u00e7\u00e3o de p\u00e1ssaros e relaxamento.\r\n<h3>M\u00eania<\/h3>\r\nMenia possui s\u00edtios arqueol\u00f3gicos e atra\u00e7\u00f5es hist\u00f3ricas, como os T\u00famulos de Beni Hasan e a cidade de Mallawi.\r\n<h3>Luxor<\/h3>\r\n<a href=\"https:\/\/www.touregyptclub.com\/en\/luxor-temple\/\">Luxor<\/a>, muitas vezes chamado de \u201co maior museu ao ar livre do mundo\u201d, \u00e9 famoso por seus templos antigos, incluindo os templos de Karnak e Luxor, bem como o Vale dos Reis.\r\n<h3>Assu\u00e3<\/h3>\r\nAswan oferece uma atmosfera tranquila ao longo do Rio Nilo e atra\u00e7\u00f5es como o Templo de Philae e a Represa Alta.\r\n<h3>Siu\u00e1<\/h3>\r\nO O\u00e1sis de Siwa \u00e9 um destino remoto no deserto conhecido por sua cultura \u00fanica, fontes naturais e o Templo do Or\u00e1culo de Amon.\r\n<h3>Marsa Alam<\/h3>\r\nMarsa Alam \u00e9 um para\u00edso para mergulhadores e praticantes de snorkel, com seus recifes de corais imaculados e vida marinha.<\/div>","protected":false},"excerpt":{"rendered":"<p>O Egito \u00e9 um pa\u00eds com uma hist\u00f3ria rica e paisagens diversas. Viajar entre suas principais cidades pode ser uma experi\u00eancia emocionante, e conhecer as dist\u00e2ncias entre elas pode ajud\u00e1-lo a planejar sua viagem. Aqui est\u00e1 uma lista de dist\u00e2ncias estimadas de condu\u00e7\u00e3o (em quil\u00f4metros) entre algumas Principais cidades do Egito. \u00a0 From \/ To [&hellip;]<\/p>\n","protected":false},"author":1,"featured_media":0,"parent":0,"menu_order":0,"comment_status":"closed","ping_status":"closed","template":"template-home-modern.php","meta":{"_acf_changed":false,"_uf_show_specific_survey":0,"_uf_disable_surveys":false,"footnotes":""},"class_list":["post-28764","page","type-page","status-publish","has-post-thumbnail","hentry"],"acf":[],"_links":{"self":[{"href":"https:\/\/www.touregyptclub.com\/pt-br\/wp-json\/wp\/v2\/pages\/28764","targetHints":{"allow":["GET"]}}],"collection":[{"href":"https:\/\/www.touregyptclub.com\/pt-br\/wp-json\/wp\/v2\/pages"}],"about":[{"href":"https:\/\/www.touregyptclub.com\/pt-br\/wp-json\/wp\/v2\/types\/page"}],"author":[{"embeddable":true,"href":"https:\/\/www.touregyptclub.com\/pt-br\/wp-json\/wp\/v2\/users\/1"}],"replies":[{"embeddable":true,"href":"https:\/\/www.touregyptclub.com\/pt-br\/wp-json\/wp\/v2\/comments?post=28764"}],"version-history":[{"count":0,"href":"https:\/\/www.touregyptclub.com\/pt-br\/wp-json\/wp\/v2\/pages\/28764\/revisions"}],"wp:attachment":[{"href":"https:\/\/www.touregyptclub.com\/pt-br\/wp-json\/wp\/v2\/media?parent=28764"}],"curies":[{"name":"wp","href":"https:\/\/api.w.org\/{rel}","templated":true}]}}