{"id":28735,"date":"2022-01-14T09:11:27","date_gmt":"2022-01-14T09:11:27","guid":{"rendered":"https:\/\/touregyptclub.com\/contact\/"},"modified":"2025-12-30T12:51:50","modified_gmt":"2025-12-30T12:51:50","slug":"contate-nos","status":"publish","type":"page","link":"http:\/\/www.touregyptclub.com\/pt-br\/contate-nos\/","title":{"rendered":"Contate-Nos"},"content":{"rendered":"<div class=\"wpb-content-wrapper\"><p>[vc_row][vc_column][vc_empty_space][\/vc_column][\/vc_row][vc_row full_width=&#8221;stretch_row_content_no_spaces&#8221;][vc_column][vc_column_text]<\/p>\n<div id=\"block-system-main\" class=\"block block-system clearfix\">\n<div class=\"content\">\n<article id=\"node-123\" class=\"node node-page clearfix\">\n<div class=\"content\">\n<div class=\"field field-name-body field-type-text-with-summary field-label-hidden\">\n<div class=\"field-items\">\n<div class=\"field-item even\">\n<h3><strong>Tour Egypt Club<\/strong><\/h3>\n<p>Voc\u00ea tem alguma d\u00favida sobre o Egito, Dubai ou Jord\u00e2nia?<\/p>\n<p>Gostaria de personalizar suas f\u00e9rias no Egito, Dubai ou Jord\u00e2nia??<\/p>\n<p>Voc\u00ea tem alguma d\u00favida ou problema ao planejar sua viagem ao Egito, Dubai ou Jord\u00e2nia??<\/p>\n<p><strong>Tour Egypt Club<\/strong> \u00e9 um grupo de especialistas em viagens, operadores tur\u00edsticos locais e guias tur\u00edsticos no Egito,<br \/>\nDubai e Jord\u00e2niaEstamos esperando para ajudar e responder todas as suas d\u00favidas sobre informa\u00e7\u00f5es de viagens, Tour<\/p>\n<p>pacotes, Transportes, Cruzeiro no Nilo, Viagem Felucca, Safari, excurs\u00e3o em terra, mergulho no mar vermelho&#8230;<\/p>\n<p>Etc.<\/p>\n<p>Basta enviar sua d\u00favida e nossa equipe de suporte entrar\u00e1 em contato com voc\u00ea por e-mail<\/p>\n<p>Prometemos aten\u00e7\u00e3o imediata \u00e0s suas d\u00favidas dentro de 12 horas com toda a ajuda poss\u00edvel<\/p>\n<p>oferecer para atender \u00e0s suas necessidades de viagem.<\/p>\n<p><img decoding=\"async\" class=\"alignnone wp-image-47181\" src=\"https:\/\/www.touregyptclub.com\/wp-content\/uploads\/2024\/01\/17736-300x300.png\" alt=\"\" width=\"21\" height=\"21\" srcset=\"https:\/\/www.touregyptclub.com\/wp-content\/uploads\/2024\/01\/17736-300x300.png 300w, https:\/\/www.touregyptclub.com\/wp-content\/uploads\/2024\/01\/17736-1024x1024.png 1024w, https:\/\/www.touregyptclub.com\/wp-content\/uploads\/2024\/01\/17736-150x150.png 150w, https:\/\/www.touregyptclub.com\/wp-content\/uploads\/2024\/01\/17736-768x768.png 768w, https:\/\/www.touregyptclub.com\/wp-content\/uploads\/2024\/01\/17736-1536x1536.png 1536w, https:\/\/www.touregyptclub.com\/wp-content\/uploads\/2024\/01\/17736-2048x2048.png 2048w, https:\/\/www.touregyptclub.com\/wp-content\/uploads\/2024\/01\/17736-600x600.png 600w, https:\/\/www.touregyptclub.com\/wp-content\/uploads\/2024\/01\/17736-100x100.png 100w, https:\/\/www.touregyptclub.com\/wp-content\/uploads\/2024\/01\/17736.png 512w\" sizes=\"(max-width: 21px) 100vw, 21px\" \/>\u00a0112 El Haram St<\/p>\n<p><img decoding=\"async\" class=\"alignnone wp-image-47167\" src=\"https:\/\/www.touregyptclub.com\/wp-content\/uploads\/2024\/01\/whatsapp-logo-background-29-300x300.png\" alt=\"\" width=\"20\" height=\"14\" srcset=\"https:\/\/www.touregyptclub.com\/wp-content\/uploads\/2024\/01\/whatsapp-logo-background-29-768x545.png 768w, https:\/\/www.touregyptclub.com\/wp-content\/uploads\/2024\/01\/whatsapp-logo-background-29-600x426.png 600w, https:\/\/www.touregyptclub.com\/wp-content\/uploads\/2024\/01\/whatsapp-logo-background-29.png 1600w\" sizes=\"(max-width: 20px) 100vw, 20px\" \/>\u00a0+20 106 259 2809<\/p>\n<p><img decoding=\"async\" class=\"alignnone wp-image-47167\" src=\"https:\/\/www.touregyptclub.com\/wp-content\/uploads\/2024\/01\/whatsapp-logo-background-29-300x300.png\" alt=\"\" width=\"20\" height=\"14\" srcset=\"https:\/\/www.touregyptclub.com\/wp-content\/uploads\/2024\/01\/whatsapp-logo-background-29-768x545.png 768w, https:\/\/www.touregyptclub.com\/wp-content\/uploads\/2024\/01\/whatsapp-logo-background-29-600x426.png 600w, https:\/\/www.touregyptclub.com\/wp-content\/uploads\/2024\/01\/whatsapp-logo-background-29.png 1600w\" sizes=\"(max-width: 20px) 100vw, 20px\" \/> +20 101 446 7554<\/p>\n<p><img decoding=\"async\" class=\"alignnone wp-image-47161\" src=\"https:\/\/www.touregyptclub.com\/wp-content\/uploads\/2024\/01\/vecteezy_email-and-mail-icon-black_200096141-300x300.png\" alt=\"\" width=\"20\" height=\"20\" srcset=\"https:\/\/www.touregyptclub.com\/wp-content\/uploads\/2024\/01\/vecteezy_email-and-mail-icon-black_200096141-300x300.png 300w, https:\/\/www.touregyptclub.com\/wp-content\/uploads\/2024\/01\/vecteezy_email-and-mail-icon-black_200096141-1024x1024.png 1024w, https:\/\/www.touregyptclub.com\/wp-content\/uploads\/2024\/01\/vecteezy_email-and-mail-icon-black_200096141-150x150.png 150w, https:\/\/www.touregyptclub.com\/wp-content\/uploads\/2024\/01\/vecteezy_email-and-mail-icon-black_200096141-768x768.png 768w, https:\/\/www.touregyptclub.com\/wp-content\/uploads\/2024\/01\/vecteezy_email-and-mail-icon-black_200096141-1536x1536.png 1536w, https:\/\/www.touregyptclub.com\/wp-content\/uploads\/2024\/01\/vecteezy_email-and-mail-icon-black_200096141-2048x2048.png 2048w, https:\/\/www.touregyptclub.com\/wp-content\/uploads\/2024\/01\/vecteezy_email-and-mail-icon-black_200096141-600x600.png 600w, https:\/\/www.touregyptclub.com\/wp-content\/uploads\/2024\/01\/vecteezy_email-and-mail-icon-black_200096141-100x100.png 100w\" sizes=\"(max-width: 20px) 100vw, 20px\" \/>\u00a0<a href=\"mailto:sales@touregyptclub.com\">sales@touregyptclub.com<\/a><\/p>\n<p><img decoding=\"async\" class=\"alignnone wp-image-47161\" src=\"https:\/\/www.touregyptclub.com\/wp-content\/uploads\/2024\/01\/vecteezy_email-and-mail-icon-black_200096141-300x300.png\" alt=\"\" width=\"20\" height=\"20\" srcset=\"https:\/\/www.touregyptclub.com\/wp-content\/uploads\/2024\/01\/vecteezy_email-and-mail-icon-black_200096141-300x300.png 300w, https:\/\/www.touregyptclub.com\/wp-content\/uploads\/2024\/01\/vecteezy_email-and-mail-icon-black_200096141-1024x1024.png 1024w, https:\/\/www.touregyptclub.com\/wp-content\/uploads\/2024\/01\/vecteezy_email-and-mail-icon-black_200096141-150x150.png 150w, https:\/\/www.touregyptclub.com\/wp-content\/uploads\/2024\/01\/vecteezy_email-and-mail-icon-black_200096141-768x768.png 768w, https:\/\/www.touregyptclub.com\/wp-content\/uploads\/2024\/01\/vecteezy_email-and-mail-icon-black_200096141-1536x1536.png 1536w, https:\/\/www.touregyptclub.com\/wp-content\/uploads\/2024\/01\/vecteezy_email-and-mail-icon-black_200096141-2048x2048.png 2048w, https:\/\/www.touregyptclub.com\/wp-content\/uploads\/2024\/01\/vecteezy_email-and-mail-icon-black_200096141-600x600.png 600w, https:\/\/www.touregyptclub.com\/wp-content\/uploads\/2024\/01\/vecteezy_email-and-mail-icon-black_200096141-100x100.png 100w\" sizes=\"(max-width: 20px) 100vw, 20px\" \/>\u00a0<a href=\"ng@reflectionstravel.net\">ng@reflectionstravel.net<\/a><\/p>\n<h3>Escrit\u00f3rio na Am\u00e9rica do Norte:<\/h3>\n<p>Rosette Obedoza, Co-Founder of Capstone World Travel<br \/>\nAffiliate Travel Partner, United States of America<br \/>\nCelular (WhatsApp) : USA +1.951.816.5438<br \/>\n\u200bE-mail: rosette@touregyptclub.com<br \/>\nEndere\u00e7o: 30211 Avenida de las Banderas , Rancho Santa Margarita, California 92688<\/p>\n<\/div>\n<\/div>\n<\/div>\n<\/div>\n<\/article>\n<\/div>\n<\/div>\n<div id=\"block-formblock-contact-site\" class=\"block block-formblock contentblcpadding clearfix\"><\/div>\n<p>[\/vc_column_text][\/vc_column][\/vc_row][vc_row full_width=&#8221;stretch_row&#8221; row_fullwidth=&#8221;yes&#8221; css=&#8221;.vc_custom_1592946107392{margin-bottom: -100px !important;}&#8221;][vc_column css=&#8221;.vc_custom_1543213048580{padding-right: 0px !important;padding-left: 0px !important;}&#8221;][vc_single_image image=&#8221;11990&#8243; img_size=&#8221;full&#8221; alignment=&#8221;center&#8221;][\/vc_column][\/vc_row][vc_row full_width=&#8221;stretch_row_content_no_spaces&#8221;][vc_column]\n<div class=\"wpcf7 no-js\" id=\"wpcf7-f47396-o1\" lang=\"en-US\" dir=\"ltr\" data-wpcf7-id=\"47396\">\n<div class=\"screen-reader-response\"><p role=\"status\" aria-live=\"polite\" aria-atomic=\"true\"><\/p> <ul><\/ul><\/div>\n<form action=\"\/pt-br\/wp-json\/wp\/v2\/pages\/28735#wpcf7-f47396-o1\" method=\"post\" class=\"wpcf7-form init\" aria-label=\"Contact form\" novalidate=\"novalidate\" data-status=\"init\">\n<fieldset class=\"hidden-fields-container\"><input type=\"hidden\" name=\"_wpcf7\" value=\"47396\" \/><input type=\"hidden\" name=\"_wpcf7_version\" value=\"6.1.5\" \/><input type=\"hidden\" name=\"_wpcf7_locale\" value=\"en_US\" \/><input type=\"hidden\" name=\"_wpcf7_unit_tag\" value=\"wpcf7-f47396-o1\" \/><input type=\"hidden\" name=\"_wpcf7_container_post\" value=\"0\" \/><input type=\"hidden\" name=\"_wpcf7_posted_data_hash\" value=\"\" \/><input type=\"hidden\" name=\"_wpcf7_recaptcha_response\" value=\"\" \/>\n<\/fieldset>\n<div class=\"st-contact-form\">\n\t<div class=\"contact-header\">\n\t\t<h3>Adorar\u00edamos ouvir de voc\u00ea.\n\t\t<\/h3>\n\t\t<p>Envie-nos uma mensagem e responderemos o mais breve poss\u00edvel\n\t\t<\/p>\n\t<\/div>\n\t<div class=\"contact-form\">\n\t\t<div class=\"form-group\">\n\t\t\t<p><span class=\"wpcf7-form-control-wrap\" data-name=\"your-name\"><input size=\"40\" maxlength=\"400\" class=\"wpcf7-form-control wpcf7-text wpcf7-validates-as-required form-control\" aria-required=\"true\" aria-invalid=\"false\" placeholder=\"Nome\" value=\"\" type=\"text\" name=\"your-name\" \/><\/span>\n\t\t\t<\/p>\n\t\t<\/div>\n\t\t<div class=\"form-group\">\n\t\t\t<p><span class=\"wpcf7-form-control-wrap\" data-name=\"your-email\"><input size=\"40\" maxlength=\"400\" class=\"wpcf7-form-control wpcf7-email wpcf7-validates-as-required wpcf7-text wpcf7-validates-as-email form-control\" aria-required=\"true\" aria-invalid=\"false\" placeholder=\"Email\" value=\"\" type=\"email\" name=\"your-email\" \/><\/span>\n\t\t\t<\/p>\n\t\t<\/div>\n\t\t<div class=\"form-group\">\n\t\t\t<p><span class=\"wpcf7-form-control-wrap\" data-name=\"your-message\"><textarea cols=\"40\" rows=\"10\" maxlength=\"2000\" class=\"wpcf7-form-control wpcf7-textarea form-control\" aria-invalid=\"false\" placeholder=\"mensagem\" name=\"your-message\"><\/textarea><\/span>\n\t\t\t<\/p>\n\t\t<\/div>\n\t\t<p><input class=\"wpcf7-form-control wpcf7-submit has-spinner btn btn-primary\" type=\"submit\" value=\"ENVIAR MENSAGEM\" \/>\n\t\t<\/p>\n\t<\/div>\n<\/div><div class=\"wpcf7-response-output\" aria-hidden=\"true\"><\/div>\n<\/form>\n<\/div>\n[\/vc_column][\/vc_row]<\/p>\n<\/div>","protected":false},"excerpt":{"rendered":"<p>[vc_row][vc_column][vc_empty_space][\/vc_column][\/vc_row][vc_row full_width=&#8221;stretch_row_content_no_spaces&#8221;][vc_column][vc_column_text] Tour Egypt Club Voc\u00ea tem alguma d\u00favida sobre o Egito, Dubai ou Jord\u00e2nia? Gostaria de personalizar suas f\u00e9rias no Egito, Dubai ou Jord\u00e2nia?? Voc\u00ea tem alguma d\u00favida ou problema ao planejar sua viagem ao Egito, Dubai ou Jord\u00e2nia?? Tour Egypt Club \u00e9 um grupo de especialistas em viagens, operadores tur\u00edsticos locais e guias [&hellip;]<\/p>\n","protected":false},"author":1,"featured_media":31232,"parent":0,"menu_order":0,"comment_status":"closed","ping_status":"closed","template":"template-home-modern.php","meta":{"_acf_changed":false,"_uf_show_specific_survey":0,"_uf_disable_surveys":false,"footnotes":""},"class_list":["post-28735","page","type-page","status-publish","has-post-thumbnail","hentry"],"acf":[],"_links":{"self":[{"href":"https:\/\/www.touregyptclub.com\/pt-br\/wp-json\/wp\/v2\/pages\/28735","targetHints":{"allow":["GET"]}}],"collection":[{"href":"https:\/\/www.touregyptclub.com\/pt-br\/wp-json\/wp\/v2\/pages"}],"about":[{"href":"https:\/\/www.touregyptclub.com\/pt-br\/wp-json\/wp\/v2\/types\/page"}],"author":[{"embeddable":true,"href":"https:\/\/www.touregyptclub.com\/pt-br\/wp-json\/wp\/v2\/users\/1"}],"replies":[{"embeddable":true,"href":"https:\/\/www.touregyptclub.com\/pt-br\/wp-json\/wp\/v2\/comments?post=28735"}],"version-history":[{"count":3,"href":"https:\/\/www.touregyptclub.com\/pt-br\/wp-json\/wp\/v2\/pages\/28735\/revisions"}],"predecessor-version":[{"id":47397,"href":"https:\/\/www.touregyptclub.com\/pt-br\/wp-json\/wp\/v2\/pages\/28735\/revisions\/47397"}],"wp:featuredmedia":[{"embeddable":true,"href":"https:\/\/www.touregyptclub.com\/pt-br\/wp-json\/wp\/v2\/media\/31232"}],"wp:attachment":[{"href":"https:\/\/www.touregyptclub.com\/pt-br\/wp-json\/wp\/v2\/media?parent=28735"}],"curies":[{"name":"wp","href":"https:\/\/api.w.org\/{rel}","templated":true}]}}