{"id":28727,"date":"2022-01-14T09:08:01","date_gmt":"2022-01-14T09:08:01","guid":{"rendered":"https:\/\/touregyptclub.com\/sobre-nosotras\/"},"modified":"2024-01-16T08:59:03","modified_gmt":"2024-01-16T08:59:03","slug":"quem-somos","status":"publish","type":"page","link":"http:\/\/www.touregyptclub.com\/pt-br\/quem-somos\/","title":{"rendered":"Quem somos"},"content":{"rendered":"<div class=\"wpb-content-wrapper\"><p>[vc_row][vc_column][vc_empty_space][\/vc_column][\/vc_row][vc_row][vc_column][vc_column_text]<\/p>\r\n<h2 class=\"has-vivid-cyan-blue-color has-text-color has-large-font-size\"><span style=\"color: #3366ff;\"><strong>Tour Egypt Club<\/strong><\/span><\/h2>\r\n\r\n<p>Um dos principais operadores tur\u00edsticos do Egito,<br \/>O Tour Egypt Club \u00e9 especializado em passeios locais pelo Egito e pelo resto do Oriente M\u00e9dio. Operado pela PYRAMIDS TRAVEL OF EGYPT obteve a licen\u00e7a NO: 894 pela E.T.A.A (Egyptian Travel Agent Association).<\/p>\r\n<p>Como operador tur\u00edstico local e gestor tur\u00edstico h\u00e1 muitos anos no mercado tur\u00edstico eg\u00edpcio, compreendemos perfeitamente as necessidades dos nossos valiosos clientes em tornar a sua viagem verdadeiramente \u201c\u00fanica na vida\u201d.<\/p>\r\n<p>Tamb\u00e9m temos nossos representantes em Luxor, Aswan, Hurghada, Sharm El Sheikh, Dahab, Jerusal\u00e9m e Jordon.<br \/>Com uma gest\u00e3o de topo e uma vasta experi\u00eancia ao longo dos nossos anos na ind\u00fastria do turismo, constru\u00edmos um excelente nome e reputa\u00e7\u00e3o no Egipto e noutros pa\u00edses.<br \/>Oferecemos variedades fabulosas de pacotes tur\u00edsticos que cobrem as regi\u00f5es mais magn\u00edficas de todo o Egito.<\/p>\r\n<h3 class=\"has-large-font-size\"><strong><span class=\"tadv-color\" style=\"color: #0693e3;\"><span class=\"HwtZe\" lang=\"pt\"><span class=\"jCAhz ChMk0b\"><span class=\"ryNqvb\">Nossa Miss\u00e3o<\/span><\/span><\/span><\/span><\/strong><\/h3>\r\n<p><span class=\"HwtZe\" lang=\"pt\"><span class=\"jCAhz ChMk0b\"><span class=\"ryNqvb\">\u00c9 organizar f\u00e9rias memor\u00e1veis no Egito, Jerusal\u00e9m e Jord\u00e2nia, e continuar a ouvir os pedidos dos clientes, ajudando com sugest\u00f5es e conselhos.<\/span><\/span> <span class=\"jCAhz ChMk0b\"><span class=\"ryNqvb\">Criar valor e fazer a diferen\u00e7a.<\/span><\/span> <span class=\"jCAhz ChMk0b\"><span class=\"ryNqvb\">Nossos clientes veem a rica hist\u00f3ria e a beleza do Egito, mas tamb\u00e9m aprendem sobre a cultura, a vida cotidiana das pessoas e como as comunidades locais se beneficiam do turismo.<\/span><\/span><\/span><\/p>\r\n<h3 class=\"has-large-font-size\"><strong><span class=\"tadv-color\" style=\"color: #0693e3;\"><span class=\"HwtZe\" lang=\"pt\"><span class=\"jCAhz ChMk0b\"><span class=\"ryNqvb\">Nossa vis\u00e3o<\/span><\/span><\/span><\/span><\/strong><\/h3>\r\n<p><span class=\"HwtZe\" lang=\"pt\"><span class=\"jCAhz ChMk0b\"><span class=\"ryNqvb\">\u00c9 alcan\u00e7ar crescimento e qualidade para o futuro, o que exige:<\/span><\/span> <span class=\"jCAhz ChMk0b\"><span class=\"ryNqvb\">Uma empresa onde as pessoas trabalham com entusiasmo pelo turismo no Egito.<\/span><\/span> <span class=\"jCAhz ChMk0b\"><span class=\"ryNqvb\">Uma rede de fornecedores apaixonados pelo pa\u00eds e pelos servi\u00e7os de hotelaria.<\/span><\/span> <span class=\"jCAhz ChMk0b\"><span class=\"ryNqvb\">Oferecer servi\u00e7os tur\u00edsticos ao Egito de forma mais pr\u00e1tica e com solu\u00e7\u00f5es prontas, atendendo a todos os interesses.<\/span><\/span> <span class=\"jCAhz ChMk0b\"><span class=\"ryNqvb\">Um operador tur\u00edstico respons\u00e1vel que marca a diferen\u00e7a apoiando o turismo sustent\u00e1vel e respons\u00e1vel.<\/span><\/span> <span class=\"jCAhz ChMk0b\"><span class=\"ryNqvb\">Contribuir para a conserva\u00e7\u00e3o dos S\u00edtios do Patrim\u00f4nio Mundial do Egito.<\/span><\/span><\/span><\/p>\r\n\r\n\r\n\r\n\r\n\r\n<h3><strong><span class=\"tadv-color\" style=\"color: #0693e3;\"><span class=\"HwtZe\" lang=\"pt\"><span class=\"jCAhz ChMk0b\"><span class=\"ryNqvb\">Contato<\/span><\/span><\/span><\/span><\/strong><\/h3>\r\n\r\n<p><img decoding=\"async\" class=\"alignnone wp-image-47161\" src=\"https:\/\/www.touregyptclub.com\/wp-content\/uploads\/2024\/01\/vecteezy_email-and-mail-icon-black_200096141-300x300.png\" alt=\"\" width=\"20\" height=\"20\" srcset=\"https:\/\/www.touregyptclub.com\/wp-content\/uploads\/2024\/01\/vecteezy_email-and-mail-icon-black_200096141-300x300.png 300w, https:\/\/www.touregyptclub.com\/wp-content\/uploads\/2024\/01\/vecteezy_email-and-mail-icon-black_200096141-1024x1024.png 1024w, https:\/\/www.touregyptclub.com\/wp-content\/uploads\/2024\/01\/vecteezy_email-and-mail-icon-black_200096141-150x150.png 150w, https:\/\/www.touregyptclub.com\/wp-content\/uploads\/2024\/01\/vecteezy_email-and-mail-icon-black_200096141-768x768.png 768w, https:\/\/www.touregyptclub.com\/wp-content\/uploads\/2024\/01\/vecteezy_email-and-mail-icon-black_200096141-1536x1536.png 1536w, https:\/\/www.touregyptclub.com\/wp-content\/uploads\/2024\/01\/vecteezy_email-and-mail-icon-black_200096141-2048x2048.png 2048w, https:\/\/www.touregyptclub.com\/wp-content\/uploads\/2024\/01\/vecteezy_email-and-mail-icon-black_200096141-600x600.png 600w, https:\/\/www.touregyptclub.com\/wp-content\/uploads\/2024\/01\/vecteezy_email-and-mail-icon-black_200096141-100x100.png 100w\" sizes=\"(max-width: 20px) 100vw, 20px\" \/><a href=\"sales@touregyptclub.com\">sales@touregyptclub.com<\/a><br \/><img decoding=\"async\" class=\"alignnone wp-image-47161\" src=\"https:\/\/www.touregyptclub.com\/wp-content\/uploads\/2024\/01\/vecteezy_email-and-mail-icon-black_200096141-300x300.png\" alt=\"\" width=\"20\" height=\"20\" srcset=\"https:\/\/www.touregyptclub.com\/wp-content\/uploads\/2024\/01\/vecteezy_email-and-mail-icon-black_200096141-300x300.png 300w, https:\/\/www.touregyptclub.com\/wp-content\/uploads\/2024\/01\/vecteezy_email-and-mail-icon-black_200096141-1024x1024.png 1024w, https:\/\/www.touregyptclub.com\/wp-content\/uploads\/2024\/01\/vecteezy_email-and-mail-icon-black_200096141-150x150.png 150w, https:\/\/www.touregyptclub.com\/wp-content\/uploads\/2024\/01\/vecteezy_email-and-mail-icon-black_200096141-768x768.png 768w, https:\/\/www.touregyptclub.com\/wp-content\/uploads\/2024\/01\/vecteezy_email-and-mail-icon-black_200096141-1536x1536.png 1536w, https:\/\/www.touregyptclub.com\/wp-content\/uploads\/2024\/01\/vecteezy_email-and-mail-icon-black_200096141-2048x2048.png 2048w, https:\/\/www.touregyptclub.com\/wp-content\/uploads\/2024\/01\/vecteezy_email-and-mail-icon-black_200096141-600x600.png 600w, https:\/\/www.touregyptclub.com\/wp-content\/uploads\/2024\/01\/vecteezy_email-and-mail-icon-black_200096141-100x100.png 100w\" sizes=\"(max-width: 20px) 100vw, 20px\" \/><a href=\"ng@reflectionstravel.net\">ng@reflectionstravel.net<\/a><\/p>\r\n\r\n<p><img decoding=\"async\" class=\"alignnone wp-image-47167\" src=\"https:\/\/www.touregyptclub.com\/wp-content\/uploads\/2024\/01\/whatsapp-logo-background-29-300x300.png\" alt=\"\" width=\"20\" height=\"20\" srcset=\"https:\/\/www.touregyptclub.com\/wp-content\/uploads\/2024\/01\/whatsapp-logo-background-29-300x300.png 300w, https:\/\/www.touregyptclub.com\/wp-content\/uploads\/2024\/01\/whatsapp-logo-background-29-1024x1024.png 1024w, https:\/\/www.touregyptclub.com\/wp-content\/uploads\/2024\/01\/whatsapp-logo-background-29-150x150.png 150w, https:\/\/www.touregyptclub.com\/wp-content\/uploads\/2024\/01\/whatsapp-logo-background-29-1536x1536.png 1536w, https:\/\/www.touregyptclub.com\/wp-content\/uploads\/2024\/01\/whatsapp-logo-background-29-2048x2048.png 2048w, https:\/\/www.touregyptclub.com\/wp-content\/uploads\/2024\/01\/whatsapp-logo-background-29-100x100.png 100w\" sizes=\"(max-width: 20px) 100vw, 20px\" \/>+20 112 226 3372<\/p>\r\n<p><img decoding=\"async\" class=\"alignnone wp-image-47167\" src=\"https:\/\/www.touregyptclub.com\/wp-content\/uploads\/2024\/01\/whatsapp-logo-background-29-300x300.png\" alt=\"\" width=\"20\" height=\"20\" srcset=\"https:\/\/www.touregyptclub.com\/wp-content\/uploads\/2024\/01\/whatsapp-logo-background-29-300x300.png 300w, https:\/\/www.touregyptclub.com\/wp-content\/uploads\/2024\/01\/whatsapp-logo-background-29-1024x1024.png 1024w, https:\/\/www.touregyptclub.com\/wp-content\/uploads\/2024\/01\/whatsapp-logo-background-29-150x150.png 150w, https:\/\/www.touregyptclub.com\/wp-content\/uploads\/2024\/01\/whatsapp-logo-background-29-1536x1536.png 1536w, https:\/\/www.touregyptclub.com\/wp-content\/uploads\/2024\/01\/whatsapp-logo-background-29-2048x2048.png 2048w, https:\/\/www.touregyptclub.com\/wp-content\/uploads\/2024\/01\/whatsapp-logo-background-29-100x100.png 100w\" sizes=\"(max-width: 20px) 100vw, 20px\" \/>+20 101 446 7554<\/p>\r\n<\/div>","protected":false},"excerpt":{"rendered":"<p>[vc_row][vc_column][vc_empty_space][\/vc_column][\/vc_row][vc_row][vc_column][vc_column_text] Tour Egypt Club Um dos principais operadores tur\u00edsticos do Egito,O Tour Egypt Club \u00e9 especializado em passeios locais pelo Egito e pelo resto do Oriente M\u00e9dio. Operado pela PYRAMIDS TRAVEL OF EGYPT obteve a licen\u00e7a NO: 894 pela E.T.A.A (Egyptian Travel Agent Association). Como operador tur\u00edstico local e gestor tur\u00edstico h\u00e1 muitos anos no [&hellip;]<\/p>\n","protected":false},"author":1,"featured_media":0,"parent":0,"menu_order":0,"comment_status":"closed","ping_status":"closed","template":"template-home-modern.php","meta":{"_acf_changed":false,"_uf_show_specific_survey":0,"_uf_disable_surveys":false,"footnotes":""},"class_list":["post-28727","page","type-page","status-publish","has-post-thumbnail","hentry"],"acf":[],"_links":{"self":[{"href":"https:\/\/www.touregyptclub.com\/pt-br\/wp-json\/wp\/v2\/pages\/28727","targetHints":{"allow":["GET"]}}],"collection":[{"href":"https:\/\/www.touregyptclub.com\/pt-br\/wp-json\/wp\/v2\/pages"}],"about":[{"href":"https:\/\/www.touregyptclub.com\/pt-br\/wp-json\/wp\/v2\/types\/page"}],"author":[{"embeddable":true,"href":"https:\/\/www.touregyptclub.com\/pt-br\/wp-json\/wp\/v2\/users\/1"}],"replies":[{"embeddable":true,"href":"https:\/\/www.touregyptclub.com\/pt-br\/wp-json\/wp\/v2\/comments?post=28727"}],"version-history":[{"count":6,"href":"https:\/\/www.touregyptclub.com\/pt-br\/wp-json\/wp\/v2\/pages\/28727\/revisions"}],"predecessor-version":[{"id":47379,"href":"https:\/\/www.touregyptclub.com\/pt-br\/wp-json\/wp\/v2\/pages\/28727\/revisions\/47379"}],"wp:attachment":[{"href":"https:\/\/www.touregyptclub.com\/pt-br\/wp-json\/wp\/v2\/media?parent=28727"}],"curies":[{"name":"wp","href":"https:\/\/api.w.org\/{rel}","templated":true}]}}