{"id":28725,"date":"2022-01-14T09:07:48","date_gmt":"2022-01-14T09:07:48","guid":{"rendered":"https:\/\/touregyptclub.com\/about-jordan\/"},"modified":"2024-01-08T05:55:27","modified_gmt":"2024-01-08T05:55:27","slug":"about-jordan","status":"publish","type":"page","link":"http:\/\/www.touregyptclub.com\/pt-br\/about-jordan\/","title":{"rendered":"About Jordan"},"content":{"rendered":"<p>A Jord\u00e2nia, uma joia situada no cora\u00e7\u00e3o do Oriente M\u00e9dio, atrai os viajantes com sua mistura atraente de hist\u00f3ria, cultura e beleza natural. Das antigas maravilhas de <a href=\"https:\/\/www.touregyptclub.com\/en\/egypt-tours\/sharm-el-sheikh-tours\/petra-day-trip-sharm-el-sheikh-ferry-boat\/\">Petra ao fasc\u00ednio moderno de Am\u00e3<\/a>, o pa\u00eds desenrola-se como um livro de hist\u00f3rias, convidando \u00e0 explora\u00e7\u00e3o.<\/p>\n<p>A localiza\u00e7\u00e3o estrat\u00e9gica da Jord\u00e2nia tornou-a numa encruzilhada de civiliza\u00e7\u00f5es, deixando para tr\u00e1s uma rica tape\u00e7aria de patrim\u00f3nio e tradi\u00e7\u00f5es. Ao entrar nesta terra encantadora, a calorosa hospitalidade do seu povo, conhecido pela sua simpatia e generosidade, acrescenta uma camada extra de encanto \u00e0 experi\u00eancia.<\/p>\n<h2>A antiga cidade de Petra<\/h2>\n<p>Patrim\u00f4nio Mundial da UNESCO e uma das Novas Sete Maravilhas do Mundo, Petra \u00e9 um tesouro arqueol\u00f3gico fascinante que reflete a engenhosidade dos nabateus. Esculpida nas fal\u00e9sias rosadas do sul da Jord\u00e2nia, esta antiga cidade transporta os visitantes para uma \u00e9poca passada.<\/p>\n<p>O ic\u00f4nico Al-Khazneh, ou Tesouro, \u00e9 um testemunho do brilho arquitet\u00f4nico de Petra, enquanto as intrincadas estruturas escavadas na rocha e a paisagem dram\u00e1tica evocam uma sensa\u00e7\u00e3o de admira\u00e7\u00e3o. Explorar o estreito siq, um desfiladeiro natural que leva \u00e0 cidade, acrescenta um elemento de antecipa\u00e7\u00e3o, fazendo de cada passo uma viagem no tempo.<\/p>\n<h2>Wadi Rum: O Vale da Lua<\/h2>\n<p><a href=\"https:\/\/www.nationalgeographic.com\/travel\/world-heritage\/article\/wadi-rum-jordan\" target=\"_blank\" rel=\"noopener\">Wadi Rum<\/a>, tamb\u00e9m conhecido como Vale da Lua, apresenta uma paisagem surreal que cativa a imagina\u00e7\u00e3o. Este vasto deserto, pontuado por imponentes montanhas de arenito, pinturas rupestres antigas e desfiladeiros estreitos, n\u00e3o s\u00f3 tem sido um ref\u00fagio para tribos bedu\u00ednas, mas tamb\u00e9m um cen\u00e1rio cinematogr\u00e1fico para filmes como Lawrence da Ar\u00e1bia.<\/p>\n<p>Os visitantes podem embarcar em safaris de jipe, passeios de bal\u00e3o ou simplesmente deleitar-se com a tranquilidade do deserto sob um c\u00e9u estrelado. A beleza atemporal e a atmosfera m\u00edstica de Wadi Rum fazem dele um destino de visita obrigat\u00f3ria para quem procura aventura e serenidade.<\/p>\n<h2>A experi\u00eancia do Mar Morto<\/h2>\n<p>O Mar Morto, uma maravilha natural situada na fronteira Jord\u00e2nia-Israel, oferece uma experi\u00eancia \u00fanica e terap\u00eautica. Famoso pela sua concentra\u00e7\u00e3o incrivelmente elevada de sal, flutuar sem esfor\u00e7o na superf\u00edcie torna-se um encontro surreal.<\/p>\n<p>A lama rica em minerais encontrada ao longo das margens \u00e9 conhecida pelas suas propriedades nutritivas para a pele, atraindo entusiastas de spas de todo o mundo. Al\u00e9m do seu apelo ao bem-estar, o significado hist\u00f3rico do Mar Morto acrescenta profundidade ao seu fasc\u00ednio, com men\u00e7\u00f5es em textos antigos e uma paisagem que ressoa com contos b\u00edblicos.<\/p>\n<h2>Am\u00e3: uma metr\u00f3pole moderna com cora\u00e7\u00e3o hist\u00f3rico<\/h2>\n<p>Am\u00e3, a movimentada capital da Jord\u00e2nia, \u00e9 um testemunho da integra\u00e7\u00e3o perfeita da modernidade e da tradi\u00e7\u00e3o no pa\u00eds. A paisagem urbana \u00e9 adornada com estruturas elegantes e contempor\u00e2neas e ru\u00ednas antigas, como a Cidadela, com suas vistas panor\u00e2micas da cidade.<\/p>\n<p>Os mercados vibrantes de Am\u00e3, como o movimentado Al Balad, mostram o pulsar da vida quotidiana, enquanto os bairros nobres oferecem um gostinho da vida cosmopolita. Seja passeando por locais hist\u00f3ricos como o Teatro Romano ou apreciando as pr\u00f3speras cenas art\u00edsticas e culin\u00e1rias, Am\u00e3 captura a ess\u00eancia de uma cidade onde o passado e o presente coexistem harmoniosamente.<\/p>\n<h2>Cozinha jordaniana: uma del\u00edcia gastron\u00f4mica<\/h2>\n<p>A culin\u00e1ria jordaniana \u00e9 uma viagem deliciosa para o paladar, oferecendo uma grande variedade de sabores e texturas. Do onipresente falafel e shawarma a pratos mais complexos como o mansaf, um banquete tradicional da Jord\u00e2nia, o cen\u00e1rio culin\u00e1rio do pa\u00eds reflete sua riqueza cultural. Doces como o knafeh, uma deliciosa massa embebida em calda, acrescentam um toque doce a cada refei\u00e7\u00e3o.<\/p>\n<p>A cultura alimentar da Jord\u00e2nia n\u00e3o \u00e9 apenas uma del\u00edcia gustativa, mas tamb\u00e9m um reflexo da sua hist\u00f3ria, com influ\u00eancias das tradi\u00e7\u00f5es bedu\u00ednas, sabores levantinos e ingredientes mediterr\u00e2nicos, criando uma tape\u00e7aria culin\u00e1ria exclusivamente jordaniana.<\/p>\n<h2>A m\u00edstica dos castelos do deserto da Jord\u00e2nia<\/h2>\n<p>Espalhados pelas paisagens \u00e1ridas da Jord\u00e2nia est\u00e3o os encantadores Castelos do Deserto, um testemunho do passado medieval do pa\u00eds. Estas fortalezas, que datam do per\u00edodo om\u00edada, serviram v\u00e1rios fins, desde caravan\u00e7arais a pavilh\u00f5es de ca\u00e7a.<\/p>\n<p>Cada castelo carrega sua pr\u00f3pria narrativa, com mosaicos intrincados e detalhes arquitet\u00f4nicos que proporcionam vislumbres do estilo de vida do passado. Explorar essas joias hist\u00f3ricas, como Qasr Amra e Qasr Kharana, revela a grandeza e a sofistica\u00e7\u00e3o da arte e da cultura isl\u00e2mica primitiva tendo como pano de fundo o extenso deserto.<\/p>\n<h2>Ecoturismo na Reserva da Biosfera de Dana<\/h2>\n<p>Para os entusiastas da natureza, a Jord\u00e2nia oferece um ref\u00fagio na forma da Reserva da Biosfera Dana. Este destino de ecoturismo \u00e9 uma prova do compromisso da Jord\u00e2nia com a conserva\u00e7\u00e3o ambiental. Lar de diversas flora e fauna, incluindo esp\u00e9cies raras como o \u00edbex da N\u00fabia, a reserva oferece uma oportunidade \u00fanica para o ecoturismo.<\/p>\n<p>Trilhas para caminhadas passam por paisagens variadas, desde montanhas escarpadas at\u00e9 vales exuberantes, oferecendo uma experi\u00eancia imersiva em uma das \u00e1reas com maior biodiversidade do Oriente M\u00e9dio. A Reserva da Biosfera de Dana \u00e9 uma vitrine da dedica\u00e7\u00e3o da Jord\u00e2nia em preservar seu patrim\u00f4nio natural e, ao mesmo tempo, fornecer recursos sustent\u00e1veis e op\u00e7\u00f5es de turismo para os visitantes.<\/p>\n<h2>Diversidade Religiosa: Uma Coexist\u00eancia Harmoniosa<\/h2>\n<p>Na Jord\u00e2nia, a diversidade religiosa n\u00e3o \u00e9 apenas um conceito, mas uma realidade viva. Mesquitas, igrejas e sinagogas coexistem harmoniosamente, refletindo o compromisso do pa\u00eds com a toler\u00e2ncia e a inclus\u00e3o. A Mesquita do Rei Abdullah I em Am\u00e3 \u00e9 um s\u00edmbolo da arquitetura isl\u00e2mica moderna, enquanto locais hist\u00f3ricos como o Monte Nebo t\u00eam import\u00e2ncia no Cristianismo.<\/p>\n<p>O Local do Batismo no Rio Jord\u00e3o \u00e9 reverenciado pelos peregrinos, acrescentando uma dimens\u00e3o espiritual ao mosaico cultural do pa\u00eds. O compromisso da Jord\u00e2nia com a liberdade religiosa cria uma atmosfera onde diversas religi\u00f5es partilham pacificamente espa\u00e7os sagrados.<\/p>\n<h2>Turismo de Aventura: Do Mergulho aos Safaris no Deserto<\/h2>\n<p>Para os entusiastas da adrenalina, a Jord\u00e2nia oferece uma variedade de atividades de aventura em cen\u00e1rios naturais deslumbrantes. Mergulhe nas \u00e1guas cristalinas do Mar Vermelho para descobrir vibrantes recifes de corais e vida marinha. Como alternativa, embarque em um saf\u00e1ri no deserto em Wadi Rum, onde emocionantes passeios pelas dunas e passeios de camelo prometem uma descarga de adrenalina.<\/p>\n<p>Seja explorando o mundo subaqu\u00e1tico ou conquistando as dunas do deserto, o cen\u00e1rio do turismo de aventura na Jord\u00e2nia \u00e9 t\u00e3o diversificado quanto suas paisagens, atendendo aos ca\u00e7adores de emo\u00e7\u00f5es com uma inclina\u00e7\u00e3o para a explora\u00e7\u00e3o.<\/p>\n<h3>Perguntas frequentes<br \/>A Jord\u00e2nia \u00e9 um destino de viagem seguro?<\/h3>\n<p>Sim, a Jord\u00e2nia \u00e9 geralmente considerada um destino de viagem seguro. O pa\u00eds tem um ambiente pol\u00edtico est\u00e1vel e \u00e9 conhecido pela sua calorosa hospitalidade. No entanto, como acontece com qualquer viagem, \u00e9 aconselh\u00e1vel manter-se atualizado sobre os avisos de viagem e seguir as precau\u00e7\u00f5es de seguran\u00e7a de bom senso.<\/p>\n<h3>Qual \u00e9 a melhor \u00e9poca para visitar a Jord\u00e2nia?<\/h3>\n<p>A melhor \u00e9poca para visitar a Jord\u00e2nia \u00e9 durante a primavera (mar\u00e7o a maio) e o outono (setembro a novembro), quando o clima \u00e9 ameno e as atividades ao ar livre s\u00e3o agrad\u00e1veis. Os ver\u00f5es podem ser quentes, especialmente nas regi\u00f5es des\u00e9rticas, enquanto os invernos podem ser frios, principalmente \u00e0 noite.<\/p>\n<h3>Que moeda \u00e9 usada na Jord\u00e2nia?<\/h3>\n<p>A moeda oficial da Jord\u00e2nia \u00e9 o Dinar Jordaniano (JOD). Os caixas eletr\u00f4nicos est\u00e3o amplamente dispon\u00edveis e os cart\u00f5es de cr\u00e9dito s\u00e3o comumente aceitos em \u00e1reas urbanas, mas \u00e9 aconselh\u00e1vel levar algum dinheiro, especialmente ao explorar locais mais remotos.<\/p>\n<h3>Preciso de visto para entrar na Jord\u00e2nia?<\/h3>\n<p>Os requisitos de visto variam de acordo com a sua nacionalidade. Muitos visitantes podem obter um visto na chegada, enquanto outros podem precisar obt\u00ea-lo com anteced\u00eancia. \u00c9 essencial verificar os requisitos de visto espec\u00edficos do seu pa\u00eds antes de planejar sua viagem.<\/p>\n<h2>Conclus\u00e3o<\/h2>\n<p>Concluindo, a Jord\u00e2nia se revela como uma tape\u00e7aria cativante de hist\u00f3ria, cultura e maravilhas naturais. Das maravilhas antigas de Petra \u00e0 vibra\u00e7\u00e3o moderna de Am\u00e3, e das paisagens tranquilas de Wadi Rum \u00e0s \u00e1guas terap\u00eauticas do Mar Morto, a Jord\u00e2nia oferece uma experi\u00eancia de viagem diversificada e enriquecedora.<\/p>\n<p>Quer voc\u00ea seja um aventureiro, um entusiasta da hist\u00f3ria ou um amante da natureza, o fasc\u00ednio da Jord\u00e2nia reside na sua capacidade de atender a um espectro de interesses. Ao explorar esta joia do Oriente M\u00e9dio, voc\u00ea descobrir\u00e1 uma coexist\u00eancia harmoniosa de tradi\u00e7\u00f5es antigas e estilos de vida contempor\u00e2neos, fazendo da Jord\u00e2nia um destino que ressoa com o esp\u00edrito de explora\u00e7\u00e3o e aprecia\u00e7\u00e3o cultural<\/p>\n","protected":false},"excerpt":{"rendered":"<p>A Jord\u00e2nia, uma joia situada no cora\u00e7\u00e3o do Oriente M\u00e9dio, atrai os viajantes com sua mistura atraente de hist\u00f3ria, cultura e beleza natural. Das antigas maravilhas de Petra ao fasc\u00ednio moderno de Am\u00e3, o pa\u00eds desenrola-se como um livro de hist\u00f3rias, convidando \u00e0 explora\u00e7\u00e3o. A localiza\u00e7\u00e3o estrat\u00e9gica da Jord\u00e2nia tornou-a numa encruzilhada de civiliza\u00e7\u00f5es, deixando [&hellip;]<\/p>\n","protected":false},"author":1,"featured_media":31307,"parent":0,"menu_order":0,"comment_status":"closed","ping_status":"closed","template":"template-home-modern.php","meta":{"_acf_changed":false,"_uf_show_specific_survey":0,"_uf_disable_surveys":false,"footnotes":""},"class_list":["post-28725","page","type-page","status-publish","has-post-thumbnail","hentry"],"acf":[],"_links":{"self":[{"href":"https:\/\/www.touregyptclub.com\/pt-br\/wp-json\/wp\/v2\/pages\/28725","targetHints":{"allow":["GET"]}}],"collection":[{"href":"https:\/\/www.touregyptclub.com\/pt-br\/wp-json\/wp\/v2\/pages"}],"about":[{"href":"https:\/\/www.touregyptclub.com\/pt-br\/wp-json\/wp\/v2\/types\/page"}],"author":[{"embeddable":true,"href":"https:\/\/www.touregyptclub.com\/pt-br\/wp-json\/wp\/v2\/users\/1"}],"replies":[{"embeddable":true,"href":"https:\/\/www.touregyptclub.com\/pt-br\/wp-json\/wp\/v2\/comments?post=28725"}],"version-history":[{"count":0,"href":"https:\/\/www.touregyptclub.com\/pt-br\/wp-json\/wp\/v2\/pages\/28725\/revisions"}],"wp:featuredmedia":[{"embeddable":true,"href":"https:\/\/www.touregyptclub.com\/pt-br\/wp-json\/wp\/v2\/media\/31307"}],"wp:attachment":[{"href":"https:\/\/www.touregyptclub.com\/pt-br\/wp-json\/wp\/v2\/media?parent=28725"}],"curies":[{"name":"wp","href":"https:\/\/api.w.org\/{rel}","templated":true}]}}