{"id":28717,"date":"2022-01-14T09:05:54","date_gmt":"2022-01-14T09:05:54","guid":{"rendered":"https:\/\/touregyptclub.com\/about-dubai\/"},"modified":"2024-01-07T07:16:18","modified_gmt":"2024-01-07T07:16:18","slug":"about-dubai","status":"publish","type":"page","link":"http:\/\/www.touregyptclub.com\/pt-br\/about-dubai\/","title":{"rendered":"About Dubai"},"content":{"rendered":"\r\n<div class=\"flex-1 overflow-hidden\">\r\n<div class=\"react-scroll-to-bottom--css-qdeuv-79elbk h-full\">\r\n<div class=\"react-scroll-to-bottom--css-qdeuv-1n7m0yu\">\r\n<div class=\"flex flex-col text-sm gizmo:pb-9 dark:bg-gray-800 gizmo:dark:bg-transparent\">\r\n<div class=\"w-full text-token-text-primary border-b border-black\/10 gizmo:border-0 dark:border-gray-900\/50 gizmo:dark:border-0 bg-gray-50 gizmo:bg-transparent dark:bg-[#444654] gizmo:dark:bg-transparent\" data-testid=\"conversation-turn-7\">\r\n<div class=\"p-4 gizmo:py-2 justify-center text-base md:gap-6 md:py-6 m-auto\">\r\n<div class=\"flex flex-1 gap-4 text-base mx-auto md:gap-6 gizmo:gap-3 gizmo:md:px-5 gizmo:lg:px-1 gizmo:xl:px-5 md:max-w-2xl lg:max-w-[38rem] gizmo:md:max-w-3xl gizmo:lg:max-w-[40rem] gizmo:xl:max-w-[48rem] xl:max-w-3xl } group final-completion\">\r\n<div class=\"relative flex w-[calc(100%-50px)] flex-col gizmo:w-full lg:w-[calc(100%-115px)] agent-turn\">\r\n<div class=\"flex-col gap-1 md:gap-3\">\r\n<div class=\"flex flex-grow flex-col max-w-full gap-3 gizmo:gap-0\">\r\n<div class=\"text-message peer flex flex-col items-start gap-3 whitespace-pre-wrap break-words peer-[.text-message]:mt-5 overflow-x-auto\" data-message-author-role=\"assistant\" data-message-id=\"64e5fb10-52d1-4189-ad7c-606b935e40c3\">\r\n<div class=\"markdown prose w-full break-words dark:prose-invert light\">\r\n<p>Situada na extremidade sudeste da Pen\u00ednsula Ar\u00e1bica, Dubai \u00e9 um testemunho da coexist\u00eancia harmoniosa de tradi\u00e7\u00f5es ricas e modernidade de ponta. De suas origens humildes como uma vila de pescadores, Dubai se transformou em um fen\u00f4meno global, cativando o mundo com suas maravilhas arquitet\u00f4nicas, vibra\u00e7\u00e3o cultural e compromisso inabal\u00e1vel com o progresso. Essa metr\u00f3pole no deserto tornou-se sin\u00f4nimo de luxo, inova\u00e7\u00e3o e uma busca incessante pela excel\u00eancia.<br \/>\u00c0 medida que o sol banha a cidade com seu brilho dourado, o horizonte de Dubai emerge como um panorama deslumbrante de engenhosidade arquitet\u00f4nica. O Burj Khalifa, uma maravilha da engenharia, perfura o c\u00e9u, simbolizando a aspira\u00e7\u00e3o da cidade de alcan\u00e7ar novos patamares. \u00c0 sombra desse gigante, o Burj Al Arab se destaca como um \u00edcone de opul\u00eancia, com sua silhueta em forma de vela enfeitando as margens do Golfo P\u00e9rsico. No entanto, al\u00e9m do brilho e do glamour, Dubai preservou meticulosamente suas ra\u00edzes culturais. Ao passear pelo hist\u00f3rico Al Fahidi Fort ou pelas ruas estreitas do Bastakia Quarter, \u00e9 poss\u00edvel sentir os ecos de uma era passada, um contraste forte, por\u00e9m harmonioso, com os arranha-c\u00e9us reluzentes que dominam o horizonte.<\/p>\r\n<h2>A sinfonia do horizonte: revelando as maravilhas arquitet\u00f4nicas de Dubai<\/h2>\r\n<p>A proeza arquitet\u00f4nica de Dubai \u00e9 uma sinfonia de a\u00e7o, vidro e concreto que reverbera por toda a cidade. Na vanguarda est\u00e1 o Burj Khalifa, um triunfo da engenharia que perfura os c\u00e9us a 828 metros de altura. Ao subir em suas alturas, os visitantes s\u00e3o brindados com vistas panor\u00e2micas da cidade, do deserto e da costa azul. O Burj Al Arab, muitas vezes chamado de o \u00fanico hotel sete estrelas do mundo, eleva o luxo a uma forma de arte. Empoleirada em sua pr\u00f3pria ilha, essa estrutura em forma de vela oferece n\u00e3o apenas acomoda\u00e7\u00f5es suntuosas, mas uma experi\u00eancia sensorial que transcende o comum. Enquanto isso, o Palm Jumeirah, um arquip\u00e9lago artificial com o formato de uma palmeira, \u00e9 um testemunho das ambi\u00e7\u00f5es audaciosas de Dubai, abrigando resorts de luxo, resid\u00eancias de luxo e praias imaculadas.<\/p>\r\n<p>No entanto, as maravilhas arquitet\u00f4nicas de Dubai n\u00e3o se limitam \u00e0 estratosfera. O Dubai Mall, um para\u00edso para os compradores, \u00e9 parte integrante da paisagem da cidade. Com mais de 1.200 lojas, ele n\u00e3o \u00e9 apenas um para\u00edso de varejo, mas um centro cultural, que recebe eventos, instala\u00e7\u00f5es de arte e a hipnotizante Dubai Fountain. A justaposi\u00e7\u00e3o do antigo e do novo n\u00e3o \u00e9 mais evidente do que no Al Fahidi Historic District. Aqui, a arquitetura de torres e\u00f3licas do passado coexiste com galerias de arte modernas e caf\u00e9s da moda, oferecendo um vislumbre da jornada de Dubai, de uma vila de mergulhadores de p\u00e9rolas a uma metr\u00f3pole global.<\/p>\r\n<h2>Onde a tradi\u00e7\u00e3o se encontra com o presente: Navegando pelo cen\u00e1rio cultural de Dubai<\/h2>\r\n<p>A tape\u00e7aria cultural de Dubai \u00e9 tecida com fios de tradi\u00e7\u00e3o que se misturam perfeitamente com a vibra\u00e7\u00e3o do presente. O Al Fahidi Fort, aninhado no cora\u00e7\u00e3o do Al Fahidi Historic District, serve como uma c\u00e1psula do tempo, narrando a narrativa de Dubai de um modesto assentamento de pescadores a um movimentado centro cosmopolita. Os visitantes podem passear pelas exposi\u00e7\u00f5es do museu, explorando artefatos que contam a hist\u00f3ria da evolu\u00e7\u00e3o da cidade. Enquanto isso, o Bastakia Quarter, com suas ruas estreitas e arquitetura de torre de vento, transporta os visitantes para uma era passada, oferecendo uma fuga tranquila da agita\u00e7\u00e3o moderna.<\/p>\r\n<p>Os Souks de Ouro e Especiarias em Deira s\u00e3o um deleite sensorial, onde os aromas de especiarias ex\u00f3ticas se misturam com o brilho do ouro. Esses mercados movimentados n\u00e3o apenas mostram as ra\u00edzes comerciais de Dubai, mas tamb\u00e9m convidam os visitantes a se envolverem na antiga tradi\u00e7\u00e3o de pechinchar. \u00c9 aqui que a popula\u00e7\u00e3o diversificada da cidade converge, criando uma atmosfera animada onde as culturas se entrela\u00e7am. Al\u00e9m dos souks, a \u00d3pera de Dubai \u00e9 uma ode moderna \u00e0s artes c\u00eanicas, que recebe uma s\u00e9rie de eventos culturais, desde apresenta\u00e7\u00f5es cl\u00e1ssicas at\u00e9 produ\u00e7\u00f5es contempor\u00e2neas, ressaltando o compromisso de Dubai em promover a express\u00e3o art\u00edstica.<\/p>\r\n<h2><strong style=\"font-size: 16px;\"><img fetchpriority=\"high\" decoding=\"async\" class=\"aligncenter wp-image-41354 size-full\" src=\"https:\/\/www.touregyptclub.com\/wp-content\/uploads\/2023\/11\/fun_facts_about_dubai_dubai_skyline.jpg\" alt=\"About Dubai\" width=\"1000\" height=\"595\" \/><\/strong><\/h2>\r\n<h2><strong>Caleidosc\u00f3pio Culin\u00e1rio: Uma Jornada Gastron\u00f4mica Pelos Sabores de Dubai<\/strong><\/h2>\r\n<p>A cena culin\u00e1ria de Dubai \u00e9 um mosaico vibrante, refletindo a natureza cosmopolita da cidade. Desde pratos tradicionais dos Emirados \u00c1rabes Unidos at\u00e9 del\u00edcias gastron\u00f4micas internacionais, cada paladar encontra satisfa\u00e7\u00e3o na paisagem culin\u00e1ria diversificada de Dubai. No auge da alta gastronomia, o Al Muntaha, suspenso a 200 metros acima do solo no Burj Al Arab, oferece n\u00e3o apenas um festim para as papilas gustativas, mas tamb\u00e9m vistas panor\u00e2micas da cidade. Para uma experi\u00eancia mais acess\u00edvel, a Rua Al Fahidi e seus arredores oferecem uma variedade de op\u00e7\u00f5es de comida de rua, permitindo que locais e visitantes se deliciem com sabores que percorrem o globo.<\/p>\r\n<p>Ao explorar os animados distritos de Deira e Bur Dubai, \u00e9 poss\u00edvel conhecer restaurantes que servem a culin\u00e1ria tradicional dos Emirados \u00c1rabes Unidos por gera\u00e7\u00f5es. Desde pratos salgados como Al Harees at\u00e9 guloseimas doces como Luqaimat, essas joias culin\u00e1rias oferecem um sabor da rica heran\u00e7a da regi\u00e3o. O tecido multicultural de Dubai \u00e9 talvez mais evidente em sua cena gastron\u00f4mica, onde restaurantes com estrelas Michelin coexistem com humildes vendedores ambulantes, criando uma sinfonia gastron\u00f4mica que ecoa a diversidade da cidade.<\/p>\r\n<h2><strong>Luxo Redefinido: Vivenciando a Opul\u00eancia nos Resorts Exclusivos de Dubai<\/strong><\/h2>\r\n<p>Dubai dominou a arte do luxo, e isso \u00e9 mais aparente em seus resorts exclusivos. Atlantis, The Palm, situado no ponto mais alto da Palm Jumeirah, \u00e9 um resort que transcende a imagina\u00e7\u00e3o. Com seu aqu\u00e1rio subaqu\u00e1tico e parque aqu\u00e1tico aquaventure, \u00e9 um destino dentro de um destino, oferecendo uma experi\u00eancia incompar\u00e1vel. O Burj Al Arab, frequentemente aclamado como o ep\u00edtome do luxo, recebe os h\u00f3spedes em um mundo de extravag\u00e2ncia, onde servi\u00e7os personalizados e acomoda\u00e7\u00f5es opulentas redefinem o significado de indulg\u00eancia.<\/p>\r\n<p>O compromisso de Dubai com o luxo se estende al\u00e9m do alojamento. A cidade conta com distritos de compras de alta qualidade, como o Dubai Mall, onde casas de moda internacionais compartilham espa\u00e7o com designers boutique. O Gold Souk em Deira convida aqueles com um gosto por luxo a explorar suas intricadas ofertas de ouro e joias. De moda sob medida a joias raras, Dubai atende aos gostos mais exigentes, tornando-se um centro global para aqueles que buscam o ep\u00edtome do refinamento.<\/p>\r\n<h2><strong>O Pulso de Dubai: Eventos e Festivais Anuais<\/strong><\/h2>\r\n<p>Dubai pulsa com energia ao longo do ano, sediando um caleidosc\u00f3pio de eventos e festivais que cativam residentes e visitantes. O Dubai Shopping Festival, um extravaganza anual de varejo, transforma a cidade em um para\u00edso para compras com ofertas imbat\u00edveis e entretenimento. Enquanto isso, a Dubai World Cup no Hip\u00f3dromo de Meydan atrai entusiastas de corridas de cavalos e socialites de todo o mundo, combinando corridas de cavalos de alto n\u00edvel com uma atmosfera glamorosa.<\/p>\r\n<p>Para cin\u00e9filos, o Festival Internacional de Cinema de Dubai \u00e9 um destaque, celebrando a excel\u00eancia cinematogr\u00e1fica do Oriente M\u00e9dio e al\u00e9m. Este evento anual mostra o compromisso da cidade em nutrir a criatividade e fornecer uma plataforma para cineastas emergentes. Esses eventos n\u00e3o apenas entret\u00eam, mas tamb\u00e9m contribuem para a identidade de Dubai como um centro cultural global, onde pessoas de diferentes estilos de vida se re\u00fanem para celebrar a vida, a arte e a inova\u00e7\u00e3o.<\/p>\r\n<h2><strong>O\u00e1sis Sustent\u00e1vel: Iniciativas Ambientais Pioneiras de Dubai<\/strong><\/h2>\r\n<p>No meio de suas maravilhas arquitet\u00f4nicas e estilo de vida agitado, Dubai est\u00e1 comprometida com a sustentabilidade e a gest\u00e3o ambiental. A Cidade Sustent\u00e1vel de Dubai, uma comunidade inovadora que busca emiss\u00f5es zero de carbono, destaca-se como um farol de planejamento urbano ecol\u00f3gico. Esta cidade dentro de uma cidade integra espa\u00e7os verdes, fontes de energia renov\u00e1vel e pr\u00e1ticas sustent\u00e1veis para criar um ambiente de vida harmonioso e ecologicamente consciente.<\/p>\r\n<p>O compromisso de Dubai com a sustentabilidade tamb\u00e9m se estende a projetos como o Parque Solar Mohammed bin Rashid Al Maktoum, um dos maiores parques solares do mundo. Atrav\u00e9s dessas iniciativas, Dubai n\u00e3o est\u00e1 apenas abordando preocupa\u00e7\u00f5es ambientais, mas tamb\u00e9m est\u00e1 dando um exemplo para outras cidades, mostrando que o progresso e a responsabilidade ambiental podem andar de m\u00e3os dadas.<\/p>\r\n<h2><strong><img decoding=\"async\" class=\"aligncenter wp-image-41359 size-full\" src=\"https:\/\/www.touregyptclub.com\/wp-content\/uploads\/2023\/11\/informationen-ueber-dubai.jpg\" alt=\"About Dubai\" width=\"1290\" height=\"860\" \/>Para\u00edso do Comprador: Navegando pelo Mundo do Varejo de Dubai<\/strong><\/h2>\r\n<p>A reputa\u00e7\u00e3o de Dubai como para\u00edso das compras \u00e9 bem merecida, oferecendo uma experi\u00eancia de varejo incompar\u00e1vel que atende a todos os gostos e prefer\u00eancias. O Dubai Mall, um destino de compras monumental, n\u00e3o \u00e9 apenas um shopping, mas um centro cultural e de entretenimento imersivo. Com mais de 1.200 lojas, combina boutiques de luxo com marcas internacionais e \u00e9 complementado pela cativante Fonte de Dubai, um espet\u00e1culo de dan\u00e7a da \u00e1gua que encanta os visitantes.<\/p>\r\n<p>Al\u00e9m da experi\u00eancia no shopping, mercados tradicionais como o Gold Souk e o Spice Souk em Deira atraem com uma atmosfera mais aut\u00eantica. Aqui, o aroma de especiarias ex\u00f3ticas se mistura ao brilho do ouro, proporcionando uma jornada sensorial pelas ra\u00edzes comerciais de Dubai. Quer voc\u00ea busque moda de alta qualidade ou deseje explorar as vielas labir\u00ednticas dos souks, Dubai garante que cada expedi\u00e7\u00e3o de compras seja uma aventura. Explore tamb\u00e9m <a href=\"https:\/\/www.touregyptclub.com\/pt-br\/about-jordan\/\">sobre a Jord\u00e2nia<\/a>.<\/p>\r\n<h2><strong>Aventura Chama: Atividades ao Ar Livre Empolgantes de Dubai<\/strong><\/h2>\r\n<p>A paisagem din\u00e2mica de Dubai, situada entre o deserto e o mar, oferece um playground para entusiastas de aventura. Os <a href=\"https:\/\/www.burjkhalifa.ae\/en\/\" target=\"_blank\" rel=\"noopener\">saf\u00e1ris no deserto<\/a> s\u00e3o uma experi\u00eancia quintessencial, permitindo que os visitantes atravessem as dunas douradas em ve\u00edculos 4&#215;4 e experimentem a magia do p\u00f4r do sol no deserto. Para aqueles que buscam um tipo diferente de emo\u00e7\u00e3o, as Montanhas Hajar oferecem um terreno acidentado para caminhadas e explora\u00e7\u00e3o, proporcionando vistas deslumbrantes da paisagem circundante.<\/p>\r\n<p>A costa n\u00e3o \u00e9 apenas para relaxamento, mas tamb\u00e9m para esportes aqu\u00e1ticos cheios de adrenalina. Do jet ski ao longo da Palm Jumeirah ao kitesurf no Golfo \u00c1rabe, a cidade convida os amantes da aventura a experimentar suas diversas ofertas ao ar livre. Dubai n\u00e3o \u00e9 apenas uma cidade de arranha-c\u00e9us; \u00e9 um portal para maravilhas naturais e emocionantes atividades ao ar livre.<\/p>\r\n<\/div>\r\n<\/div>\r\n<\/div>\r\n<\/div>\r\n<\/div>\r\n<\/div>\r\n<\/div>\r\n<\/div>\r\n<\/div>\r\n<\/div>\r\n<\/div>\r\n<\/div>\r\n","protected":false},"excerpt":{"rendered":"<p>Situada na extremidade sudeste da Pen\u00ednsula Ar\u00e1bica, Dubai \u00e9 um testemunho da coexist\u00eancia harmoniosa de tradi\u00e7\u00f5es ricas e modernidade de ponta. De suas origens humildes como uma vila de pescadores, Dubai se transformou em um fen\u00f4meno global, cativando o mundo com suas maravilhas arquitet\u00f4nicas, vibra\u00e7\u00e3o cultural e compromisso inabal\u00e1vel com o progresso. Essa metr\u00f3pole no [&hellip;]<\/p>\n","protected":false},"author":1,"featured_media":31235,"parent":0,"menu_order":0,"comment_status":"closed","ping_status":"closed","template":"template-home-modern.php","meta":{"_acf_changed":false,"_uf_show_specific_survey":0,"_uf_disable_surveys":false,"footnotes":""},"class_list":["post-28717","page","type-page","status-publish","has-post-thumbnail","hentry"],"acf":[],"_links":{"self":[{"href":"https:\/\/www.touregyptclub.com\/pt-br\/wp-json\/wp\/v2\/pages\/28717","targetHints":{"allow":["GET"]}}],"collection":[{"href":"https:\/\/www.touregyptclub.com\/pt-br\/wp-json\/wp\/v2\/pages"}],"about":[{"href":"https:\/\/www.touregyptclub.com\/pt-br\/wp-json\/wp\/v2\/types\/page"}],"author":[{"embeddable":true,"href":"https:\/\/www.touregyptclub.com\/pt-br\/wp-json\/wp\/v2\/users\/1"}],"replies":[{"embeddable":true,"href":"https:\/\/www.touregyptclub.com\/pt-br\/wp-json\/wp\/v2\/comments?post=28717"}],"version-history":[{"count":0,"href":"https:\/\/www.touregyptclub.com\/pt-br\/wp-json\/wp\/v2\/pages\/28717\/revisions"}],"wp:featuredmedia":[{"embeddable":true,"href":"https:\/\/www.touregyptclub.com\/pt-br\/wp-json\/wp\/v2\/media\/31235"}],"wp:attachment":[{"href":"https:\/\/www.touregyptclub.com\/pt-br\/wp-json\/wp\/v2\/media?parent=28717"}],"curies":[{"name":"wp","href":"https:\/\/api.w.org\/{rel}","templated":true}]}}