{"id":28714,"date":"2022-01-14T09:04:27","date_gmt":"2022-01-14T09:04:27","guid":{"rendered":"https:\/\/touregyptclub.com\/tours-in-egypt\/"},"modified":"2024-01-08T05:48:16","modified_gmt":"2024-01-08T05:48:16","slug":"passeios-no-egito","status":"publish","type":"page","link":"http:\/\/www.touregyptclub.com\/pt-br\/passeios-no-egito\/","title":{"rendered":"Passeios no Egito &#8211; Explore Maravilhas Antigas com Nossos Pacotes Exclusivos"},"content":{"rendered":"<div class=\"wpb-content-wrapper\"><p>[vc_row][vc_column][vc_column_text]Explorar o Egypt Day Tours abre um mundo de possibilidades, aprimorando sua experi\u00eancia de viagem e proporcionando a voc\u00ea a oportunidade de testemunhar ainda mais maravilhas selecionando entre nossa extensa variedade dos melhores passeios no Egito e pacotes de excurs\u00f5es. Onde quer que voc\u00ea esteja no Egito, tenha certeza de que o Tour Egypt Club est\u00e1 aqui para ajud\u00e1-lo.<\/p>\n<p>Nosso compromisso no Tour Egypt Club \u00e9 garantir que voc\u00ea aproveite ao m\u00e1ximo seu tempo, tornando sua excurs\u00e3o e viagem de um dia ao Egito verdadeiramente memor\u00e1veis. Esteja voc\u00ea explorando locais hist\u00f3ricos comuns ou se aventurando em destinos menos conhecidos e n\u00e3o tur\u00edsticos, nossa equipe de operadores tur\u00edsticos locais profissionais no Egito est\u00e1 ansiosa para ajud\u00e1-lo a planejar e reservar sua excurs\u00e3o on-line. Nossa flexibilidade atende at\u00e9 mesmo a planos de \u00faltima hora, permitindo que voc\u00ea atenda perfeitamente \u00e0s suas necessidades de viagem enquanto cria lindas lembran\u00e7as com sua fam\u00edlia e amigos.<\/p>\n<p>Em uma excurs\u00e3o ao Egito, onde as possibilidades s\u00e3o ilimitadas. Existem in\u00fameros tesouros para descobrir e paisagens para contemplar neste pa\u00eds fascinante. Preparamos excurs\u00f5es meticulosamente para atender viajantes de todos os gostos, quer voc\u00ea esteja com or\u00e7amento limitado ou buscando o ep\u00edtome do luxo. Personalize suas f\u00e9rias mergulhando nos cen\u00e1rios cativantes das principais cidades do Egito, incluindo Cairo, Alexandria, Sharm, Aswan e Luxor, todos oferecidos a pre\u00e7os acess\u00edveis.<\/p>\n<p>Cairo, a capital vibrante, atrai com sua rica hist\u00f3ria e charme moderno. Nossos passeios proporcionam uma vis\u00e3o dos marcos ic\u00f4nicos da cidade, desde as inspiradoras pir\u00e2mides de Giz\u00e9 at\u00e9 a hist\u00f3rica Esfinge. Alexandria, com seu fasc\u00ednio mediterr\u00e2neo, oferece uma mistura \u00fanica de maravilhas antigas e del\u00edcias contempor\u00e2neas. Enquanto isso, Sharm el-Sheikh convida voc\u00ea a explorar seu cativante mundo subaqu\u00e1tico e a desfrutar da beleza do Mar Vermelho.<\/p>\n<p>Assu\u00e3o e <a href=\"https:\/\/www.touregyptclub.com\/en\/luxor-temple\/\">Luxor<\/a>, com o seu apelo intemporal, mostram o esplendor das antigas civiliza\u00e7\u00f5es ao longo do <a href=\"https:\/\/www.natgeokids.com\/uk\/discover\/geography\/physical-geography\/nile-river-facts\/\" target=\"_blank\" rel=\"noopener\">Nilo<\/a>. Dos majestosos templos de <a href=\"https:\/\/www.touregyptclub.com\/en\/the-karnak-temple\/\">Karnak<\/a> ao Vale dos Reis, nossos passeios no Egito garantem uma explora\u00e7\u00e3o abrangente dessas joias hist\u00f3ricas. Nossos pre\u00e7os acess\u00edveis permitem que voc\u00ea experimente a magia dessas cidades sem comprometer a qualidade.<\/p>\n<p>O Tour Egypt Club entende que cada viajante tem prefer\u00eancias e prioridades \u00fanicas. Se voc\u00ea busca imers\u00e3o cultural, aventura ou relaxamento, nossa ampla variedade de excurs\u00f5es atende ao seu gosto. Temos orgulho de ser seu parceiro de confian\u00e7a na elabora\u00e7\u00e3o de viagens inesquec\u00edveis pelas maravilhas do Egito.<\/p>\n<p>Reserve conosco e libere todo o potencial dos seus passeios de um dia no Egito. Deixe-nos gui\u00e1-lo pela beleza, hist\u00f3ria e encanto deste pa\u00eds extraordin\u00e1rio, criando uma experi\u00eancia que vai al\u00e9m das expectativas. O Tour Egypt Club \u00e9 a sua porta de entrada para um mundo de descobertas, onde cada excurs\u00e3o \u00e9 uma oportunidade para desvendar os mist\u00e9rios e maravilhas do Egito.[\/vc_column_text][\/vc_column][\/vc_row]<\/p>\n<\/div>","protected":false},"excerpt":{"rendered":"<p>[vc_row][vc_column][vc_column_text]Explorar o Egypt Day Tours abre um mundo de possibilidades, aprimorando sua experi\u00eancia de viagem e proporcionando a voc\u00ea a oportunidade de testemunhar ainda mais maravilhas selecionando entre nossa extensa variedade dos melhores passeios no Egito e pacotes de excurs\u00f5es. Onde quer que voc\u00ea esteja no Egito, tenha certeza de que o Tour Egypt Club [&hellip;]<\/p>\n","protected":false},"author":1,"featured_media":36584,"parent":37617,"menu_order":0,"comment_status":"closed","ping_status":"closed","template":"template-tour-search.php","meta":{"_acf_changed":false,"_uf_show_specific_survey":0,"_uf_disable_surveys":false,"footnotes":""},"class_list":["post-28714","page","type-page","status-publish","has-post-thumbnail","hentry"],"acf":[],"_links":{"self":[{"href":"https:\/\/www.touregyptclub.com\/pt-br\/wp-json\/wp\/v2\/pages\/28714","targetHints":{"allow":["GET"]}}],"collection":[{"href":"https:\/\/www.touregyptclub.com\/pt-br\/wp-json\/wp\/v2\/pages"}],"about":[{"href":"https:\/\/www.touregyptclub.com\/pt-br\/wp-json\/wp\/v2\/types\/page"}],"author":[{"embeddable":true,"href":"https:\/\/www.touregyptclub.com\/pt-br\/wp-json\/wp\/v2\/users\/1"}],"replies":[{"embeddable":true,"href":"https:\/\/www.touregyptclub.com\/pt-br\/wp-json\/wp\/v2\/comments?post=28714"}],"version-history":[{"count":0,"href":"https:\/\/www.touregyptclub.com\/pt-br\/wp-json\/wp\/v2\/pages\/28714\/revisions"}],"up":[{"embeddable":true,"href":"https:\/\/www.touregyptclub.com\/pt-br\/wp-json\/wp\/v2\/pages\/37617"}],"wp:featuredmedia":[{"embeddable":true,"href":"https:\/\/www.touregyptclub.com\/pt-br\/wp-json\/wp\/v2\/media\/36584"}],"wp:attachment":[{"href":"https:\/\/www.touregyptclub.com\/pt-br\/wp-json\/wp\/v2\/media?parent=28714"}],"curies":[{"name":"wp","href":"https:\/\/api.w.org\/{rel}","templated":true}]}}