{"id":28707,"date":"2022-01-14T09:04:08","date_gmt":"2022-01-14T09:04:08","guid":{"rendered":"https:\/\/touregyptclub.com\/travelers-survival-kit-in-egypt\/"},"modified":"2024-01-08T05:41:54","modified_gmt":"2024-01-08T05:41:54","slug":"travelers-survival-kit-in-egypt","status":"publish","type":"page","link":"http:\/\/www.touregyptclub.com\/pt-br\/kit-de-sobreviv%C3%AAncia-do-viajante-no-egito\/","title":{"rendered":"Kit de sobreviv\u00eancia do viajante no Egito"},"content":{"rendered":"<p>Embarque em uma jornada transformadora pelas maravilhas antigas e modernas do Egito com nosso abrangente &#8220;Kit de sobreviv\u00eancia do viajante&#8221;. Este guia foi meticulosamente elaborado para aprimorar sua experi\u00eancia nesta terra cativante, oferecendo informa\u00e7\u00f5es indispens\u00e1veis tanto para viajantes experientes quanto para visitantes de primeira viagem. O Egito, com suas pir\u00e2mides ic\u00f4nicas, rica tape\u00e7aria cultural e paisagens vibrantes, convida os aventureiros a mergulharem em seu fasc\u00ednio atemporal. Esteja voc\u00ea navegando pelas movimentadas ruas do Cairo, maravilhando-se com as proezas arquitet\u00f4nicas de templos antigos ou navegando ao longo do majestoso Nilo, este kit de sobreviv\u00eancia \u00e9 a chave para desvendar os segredos do Egito, garantindo uma explora\u00e7\u00e3o cont\u00ednua, agrad\u00e1vel e inesquec\u00edvel. Desde dicas pr\u00e1ticas sobre como resistir ao sol eg\u00edpcio at\u00e9 nuances culturais e itens essenciais para levar, este guia \u00e9 seu companheiro de confian\u00e7a para uma viagem que transcende o tempo e deixa uma marca indel\u00e9vel em seu repert\u00f3rio de viagens.<\/p>\n<h2>Kit de sobreviv\u00eancia do viajante no Egito:<\/h2>\n<p>O Egito \u00e9 um pa\u00eds sofisticado e moderno, e quase tudo que voc\u00ea precisa pode ser comprado no Egito. Mas desde que voc\u00ea n\u00e3o queira comprar itens como sapatos no Egito e que outros itens possam ser dif\u00edceis de encontrar ou muito caros, compilamos uma lista de verifica\u00e7\u00e3o de alguns dos itens mais importantes que voc\u00ea pode querer levar com voc\u00ea. Esta lista pode parecer rudimentar para o viajante experiente, mas para muitos que fazem uma viagem ao Egito pela primeira vez, pode evitar problemas.<\/p>\n<h2>Lutando com Sol e Calor:<\/h2>\n<p>Chap\u00e9us e outras coberturas: Chap\u00e9us de abas grandes que fornecem n\u00e3o apenas uma cobertura para a cabe\u00e7a, mas tamb\u00e9m uma certa sombra, ser\u00e3o muito \u00fateis no quente sol eg\u00edpcio. Al\u00e9m disso, as mulheres ser\u00e3o mais aceit\u00e1veis quando visitarem igrejas e mesquitas antigas se usarem algum tipo de cobertura para a cabe\u00e7a. A<\/p>\n<p>l\u00e9m disso, len\u00e7os ou outras pe\u00e7as de vestu\u00e1rio devem ser levadas para cobrir ombros e bra\u00e7os e, novamente, ou n\u00e3o apenas importantes para visitar locais religiosos, mas tamb\u00e9m para proteger do sol durante as caminhadas. Em climas muito quentes, um chap\u00e9u ou len\u00e7o de pano que possa ser encharcado tamb\u00e9m ajudar\u00e1 a manter a cabe\u00e7a fresca.<\/p>\n<h2>Squeeze Breathe:<\/h2>\n<p>\u00e9 uma garrafa de \u00e1gua com pulverizador e ventilador a bateria acoplado, que est\u00e1 dispon\u00edvel em lojas como o Wal-Mart nos Estados Unidos. Este item literalmente evitou que nossa Editora S\u00eanior, Mary Kay Radnich, ca\u00edsse no conv\u00e9s no calor de 104F na Cisjord\u00e2nia, no final da manh\u00e3.<\/p>\n<p>Se voc\u00ea encontrar algo assim entre os brinquedos de praia deste ver\u00e3o, compre.<\/p>\n<p><strong>Protetor solar:<\/strong> Embora os protetores solares possam ser comprados no Egito, voc\u00ea pode preferir trazer sua marca favorita, mas traga-a. Temos visto frequentemente, e gostaria de sublinhar, muitas vezes, turistas com queimaduras solares dolorosas ap\u00f3s dias de passeios tur\u00edsticos.<\/p>\n<p><strong>\u00d3culos de sol:<\/strong> Outro item que pode ser adquirido no Egito s\u00e3o os \u00f3culos de sol, mas, novamente, muitas pessoas preferem trazer os seus pr\u00f3prios. Muitas vezes o turista se encontrar\u00e1 em uma paisagem estridente de areia e deserto e nada melhor do que um bom par de \u00f3culos de sol, com a maior classifica\u00e7\u00e3o UV que voc\u00ea pode encontrar.<\/p>\n<p>Cantina ou bebedouro: Manter-se hidratado significar\u00e1 a diferen\u00e7a entre um passeio confort\u00e1vel e outro que pode acabar em problemas. A maioria das pessoas aprende rapidamente a carregar uma garrafa de \u00e1gua, e a \u00e1gua engarrafada \u00e9 facilmente acess\u00edvel.<\/p>\n<p>No entanto, carregar uma garrafa de \u00e1gua na m\u00e3o pode ser cansativo. \u00c9 muito melhor levar um cantil ou algum outro utens\u00edlio que lhe permita carregar a garrafa de \u00e1gua na cintura ou no ombro. Pochetes ou mochilas com porta-garrafas de \u00e1gua e, para as mulheres, at\u00e9 uma bolsa tipo bolsa de ombro tornar\u00e1 isso mais conveniente.<\/p>\n<h2>Outras necessidades:<\/h2>\n<p>Sapatos de caminhada muito bons e confort\u00e1veis: esta \u00e9 provavelmente uma das primeiras coisas que a maioria das pessoas dir\u00e1 para voc\u00ea trazer para o Egito. A maioria dos turistas far\u00e1 caminhadas consider\u00e1veis, e os sapatos n\u00e3o devem ser apenas confort\u00e1veis, mas tamb\u00e9m confort\u00e1veis para caminhar longas dist\u00e2ncias.<\/p>\n<p>Ao contr\u00e1rio dos sapatos de couro para caminhadas nas montanhas e similares, tamb\u00e9m \u00e9 prefer\u00edvel que os sapatos sejam respir\u00e1veis e talvez feitos de n\u00e1ilon leve ou tecido semelhante. &#8220;T\u00eanis&#8221; ou outro tipo de cal\u00e7ado esportivo s\u00e3o bons para isso. Al\u00e9m disso, tenha em mente que existem muitas etapas no Egito.<\/p>\n<h2>Adaptadores de energia:<\/h2>\n<p><a href=\"https:\/\/www.bretford.com\/blog\/what-is-a-power-adapter\/\" target=\"_blank\" rel=\"noopener\">Os adaptadore<\/a>s de energia v\u00eam em duas variedades diferentes. Alguns equipamentos eletr\u00f4nicos possuem interruptores que permitem alterar o tipo de entrada de energia. Para estes, basta um simples adaptador de parede. Por\u00e9m, outros dispositivos eletr\u00f4nicos n\u00e3o possuem tais interruptores e, neste caso, voc\u00ea n\u00e3o precisa apenas de um adaptador de parede, mas tamb\u00e9m de um conversor de energia. O Egito usa 220 volts e os plugues t\u00eam dois pinos arredondados.<\/p>\n<h2>Medicamento:<\/h2>\n<p>Claro, traga seu medicamento prescrito. Geralmente estar\u00e1 dispon\u00edvel em drogarias eg\u00edpcias, mas pode ter um nome diferente. N\u00e3o h\u00e1 problema em trazer medicamentos prescritos para o <a href=\"https:\/\/www.touregyptclub.com\/en\/hiking-routes-in-egypt\/\">Egito<\/a>.<\/p>\n<p>No entanto, tamb\u00e9m \u00e9 mais conveniente levar consigo seus medicamentos sem receita favoritos. Embora voc\u00ea possa encontrar esses medicamentos no Egito, como cora\u00e7\u00e3o b<\/p>\n","protected":false},"excerpt":{"rendered":"<p>Embarque em uma jornada transformadora pelas maravilhas antigas e modernas do Egito com nosso abrangente &#8220;Kit de sobreviv\u00eancia do viajante&#8221;. Este guia foi meticulosamente elaborado para aprimorar sua experi\u00eancia nesta terra cativante, oferecendo informa\u00e7\u00f5es indispens\u00e1veis tanto para viajantes experientes quanto para visitantes de primeira viagem. O Egito, com suas pir\u00e2mides ic\u00f4nicas, rica tape\u00e7aria cultural e [&hellip;]<\/p>\n","protected":false},"author":1,"featured_media":31334,"parent":0,"menu_order":0,"comment_status":"closed","ping_status":"closed","template":"template-home-modern.php","meta":{"_acf_changed":false,"_uf_show_specific_survey":0,"_uf_disable_surveys":false,"footnotes":""},"class_list":["post-28707","page","type-page","status-publish","has-post-thumbnail","hentry"],"acf":[],"_links":{"self":[{"href":"https:\/\/www.touregyptclub.com\/pt-br\/wp-json\/wp\/v2\/pages\/28707","targetHints":{"allow":["GET"]}}],"collection":[{"href":"https:\/\/www.touregyptclub.com\/pt-br\/wp-json\/wp\/v2\/pages"}],"about":[{"href":"https:\/\/www.touregyptclub.com\/pt-br\/wp-json\/wp\/v2\/types\/page"}],"author":[{"embeddable":true,"href":"https:\/\/www.touregyptclub.com\/pt-br\/wp-json\/wp\/v2\/users\/1"}],"replies":[{"embeddable":true,"href":"https:\/\/www.touregyptclub.com\/pt-br\/wp-json\/wp\/v2\/comments?post=28707"}],"version-history":[{"count":0,"href":"https:\/\/www.touregyptclub.com\/pt-br\/wp-json\/wp\/v2\/pages\/28707\/revisions"}],"wp:featuredmedia":[{"embeddable":true,"href":"https:\/\/www.touregyptclub.com\/pt-br\/wp-json\/wp\/v2\/media\/31334"}],"wp:attachment":[{"href":"https:\/\/www.touregyptclub.com\/pt-br\/wp-json\/wp\/v2\/media?parent=28707"}],"curies":[{"name":"wp","href":"https:\/\/api.w.org\/{rel}","templated":true}]}}