{"id":39381,"date":"2022-07-20T08:26:15","date_gmt":"2022-07-20T08:26:15","guid":{"rendered":"https:\/\/www.touregyptclub.com\/shore-excursion\/"},"modified":"2023-12-20T07:46:50","modified_gmt":"2023-12-20T07:46:50","slug":"escursioni-in-crociera","status":"publish","type":"page","link":"http:\/\/www.touregyptclub.com\/it\/escursioni-in-crociera-viaggio-in-crociera\/","title":{"rendered":"Escursioni in crociera &#038; Viaggio in crociera"},"content":{"rendered":"<div class=\"wpb-content-wrapper\"><p>[vc_row][vc_column][vc_column_text]Le crociere offrono un modo unico di esplorare il mondo, con una combinazione di relax e avventura. Due aspetti chiave di questa esperienza sono le &#8220;escursioni in crociera&#8221; e i &#8220;viaggi in crociera&#8221;, che consentono ai viaggiatori di immergersi nelle destinazioni visitate godendo dei comfort di una nave da crociera.<\/p>\n<h2><strong>Escursioni in crociera (Cruise Excursions)<\/strong><\/h2>\n<p>Le escursioni in crociera sono tour e attivit\u00e0 organizzate appositamente per i passeggeri delle crociere, al fine di sfruttare al meglio il tempo trascorso a terra. Queste escursioni sono studiate per mostrare i punti salienti di ogni destinazione e offrono un modo senza problemi per esplorare. Che siate interessati a siti storici, meraviglie naturali o esperienze culturali, \u00e8 probabile che ci sia un&#8217;escursione in crociera adatta alle vostre preferenze. Dall&#8217;esplorazione di antiche rovine al fare snorkeling in acque cristalline, le escursioni in crociera possono trasformare una visita in porto in un&#8217;avventura indimenticabile.<\/p>\n<h2><span style=\"font-size: 18pt;\"><strong>Viaggio in crociera (Cruise Travel)<\/strong><\/span><\/h2>\n<p>Il <a href=\"https:\/\/www.msccrociere.it\/\" target=\"_blank\" rel=\"noopener\">viaggio in crociera<\/a>, o cruise travel, comprende l&#8217;intero percorso di una crociera. Inizia dal momento in cui si sale a bordo della nave da crociera fino all&#8217;emozionante esplorazione delle diverse tappe. Il viaggio in crociera offre una vasta gamma di esperienze, dalla cena gourmet e l&#8217;intrattenimento a bordo al relax sul ponte mentre si ammira il mare. \u00c8 un&#8217;occasione per staccare la spina dalla routine quotidiana e abbracciare il ritmo rilassante della vita in mare.<\/p>\n<p>Ci\u00f2 che distingue il viaggio in crociera \u00e8 la comodit\u00e0 che offre. La vostra nave-hotel vi porta da una destinazione emozionante all&#8217;altra, eliminando la necessit\u00e0 di fare e disfare le valigie costantemente. \u00c8 un modo senza stress per vedere pi\u00f9 posti senza disfare le valigie pi\u00f9 di una volta. La nave da crociera diventa la vostra casa lontano da casa, completa di comode sistemazioni e una variet\u00e0 di servizi.<\/p>\n<p><a class=\"row-title\" href=\"https:\/\/www.touregyptclub.com\/wp-admin\/post.php?post=40959&amp;action=edit&amp;lang=it\" aria-label=\"\u201cLe 20 principali attrazioni e destinazioni dell\u2019Egitto\u201d (Edit)\">Le 20 principali attrazioni e destinazioni dell\u2019Egitto<\/a><\/p>\n<h2><strong>La Combinazione Perfetta<\/strong><\/h2>\n<p>La combinazione di escursioni in crociera e viaggio in crociera offre ai viaggiatori una perfetta miscela di esplorazione e relax. Durante il giorno, potete avventurarvi in tour guidati, vivendo la cultura locale, la storia e la bellezza naturale di ogni porto. Di sera, tornate alla nave da crociera per una cena raffinata, intrattenimento e un riposo rigenerante, pronti per l&#8217;avventura del giorno successivo.<\/p>\n<h2><strong>Conclusione<\/strong><\/h2>\n<p>Escursioni in crociera e Viaggio in crociera sono componenti integrali dell&#8217;esperienza delle crociere, offrendo ai viaggiatori l&#8217;opportunit\u00e0 di vedere il mondo da una prospettiva unica. Che siate appassionati di storia, amanti della natura o semplicemente in cerca di una vacanza rilassante, una crociera offre qualcosa per tutti. Quindi, la prossima volta che pianificate una vacanza, considerate l&#8217;idea di intraprendere un viaggio in crociera memorabile ed esplorare il mondo un porto alla volta.[\/vc_column_text][\/vc_column][\/vc_row]<\/p>\n<\/div>","protected":false},"excerpt":{"rendered":"<p>[vc_row][vc_column][vc_column_text]Le crociere offrono un modo unico di esplorare il mondo, con una combinazione di relax e avventura. Due aspetti chiave di questa esperienza sono le &#8220;escursioni in crociera&#8221; e i &#8220;viaggi in crociera&#8221;, che consentono ai viaggiatori di immergersi nelle destinazioni visitate godendo dei comfort di una nave da crociera. Escursioni in crociera (Cruise Excursions) [&hellip;]<\/p>\n","protected":false},"author":1,"featured_media":39460,"parent":0,"menu_order":0,"comment_status":"closed","ping_status":"closed","template":"template-tour-search.php","meta":{"_acf_changed":false,"_uf_show_specific_survey":0,"_uf_disable_surveys":false,"footnotes":""},"class_list":["post-39381","page","type-page","status-publish","has-post-thumbnail","hentry"],"acf":[],"_links":{"self":[{"href":"https:\/\/www.touregyptclub.com\/it\/wp-json\/wp\/v2\/pages\/39381","targetHints":{"allow":["GET"]}}],"collection":[{"href":"https:\/\/www.touregyptclub.com\/it\/wp-json\/wp\/v2\/pages"}],"about":[{"href":"https:\/\/www.touregyptclub.com\/it\/wp-json\/wp\/v2\/types\/page"}],"author":[{"embeddable":true,"href":"https:\/\/www.touregyptclub.com\/it\/wp-json\/wp\/v2\/users\/1"}],"replies":[{"embeddable":true,"href":"https:\/\/www.touregyptclub.com\/it\/wp-json\/wp\/v2\/comments?post=39381"}],"version-history":[{"count":0,"href":"https:\/\/www.touregyptclub.com\/it\/wp-json\/wp\/v2\/pages\/39381\/revisions"}],"wp:featuredmedia":[{"embeddable":true,"href":"https:\/\/www.touregyptclub.com\/it\/wp-json\/wp\/v2\/media\/39460"}],"wp:attachment":[{"href":"https:\/\/www.touregyptclub.com\/it\/wp-json\/wp\/v2\/media?parent=39381"}],"curies":[{"name":"wp","href":"https:\/\/api.w.org\/{rel}","templated":true}]}}