{"id":39378,"date":"2022-07-20T08:15:24","date_gmt":"2022-07-20T08:15:24","guid":{"rendered":"https:\/\/www.touregyptclub.com\/best-egypt-tours-excursion-day-trip\/"},"modified":"2023-12-20T08:07:42","modified_gmt":"2023-12-20T08:07:42","slug":"i-migliori-tour-giornalieri-viaggio-giornaliero","status":"publish","type":"page","link":"http:\/\/www.touregyptclub.com\/it\/i-migliori-tour-giornalieri-viaggio-giornaliero\/","title":{"rendered":"I migliori tour giornalieri &#038; viaggio giornaliero"},"content":{"rendered":"<div class=\"wpb-content-wrapper\"><p>[vc_row][vc_column][vc_column_text]<\/p>\r\n<p>I migliori tour di un giorno in Egitto, goditi tutte le numerose cose migliori che adorerai fare. La tua anima sar\u00e0 grata per ci\u00f2 di cui sar\u00e0 testimone in Egitto. Abbiamo escursioni su misura per soddisfare tutti i turisti , sia che preferiscano tour di lusso o viaggi economici. Approfitta della tua vacanza facendo tour turistici in Egitto. Sono inoltre inclusi tour di tutte le principali citt\u00e0, tra cui\u00a0\u00a0 <a href=\"https:\/\/www.touregyptclub.com\/it\/quanti-anni-ha-la-citta-del-cairo\/\"><strong>Cairo<\/strong><\/a>,\u00a0<strong><a href=\"http:\/\/touregyptclub.com\/travel\/travelers-wiki\/egypt-holiday-attractions\/alexandria-travel-guide\">Alexandria<\/a><\/strong>, <a class=\"\" href=\"https:\/\/touregyptclub.com\/en\/egypt-tours\/sharm-el-sheikh-tours\/\">Sharm El-sheikh<\/a>, <strong><a href=\"http:\/\/touregyptclub.com\/travel\/travelers-wiki\/egypt-holiday-attractions\/aswan-travel-guide\">Aswan <\/a><\/strong>\u00a0e<strong> <a href=\"https:\/\/www.touregyptclub.com\/it\/i-migliori-tour-giornalieri-a-luxor\/\" target=\"_blank\" rel=\"noreferrer noopener\">Luxor<\/a><\/strong> a prezzi convenienti.<\/p>\r\n<p>I migliori tour di un giorno in Egitto\u00a0Scegli tra una variet\u00e0 dei migliori tour giornalieri in Egitto 2023. stai ottenendo il miglior viaggio giornaliero in Egitto. Per migliorare la tua esperienza di vacanza a un livello incredibile e avere la possibilit\u00e0 di esplorare ancora e ancora di pi\u00f9. Non perdere l&#8217;occasione di fare il miglior viaggio giornaliero in un altro governatorato dell&#8217;Egitto. i viaggi con Tour Egypt Club hanno vari gusti. Ovunque tu sia in Egitto, siamo pronti ad aiutarti.<\/p>\r\n<!-- \/wp:post-content -->\r\n<p><!-- wp:paragraph --><br \/><strong>Tour Egypt Club<\/strong>, il nostro tour operator locale professionale in Egitto ti aspetta per aiutarti a prenotare. Puoi anche creare il tuo tour giornaliero. Dall&#8217;inizio all&#8217;ultimo minuto con maggiore flessibilit\u00e0 per soddisfare le vostre esigenze. Fai i meravigliosi ricordi con la tua famiglia e i tuoi amici. Ci impegniamo ad aiutarti. Speriamo di sfruttare al massimo il tuo tempo per divertirti ulteriormente. Goditi la nostra escursione in Egitto e il miglior viaggio giornaliero in Egitto. Comprende siti storici comuni o siti non turistici. Unisciti a noi e ci assumeremo la responsabilit\u00e0 del tuo divertimento.<\/p>\r\n<p>[\/vc_column_text][\/vc_column][\/vc_row]<\/p><\/div>","protected":false},"excerpt":{"rendered":"<p>[vc_row][vc_column][vc_column_text] I migliori tour di un giorno in Egitto, goditi tutte le numerose cose migliori che adorerai fare. La tua anima sar\u00e0 grata per ci\u00f2 di cui sar\u00e0 testimone in Egitto. Abbiamo escursioni su misura per soddisfare tutti i turisti , sia che preferiscano tour di lusso o viaggi economici. Approfitta della tua vacanza facendo [&hellip;]<\/p>\n","protected":false},"author":1,"featured_media":44780,"parent":0,"menu_order":0,"comment_status":"closed","ping_status":"closed","template":"template-tour-search.php","meta":{"_acf_changed":false,"_uf_show_specific_survey":0,"_uf_disable_surveys":false,"footnotes":""},"class_list":["post-39378","page","type-page","status-publish","has-post-thumbnail","hentry"],"acf":[],"_links":{"self":[{"href":"https:\/\/www.touregyptclub.com\/it\/wp-json\/wp\/v2\/pages\/39378","targetHints":{"allow":["GET"]}}],"collection":[{"href":"https:\/\/www.touregyptclub.com\/it\/wp-json\/wp\/v2\/pages"}],"about":[{"href":"https:\/\/www.touregyptclub.com\/it\/wp-json\/wp\/v2\/types\/page"}],"author":[{"embeddable":true,"href":"https:\/\/www.touregyptclub.com\/it\/wp-json\/wp\/v2\/users\/1"}],"replies":[{"embeddable":true,"href":"https:\/\/www.touregyptclub.com\/it\/wp-json\/wp\/v2\/comments?post=39378"}],"version-history":[{"count":0,"href":"https:\/\/www.touregyptclub.com\/it\/wp-json\/wp\/v2\/pages\/39378\/revisions"}],"wp:featuredmedia":[{"embeddable":true,"href":"https:\/\/www.touregyptclub.com\/it\/wp-json\/wp\/v2\/media\/44780"}],"wp:attachment":[{"href":"https:\/\/www.touregyptclub.com\/it\/wp-json\/wp\/v2\/media?parent=39378"}],"curies":[{"name":"wp","href":"https:\/\/api.w.org\/{rel}","templated":true}]}}