{"id":39045,"date":"2020-06-21T16:28:50","date_gmt":"2020-06-21T16:28:50","guid":{"rendered":"https:\/\/www.touregyptclub.com\/terms-conditions\/"},"modified":"2024-01-14T12:45:30","modified_gmt":"2024-01-14T12:45:30","slug":"termini-condizioni","status":"publish","type":"page","link":"http:\/\/www.touregyptclub.com\/it\/terms-conditions\/","title":{"rendered":"Termini e Condizioni"},"content":{"rendered":"<h2>Il tuo contratto con Tour Egypt Club<\/h2>\n<h3>Politica di pagamento:<\/h3>\n<p>Per garantire una prenotazione, la societ\u00e0 richiede inizialmente la notifica da parte tua della tua richiesta di prenotazione. La prenotazione sar\u00e0 garantita solo dopo che sia tu che l&#8217;azienda avrete confermato l&#8217;organizzazione del viaggio e l&#8217;azienda avr\u00e0 accertato che il deposito\/pagamento corretto \u00e8 stato ricevuto sul conto bancario dell&#8217;azienda tramite bonifico bancario. Il pagamento dei depositi richiesti o il pagamento integrale di una prenotazione su un pacchetto turistico accompagnato o indipendente costituisce il consenso a tutte le disposizioni dei termini e delle informazioni generali qui contenute.<\/p>\n<h3>Acconto di pagamento<\/h3>\n<p>Le prenotazioni devono essere effettuate il prima possibile per prenotare la vacanza desiderata, Lo spazio sar\u00e0 garantito al ricevimento di un acconto del 50%. Questo deposito fa parte del pagamento finale. I depositi possono essere effettuati solo tramite bonifico bancario o \u00e8 possibile inviare tramite Western Union. Il saldo del pagamento dovr\u00e0 pervenire entro 7 giorni dalla data di conferma. Se la prenotazione viene effettuata meno di 07 giorni prima della partenza, il pagamento completo deve essere effettuato al momento della prenotazione.<\/p>\n<h3>Modifica:<\/h3>\n<p>Qualsiasi modifica apportata alla prenotazione originale \u00e8 soggetta a disponibilit\u00e0 e se \u00e8 stato ricevuto il pagamento completo e\/o \u00e8 stato emesso il voucher, NON verr\u00e0 applicata alcuna tassa amministrativa.<\/p>\n<h3>Politica sui bambini:<\/h3>\n<p>&#8211; Pacchetti o crociere o hotel sul Nilo Massimo 2 bambini per camera doppia fino a 11, 99 anni in camera con i genitori<br \/>\n&#8211; Bambino fino a 01.99 gratis<br \/>\n&#8211; Bambino da 2-5,99 anni 25% del costo totale dell&#8217;adulto Bambini da 6 a 11,99 anni 50% del costo totale dell&#8217;adulto<br \/>\n&#8211; Un bambino di et\u00e0 superiore a 12 anni \u00e8 considerato adulto<\/p>\n<h4>Visite guidate e tour facoltativi<\/h4>\n<p>&#8211; Bambino fino a 5,99 anni gratis<br \/>\n&#8211; Bambino da 6 &#8211; 11,99 50 % del costo totale del tour Adulto Un bambino di et\u00e0 superiore a 12 anni \u00e8 considerato adulto<\/p>\n<h4>Volo nazionale<\/h4>\n<p>I bambini fino a 1.99 anni pagheranno il 10% del costo degli adulti<br \/>\nUn bambino di et\u00e0 compresa tra 2 e 11 anni, 99 anni, pagher\u00e0 il 75% del costo dell&#8217;adulto<\/p>\n<h3>Politica di cancellazione<\/h3>\n<p>La cancellazione deve pervenire in forma scritta via fax o e-mail. Se un partecipante al tour annulla la sua prenotazione, verranno applicate le seguenti tariffe:<br \/>\n&#8211; In caso di annullamento del viaggio, verr\u00e0 applicata la seguente tariffa<br \/>\n&#8211; Tra 40 e 30 giorni, verr\u00e0 detratto il 25% dell&#8217;intero prezzo del tour.<br \/>\n&#8211; Tra 29 e 15 giorni, verr\u00e0 detratto il 50% dell&#8217;intero prezzo del tour.<br \/>\n&#8211; Tra 1 e 14 giorni, verr\u00e0 detratto il 100% dell&#8217;intero prezzo del tour.<br \/>\n&#8211; Nessun rimborso \u00e8 possibile per No-Show.<\/p>\n<h4>Politica di cancellazione di Natale e Capodanno: (dal 18 dicembre al 10 gennaio)<\/h4>\n<ul>\n<li>Da 60 giorni a 31 prima dell&#8217;arrivo 50% del prezzo totale.<\/li>\n<li>30 giorni al giorno di arrivo 100% del prezzo totale.<\/li>\n<\/ul>\n<h3>Addebito di cancellazione per coprire quanto segue:<\/h3>\n<h4>Reclami e reclami:<\/h4>\n<p>nostro amato cliente se hai un reclamo durante la tua permanenza presso la struttura ricettiva in questione, devi informare immediatamente la direzione della struttura ricettiva, in modo da dar loro la possibilit\u00e0 di risolvere il problema.<br \/>\nPotresti perdere qualsiasi diritto al risarcimento se non lo fai.<br \/>\nSe il problema non viene risolto in modo soddisfacente, \u00e8 necessario contattare il nostro rappresentante nel resort\/l&#8217;hotel\/la crociera e, se il problema non pu\u00f2 ancora essere risolto, \u00e8 necessario contattare il nostro tour operator.<br \/>\nFaremo da intermediario per cercare di risolvere il problema.<br \/>\nNel caso in cui non fossimo in grado di farlo e desideri approfondire la questione, devi farlo direttamente con l&#8217;albergatore interessato. ma se dopo il tuo ritorno a casa non sei ancora soddisfatto devi scrivere all&#8217;associazione egiziana degli agenti di viaggio , o in relazione a questo contratto.<\/p>\n<h3>Richieste Speciali:<\/h3>\n<p>Se il Cliente ha richieste speciali incluse nel nostro accordo, dovremmo essere informati prima della data di arrivo per essere annotati e cercare di gestire questa richiesta, ma se non inclusa nell&#8217;accordo, non garantiamo di gestirla.<\/p>\n","protected":false},"excerpt":{"rendered":"<p>Il tuo contratto con Tour Egypt Club Politica di pagamento: Per garantire una prenotazione, la societ\u00e0 richiede inizialmente la notifica da parte tua della tua richiesta di prenotazione. La prenotazione sar\u00e0 garantita solo dopo che sia tu che l&#8217;azienda avrete confermato l&#8217;organizzazione del viaggio e l&#8217;azienda avr\u00e0 accertato che il deposito\/pagamento corretto \u00e8 stato ricevuto [&hellip;]<\/p>\n","protected":false},"author":1,"featured_media":39046,"parent":0,"menu_order":0,"comment_status":"closed","ping_status":"closed","template":"template-home-modern.php","meta":{"_acf_changed":false,"_uf_show_specific_survey":0,"_uf_disable_surveys":false,"footnotes":""},"class_list":["post-39045","page","type-page","status-publish","has-post-thumbnail","hentry"],"acf":[],"_links":{"self":[{"href":"https:\/\/www.touregyptclub.com\/it\/wp-json\/wp\/v2\/pages\/39045","targetHints":{"allow":["GET"]}}],"collection":[{"href":"https:\/\/www.touregyptclub.com\/it\/wp-json\/wp\/v2\/pages"}],"about":[{"href":"https:\/\/www.touregyptclub.com\/it\/wp-json\/wp\/v2\/types\/page"}],"author":[{"embeddable":true,"href":"https:\/\/www.touregyptclub.com\/it\/wp-json\/wp\/v2\/users\/1"}],"replies":[{"embeddable":true,"href":"https:\/\/www.touregyptclub.com\/it\/wp-json\/wp\/v2\/comments?post=39045"}],"version-history":[{"count":2,"href":"https:\/\/www.touregyptclub.com\/it\/wp-json\/wp\/v2\/pages\/39045\/revisions"}],"predecessor-version":[{"id":47336,"href":"https:\/\/www.touregyptclub.com\/it\/wp-json\/wp\/v2\/pages\/39045\/revisions\/47336"}],"wp:featuredmedia":[{"embeddable":true,"href":"https:\/\/www.touregyptclub.com\/it\/wp-json\/wp\/v2\/media\/39046"}],"wp:attachment":[{"href":"https:\/\/www.touregyptclub.com\/it\/wp-json\/wp\/v2\/media?parent=39045"}],"curies":[{"name":"wp","href":"https:\/\/api.w.org\/{rel}","templated":true}]}}