{"id":38146,"date":"2022-06-26T17:35:59","date_gmt":"2022-06-26T17:35:59","guid":{"rendered":"https:\/\/www.touregyptclub.com\/search-page-faq\/"},"modified":"2025-06-16T07:40:06","modified_gmt":"2025-06-16T07:40:06","slug":"search-page-faq","status":"publish","type":"page","link":"http:\/\/www.touregyptclub.com\/fr\/search-page-faq\/","title":{"rendered":"footer page faq"},"content":{"rendered":"<div class=\"wpb-content-wrapper\"><p>[vc_row][vc_column el_class=\u00a0\u00bbsearchpagfaq\u00a0\u00bb]<div class=\"st-faq-new st-faq\">\r\n\t<h3>faq<\/h3>\r\n\t\t\t\t\t\t\t\t<div class=\"item active\">\r\n\t\t\t\t\t<div class=\"header\">\r\n\t\t\t\t\t\t<i class=\"input-icon st-border-radius field-icon fa\"><svg height=\"18px\" width=\"18px\" version=\"1.1\" id=\"Layer_1\" xmlns=\"http:\/\/www.w3.org\/2000\/svg\" xmlns:xlink=\"http:\/\/www.w3.org\/1999\/xlink\" x=\"0px\" y=\"0px\"\r\n     viewBox=\"0 0 24 24\" style=\"enable-background:new 0 0 24 24;\" xml:space=\"preserve\">\r\n\r\n<g fill=\"#5E6D77\">\r\n    <path d=\"M5.25,24c-0.116,0-0.232-0.027-0.336-0.079C4.659,23.793,4.5,23.536,4.5,23.25V19.5H2.25C1.009,19.5,0,18.491,0,17.25v-15\r\n        C0,1.009,1.009,0,2.25,0h19.5C22.991,0,24,1.009,24,2.25v15c0,1.241-1.009,2.25-2.25,2.25H11.5l-5.8,4.35\r\n        C5.571,23.947,5.411,24,5.25,24z M2.25,1.5C1.836,1.5,1.5,1.836,1.5,2.25v15C1.5,17.664,1.836,18,2.25,18h3\r\n        C5.664,18,6,18.336,6,18.75v3l4.8-3.6c0.129-0.097,0.289-0.15,0.45-0.15h10.5c0.414,0,0.75-0.336,0.75-0.75v-15\r\n        c0-0.414-0.336-0.75-0.75-0.75H2.25z\"\/>\r\n    <path d=\"M12,12c-0.414,0-0.75-0.336-0.75-0.75v-0.256c-0.001-0.952,0.602-1.805,1.5-2.122c0.897-0.317,1.5-1.17,1.5-2.121\r\n        c0-0.6-0.234-1.165-0.66-1.59c-0.425-0.426-0.99-0.66-1.59-0.66c-0.601,0-1.166,0.234-1.591,0.659\r\n        C9.984,5.584,9.75,6.149,9.75,6.75C9.75,7.164,9.414,7.5,9,7.5S8.25,7.163,8.25,6.75c0-2.067,1.683-3.749,3.75-3.749\r\n        c1.002,0,1.944,0.39,2.652,1.099c0.708,0.709,1.098,1.65,1.098,2.652c0,1.586-1.005,3.006-2.5,3.535\r\n        c-0.299,0.106-0.5,0.39-0.5,0.708v0.256C12.75,11.664,12.414,12,12,12z\"\/>\r\n    <circle cx=\"12\" cy=\"14.625\" r=\"1.125\"\/>\r\n<\/g>\r\n<\/svg><\/i>\t\t\t\t\t\t<h5>TitleTitleTitle<\/h5>\r\n\t\t\t\t\t\t<span class=\"arrow\">\r\n\t\t\t\t\t\t\t<i class=\"fa fa-angle-down\"><\/i>\r\n\t\t\t\t\t\t<\/span>\r\n\t\t\t\t\t<\/div>\r\n\r\n\t\t\t\t\t\t\t\t\t\t\t<div class=\"body\">\r\n\t\t\t\t\t\t\tContent\nContent\nContent\nContent\n\t\t\t\t\t\t<\/div>\r\n\t\t\t\t\t\t\t\t\t<\/div>\r\n\t\t\t\t\t\t\t<\/div>\r\n[\/vc_column][\/vc_row][vc_row full_width=\u00a0\u00bbstretch_row\u00a0\u00bb css=\u00a0\u00bb.vc_custom_1542265299369{background-color: #ffffff !important;}\u00a0\u00bb][vc_column width=\u00a0\u00bb1\/4&Prime;][vc_column_text css=\u00a0\u00bb.vc_custom_1629819029047{margin-bottom: 20px !important;}\u00a0\u00bb]<\/p>\n<p>Tour Egypt Club<\/p>\n<p>[\/vc_column_text][vc_separator color=\u00a0\u00bbcustom\u00a0\u00bb align=\u00a0\u00bbalign_left\u00a0\u00bb el_width=\u00a0\u00bb40&Prime; accent_color=\u00a0\u00bb#eaeaea\u00a0\u00bb][vc_column_text css=\u00a0\u00bb.vc_custom_1595238377778{border-left-width: 3px !important;padding-left: 20px !important;border-left-color: #5191fa !important;border-left-style: solid !important;}\u00a0\u00bb][\/vc_column_text][vc_column_text css=\u00a0\u00bb.vc_custom_1750059594203{border-left-width: 3px !important;padding-left: 20px !important;border-left-style: solid !important;border-color: #5191fa !important;}\u00a0\u00bb]Tour Egypt Club vous offre la garantie de vivre les meilleures vacances en Egypte pour vous et votre famille. Les lieux les plus historiques du monde antique en \u00c9gypte, en Jordanie et \u00e0 J\u00e9rusalem, nous avons tout ce qu&rsquo;il vous faut ! Nous proposons une excellente collection d&rsquo;excursions \u00e0 la journ\u00e9e, de croisi\u00e8res sur le Nil, de tours de ville et de forfaits de voyage en \u00c9gypte de grande qualit\u00e9 et soigneusement s\u00e9lectionn\u00e9s, qui conviennent \u00e0 tous les budgets de voyage. Saisissez l&rsquo;occasion unique de d\u00e9couvrir l&rsquo;\u00c9gypte ancienne avec nous !<br \/>\nL&rsquo;\u00c9gypte ancienne vous attend en 2025, cr\u00e9ez un souvenir imp\u00e9rissable et r\u00e9servez votre voyage avec des experts en voyage.[\/vc_column_text][vc_column_text css=\u00a0\u00bb.vc_custom_1629920358520{margin-bottom: 15px !important;border-left-width: 3px !important;padding-left: 20px !important;border-left-color: #5191fa !important;border-left-style: solid !important;}\u00a0\u00bb]Follow us<\/p>\n<p>[\/vc_column_text][\/vc_column][vc_column width=\u00a0\u00bb1\/4&Prime;][vc_column_text css=\u00a0\u00bb.vc_custom_1750057688880{margin-bottom: 20px !important;}\u00a0\u00bb]<\/p>\n<pre id=\"tw-target-text\" class=\"tw-data-text tw-text-large tw-ta\" dir=\"ltr\" data-placeholder=\"Translation\"><span class=\"Y2IQFc\" lang=\"fr\" style=\"font-family: georgia, palatino, serif;\">Les 10 meilleurs circuits \r\nen Egypte 2025<\/span><\/pre>\n<p>[\/vc_column_text][vc_separator color=\u00a0\u00bbcustom\u00a0\u00bb align=\u00a0\u00bbalign_left\u00a0\u00bb el_width=\u00a0\u00bb40&Prime; accent_color=\u00a0\u00bb#eaeaea\u00a0\u00bb]<div class=\"widget widget_nav_menu\"><ul id=\"menu-footer-3-fr\" class=\"menu\"><li id=\"menu-item-38274\" class=\"menu-item menu-item-type-custom menu-item-object-custom menu-item-38274\"><a href=\"https:\/\/www.touregyptclub.com\/fr\/excursions-en-egypte\/excursion-camping-dans-d%C3%A9sert-blanc-%C3%A0-loasis-de-bahariya-deux-jours-depart-du-caire\/\">Excursion Camping dans le d\u00e9sert blanc<\/a><\/li>\n<li id=\"menu-item-38275\" class=\"menu-item menu-item-type-custom menu-item-object-custom menu-item-38275\"><a href=\"https:\/\/www.touregyptclub.com\/fr\/forfait-voyage-en-egypte\/forfait-voyage-9-jours-8-nuits-egypte-caire-louxor-assouan\/\">Forfait de voyage au Caire, \u00e0 Louxor et \u00e0 Assouan<\/a><\/li>\n<li id=\"menu-item-38276\" class=\"menu-item menu-item-type-custom menu-item-object-custom menu-item-38276\"><a href=\"https:\/\/www.touregyptclub.com\/fr\/forfait-voyage-en-egypte\/sejour-7-nuits-au-cairo-louxor-assouan-abou-simbel\/\">S\u00e9jour au Caire et \u00e0 Louxor, Assouan en 7 nuits<\/a><\/li>\n<li id=\"menu-item-38277\" class=\"menu-item menu-item-type-custom menu-item-object-custom menu-item-38277\"><a href=\"https:\/\/www.touregyptclub.com\/fr\/forfait-voyage-en-egypte\/forfaits-voyage-en-egypte-j%C3%A9rusalem-et-jordanie-en-12-jours\/\">forfait de voyage en l\u2019Egypte, J\u00e9rusalem et Jordanie en base prix<\/a><\/li>\n<li id=\"menu-item-38278\" class=\"menu-item menu-item-type-custom menu-item-object-custom menu-item-38278\"><a href=\"https:\/\/www.touregyptclub.com\/fr\/forfait-voyage-en-egypte\/decouvrez-caire-louxor-assouan-dahabiya_sur-nil-10-jours\/\">D\u00e9couvrez le Caire, Louxor et Assouan<\/a><\/li>\n<li id=\"menu-item-38279\" class=\"menu-item menu-item-type-custom menu-item-object-custom menu-item-38279\"><a href=\"https:\/\/www.touregyptclub.com\/fr\/forfait-voyage-en-egypte\/sejour-de-12-jours-en-egypte-au-caire-avec-croisiere-sur-le-nil-et-desert-blanc\/\">S\u00e9jour au Caire avec croisi\u00e8re sur le Nil et d\u00e9sert blanc en base prix<\/a><\/li>\n<li id=\"menu-item-38280\" class=\"menu-item menu-item-type-custom menu-item-object-custom menu-item-38280\"><a href=\"https:\/\/www.touregyptclub.com\/fr\/forfait-voyage-en-egypte\/forfait-de-voyage-au-caire-louxor-assouan-abou-simbel-hurghada-en-15-jours\/\">Forfait de Voyage \u00e0 Hurghada ,LOUXOR ,ASSOUAN ,Caire \u00e0 petit prix<\/a><\/li>\n<\/ul><\/div>[vc_raw_html]JTNDZGl2JTIwaWQlM0QlMjJib29rbXVuZGktd2lkZ2V0LWZvb3RlciUyMiUzRSUzQ2ElMjBocmVmJTNEJTIyaHR0cHMlM0ElMkYlMkZ3d3cuYm9va211bmRpLmNvbSUyRmNvbXBhbmllcyUyRnRvdXItZWd5cHQtY2x1YiUyRmMyMjk0JTIyJTIwdGFyZ2V0JTNEJTIyX2JsYW5rJTIyJTIwaWQlM0QlMjJib29rbXVuZGktbGluayUyMiUzRVRvdXIlMjBFZ3lwdCUyMENsdWIlM0MlMkZhJTNFJTNDJTJGZGl2JTNFJTNDc2NyaXB0JTIwc3JjJTNEJTIyaHR0cHMlM0ElMkYlMkZ3d3cuYm9va211bmRpLmNvbSUyRnJldmlldy13aWRnZXQlMkYlM0ZjJTNEMTE3NjM4JTIyJTNFJTNDJTJGc2NyaXB0JTNF[\/vc_raw_html][\/vc_column][vc_column width=\u00a0\u00bb1\/4&Prime;][vc_column_text css=\u00a0\u00bb.vc_custom_1661167187742{margin-bottom: 20px !important;}\u00a0\u00bb]Wiki de voyage[\/vc_column_text][vc_separator color=\u00a0\u00bbcustom\u00a0\u00bb align=\u00a0\u00bbalign_left\u00a0\u00bb el_width=\u00a0\u00bb40&Prime; accent_color=\u00a0\u00bb#eaeaea\u00a0\u00bb]<div class=\"widget widget_nav_menu\"><ul id=\"menu-footer-2-fr\" class=\"menu\"><li id=\"menu-item-36309\" class=\"menu-item menu-item-type-taxonomy menu-item-object-category menu-item-36309\"><a href=\"http:\/\/www.touregyptclub.com\/fr\/cat%C3%A9gorie-guide-de-voyage-dassouan\/\">Guide de voyage d&rsquo;Assouan<\/a><\/li>\n<li id=\"menu-item-36310\" class=\"menu-item menu-item-type-taxonomy menu-item-object-category menu-item-36310\"><a href=\"http:\/\/www.touregyptclub.com\/fr\/guide-de-voyage-%C3%A0-louxor\/\">Guide de voyage \u00e0 Louxor<\/a><\/li>\n<li id=\"menu-item-36311\" class=\"menu-item menu-item-type-taxonomy menu-item-object-category menu-item-36311\"><a href=\"http:\/\/www.touregyptclub.com\/fr\/cat%C3%A9gorie-guide-de-voyage-alexandrie\/\">Guide de voyage Alexandrie<\/a><\/li>\n<li id=\"menu-item-36312\" class=\"menu-item menu-item-type-taxonomy menu-item-object-category menu-item-36312\"><a href=\"http:\/\/www.touregyptclub.com\/fr\/cat%C3%A9gorie-guide-de-voyage-au-caire\/\">Guide de voyage au Caire<\/a><\/li>\n<li id=\"menu-item-36313\" class=\"menu-item menu-item-type-taxonomy menu-item-object-category menu-item-36313\"><a href=\"http:\/\/www.touregyptclub.com\/fr\/cat%C3%A9gorie-guide-de-voyage-des-ports-%C3%A9gyptiens\/\">Guide de voyage des ports \u00e9gyptiens<\/a><\/li>\n<li id=\"menu-item-36314\" class=\"menu-item menu-item-type-taxonomy menu-item-object-category menu-item-36314\"><a href=\"http:\/\/www.touregyptclub.com\/fr\/guide-de-voyage-du-d%C3%A9sert-occidental\/\">Guide de voyage du d\u00e9sert occidental<\/a><\/li>\n<li id=\"menu-item-36315\" class=\"menu-item menu-item-type-taxonomy menu-item-object-category menu-item-36315\"><a href=\"http:\/\/www.touregyptclub.com\/fr\/cat%C3%A9gorie-guide-de-voyage-mer-rouge\/\">Guide de voyage Mer Rouge<\/a><\/li>\n<li id=\"menu-item-36316\" class=\"menu-item menu-item-type-taxonomy menu-item-object-category menu-item-36316\"><a href=\"http:\/\/www.touregyptclub.com\/fr\/guide-de-voyage-oasis-du-fayoum\/\">Guide de voyage Oasis du Fayoum<\/a><\/li>\n<li id=\"menu-item-36317\" class=\"menu-item menu-item-type-taxonomy menu-item-object-category menu-item-36317\"><a href=\"http:\/\/www.touregyptclub.com\/fr\/le-temple-de-karnak\/\">Le temple de karnak<\/a><\/li>\n<li id=\"menu-item-36318\" class=\"menu-item menu-item-type-taxonomy menu-item-object-category menu-item-36318\"><a href=\"http:\/\/www.touregyptclub.com\/fr\/circuits-egypte\/\">Circuits en Egypte<\/a><\/li>\n<\/ul><\/div>[vc_raw_html]JTNDZGl2JTIwaWQlM0QlMjJUQV9jZXJ0aWZpY2F0ZU9mRXhjZWxsZW5jZTg3NiUyMiUyMGNsYXNzJTNEJTIyVEFfY2VydGlmaWNhdGVPZkV4Y2VsbGVuY2UlMjIlM0UlM0N1bCUyMGlkJTNEJTIyUzgxdjluZUolMjIlMjBjbGFzcyUzRCUyMlRBX2xpbmtzJTIwdVYwV0NHQXdiWiUyMiUzRSUzQ2xpJTIwaWQlM0QlMjJYM3FKWkglMjIlMjBjbGFzcyUzRCUyMm5TR0NxbSUyMiUzRSUzQ2ElMjB0YXJnZXQlM0QlMjJfYmxhbmslMjIlMjBocmVmJTNEJTIyaHR0cHMlM0ElMkYlMkZ3d3cudHJpcGFkdmlzb3IuZnIlMkZBdHRyYWN0aW9uX1Jldmlldy1nMjk0MjAyLWQyMDc4NjMwLVJldmlld3MtVG91cl9FZ3lwdF9DbHViLUdpemFfR2l6YV9Hb3Zlcm5vcmF0ZS5odG1sJTIyJTNFJTNDaW1nJTIwc3JjJTNEJTIyaHR0cHMlM0ElMkYlMkZ3d3cudHJpcGFkdmlzb3IuZnIlMkZpbWclMkZjZHNpJTJGaW1nMiUyRmF3YXJkcyUyRnYyJTJGdGNob3RlbF8yMDIwX0xMLTE0MzQ4LTIucG5nJTIyJTIwYWx0JTNEJTIyVHJpcEFkdmlzb3IlMjIlMjBjbGFzcyUzRCUyMndpZENPRUltZyUyMiUyMGlkJTNEJTIyQ0RTV0lEQ09FTE9HTyUyMiUyRiUzRSUzQyUyRmElM0UlM0MlMkZsaSUzRSUzQyUyRnVsJTNFJTNDJTJGZGl2JTNFJTNDc2NyaXB0JTIwYXN5bmMlMjBzcmMlM0QlMjJodHRwcyUzQSUyRiUyRnd3dy5qc2NhY2hlLmNvbSUyRndlanMlM0Z3dHlwZSUzRGNlcnRpZmljYXRlT2ZFeGNlbGxlbmNlJTI2YW1wJTNCdW5pcSUzRDg3NiUyNmFtcCUzQmxvY2F0aW9uSWQlM0QyMDc4NjMwJTI2YW1wJTNCbGFuZyUzRGZyJTI2YW1wJTNCeWVhciUzRDIwMjAlMjZhbXAlM0JkaXNwbGF5X3ZlcnNpb24lM0QyJTIyJTIwZGF0YS1sb2FkdHJrJTIwb25sb2FkJTNEJTIydGhpcy5sb2FkdHJrJTNEdHJ1ZSUyMiUzRSUzQyUyRnNjcmlwdCUzRQ==[\/vc_raw_html][\/vc_column][vc_column width=\u00a0\u00bb1\/4&Prime;][vc_column_text css=\u00a0\u00bb.vc_custom_1661167209934{margin-bottom: 20px !important;}\u00a0\u00bb]Informations sur le voyage en \u00c9gypte[\/vc_column_text][vc_separator color=\u00a0\u00bbcustom\u00a0\u00bb align=\u00a0\u00bbalign_left\u00a0\u00bb el_width=\u00a0\u00bb40&Prime; accent_color=\u00a0\u00bb#eaeaea\u00a0\u00bb]<div class=\"widget widget_nav_menu\"><ul id=\"menu-footer-new-3-french\" class=\"menu\"><li id=\"menu-item-37353\" class=\"menu-item menu-item-type-post_type menu-item-object-page menu-item-37353\"><a href=\"http:\/\/www.touregyptclub.com\/fr\/a-propos-de-nous\/\">A propos de l&rsquo;egypte &#8211; Plongez dans un voyage fascinant<\/a><\/li>\n<li id=\"menu-item-37354\" class=\"menu-item menu-item-type-post_type menu-item-object-page menu-item-37354\"><a href=\"http:\/\/www.touregyptclub.com\/fr\/calendrier-des-vacances-en-egypte\/\">Calendrier des jours f\u00e9ri\u00e9s en \u00c9gypte<\/a><\/li>\n<li id=\"menu-item-37355\" class=\"menu-item menu-item-type-post_type menu-item-object-page menu-item-37355\"><a href=\"http:\/\/www.touregyptclub.com\/fr\/informations-sur-le-voyage-en-%C3%89gypte\/\">Informations Sur Le Voyage En \u00c9gypte<\/a><\/li>\n<li id=\"menu-item-37356\" class=\"menu-item menu-item-type-post_type menu-item-object-page menu-item-37356\"><a href=\"http:\/\/www.touregyptclub.com\/fr\/compagnies-de-croisi%C3%A8res-internationales\/\">Compagnies De Croisi\u00e8res Internationales<\/a><\/li>\n<li id=\"menu-item-37357\" class=\"menu-item menu-item-type-post_type menu-item-object-page menu-item-37357\"><a href=\"http:\/\/www.touregyptclub.com\/fr\/survie-en-safari-dans-le-d%C3%A9sert\/\">Survie En Safari Dans Le D\u00e9sert:et R\u00e9silience<\/a><\/li>\n<li id=\"menu-item-37358\" class=\"menu-item menu-item-type-post_type menu-item-object-page menu-item-37358\"><a href=\"http:\/\/www.touregyptclub.com\/fr\/kit-de-survie-du-voyageur-en-egypte\/\">Kit De Survie Du Voyageur En Egypte<\/a><\/li>\n<li id=\"menu-item-37359\" class=\"menu-item menu-item-type-post_type menu-item-object-page menu-item-37359\"><a href=\"http:\/\/www.touregyptclub.com\/fr\/frais-dentr%C3%A9e-en-%C3%89gypte-pour-les-principaux-monuments\/\">Frais d&rsquo;entr\u00e9e en \u00c9gypte : Tarifs pour les Principaux Monuments<\/a><\/li>\n<li id=\"menu-item-37360\" class=\"menu-item menu-item-type-post_type menu-item-object-page menu-item-37360\"><a href=\"http:\/\/www.touregyptclub.com\/fr\/distances-estim%C3%A9es-entre-les-grandes-villes-d%C3%89gypte\/\">Distances Estim\u00e9es Entre Les Grandes Villes D\u2019\u00c9gypte<\/a><\/li>\n<li id=\"menu-item-37361\" class=\"menu-item menu-item-type-post_type menu-item-object-page menu-item-37361\"><a href=\"http:\/\/www.touregyptclub.com\/fr\/travel-links\/\">Liens de voyage<\/a><\/li>\n<\/ul><\/div>[\/vc_column][\/vc_row][vc_row][vc_column][vc_separator][\/vc_column][\/vc_row][vc_row][vc_column width=\u00a0\u00bb1\/4&Prime;][vc_column_text css=\u00a0\u00bb\u00a0\u00bb]All rights reserved \u00a9 2010 &#8211; 2025 Tour Egypt[\/vc_column_text][\/vc_column][vc_column width=\u00a0\u00bb3\/4&Prime;][vc_row_inner][vc_column_inner width=\u00a0\u00bb1\/4&Prime;][vc_column_text]<\/p>\n<p style=\"text-align: center;\"><a href=\"https:\/\/www.touregyptclub.com\/fr\/%C3%80-propos-de-nous\/\">\u00c0 propos de nous<\/a><\/p>\n<p>[\/vc_column_text][\/vc_column_inner][vc_column_inner width=\u00a0\u00bb1\/4&Prime;][vc_column_text]<\/p>\n<p style=\"text-align: center;\"><a href=\"https:\/\/www.touregyptclub.com\/fr\/contactez-nous\/\">Contactez-nous <\/a><\/p>\n<p>[\/vc_column_text][\/vc_column_inner][vc_column_inner width=\u00a0\u00bb1\/4&Prime;][vc_column_text]<\/p>\n<p style=\"text-align: center;\"><a href=\"https:\/\/www.touregyptclub.com\/fr\/terms-conditions\/\">Termes et Conditions<\/a><\/p>\n<p>[\/vc_column_text][\/vc_column_inner][vc_column_inner width=\u00a0\u00bb1\/4&Prime;][vc_column_text]<\/p>\n<p style=\"text-align: center;\"><a href=\"https:\/\/touregyptclub.com\/en\/faqs\/\">FAQs<\/a><\/p>\n<p>[\/vc_column_text][\/vc_column_inner][\/vc_row_inner][\/vc_column][\/vc_row]<\/p>\n<\/div>","protected":false},"excerpt":{"rendered":"<p>[vc_row][vc_column el_class=\u00a0\u00bbsearchpagfaq\u00a0\u00bb][\/vc_column][\/vc_row][vc_row full_width=\u00a0\u00bbstretch_row\u00a0\u00bb css=\u00a0\u00bb.vc_custom_1542265299369{background-color: #ffffff !important;}\u00a0\u00bb][vc_column width=\u00a0\u00bb1\/4&Prime;][vc_column_text css=\u00a0\u00bb.vc_custom_1629819029047{margin-bottom: 20px !important;}\u00a0\u00bb] Tour Egypt Club [\/vc_column_text][vc_separator color=\u00a0\u00bbcustom\u00a0\u00bb align=\u00a0\u00bbalign_left\u00a0\u00bb el_width=\u00a0\u00bb40&Prime; accent_color=\u00a0\u00bb#eaeaea\u00a0\u00bb][vc_column_text css=\u00a0\u00bb.vc_custom_1595238377778{border-left-width: 3px !important;padding-left: 20px !important;border-left-color: #5191fa !important;border-left-style: solid !important;}\u00a0\u00bb][\/vc_column_text][vc_column_text css=\u00a0\u00bb.vc_custom_1750059594203{border-left-width: 3px !important;padding-left: 20px !important;border-left-style: solid !important;border-color: #5191fa !important;}\u00a0\u00bb]Tour Egypt Club vous offre la garantie de vivre les meilleures vacances en Egypte pour vous et votre famille. Les [&hellip;]<\/p>\n","protected":false},"author":1,"featured_media":41574,"parent":0,"menu_order":0,"comment_status":"closed","ping_status":"closed","template":"","meta":{"_acf_changed":false,"_uf_show_specific_survey":0,"_uf_disable_surveys":false,"footnotes":""},"class_list":["post-38146","page","type-page","status-publish","has-post-thumbnail","hentry"],"acf":[],"_links":{"self":[{"href":"https:\/\/www.touregyptclub.com\/fr\/wp-json\/wp\/v2\/pages\/38146","targetHints":{"allow":["GET"]}}],"collection":[{"href":"https:\/\/www.touregyptclub.com\/fr\/wp-json\/wp\/v2\/pages"}],"about":[{"href":"https:\/\/www.touregyptclub.com\/fr\/wp-json\/wp\/v2\/types\/page"}],"author":[{"embeddable":true,"href":"https:\/\/www.touregyptclub.com\/fr\/wp-json\/wp\/v2\/users\/1"}],"replies":[{"embeddable":true,"href":"https:\/\/www.touregyptclub.com\/fr\/wp-json\/wp\/v2\/comments?post=38146"}],"version-history":[{"count":4,"href":"https:\/\/www.touregyptclub.com\/fr\/wp-json\/wp\/v2\/pages\/38146\/revisions"}],"predecessor-version":[{"id":55534,"href":"https:\/\/www.touregyptclub.com\/fr\/wp-json\/wp\/v2\/pages\/38146\/revisions\/55534"}],"wp:featuredmedia":[{"embeddable":true,"href":"https:\/\/www.touregyptclub.com\/fr\/wp-json\/wp\/v2\/media\/41574"}],"wp:attachment":[{"href":"https:\/\/www.touregyptclub.com\/fr\/wp-json\/wp\/v2\/media?parent=38146"}],"curies":[{"name":"wp","href":"https:\/\/api.w.org\/{rel}","templated":true}]}}