{"id":37614,"date":"2022-07-20T08:26:15","date_gmt":"2022-07-20T08:26:15","guid":{"rendered":"https:\/\/2022.exploreegypttours.com\/shore-excursion\/"},"modified":"2023-12-25T07:23:25","modified_gmt":"2023-12-25T07:23:25","slug":"excursions-a-terre-en-egypte","status":"publish","type":"page","link":"http:\/\/www.touregyptclub.com\/fr\/excursions-%C3%A0-terre-en-%C3%89gypte\/","title":{"rendered":"Excursions \u00e0 Terre En \u00c9gypte"},"content":{"rendered":"<p>Excursions \u00e0 terre <a class=\"\" style=\"display: inline !important; width: auto !important;\" href=\"https:\/\/www.touregyptclub.com\/fr\/egypt-ferries-schedules\/\" data-wpil-post-to-id=\"28624\">en \u00c9gypte<\/a><strong>,\u00a0 <\/strong>Des navires de c<a href=\"https:\/\/www.lefigaro.fr\/conjoncture\/les-navires-de-croisiere-internationaux-pourront-accoster-dans-les-ports-espagnols-des-le-7-juin-20210529\" target=\"_blank\" rel=\"noopener\">roisi\u00e8re internationaux accostent<\/a> dans plusieurs ports d\u2019\u00c9gypte.Nous sommons pr\u00e9sent une large gamme d\u2019excursions portuaires et d\u2019excursions d\u2019une journ\u00e9e pour les passagers d\u00e9barquant en mer Rouge et en mer M\u00e9diterran\u00e9e.Ne perdez pas votre temps \u00e0 penser aux choses que vous pourriez faire lorsque votre navire d\u00e9barquerait dans l\u2019un des ports \u00e9gyptiens, maintenant notre travail d\u2019\u00e9quipe vous fournira les meilleurs programmes d\u2019excursions. De plus, ces circuits insolites en \u00c9gypte sont presque abordables pour tous ceux qui s\u2019int\u00e9ressent \u00e0 l\u2019\u00c9gypte et \u00e0 sa culture, vous pouvez visiter des voyages rapides \u00e0 petit budget en \u00c9gypte ou des voyages de luxe en \u00c9gyptePour voir tous les voyages dont vous pourriez profiter avec des prix d\u00e9cents et pas ch\u00e8re.<\/p>\n<p>Des sites historiques embl\u00e9matiques aux aventures palpitantes, nos excursions \u00e0 terre en \u00c9gypte offrent un m\u00e9lange unique d&rsquo;exp\u00e9riences qui r\u00e9pondent \u00e0 tous les int\u00e9r\u00eats. Immergez-vous dans la beaut\u00e9 du Nil gr\u00e2ce \u00e0 des croisi\u00e8res tranquilles qui offrent des vues \u00e0 couper le souffle sur les paysages environnants. Saisissez l&rsquo;essence de l&rsquo;ancienne vie \u00e9gyptienne en naviguant le long de cette voie d&rsquo;eau l\u00e9gendaire.<\/p>\n<p>Pour ceux qui recherchent une exp\u00e9rience plus d\u00e9tendue, pensez \u00e0 nos excursions spa et bien-\u00eatre, o\u00f9 vous pourrez rajeunir vos sens gr\u00e2ce \u00e0 des traitements spa \u00e9gyptiens traditionnels. Prenez soin de vous dans un cadre luxueux, entour\u00e9 de la s\u00e9r\u00e9nit\u00e9 de cette destination enchanteresse.<\/p>\n<p>Les amoureux de la nature seront captiv\u00e9s par nos excursions respectueuses de l&rsquo;environnement, qui mettent en valeur les merveilles naturelles de l&rsquo;\u00c9gypte. Explorez les oasis du d\u00e9sert, embarquez pour des randonn\u00e9es \u00e0 dos de chameau ou participez \u00e0 des excursions d&rsquo;observation des oiseaux qui mettent en \u00e9vidence la diversit\u00e9 des \u00e9cosyst\u00e8mes de cette partie du monde.<\/p>\n<p>Notre engagement en faveur de la durabilit\u00e9 s&rsquo;\u00e9tend \u00e0 nos excursions communautaires, qui vous permettent de vous engager aupr\u00e8s des communaut\u00e9s locales et de contribuer \u00e0 un tourisme responsable. D\u00e9couvrez la chaleur de l&rsquo;hospitalit\u00e9 \u00e9gyptienne en interagissant avec les habitants, en partageant des histoires et en vous familiarisant avec leur mode de vie.<\/p>\n<p>Que vous voyagiez seul, en groupe ou en famille, nos excursions \u00e0 terre s&rsquo;adaptent \u00e0 la taille des groupes et \u00e0 leurs pr\u00e9f\u00e9rences. Nous comprenons que chaque voyageur est unique, et notre gamme vari\u00e9e d&rsquo;options garantit que chacun trouve une exp\u00e9rience adapt\u00e9e \u00e0 ses int\u00e9r\u00eats et \u00e0 ses d\u00e9sirs.<\/p>\n<p>De plus, notre plateforme en ligne offre une interface conviviale o\u00f9 vous pouvez facilement naviguer et s\u00e9lectionner les excursions qui vous conviennent. La r\u00e9servation est simple, et notre \u00e9quipe de service \u00e0 la client\u00e8le est toujours pr\u00eate \u00e0 vous aider en cas de questions ou de demandes sp\u00e9ciales.<\/p>\n","protected":false},"excerpt":{"rendered":"<p>Excursions \u00e0 terre en \u00c9gypte,\u00a0 Des navires de croisi\u00e8re internationaux accostent dans plusieurs ports d\u2019\u00c9gypte.Nous sommons pr\u00e9sent une large gamme d\u2019excursions portuaires et d\u2019excursions d\u2019une journ\u00e9e pour les passagers d\u00e9barquant en mer Rouge et en mer M\u00e9diterran\u00e9e.Ne perdez pas votre temps \u00e0 penser aux choses que vous pourriez faire lorsque votre navire d\u00e9barquerait dans l\u2019un [&hellip;]<\/p>\n","protected":false},"author":1,"featured_media":42542,"parent":0,"menu_order":0,"comment_status":"closed","ping_status":"closed","template":"template-tour-search.php","meta":{"_acf_changed":false,"_uf_show_specific_survey":0,"_uf_disable_surveys":false,"footnotes":""},"class_list":["post-37614","page","type-page","status-publish","has-post-thumbnail","hentry"],"acf":[],"_links":{"self":[{"href":"https:\/\/www.touregyptclub.com\/fr\/wp-json\/wp\/v2\/pages\/37614","targetHints":{"allow":["GET"]}}],"collection":[{"href":"https:\/\/www.touregyptclub.com\/fr\/wp-json\/wp\/v2\/pages"}],"about":[{"href":"https:\/\/www.touregyptclub.com\/fr\/wp-json\/wp\/v2\/types\/page"}],"author":[{"embeddable":true,"href":"https:\/\/www.touregyptclub.com\/fr\/wp-json\/wp\/v2\/users\/1"}],"replies":[{"embeddable":true,"href":"https:\/\/www.touregyptclub.com\/fr\/wp-json\/wp\/v2\/comments?post=37614"}],"version-history":[{"count":0,"href":"https:\/\/www.touregyptclub.com\/fr\/wp-json\/wp\/v2\/pages\/37614\/revisions"}],"wp:featuredmedia":[{"embeddable":true,"href":"https:\/\/www.touregyptclub.com\/fr\/wp-json\/wp\/v2\/media\/42542"}],"wp:attachment":[{"href":"https:\/\/www.touregyptclub.com\/fr\/wp-json\/wp\/v2\/media?parent=37614"}],"curies":[{"name":"wp","href":"https:\/\/api.w.org\/{rel}","templated":true}]}}