{"id":37613,"date":"2022-07-20T08:26:30","date_gmt":"2022-07-20T08:26:30","guid":{"rendered":"https:\/\/2022.exploreegypttours.com\/nile-cruise-dahabyia\/"},"modified":"2023-11-27T14:01:04","modified_gmt":"2023-11-27T14:01:04","slug":"nile-cruise-dahabyia","status":"publish","type":"page","link":"http:\/\/www.touregyptclub.com\/fr\/meilleures-sejour-egypte-croisi%C3%A8re-sur-le-nil-dahabiya-lac-nasser-croisieres-pas-cher\/","title":{"rendered":"Croisi\u00e8res Sur Le Nil Et Dahabeya"},"content":{"rendered":"<h2><span style=\"font-size: 14pt;\"><strong>Croisi\u00e8res sur le Nil<\/strong><\/span><\/h2>\n<p>Sentez l&rsquo;intimit\u00e9 \u00e0 bord de Dahabeya et <a href=\"https:\/\/www.croisieurope.com\/destination\/croisiere-egypte-nil\" target=\"_blank\" rel=\"noopener\">croisi\u00e8res sur le Nil<\/a> ou montez en felouque \u00e0 Louxor et Assouan sur le Nil pour s\u00e9jour 4 ou 5 jours au charme intime se pr\u00eate particuli\u00e8rement \u00e0 l&rsquo;atmosph\u00e8re magique du Nil pour d\u00e9couvrir la vall\u00e9e du Nil en l\u2019ancien d\u2019Egypte De Louxor \u00e0 Assouan ou vice versa de Louxor passait 4 nuits 5 jours et d\u2019Assouan passait 3 nuits 4 jours en passant d\u2019Edfou et Kom ombo&#8230; des richesses historiques sur les rives de ce fleuve d&rsquo;Egypte<\/p>\n<h2><strong>Dahabeya pour les croisi\u00e8res<\/strong><\/h2>\n<p>N\u2019est pas seulement un bateau sur le Nil C&rsquo;est une vie compl\u00e8te sur le Nil.<\/p>\n<p>Elle se compose de 6 \u00e0 8 cabines pr\u00e9pare des boissons, des nourritures et Tout inclus avec toutes les commodit\u00e9s<\/p>\n<p>Dahabeya convient aux familles et aux groupes d&rsquo;amis \u00e0 tout moment de l&rsquo;ann\u00e9e De Louxor \u00e0 Assouan ou vice versa pour d\u00e9couvrir tous magnifiques sites historiques sur les 2 rives du Nil d&rsquo;Egypte antique<\/p>\n<p>La Dahabeya a \u00e9t\u00e9 construit pendant le 19\u00e8me si\u00e8cles comme un moyen de transport sur le Nil par les Riches familles \u00c9gyptiennes de Mohamed Ali pacha<\/p>\n<p>Le dernier roi d&rsquo;Egypte, Farouk, en poss\u00e9dait plusieurs Dahabeya. Il aimait passer du temps entre la magnifique climat et l&rsquo;ambiance enveloppante des eaux du Nil et son palais.\u00a0 et pendant l\u2019ancienne Les grands voyageurs utilisaient \u00e9galement ces voiliers pour se d\u00e9placer sur le Nil lors de leurs p\u00e9riples en Egypte qui naviguent encore pour certain aujourd&rsquo;hui<\/p>\n<h2><strong>Croisi\u00e8res sur le lac Nasser<\/strong><\/h2>\n<p>a ete cre\u00e9 du projet du barrage d\u2019Assouan en 1967, visant \u00e0 prot\u00e9ger les populations des cr\u00fbes. Il aura fallu d\u00e9placer 60 000 nubiens et d\u00e9m\u00e9nager des temples ancestraux comme Abu Simbel pour constituer cette retenue d\u2019eau de 500 km de long.<\/p>\n<p>V\u00e9ritable r\u00e9servoir en plein d\u00e9sert, permettant de stabiliser les r\u00e9coltes, le Lac Nasser a beaucoup contribu\u00e9 \u00e0 la paix dans la r\u00e9gion.<br \/>\nLors d&rsquo;une croisi\u00e8re sur le Lac Nasser vous b\u00e9n\u00e9ficierez donc d&rsquo;un cadre exceptionnellement calme et pr\u00e9serv\u00e9 \u00e0 la rencontre de l&rsquo;Histoire. <a class=\"\" style=\"display: inline !important; width: auto !important;\" href=\"https:\/\/www.touregyptclub.com\/fr\/le-temple-de-karnak\/\" data-wpil-post-to-id=\"346\">De Assouan, le Temple<\/a> de Dakka, Wadi el Seboua, Wadi el Arab, Toshqa jusqu\u2019aux majestueux temples d\u2019Abou Simbel, votre croisi\u00e8re sur le lac Nasser vous circuit dans la tr\u00e8s riche arch\u00e9ologie de l\u2019Egypte ancienne<\/p>\n","protected":false},"excerpt":{"rendered":"<p>Croisi\u00e8res sur le Nil Sentez l&rsquo;intimit\u00e9 \u00e0 bord de Dahabeya et croisi\u00e8res sur le Nil ou montez en felouque \u00e0 Louxor et Assouan sur le Nil pour s\u00e9jour 4 ou 5 jours au charme intime se pr\u00eate particuli\u00e8rement \u00e0 l&rsquo;atmosph\u00e8re magique du Nil pour d\u00e9couvrir la vall\u00e9e du Nil en l\u2019ancien d\u2019Egypte De Louxor \u00e0 [&hellip;]<\/p>\n","protected":false},"author":1,"featured_media":0,"parent":0,"menu_order":0,"comment_status":"closed","ping_status":"closed","template":"template-tour-search.php","meta":{"_acf_changed":false,"_uf_show_specific_survey":0,"_uf_disable_surveys":false,"footnotes":""},"class_list":["post-37613","page","type-page","status-publish","has-post-thumbnail","hentry"],"acf":[],"_links":{"self":[{"href":"https:\/\/www.touregyptclub.com\/fr\/wp-json\/wp\/v2\/pages\/37613","targetHints":{"allow":["GET"]}}],"collection":[{"href":"https:\/\/www.touregyptclub.com\/fr\/wp-json\/wp\/v2\/pages"}],"about":[{"href":"https:\/\/www.touregyptclub.com\/fr\/wp-json\/wp\/v2\/types\/page"}],"author":[{"embeddable":true,"href":"https:\/\/www.touregyptclub.com\/fr\/wp-json\/wp\/v2\/users\/1"}],"replies":[{"embeddable":true,"href":"https:\/\/www.touregyptclub.com\/fr\/wp-json\/wp\/v2\/comments?post=37613"}],"version-history":[{"count":0,"href":"https:\/\/www.touregyptclub.com\/fr\/wp-json\/wp\/v2\/pages\/37613\/revisions"}],"wp:attachment":[{"href":"https:\/\/www.touregyptclub.com\/fr\/wp-json\/wp\/v2\/media?parent=37613"}],"curies":[{"name":"wp","href":"https:\/\/api.w.org\/{rel}","templated":true}]}}