{"id":37600,"date":"2022-07-20T08:15:24","date_gmt":"2022-07-20T08:15:24","guid":{"rendered":"https:\/\/2022.exploreegypttours.com\/day-tours\/"},"modified":"2023-12-23T17:32:14","modified_gmt":"2023-12-23T17:32:14","slug":"day-tours","status":"publish","type":"page","link":"http:\/\/www.touregyptclub.com\/fr\/meilleures-circuit-egypte-visite-guid%C3%A9e-pas-cher\/","title":{"rendered":"Circuit en Egypte"},"content":{"rendered":"<div class=\"wpb-content-wrapper\"><p>[vc_row][vc_column][vc_column_text]<\/p>\n<p><strong>Circuit en Egypte<\/strong><\/p>\n<p><strong>D\u00e9couvrez des circuits en Egypte parmi les plus beaux h\u00f4tels et des croisi\u00e8res sur le Nil \u00e0 petits prix. R\u00e9servez facilement tout en voyageant \u00e0 des prix de r\u00eave Faites un voyage inoubliable au pays des pharaons<\/strong><\/p>\n<p><strong>\u00a0Vous visiterez les endroits les plus passionnants d\u2019Egypte et en savoir plus sur l\u2019Egypte ancienne<\/strong><\/p>\n<p>[\/vc_column_text][\/vc_column][\/vc_row]<\/p>\n<\/div>","protected":false},"excerpt":{"rendered":"<p>[vc_row][vc_column][vc_column_text] Circuit en Egypte D\u00e9couvrez des circuits en Egypte parmi les plus beaux h\u00f4tels et des croisi\u00e8res sur le Nil \u00e0 petits prix. R\u00e9servez facilement tout en voyageant \u00e0 des prix de r\u00eave Faites un voyage inoubliable au pays des pharaons \u00a0Vous visiterez les endroits les plus passionnants d\u2019Egypte et en savoir plus sur l\u2019Egypte [&hellip;]<\/p>\n","protected":false},"author":1,"featured_media":31023,"parent":0,"menu_order":0,"comment_status":"closed","ping_status":"closed","template":"template-tour-search.php","meta":{"_acf_changed":false,"_uf_show_specific_survey":0,"_uf_disable_surveys":false,"footnotes":""},"class_list":["post-37600","page","type-page","status-publish","has-post-thumbnail","hentry"],"acf":[],"_links":{"self":[{"href":"https:\/\/www.touregyptclub.com\/fr\/wp-json\/wp\/v2\/pages\/37600","targetHints":{"allow":["GET"]}}],"collection":[{"href":"https:\/\/www.touregyptclub.com\/fr\/wp-json\/wp\/v2\/pages"}],"about":[{"href":"https:\/\/www.touregyptclub.com\/fr\/wp-json\/wp\/v2\/types\/page"}],"author":[{"embeddable":true,"href":"https:\/\/www.touregyptclub.com\/fr\/wp-json\/wp\/v2\/users\/1"}],"replies":[{"embeddable":true,"href":"https:\/\/www.touregyptclub.com\/fr\/wp-json\/wp\/v2\/comments?post=37600"}],"version-history":[{"count":0,"href":"https:\/\/www.touregyptclub.com\/fr\/wp-json\/wp\/v2\/pages\/37600\/revisions"}],"wp:featuredmedia":[{"embeddable":true,"href":"https:\/\/www.touregyptclub.com\/fr\/wp-json\/wp\/v2\/media\/31023"}],"wp:attachment":[{"href":"https:\/\/www.touregyptclub.com\/fr\/wp-json\/wp\/v2\/media?parent=37600"}],"curies":[{"name":"wp","href":"https:\/\/api.w.org\/{rel}","templated":true}]}}