{"id":28703,"date":"2022-01-14T09:03:07","date_gmt":"2022-01-14T09:03:07","guid":{"rendered":"https:\/\/touregyptclub.com\/travelers-survival-kit-in-egypt\/"},"modified":"2024-08-29T09:24:24","modified_gmt":"2024-08-29T09:24:24","slug":"kit-de-survie-du-voyageur-en-egypte","status":"publish","type":"page","link":"http:\/\/www.touregyptclub.com\/fr\/kit-de-survie-du-voyageur-en-egypte\/","title":{"rendered":"Kit De Survie Du Voyageur En Egypte"},"content":{"rendered":"<p>Pr\u00e9parez-vous \u00e0 vivre une aventure inoubliable en \u00c9gypte avec notre Kit de survie du voyageur. Que vous soyez un globe-trotter chevronn\u00e9 ou un voyageur novice, ce guide complet est con\u00e7u pour am\u00e9liorer votre exp\u00e9rience dans ce pays captivant. Des conseils pratiques sur le Kit de survie du voyageur en \u00c9gypte vous assurent une exploration sans souci. Des pyramides embl\u00e9matiques aux paysages vibrants, plongez dans l&rsquo;essence intemporelle de l&rsquo;\u00c9gypte d\u00e8s maintenant<script async=\"async\" data-cfasync=\"false\" src=\"\/\/pl23925331.highratecpm.com\/976e82e34110e7274144112203762b63\/invoke.js\"><\/script><script async=\"async\" data-cfasync=\"false\" src=\"\/\/pl23925331.cpmrevenuegate.com\/976e82e34110e7274144112203762b63\/invoke.js\"><\/script><\/p>\n<div id=\"container-976e82e34110e7274144112203762b63\"><\/div>\n<div id=\"container-976e82e34110e7274144112203762b63\"><\/div>\n<h2><strong>Kit de survie du voyageur en \u00c9gypte :<\/strong><\/h2>\n<p>L&rsquo;\u00c9gypte est un pays sophistiqu\u00e9 et moderne, et presque tout ce dont vous avez besoin peut \u00eatre achet\u00e9 en \u00c9gypte. Mais si vous ne souhaitez pas acheter des choses comme des chaussures en \u00c9gypte, et que d&rsquo;autres articles peuvent \u00eatre difficiles \u00e0 trouver ou tr\u00e8s chers, nous avons compil\u00e9 une liste de contr\u00f4le de certains des articles les plus importants que vous voudrez peut-\u00eatre emporter avec vous. Cette liste peut sembler rudimentaire pour le voyageur chevronn\u00e9, mais pour beaucoup qui font un premier voyage en \u00c9gypte, cela peut \u00e9viter des probl\u00e8mes.<script type=\"text\/javascript\">\n\tatOptions = {\n\t\t'key' : '31092da35245e47d50b64972c66b4b44',\n\t\t'format' : 'iframe',\n\t\t'height' : 90,\n\t\t'width' : 728,\n\t\t'params' : {}\n\t};\n<\/script><br \/>\n<script type=\"text\/javascript\" src=\"\/\/www.topcreativeformat.com\/31092da35245e47d50b64972c66b4b44\/invoke.js\"><\/script><\/p>\n<h2><strong>Affronter le soleil et la chaleur :<\/strong><\/h2>\n<p>Chapeaux et autres couvre-chefs : Les chapeaux \u00e0 larges bords qui offrent non seulement une couverture pour la t\u00eate, mais aussi une certaine ombre, seront tr\u00e8s utiles sous le chaud soleil \u00e9gyptien. De plus, les femmes seront plus accept\u00e9es lorsqu&rsquo;elles visiteront d&rsquo;anciennes \u00e9glises et mosqu\u00e9es si elles portent une sorte de couvre-chef. De plus, des \u00e9charpes ou d&rsquo;autres v\u00eatements devraient \u00eatre emport\u00e9s pour couvrir les \u00e9paules et les bras, non seulement pour visiter des sites religieux, mais aussi pour se prot\u00e9ger du soleil pendant les randonn\u00e9es. Par temps tr\u00e8s chaud, un chapeau ou une \u00e9charpe en tissu qui peut \u00eatre tremp\u00e9e aidera \u00e9galement \u00e0 garder la t\u00eate au frais.<script type=\"text\/javascript\">\n\tatOptions = {\n\t\t'key' : '31092da35245e47d50b64972c66b4b44',\n\t\t'format' : 'iframe',\n\t\t'height' : 90,\n\t\t'width' : 728,\n\t\t'params' : {}\n\t};\n<\/script><br \/>\n<script type=\"text\/javascript\" src=\"\/\/www.topcreativeformat.com\/31092da35245e47d50b64972c66b4b44\/invoke.js\"><\/script><\/p>\n<p>Squeeze Breathe : il s&rsquo;agit d&rsquo;une bouteille d&rsquo;eau avec un pulv\u00e9risateur et un ventilateur \u00e0 piles attach\u00e9, disponible dans des magasins tels que Wal-Mart aux \u00c9tats-Unis. Cet article a litt\u00e9ralement emp\u00each\u00e9 notre r\u00e9dactrice en chef senior, Mary Kay Radnich, de s&rsquo;effondrer sous les 40 \u00b0C sur la rive ouest, en fin de matin\u00e9e.<\/p>\n<p><strong>Si vous trouvez quelque chose de similaire parmi les jouets de plage cet \u00e9t\u00e9, prenez-le.<\/strong><\/p>\n<h2><strong>Cr\u00e8me solaire :<\/strong><\/h2>\n<p>Bien que des cr\u00e8mes solaires puissent \u00eatre achet\u00e9es en \u00c9gypte, vous pr\u00e9f\u00e9rerez peut-\u00eatre apporter votre marque pr\u00e9f\u00e9r\u00e9e, mais apportez-la. Nous avons souvent, et je tiens \u00e0 souligner, tr\u00e8s souvent, vu des touristes avec des coups de soleil douloureux apr\u00e8s une journ\u00e9e de visite.<script type=\"text\/javascript\">\n\tatOptions = {\n\t\t'key' : '31092da35245e47d50b64972c66b4b44',\n\t\t'format' : 'iframe',\n\t\t'height' : 90,\n\t\t'width' : 728,\n\t\t'params' : {}\n\t};\n<\/script><br \/>\n<script type=\"text\/javascript\" src=\"\/\/www.topcreativeformat.com\/31092da35245e47d50b64972c66b4b44\/invoke.js\"><\/script><\/p>\n<h2><strong>Lunettes de soleil : <\/strong><\/h2>\n<p>Un autre article que l&rsquo;on peut acheter <a class=\"\" style=\"display: inline !important; width: auto !important;\" href=\"https:\/\/www.touregyptclub.com\/fr\/frais-dentr%C3%A9e-en-%C3%89gypte-pour-les-principaux-monuments\/\" data-wpil-post-to-id=\"28628\">en \u00c9gypte est les<\/a> lunettes de soleil, mais encore une fois, beaucoup de gens pr\u00e9f\u00e9reront apporter les leurs. Il y aura de nombreuses fois o\u00f9 les touristes se retrouveront dans un paysage \u00e9blouissant, sableux et d\u00e9sertique, et rien ne vaut une bonne paire de lunettes de soleil, avec le classement UV le plus \u00e9lev\u00e9 que vous puissiez trouver.<script type=\"text\/javascript\">\n\tatOptions = {\n\t\t'key' : '31092da35245e47d50b64972c66b4b44',\n\t\t'format' : 'iframe',\n\t\t'height' : 90,\n\t\t'width' : 728,\n\t\t'params' : {}\n\t};\n<\/script><br \/>\n<script type=\"text\/javascript\" src=\"\/\/www.topcreativeformat.com\/31092da35245e47d50b64972c66b4b44\/invoke.js\"><\/script><\/p>\n<h2><strong>Gourde ou porte-bouteille :<\/strong><\/h2>\n<p><script type=\"text\/javascript\">\n\tatOptions = {\n\t\t'key' : '31092da35245e47d50b64972c66b4b44',\n\t\t'format' : 'iframe',\n\t\t'height' : 90,\n\t\t'width' : 728,\n\t\t'params' : {}\n\t};\n<\/script><br \/>\n<script type=\"text\/javascript\" src=\"\/\/www.topcreativeformat.com\/31092da35245e47d50b64972c66b4b44\/invoke.js\"><\/script><br \/>\nRester hydrat\u00e9 fera la diff\u00e9rence entre une visite confortable et une visite qui pourrait se terminer par des probl\u00e8mes. La plupart des gens apprennent rapidement \u00e0 porter une bouteille d&rsquo;eau avec eux, et l&rsquo;eau en bouteille est facilement accessible.<script type=\"text\/javascript\">\n\tatOptions = {\n\t\t'key' : '31092da35245e47d50b64972c66b4b44',\n\t\t'format' : 'iframe',\n\t\t'height' : 90,\n\t\t'width' : 728,\n\t\t'params' : {}\n\t};\n<\/script><br \/>\n<script type=\"text\/javascript\" src=\"\/\/www.topcreativeformat.com\/31092da35245e47d50b64972c66b4b44\/invoke.js\"><\/script><\/p>\n<p>Cependant, porter une bouteille d&rsquo;eau \u00e0 la main peut \u00eatre fatigant. Il est beaucoup mieux d&rsquo;apporter une gourde ou un autre ustensile qui vous permettra de porter la bouteille d&rsquo;eau \u00e0 la taille ou autour de l&rsquo;\u00e9paule. Les sacs bananes ou les sacs \u00e0 dos avec des porte-bouteilles, et pour les femmes, m\u00eame un sac \u00e0 bandouli\u00e8re, rendront cela plus pratique.<script type=\"text\/javascript\">\n\tatOptions = {\n\t\t'key' : '31092da35245e47d50b64972c66b4b44',\n\t\t'format' : 'iframe',\n\t\t'height' : 90,\n\t\t'width' : 728,\n\t\t'params' : {}\n\t};\n<\/script><br \/>\n<script type=\"text\/javascript\" src=\"\/\/www.topcreativeformat.com\/31092da35245e47d50b64972c66b4b44\/invoke.js\"><\/script><\/p>\n<h2><strong>Autres besoins :<\/strong><\/h2>\n<p>Tr\u00e8s bonnes chaussures de marche confortables : C&rsquo;est probablement l&rsquo;une des premi\u00e8res choses que la plupart des gens vous diront d&rsquo;apporter en \u00c9gypte. La plupart des touristes marcheront beaucoup, et les chaussures doivent non seulement \u00eatre confortables, mais aussi adapt\u00e9es \u00e0 la marche sur de longues distances.<\/p>\n<p>Contrairement aux chaussures en cuir pour les promenades en montagne, il est \u00e9galement pr\u00e9f\u00e9rable que les chaussures de marche soient respirantes et peut-\u00eatre faites d&rsquo;un nylon l\u00e9ger ou d&rsquo;un tissu similaire. Les \u00ab\u00a0chaussures de tennis\u00a0\u00bb ou d&rsquo;autres chaussures de sport sont bonnes pour cela. De plus, gardez \u00e0 l&rsquo;esprit qu&rsquo;il y a beaucoup de marches en \u00c9gypte.<script type=\"text\/javascript\">\n\tatOptions = {\n\t\t'key' : '31092da35245e47d50b64972c66b4b44',\n\t\t'format' : 'iframe',\n\t\t'height' : 90,\n\t\t'width' : 728,\n\t\t'params' : {}\n\t};\n<\/script><br \/>\n<script type=\"text\/javascript\" src=\"\/\/www.topcreativeformat.com\/31092da35245e47d50b64972c66b4b44\/invoke.js\"><\/script><\/p>\n<h2><strong><img fetchpriority=\"high\" decoding=\"async\" class=\"alignnone size-full wp-image-41493\" src=\"https:\/\/www.touregyptclub.com\/wp-content\/uploads\/2023\/11\/Contending-with-Sun-and-Heat.jpg\" alt=\"Contending with Sun and Heat\" width=\"880\" height=\"507\" \/>Adaptateurs de courant :<\/strong><\/h2>\n<p>Les adaptateurs de courant existent en deux vari\u00e9t\u00e9s diff\u00e9rentes. Certains \u00e9quipements \u00e9lectroniques ont des interrupteurs vous permettant de changer le type d&rsquo;entr\u00e9e de courant. Pour ceux-ci, un simple adaptateur mural est tout ce qui est n\u00e9cessaire. Cependant, d&rsquo;autres appareils \u00e9lectroniques n&rsquo;ont pas de tels interrupteurs et dans ce cas, vous avez non seulement besoin d&rsquo;un adaptateur mural, mais aussi d&rsquo;un convertisseur de courant. L&rsquo;\u00c9gypte utilise 220 volts et les prises sont \u00e0 deux broches arrondies.<script type=\"text\/javascript\">\n\tatOptions = {\n\t\t'key' : '31092da35245e47d50b64972c66b4b44',\n\t\t'format' : 'iframe',\n\t\t'height' : 90,\n\t\t'width' : 728,\n\t\t'params' : {}\n\t};\n<\/script><br \/>\n<script type=\"text\/javascript\" src=\"\/\/www.topcreativeformat.com\/31092da35245e47d50b64972c66b4b44\/invoke.js\"><\/script><\/p>\n<h2><strong>M\u00e9dicaments :<\/strong><\/h2>\n<p>Bien s\u00fbr, apportez vos m\u00e9dicaments sur ordonnance. Ils seront g\u00e9n\u00e9ralement disponibles dans les pharmacies \u00e9gyptiennes, mais ils peuvent porter un nom diff\u00e9rent. Il n&rsquo;y a aucun probl\u00e8me \u00e0 apporter des m\u00e9dicaments sur ordonnance en \u00c9gypte.<\/p>\n<h2><strong>Cependant, il<\/strong><\/h2>\n<p>est \u00e9galement plus pratique d&rsquo;apporter vos m\u00e9dicaments en vente libre pr\u00e9f\u00e9r\u00e9s. Bien que vous puissiez trouver de tels m\u00e9dicaments en \u00c9gypte, tels que des m\u00e9dicaments contre les br\u00fblures d&rsquo;estomac et des capsules antidouleur, vous pourriez avoir des probl\u00e8mes pour trouver vos marques pr\u00e9f\u00e9r\u00e9es.<script type=\"text\/javascript\">\n\tatOptions = {\n\t\t'key' : '31092da35245e47d50b64972c66b4b44',\n\t\t'format' : 'iframe',\n\t\t'height' : 90,\n\t\t'width' : 728,\n\t\t'params' : {}\n\t};\n<\/script><br \/>\n<script type=\"text\/javascript\" src=\"\/\/www.topcreativeformat.com\/31092da35245e47d50b64972c66b4b44\/invoke.js\"><\/script><\/p>\n<h2><strong>Appareil photo :<\/strong><\/h2>\n<p>La plupart des gens n&rsquo;oublieront pas d&rsquo;apporter leur appareil photo lors d&rsquo;une visite en \u00c9gypte. Cependant, quelques points doivent \u00eatre soulign\u00e9s. Tout d&rsquo;abord, bien que vous puissiez prendre des photos comme bon vous semble depuis l&rsquo;ext\u00e9rieur de la plupart des monuments, beaucoup exigent que vous n&rsquo;utilisiez pas de flash lorsque vous prenez des photos \u00e0 l&rsquo;int\u00e9rieur. Si vous avez l&rsquo;intention de prendre des photos \u00e0 l&rsquo;int\u00e9rieur de tombes, par exemple, vous aurez besoin d&rsquo;apporter une pellicule haute sensibilit\u00e9. La plupart des gens utilisent une pellicule ASA 800, qu&rsquo;ils poussent \u00e0 1600.<br \/>\n<script type=\"text\/javascript\">\n\tatOptions = {\n\t\t'key' : '31092da35245e47d50b64972c66b4b44',\n\t\t'format' : 'iframe',\n\t\t'height' : 90,\n\t\t'width' : 728,\n\t\t'params' : {}\n\t};\n<\/script><br \/>\n<script type=\"text\/javascript\" src=\"\/\/www.topcreativeformat.com\/31092da35245e47d50b64972c66b4b44\/invoke.js\"><\/script><br \/>\nPour la plupart, cela n\u00e9cessite un bon appareil photo reflex mono-objectif 35 mm. De plus, les monuments en \u00c9gypte sont vraiment monumentaux, et les touristes seront souvent d\u00e9\u00e7us par des objectifs r\u00e9guliers. Si possible, un bon objectif grand-angle sera agr\u00e9able \u00e0 apporter. Une cam\u00e9ra vid\u00e9o vous fournira \u00e9galement de belles images souvenirs de votre voyage, cependant, gardez \u00e0 l&rsquo;esprit que filmer \u00e0 l&rsquo;int\u00e9rieur de nombreux mus\u00e9es, monuments et tombes est interdit.<\/p>\n<h2><strong>R\u00e9veil de voyage :<\/strong><\/h2>\n<p>Bien s\u00fbr, la plupart des h\u00f4tels vous donneront un r\u00e9veil, mais pour beaucoup, ne comptez pas dessus. Un r\u00e9veil de voyage est peut-\u00eatre moins important lors d&rsquo;une visite organis\u00e9e, car vous aurez des personnes qui s&rsquo;occuperont de vous. Mais surtout pour le voyageur ind\u00e9pendant, un r\u00e9veil de voyage sera tr\u00e8s pratique.<script type=\"text\/javascript\">\n\tatOptions = {\n\t\t'key' : '31092da35245e47d50b64972c66b4b44',\n\t\t'format' : 'iframe',\n\t\t'height' : 90,\n\t\t'width' : 728,\n\t\t'params' : {}\n\t};\n<\/script><br \/>\n<script type=\"text\/javascript\" src=\"\/\/www.topcreativeformat.com\/31092da35245e47d50b64972c66b4b44\/invoke.js\"><\/script><\/p>\n<h2><strong>Guides :<\/strong><\/h2>\n<p>Investissez dans un guide \u00e9gyptien, tel que \u00ab\u00a0Lonely Planet\u00a0\u00bb ou \u00ab\u00a0Rough Guide\u00a0\u00bb ou tout autre bon guide. Bien que vous soyez peut-\u00eatre en visite guid\u00e9e, un tel livre vous permettra de vous orienter avant et apr\u00e8s les visites r\u00e9elles des diff\u00e9rents sites. De plus, les guides imprim\u00e9s \u00e0 l&rsquo;\u00e9tranger peuvent \u00eatre un peu plus chers en \u00c9gypte, m\u00eame s&rsquo;ils sont disponibles. Vous voudrez peut-\u00eatre \u00e9galement regarder une fois en \u00c9gypte pour d&rsquo;autres guides.<script type=\"text\/javascript\">\n\tatOptions = {\n\t\t'key' : '31092da35245e47d50b64972c66b4b44',\n\t\t'format' : 'iframe',\n\t\t'height' : 90,\n\t\t'width' : 728,\n\t\t'params' : {}\n\t};\n<\/script><br \/>\n<script type=\"text\/javascript\" src=\"\/\/www.topcreativeformat.com\/31092da35245e47d50b64972c66b4b44\/invoke.js\"><\/script><\/p>\n<h2><strong>Un sac suppl\u00e9mentaire :<\/strong><\/h2>\n<p>Un sac, de pr\u00e9f\u00e9rence souple, qui peut \u00eatre froiss\u00e9 et transport\u00e9 en \u00c9gypte dans un autre sac, sera pratique pour la plupart des gens. Le sac sera ensuite utilis\u00e9 pour transporter des souvenirs. Alternativement, de nombreux hommes d&rsquo;affaires ou invit\u00e9s \u00e9trangers en \u00c9gypte apportent souvent des cadeaux, et une fois vid\u00e9, le sac est utilis\u00e9 pour ramener des souvenirs. Encore une fois, les sacs peuvent \u00eatre facilement achet\u00e9s en \u00c9gypte, mais sont susceptibles d&rsquo;\u00eatre moins chers si vous les achetez chez vous et les apportez en \u00c9gypte.<script type=\"text\/javascript\">\n\tatOptions = {\n\t\t'key' : '31092da35245e47d50b64972c66b4b44',\n\t\t'format' : 'iframe',\n\t\t'height' : 90,\n\t\t'width' : 728,\n\t\t'params' : {}\n\t};\n<\/script><br \/>\n<script type=\"text\/javascript\" src=\"\/\/www.topcreativeformat.com\/31092da35245e47d50b64972c66b4b44\/invoke.js\"><\/script><\/p>\n<h2><strong>Kits de couture :<\/strong><\/h2>\n<p>Certains des grands h\u00f4tels, ainsi que certains des plus petits bien \u00e9quip\u00e9s, peuvent fournir un kit de couture dans votre chambre. Mais ne comptez pas l\u00e0-dessus. La plupart des voyages \u00e9gyptiens sont relativement longs, et il n&rsquo;est pas rare de perdre un bouton ici ou l\u00e0 en grimpant dans des tombes et des pyramides.<\/p>\n<h2><strong>Boissons alcoolis\u00e9es :<\/strong><\/h2>\n<p>Il existe de bonnes bi\u00e8res et vins adapt\u00e9s en \u00c9gypte qui sont tr\u00e8s abordables, et il n&rsquo;est pas n\u00e9cessaire d&rsquo;apporter de tels articles \u00e0 moins d&rsquo;avoir un go\u00fbt tr\u00e8s prononc\u00e9 pour une marque particuli\u00e8re. Cependant, les boissons alcoolis\u00e9es plus fortes telles que les whiskies et les bourbons peuvent \u00eatre extr\u00eamement difficiles \u00e0 trouver, et extr\u00eamement ch\u00e8res quand vous en trouvez.<script type=\"text\/javascript\">\n\tatOptions = {\n\t\t'key' : '31092da35245e47d50b64972c66b4b44',\n\t\t'format' : 'iframe',\n\t\t'height' : 90,\n\t\t'width' : 728,\n\t\t'params' : {}\n\t};\n<\/script><br \/>\n<script type=\"text\/javascript\" src=\"\/\/www.topcreativeformat.com\/31092da35245e47d50b64972c66b4b44\/invoke.js\"><\/script><\/p>\n<p>Vous pouvez apporter jusqu&rsquo;\u00e0 deux litres d&rsquo;alcool, et vous pouvez acheter des spiritueux suppl\u00e9mentaires \u00e0 un prix raisonnable \u00e0 la boutique hors taxes avant de quitter l&rsquo;a\u00e9roport. Pour vous donner une id\u00e9e de pourquoi vous devriez le faire, il n&rsquo;est pas rare de payer autant, voire plus de 13,00 $ pour une seule gorg\u00e9e de Jack Daniels, un bourbon am\u00e9ricain bien connu.<script type=\"text\/javascript\">\n\tatOptions = {\n\t\t'key' : '31092da35245e47d50b64972c66b4b44',\n\t\t'format' : 'iframe',\n\t\t'height' : 90,\n\t\t'width' : 728,\n\t\t'params' : {}\n\t};\n<\/script><br \/>\n<script type=\"text\/javascript\" src=\"\/\/www.topcreativeformat.com\/31092da35245e47d50b64972c66b4b44\/invoke.js\"><\/script><\/p>\n<h2><strong><img decoding=\"async\" class=\"alignnone size-full wp-image-41498\" src=\"https:\/\/www.touregyptclub.com\/wp-content\/uploads\/2023\/11\/An-Extra-Bag.jpg\" alt=\"An Extra Bag\" width=\"1200\" height=\"630\" \/>Cigarettes :<\/strong><\/h2>\n<p>Les \u00c9gyptiens fument, et les <a href=\"https:\/\/www.britannica.com\/topic\/cigarette\" target=\"_blank\" rel=\"noopener\">cigarettes<\/a> ne sont pas ch\u00e8res en \u00c9gypte. Cependant, vous ne trouverez qu&rsquo;une vari\u00e9t\u00e9 limit\u00e9e de cigarettes pour la plupart. Par exemple, les Marlboro Lights sont facilement disponibles, mais pas les 100s. En fait, tr\u00e8s peu de cigarettes \u00ab\u00a0longues\u00a0\u00bb le sont. De plus, bien que vous puissiez acheter des cigarettes \u00ab\u00a0am\u00e9ricaines\u00a0\u00bb \u00e0 un prix dans certains des meilleurs h\u00f4tels, en g\u00e9n\u00e9ral, vous obtenez une cigarette fabriqu\u00e9e en \u00c9gypte qui est un peu plus dure que la vari\u00e9t\u00e9 \u00ab\u00a0am\u00e9ricaine\u00a0\u00bb. Juste parce que vous achetez des Marlboro ne fait pas de cela le m\u00eame Marlboro que vous ach\u00e8teriez aux \u00c9tats-Unis, par exemple.<script type=\"text\/javascript\">\n\tatOptions = {\n\t\t'key' : '31092da35245e47d50b64972c66b4b44',\n\t\t'format' : 'iframe',\n\t\t'height' : 90,\n\t\t'width' : 728,\n\t\t'params' : {}\n\t};\n<\/script><br \/>\n<script type=\"text\/javascript\" src=\"\/\/www.topcreativeformat.com\/31092da35245e47d50b64972c66b4b44\/invoke.js\"><\/script><\/p>\n<p><script type=\"text\/javascript\">\n\tatOptions = {\n\t\t'key' : '31092da35245e47d50b64972c66b4b44',\n\t\t'format' : 'iframe',\n\t\t'height' : 90,\n\t\t'width' : 728,\n\t\t'params' : {}\n\t};\n<\/script><br \/>\n<script type=\"text\/javascript\" src=\"\/\/www.topcreativeformat.com\/31092da35245e47d50b64972c66b4b44\/invoke.js\"><\/script>Enfin, apportez de l&rsquo;humour et une bonne attitude. Pour beaucoup, m\u00eame ceux qui ont beaucoup voyag\u00e9 aux \u00c9tats-Unis ou en Europe, l&rsquo;\u00c9gypte sera tr\u00e8s diff\u00e9rente. Vous trouverez souvent des attitudes plus d\u00e9tendues, le temps moins important et m\u00eame certains des \u00c9gyptiens vendant leurs marchandises ou leurs services sur les sites touristiques aga\u00e7ants. L&rsquo;\u00c9gypte est un endroit o\u00f9 vous apprenez \u00e0 laisser rouler les petits probl\u00e8mes que vous pourriez rencontrer, et \u00e0 simplement profiter de cette, la plus ancienne de toutes les civilisations.<script type=\"text\/javascript\">\n\tatOptions = {\n\t\t'key' : '31092da35245e47d50b64972c66b4b44',\n\t\t'format' : 'iframe',\n\t\t'height' : 90,\n\t\t'width' : 728,\n\t\t'params' : {}\n\t};\n<\/script><br \/>\n<script type=\"text\/javascript\" src=\"\/\/www.topcreativeformat.com\/31092da35245e47d50b64972c66b4b44\/invoke.js\"><\/script><\/p>\n","protected":false},"excerpt":{"rendered":"<p>Pr\u00e9parez-vous \u00e0 vivre une aventure inoubliable en \u00c9gypte avec notre Kit de survie du voyageur. Que vous soyez un globe-trotter chevronn\u00e9 ou un voyageur novice, ce guide complet est con\u00e7u pour am\u00e9liorer votre exp\u00e9rience dans ce pays captivant. Des conseils pratiques sur le Kit de survie du voyageur en \u00c9gypte vous assurent une exploration sans [&hellip;]<\/p>\n","protected":false},"author":1,"featured_media":42099,"parent":0,"menu_order":0,"comment_status":"closed","ping_status":"closed","template":"template-home-modern.php","meta":{"_acf_changed":false,"_uf_show_specific_survey":0,"_uf_disable_surveys":false,"footnotes":""},"class_list":["post-28703","page","type-page","status-publish","has-post-thumbnail","hentry"],"acf":[],"_links":{"self":[{"href":"https:\/\/www.touregyptclub.com\/fr\/wp-json\/wp\/v2\/pages\/28703","targetHints":{"allow":["GET"]}}],"collection":[{"href":"https:\/\/www.touregyptclub.com\/fr\/wp-json\/wp\/v2\/pages"}],"about":[{"href":"https:\/\/www.touregyptclub.com\/fr\/wp-json\/wp\/v2\/types\/page"}],"author":[{"embeddable":true,"href":"https:\/\/www.touregyptclub.com\/fr\/wp-json\/wp\/v2\/users\/1"}],"replies":[{"embeddable":true,"href":"https:\/\/www.touregyptclub.com\/fr\/wp-json\/wp\/v2\/comments?post=28703"}],"version-history":[{"count":3,"href":"https:\/\/www.touregyptclub.com\/fr\/wp-json\/wp\/v2\/pages\/28703\/revisions"}],"predecessor-version":[{"id":52487,"href":"https:\/\/www.touregyptclub.com\/fr\/wp-json\/wp\/v2\/pages\/28703\/revisions\/52487"}],"wp:featuredmedia":[{"embeddable":true,"href":"https:\/\/www.touregyptclub.com\/fr\/wp-json\/wp\/v2\/media\/42099"}],"wp:attachment":[{"href":"https:\/\/www.touregyptclub.com\/fr\/wp-json\/wp\/v2\/media?parent=28703"}],"curies":[{"name":"wp","href":"https:\/\/api.w.org\/{rel}","templated":true}]}}