{"id":28693,"date":"2019-02-18T06:39:36","date_gmt":"2019-02-18T06:39:36","guid":{"rendered":"https:\/\/touregyptclub.com\/tours-in-egypt\/"},"modified":"2023-12-23T07:01:34","modified_gmt":"2023-12-23T07:01:34","slug":"tours-in-egypt","status":"publish","type":"page","link":"http:\/\/www.touregyptclub.com\/fr\/voyage-en-egypte\/","title":{"rendered":"circuit \u00c9gypte"},"content":{"rendered":"<div class=\"wpb-content-wrapper\"><p>[vc_row][vc_column][vc_column_text]Partez pour une aventure enchanteresse avec les voyage Egypte, o\u00f9 vous d\u00e9couvrirez l&rsquo;attrait de cette terre ancienne. Plongez dans l&rsquo;histoire captivante et la culture vibrante en explorant les plus beaux h\u00f4tels d&rsquo;\u00c9gypte et en profitant du charme des croisi\u00e8res sur le Nil \u00e0 bas prix. Nos offres vous permettent de r\u00e9server sans effort et vous garantissent de vivre la magie de l&rsquo;\u00c9gypte \u00e0 des prix de r\u00eave.<\/p>\n<p>Commencez votre voyage en choisissant parmi une gamme de circuits soigneusement s\u00e9lectionn\u00e9s qui pr\u00e9sentent le meilleur de l&rsquo;\u00c9gypte. Imaginez-vous dans des h\u00f4tels luxueux qui incarnent le riche patrimoine et l&rsquo;hospitalit\u00e9 de la r\u00e9gion. Ces h\u00e9bergements vous serviront de maison loin de chez vous, vous offrant confort et indulgence pendant que vous vous plongez dans les merveilles que l&rsquo;\u00c9gypte a \u00e0 offrir.<\/p>\n<p>Pour vivre une exp\u00e9rience extraordinaire, pensez \u00e0 embarquer pour une croisi\u00e8re sur le <a href=\"https:\/\/carnegiemnh.org\/egypt-and-the-nile\/\" target=\"_blank\" rel=\"noopener\">Nil<\/a>, un voyage intemporel qui allie d\u00e9tente et exploration. Glissez le long du fleuve l\u00e9gendaire et admirez les paysages \u00e0 couper le souffle et les sites embl\u00e9matiques. Nos options \u00e0 bas prix rendent ce voyage embl\u00e9matique accessible \u00e0 tous, vous permettant de savourer chaque instant sans vous ruiner.<\/p>\n<p>En traversant l&rsquo;\u00c9gypte, vous aurez l&rsquo;occasion de visiter les lieux les plus passionnants, chacun ayant sa propre histoire \u00e0 raconter. D\u00e9couvrez les myst\u00e8res de l&rsquo;\u00c9gypte ancienne en explorant des sites arch\u00e9ologiques impressionnants, en vous \u00e9merveillant devant les pyramides et en vous plongeant dans les secrets des pharaons. Nos circuits sont con\u00e7us pour vous permettre d&rsquo;acqu\u00e9rir une connaissance approfondie du riche pass\u00e9 de l&rsquo;\u00c9gypte et d&rsquo;entrer en contact avec l&rsquo;histoire d&rsquo;une mani\u00e8re profonde et significative.<\/p>\n<p>La r\u00e9servation du circuit de vos r\u00eaves est un jeu d&rsquo;enfant, avec des options conviviales qui r\u00e9pondent \u00e0 vos pr\u00e9f\u00e9rences. Que vous soyez passionn\u00e9 d&rsquo;histoire, amoureux de la nature ou en qu\u00eate de d\u00e9tente, nos circuits en \u00c9gypte r\u00e9pondent \u00e0 des int\u00e9r\u00eats vari\u00e9s. Tirez le meilleur parti de votre exp\u00e9rience de voyage en choisissant parmi nos itin\u00e9raires soigneusement \u00e9labor\u00e9s, pour vous assurer de cr\u00e9er des souvenirs qui dureront toute votre vie. Avec les circuits en \u00c9gypte, votre aventure vous attend, promettant un m\u00e9lange harmonieux de d\u00e9couverte, de confort et de prix abordable.<\/p>\n<p>Apparent\u00e9: <a href=\"https:\/\/www.touregyptclub.com\/fr\/le-pourboire-dans-la-culture-egyptien\/\">Le pourboire dans la culture \u00e9gyptien<\/a>[\/vc_column_text][\/vc_column][\/vc_row]<\/p>\n<\/div>","protected":false},"excerpt":{"rendered":"<p>[vc_row][vc_column][vc_column_text]Partez pour une aventure enchanteresse avec les voyage Egypte, o\u00f9 vous d\u00e9couvrirez l&rsquo;attrait de cette terre ancienne. Plongez dans l&rsquo;histoire captivante et la culture vibrante en explorant les plus beaux h\u00f4tels d&rsquo;\u00c9gypte et en profitant du charme des croisi\u00e8res sur le Nil \u00e0 bas prix. Nos offres vous permettent de r\u00e9server sans effort et vous [&hellip;]<\/p>\n","protected":false},"author":1,"featured_media":21634,"parent":37618,"menu_order":0,"comment_status":"closed","ping_status":"closed","template":"template-tour-search.php","meta":{"_acf_changed":false,"_uf_show_specific_survey":0,"_uf_disable_surveys":false,"footnotes":""},"class_list":["post-28693","page","type-page","status-publish","has-post-thumbnail","hentry"],"acf":[],"_links":{"self":[{"href":"https:\/\/www.touregyptclub.com\/fr\/wp-json\/wp\/v2\/pages\/28693","targetHints":{"allow":["GET"]}}],"collection":[{"href":"https:\/\/www.touregyptclub.com\/fr\/wp-json\/wp\/v2\/pages"}],"about":[{"href":"https:\/\/www.touregyptclub.com\/fr\/wp-json\/wp\/v2\/types\/page"}],"author":[{"embeddable":true,"href":"https:\/\/www.touregyptclub.com\/fr\/wp-json\/wp\/v2\/users\/1"}],"replies":[{"embeddable":true,"href":"https:\/\/www.touregyptclub.com\/fr\/wp-json\/wp\/v2\/comments?post=28693"}],"version-history":[{"count":0,"href":"https:\/\/www.touregyptclub.com\/fr\/wp-json\/wp\/v2\/pages\/28693\/revisions"}],"up":[{"embeddable":true,"href":"https:\/\/www.touregyptclub.com\/fr\/wp-json\/wp\/v2\/pages\/37618"}],"wp:featuredmedia":[{"embeddable":true,"href":"https:\/\/www.touregyptclub.com\/fr\/wp-json\/wp\/v2\/media\/21634"}],"wp:attachment":[{"href":"https:\/\/www.touregyptclub.com\/fr\/wp-json\/wp\/v2\/media?parent=28693"}],"curies":[{"name":"wp","href":"https:\/\/api.w.org\/{rel}","templated":true}]}}