{"id":28657,"date":"2022-01-14T08:55:40","date_gmt":"2022-01-14T08:55:40","guid":{"rendered":"https:\/\/touregyptclub.com\/embassies-of-egypt-abroad\/"},"modified":"2023-12-25T06:55:08","modified_gmt":"2023-12-25T06:55:08","slug":"embassies-of-egypt-abroad","status":"publish","type":"page","link":"http:\/\/www.touregyptclub.com\/fr\/embassies-of-egypt-abroad\/","title":{"rendered":"Ambassades d&rsquo;\u00c9gypte \u00e0 l&rsquo;\u00e9tranger"},"content":{"rendered":"<p>Ambassades d&rsquo;\u00c9gypte \u00e0 l&rsquo;\u00e9tranger \u00e0 l&rsquo;\u00e9tranger jouent un r\u00f4le essentiel dans le maintien de liens solides entre les nations. Pour l&rsquo;\u00c9gypte, dont l&rsquo;histoire et la culture sont riches, ses ambassades dans le monde entier jouent un r\u00f4le essentiel en favorisant les relations internationales, en soutenant les citoyens \u00e0 l&rsquo;\u00e9tranger et en promouvant les int\u00e9r\u00eats nationaux \u00e0 l&rsquo;\u00e9chelle mondiale.<\/p>\n<h2>Construire des ponts au-del\u00e0 des fronti\u00e8res<\/h2>\n<p>Les <a href=\"https:\/\/www.touregyptclub.com\/en\/consulates-embassies-in-egypt\/\">ambassades \u00e9gyptiennes sont comme des messagers amicaux<\/a>, aidant l&rsquo;\u00c9gypte \u00e0 se faire des amis dans le monde entier. Elles ne se contentent pas de faire de la paperasserie ; elles organisent \u00e9galement des activit\u00e9s int\u00e9ressantes qui montrent \u00e0 quel point l&rsquo;\u00c9gypte est formidable. Qu&rsquo;il s&rsquo;agisse de partager notre culture avec d&rsquo;autres pays ou de travailler ensemble sur des questions \u00e9conomiques, ces ambassades sont comme les copains de l&rsquo;\u00c9gypte dans le monde, veillant \u00e0 ce que tout le monde s&rsquo;entende et grandisse ensemble. Ce ne sont pas de simples b\u00e2timents ; ce sont des lieux o\u00f9 se nouent des amiti\u00e9s et des collaborations, faisant de l&rsquo;\u00c9gypte une partie heureuse du monde.<\/p>\n<h2>Une main secourable pour les \u00c9gyptiens \u00e0 l&rsquo;\u00e9tranger<\/h2>\n<p>Les ambassades sont de v\u00e9ritables super-h\u00e9ros pour les \u00c9gyptiens vivant dans diff\u00e9rents pays. Elles s&rsquo;occupent de choses importantes comme l&rsquo;obtention des visas, le renouvellement des passeports et la pr\u00e9sence en cas d&rsquo;urgence. C&rsquo;est un peu comme si elles \u00e9taient les amies des \u00c9gyptiens lorsqu&rsquo;ils se trouvent \u00e0 l&rsquo;\u00e9tranger. Elles veillent \u00e0 ce que tout le monde soit en s\u00e9curit\u00e9 et connaisse ses droits.<\/p>\n<p>Qu&rsquo;il s&rsquo;agisse de r\u00e9gler des formalit\u00e9s administratives ou de constituer un syst\u00e8me de soutien fiable dans les moments difficiles, les ambassades sont comme un guide utile pour les \u00c9gyptiens dans les endroits qu&rsquo;ils ne connaissent pas. Leur principale mission est de veiller \u00e0 ce que les \u00c9gyptiens se sentent en s\u00e9curit\u00e9 et prot\u00e9g\u00e9s, o\u00f9 qu&rsquo;ils se trouvent dans le monde.<\/p>\n<h2>Mettre en valeur la richesse culturelle de l&rsquo;\u00c9gypte<\/h2>\n<p>Les ambassades sont en quelque sorte les organisateurs des f\u00eates \u00e9gyptiennes \u00e0 l&rsquo;\u00e9tranger. Elles organisent des \u00e9v\u00e9nements pour montrer \u00e0 quel point l&rsquo;\u00c9gypte est cool, qu&rsquo;il s&rsquo;agisse de son histoire ou de son art. C&rsquo;est comme si elles invitaient le monde \u00e0 une grande f\u00eate pour que tout le monde soit enthousiasm\u00e9 par l&rsquo;\u00c9gypte.<\/p>\n<p>Cela aide les gens \u00e0 mieux comprendre l&rsquo;\u00c9gypte et encourage m\u00eame davantage de touristes et d&rsquo;amis \u00e0 la visiter. Ainsi, en plus de leur travail s\u00e9rieux, les ambassades organisent \u00e9galement des f\u00eates amusantes pour partager avec tout le monde les merveilles de l&rsquo;\u00c9gypte.<\/p>\n<h2>Relever les d\u00e9fis dans un monde dynamique<\/h2>\n<p>Les ambassades \u00e9gyptiennes ont un travail difficile car le monde est en constante \u00e9volution. Elles sont confront\u00e9es \u00e0 des probl\u00e8mes tels que la politique et les crises. Mais le plus int\u00e9ressant, c&rsquo;est que ces probl\u00e8mes sont aussi l&rsquo;occasion pour les ambassades de trouver de nouvelles id\u00e9es, de collaborer avec d&rsquo;autres pays et de rendre l&rsquo;\u00c9gypte encore meilleure \u00e0 l&rsquo;\u00e9chelle mondiale.<\/p>\n<p>Ainsi, m\u00eame si le travail est difficile, les ambassades transforment les probl\u00e8mes en opportunit\u00e9s, aidant l&rsquo;\u00c9gypte \u00e0 se d\u00e9velopper et \u00e0 \u00eatre une partie respect\u00e9e du monde. C&rsquo;est comme si elles \u00e9taient les r\u00e9paratrices, trouvant toujours des moyens d&rsquo;am\u00e9liorer les choses pour l&rsquo;\u00c9gypte dans un monde en constante \u00e9volution.<\/p>\n<h2>Le r\u00f4le futur des ambassades \u00e9gyptiennes<\/h2>\n<p>Le monde change, les ambassades \u00e9gyptiennes aussi. Elles apprennent \u00e0 utiliser de nouveaux outils tels qu&rsquo;Internet et les m\u00e9dias sociaux pour que les gens voient l&rsquo;\u00c9gypte d&rsquo;un bon \u0153il.<\/p>\n<p>En s&rsquo;adressant directement aux gens et en faisant preuve d&rsquo;intelligence, les ambassades s&rsquo;assurent que tout le monde dans le monde aime et respecte l&rsquo;\u00c9gypte. C&rsquo;est comme si elles se tenaient au courant de l&rsquo;actualit\u00e9 pour montrer le meilleur c\u00f4t\u00e9 de l&rsquo;\u00c9gypte \u00e0 tout le monde.<\/p>\n<h2>Consulat g\u00e9n\u00e9ral d&rsquo;\u00c9gypte aux \u00c9tats-Unis<\/h2>\n<p>Chicago (\u00c9tats-Unis) <br \/>500 N. Michigan Avenue, Suite 1900 Chicago, IL 60611 T\u00e9l. (312) 828-9162 Illinois, Indiana, Iowa, Kentucky, Michigan, Minnesota, Nebraska, Dakota du Nord, Dakota du Sud, Wisconsin<\/p>\n<p>Houston<br \/>1990 Post Oak Boulevard, Suite 2180 Houston, TX 77056 T\u00e9l. 713 961-4915 Alabama, Arkansas, Colorado, Kansas,<br \/>Louisiane, Mississippi, Missouri, Nouveau Mexique, Oklahoma, Tennessee, Texas<\/p>\n<p>New York<br \/>1110 Second Avenue New York, NY 10022 T\u00e9l. (212) 759-7120\/7121\/7122 Connecticut, Maine, Massachusetts, New Hampshire, New Jersey, Ohio et Texas.<br \/>Hampshire, New Jersey, Ohio, Pennsylvania, Puerto Rico, Rhode Island, Vermont, New York<\/p>\n<p>San Francisco<br \/>3001 Pacific Avenue San Francisco, CA 94115 T\u00e9l. (415) 346-9700 Alaska, Arizona, California, Idaho, Hawa\u00ef, Montana, Nevada, Oregon, Washington, Wyoming, Utah<\/p>\n<p>Ambassade d&rsquo;Egypte Washington, DC<br \/>3521 International Court, NW Washington, DC 20008 T\u00e9l. (202) 895-5400 Delaware, Floride, G\u00e9orgie, Maryland, Caroline du Nord et du Sud, Virginie, Washington, DC<\/p>\n<h2>Consulats \u00e9gyptiens en Australie<\/h2>\n<p>Ambassade \u00e9gyptienne<br \/>1 Darwin Avenue Yarralumla, Canberra, ACT 2600 T\u00e9l. : (62) 273-4437\/8<\/p>\n<p>Consulat \u00e9gyptien &#8211; Melbourne<br \/>124 Exhibition Street, 9th Floor Melbourne, Victoria 3000 Tel : (3) 654-8869 \/ 8634<\/p>\n<p>Consulat g\u00e9n\u00e9ral d&rsquo;\u00c9gypte<br \/>Level 3, 241 Commonwealth Street, Surry Hills, NSW, 2010 Australia Tel. + 61 2 9281 4844<br \/>Fax : + 61 2 9281 4344 www.egypt.org.au<\/p>\n<h2>Consulats \u00e9gyptiens au Canada<\/h2>\n<p>Ambassade d&rsquo;Egypte 454 Laurier Avenue East<br \/>Ottawa, Ontario KIN 6R3 Tel : (613) 234-4931 \/ 35\/58<\/p>\n<p>Consulat \u00e9gyptien &#8211; Montr\u00e9al 3754 C\u00f4te des Neiges<br \/>Montr\u00e9al, Qu\u00e9bec H3H 7V6 (514) 937-7781\/2<\/p>\n<h2>Ambassade d&rsquo;Egypte en France<\/h2>\n<p>Ambassade d&rsquo;Egypte 56, Avenue d&rsquo;Iena<br \/>75116 Paris Tel : (1) 47 20 97 70 \/ 47 20 75 97<\/p>\n<p>Consulat d&rsquo;Egypte &#8211; Paris 58, Avenue Foch<br \/>75116 Paris Tel : (1) 45 00 84 64 \/ 45 00 49 52 \/45 00 69 23<\/p>\n<p>Consulat d&rsquo;Egypte &#8211; Marseille 166, Avenue de Hamburg<br \/>13008 Marseille Tel : 91 25 04 04<\/p>\n<h2>Ambassade d&rsquo;Egypte en Allemagne<\/h2>\n<p>Ambassade d&rsquo;\u00c9gypte Konprinzen Str 2<br \/>Bad Godesberg, Bonn Tel : (228) 364000\/8\/9<\/p>\n<p>Ambassade d&rsquo;\u00c9gypte &#8211; Succursale de Berlin<br \/>Berliner Str 22 Pankow, Berlin 3<br \/>T\u00e9l : (30) 482-5095<\/p>\n<p>Consulat \u00e9gyptien &#8211; Francfort<br \/>Eysseneck Str 52 6000 Frankfurt\/Main I<br \/>T\u00e9l : (69) 590557\/8<\/p>\n<h2>Ambassade d&rsquo;\u00c9gypte en Gr\u00e8ce<\/h2>\n<p>Ambassade d&rsquo;Egypte<br \/>3 Vassilissis Safies Street Ath\u00e8nes T\u00e9l : (1) 361-8612\/3<\/p>\n<p>Ambassade d&rsquo;Egypte en Irlande<\/p>\n<p>Ambassade d&rsquo;Egypte<br \/>12 Clyde Road Dublin 4<br \/>T\u00e9l : (1) 606566 \/ 718<\/p>\n<h2>Ambassade d&rsquo;Egypte en Isra\u00ebl<\/h2>\n<p>Ambassade d&rsquo;Egypte<br \/>54 Rehov Basel Tel Aviv<br \/>Tel : (3) 546-5151\/2<\/p>\n<p>Consulat \u00e9gyptien &#8211; Eilat 68 Afraty Street<br \/>Bna Betkha, Eilat T\u00e9l. : (7) 597-6115<\/p>\n<h2>Ambassade d&rsquo;Egypte au Japon<\/h2>\n<p>Ambassade d&rsquo;\u00c9gypte I-5-4- Aobadai<br \/>Meguro-Ku, Tokyo 171 Tel : (3) 37 70 80 22<\/p>\n<h2>Ambassade d&rsquo;\u00c9gypte en Jordanie<\/h2>\n<p>Ambassade d&rsquo;\u00c9gypte 3e \u00e9tage, Jebel Amman<br \/>Rue Zahran Amman<br \/>T\u00e9l : (6) 641375\/6, 641705<\/p>\n<p>Consulat \u00e9gyptien &#8211; Aqaba<br \/>Rue Al-Wahdat Al-Jarbiyya Al-Istiqlal<\/p>\n<h2>Ambassade d&rsquo;Egypte aux Pays-Bas<\/h2>\n<p>Boweg I-2597 La Haye<br \/>T\u00e9l : (70) 354-2000 \/ 4535<\/p>\n<h2>Ambassade d&rsquo;\u00c9gypte en Arabie Saoudite<\/h2>\n<p>Ambassade d&rsquo;\u00c9gypte P.O. Box 1805<br \/>Riyad 11741<\/p>\n<h2>Ambassade d&rsquo;Egypte au Soudan<\/h2>\n<p>Ambassade d&rsquo;Egypte<br \/>Sharia Al-Jama&rsquo;a Al-Mojram<br \/>Khartoum T\u00e9l : (11) 77646\/7, 72836<\/p>\n<p>Consulat \u00e9gyptien &#8211; Khartoum<br \/>Sharia Al-Jamhuriyya Khartoum<br \/>T\u00e9l : (11) 70291, 72190<\/p>\n<p>Consulat d&rsquo;\u00c9gypte &#8211; El-Obeid<br \/>Al-Midan Al-Kabeer Al-Obeid<br \/>T\u00e9l : (249) 4167<\/p>\n<p>Consulat d&rsquo;\u00c9gypte &#8211; Port-Soudan<br \/>Sharia Kabbashi Eissa<br \/>Port Soudan T\u00e9l : (249) 2036, 5910<\/p>\n<h2>Ambassade d&rsquo;Egypte en Su\u00e8de<\/h2>\n<p>Ambassade d&rsquo;Egypte<br \/>Strandvagen 35 Stockholm<br \/>T\u00e9l : (8) 660-3145, 662-9603 \/ 9687<\/p>\n<h2>Ambassade d&rsquo;\u00c9gypte au Royaume-Uni<\/h2>\n<p>Ambassade d&rsquo;Egypte<br \/>26 South Street Londres W1Y 6DD<br \/>T\u00e9l : (171) 499-2401<\/p>\n<p>Consulat \u00e9gyptien &#8211; Londres<br \/>2 Lowndes Street Londres SW1<\/p>\n","protected":false},"excerpt":{"rendered":"<p>Ambassades d&rsquo;\u00c9gypte \u00e0 l&rsquo;\u00e9tranger \u00e0 l&rsquo;\u00e9tranger jouent un r\u00f4le essentiel dans le maintien de liens solides entre les nations. Pour l&rsquo;\u00c9gypte, dont l&rsquo;histoire et la culture sont riches, ses ambassades dans le monde entier jouent un r\u00f4le essentiel en favorisant les relations internationales, en soutenant les citoyens \u00e0 l&rsquo;\u00e9tranger et en promouvant les int\u00e9r\u00eats nationaux [&hellip;]<\/p>\n","protected":false},"author":1,"featured_media":0,"parent":0,"menu_order":0,"comment_status":"closed","ping_status":"closed","template":"template-home-modern.php","meta":{"_acf_changed":false,"_uf_show_specific_survey":0,"_uf_disable_surveys":false,"footnotes":""},"class_list":["post-28657","page","type-page","status-publish","has-post-thumbnail","hentry"],"acf":[],"_links":{"self":[{"href":"https:\/\/www.touregyptclub.com\/fr\/wp-json\/wp\/v2\/pages\/28657","targetHints":{"allow":["GET"]}}],"collection":[{"href":"https:\/\/www.touregyptclub.com\/fr\/wp-json\/wp\/v2\/pages"}],"about":[{"href":"https:\/\/www.touregyptclub.com\/fr\/wp-json\/wp\/v2\/types\/page"}],"author":[{"embeddable":true,"href":"https:\/\/www.touregyptclub.com\/fr\/wp-json\/wp\/v2\/users\/1"}],"replies":[{"embeddable":true,"href":"https:\/\/www.touregyptclub.com\/fr\/wp-json\/wp\/v2\/comments?post=28657"}],"version-history":[{"count":0,"href":"https:\/\/www.touregyptclub.com\/fr\/wp-json\/wp\/v2\/pages\/28657\/revisions"}],"wp:attachment":[{"href":"https:\/\/www.touregyptclub.com\/fr\/wp-json\/wp\/v2\/media?parent=28657"}],"curies":[{"name":"wp","href":"https:\/\/api.w.org\/{rel}","templated":true}]}}