{"id":28638,"date":"2022-01-14T08:38:47","date_gmt":"2022-01-14T08:38:47","guid":{"rendered":"https:\/\/touregyptclub.com\/terms-conditions\/"},"modified":"2024-01-16T08:44:57","modified_gmt":"2024-01-16T08:44:57","slug":"terms-conditions","status":"publish","type":"page","link":"http:\/\/www.touregyptclub.com\/fr\/terms-conditions\/","title":{"rendered":"termes et conditions"},"content":{"rendered":"<div class=\"wpb-content-wrapper\"><p>[vc_row][vc_column][vc_empty_space][\/vc_column][\/vc_row][vc_row][vc_column][vc_column_text]<\/p>\r\n<h2>Votre accord avec Tour Egypt Club<\/h2>\r\n\r\n<p>&nbsp;<\/p>\r\n\r\n<p>&nbsp;<\/p>\r\n\r\n<h3>Politique de paiement :<\/h3>\r\n\r\n<p>Pour garantir une r\u00e9servation, la soci\u00e9t\u00e9 exige d\u2019abord un avis de votre part de votre demande de r\u00e9servation. La r\u00e9servation ne sera s\u00e9curis\u00e9e qu\u2019une fois que vous et la soci\u00e9t\u00e9 aurez confirm\u00e9 les pr\u00e9paratifs de voyage et que la soci\u00e9t\u00e9 sera convaincue que le d\u00e9p\u00f4t\/paiement correct a \u00e9t\u00e9 re\u00e7u sur le compte bancaire de la soci\u00e9t\u00e9 par virement bancaire. Le paiement des acomptes requis ou le paiement int\u00e9gral d\u2019une r\u00e9servation sur un voyage organis\u00e9 accompagn\u00e9 ou ind\u00e9pendant constitue un consentement \u00e0 toutes les dispositions des conditions et informations g\u00e9n\u00e9rales contenues ici.<\/p>\r\n\r\n<p>Acompte de paiement, Les r\u00e9servations doivent \u00eatre faites le plus t\u00f4t possible pour r\u00e9server les vacances souhait\u00e9es, \u200eL\u2019espace sera s\u00e9curis\u00e9 d\u00e8s r\u00e9ception d\u2019un acompte de 50%. Cet acompte fait partie de votre paiement final. \u200eLes d\u00e9p\u00f4ts ne peuvent \u00eatre effectu\u00e9s que par virement bancaire ou vous pouvez envoyer via Western Union.<\/p>\r\n\r\n<p>Le solde du paiement doit \u00eatre re\u00e7u 07 jours \u00e0 compter de la date de confirmation. Si la r\u00e9servation est effectu\u00e9e moins de 07 jours avant le d\u00e9part, le paiement int\u00e9gral doit \u00eatre effectu\u00e9 au moment de la r\u00e9servation.<\/p>\r\n\r\n<p>&nbsp;<\/p>\r\n\r\n<h3>Modification\u00a0:<\/h3>\r\n<p>Toute modification apport\u00e9e \u00e0 la r\u00e9servation d\u2019origine est soumise \u00e0 disponibilit\u00e9 et si le paiement int\u00e9gral a \u00e9t\u00e9 re\u00e7u et\/ou le bon a \u00e9t\u00e9 \u00e9mis, AUCUN frais administratifs ne sera appliqu\u00e9.\u200e<\/p>\r\n\r\n<p>&nbsp;<\/p>\r\n\r\n<h3>Politique relative aux enfants\u00a0:\u200e<\/h3>\r\n\r\n<p>&nbsp;<\/p>\r\n\r\n<h5>\u200eForfaits ou Croisi\u00e8res sur le Nil ou H\u00f4tels:<\/h5>\r\n\r\n<p>Maximum 2 enfants par chambre double de moins de 11 ans, 99 ans partageant la chambre de leurs parents<\/p>\r\n\r\n<p>Enfant jusqu\u2019\u00e0 01.99 gratuit<\/p>\r\n\r\n<p>Enfant de 2 \u00e0 5,99\u00a0% du co\u00fbt total de l\u2019adulte<\/p>\r\n\r\n<p>Enfant de 6-11.99 50% du co\u00fbt total de l\u2019adulte<\/p>\r\n\r\n<p>Un enfant de plus de 12 ans est consid\u00e9r\u00e9 comme un adulte<\/p>\r\n\r\n<p>&nbsp;<\/p>\r\n\r\n<h5>\u200eVisites guid\u00e9es &amp; visites optionnelles:<\/h5>\r\n\r\n<p>Enfant jusqu\u2019\u00e0 5,99 gratuit<\/p>\r\n\r\n<p>Enfant de 6 \u00e0 11,99 50 % du co\u00fbt total de la visite Adulte<\/p>\r\n\r\n<p>Un enfant de plus de 12 ans est consid\u00e9r\u00e9 comme un adulte<\/p>\r\n\r\n<p>&nbsp;<\/p>\r\n\r\n<h5>Vol national:<\/h5>\r\n\r\n<p>\u200eLes enfants jusqu\u2019\u00e0 1, 99 ans seront factur\u00e9s 10 % du co\u00fbt adulte<\/p>\r\n\r\n<p>Un enfant de 2 \u00e0 11 ans, 99 ans sera factur\u00e9 75 % du co\u00fbt adulte \u200e<\/p>\r\n\r\n<p>&nbsp;<\/p>\r\n\r\n<h3>Politique d\u2019annulation:<\/h3>\r\n\r\n<p>L\u2019annulation doit \u00eatre re\u00e7ue par \u00e9crit par fax ou par e-mail. Si un participant au voyage annule sa r\u00e9servation, les frais suivants seront appliqu\u00e9s :<\/p>\r\n\r\n<p>En cas d\u2019annulation de votre voyage, le bar\u00e8me suivant sera appliqu\u00e9<\/p>\r\n\r\n<p>Entre 40 et 30 jours, 25% du prix total du voyage sera d\u00e9duit.<\/p>\r\n\r\n<p>Entre 29 et 15 jours, 50% du prix total du voyage sera d\u00e9duit.<\/p>\r\n\r\n<p>Entre 1 et 14 jours, 100% du prix total du voyage sera d\u00e9duit.<\/p>\r\n\r\n<p>Aucun remboursement n\u2019est possible en cas de non-pr\u00e9sentation.<\/p>\r\n\r\n<p>&nbsp;<\/p>\r\n\r\n<h5>Politique d\u2019annulation No\u00ebl et Nouvel An( Du 18 d\u00e9cembre au 10 janvier)<\/h5>\r\n\r\n<p>\u200e60 jours au 31 avant l\u2019arriv\u00e9e 50% du prix total.<\/p>\r\n\r\n<p>\u200e30 jours au jour d\u2019arriv\u00e9e 100% du prix total.<\/p>\r\n\r\n<p>\u200eFrais d\u2019annulation pour couvrir les \u00e9l\u00e9ments suivants\u00a0:<\/p>\r\n\r\n<p>H\u00f4tels r\u00e9serv\u00e9s et croisi\u00e8res sur le Nil<\/p>\r\n\r\n<p>Vols int\u00e9rieurs r\u00e9serv\u00e9s<\/p>\r\n\r\n<p>Guides touristiques r\u00e9serv\u00e9s<\/p>\r\n\r\n<p>Bus r\u00e9serv\u00e9s<\/p>\r\n\r\n<p>Frais d\u2019administration de l\u2019entreprise<\/p>\r\n\r\n<p>&nbsp;<\/p>\r\n\r\n<h3>R\u00e9clamations et plaintes:<\/h3>\r\n\r\n<p>\u200eR\u00e9clamations et r\u00e9clamations notre cher client si vous avez une r\u00e9clamation pendant votre s\u00e9jour dans l\u2019h\u00e9bergement en question, vous devez en informer imm\u00e9diatement la direction de l\u2019h\u00e9bergement, afin de leur donner la possibilit\u00e9 de r\u00e9soudre le probl\u00e8me.<\/p>\r\n\r\n<p>Vous pouvez perdre tout droit \u00e0 une indemnisation si vous ne le faites pas. Si le probl\u00e8me n\u2019est pas r\u00e9solu \u00e0 votre satisfaction, vous devez contacter notre repr\u00e9sentant dans le complexe\/l\u2019h\u00f4tel\/la croisi\u00e8re, et si le probl\u00e8me ne peut toujours pas \u00eatre r\u00e9solu, vous devez contacter notre voyagiste. Nous agirons en tant qu\u2019interm\u00e9diaire pour essayer de rectifier le probl\u00e8me. Dans le cas o\u00f9 nous ne serions pas en mesure de le faire et que vous souhaitiez aller plus loin, vous devez le faire directement aupr\u00e8s de l\u2019h\u00e9bergeur concern\u00e9. mais si apr\u00e8s votre retour chez vous vous n\u2019\u00eates toujours pas satisfait, vous devez \u00e9crire \u00e0 l\u2019association \u00e9gyptienne des agents de voyages. hors de, ou en relation avec ce contrat,<\/p>\r\n\r\n<p>&nbsp;<\/p>\r\n\r\n<h3>Demandes sp\u00e9ciales\u00a0:\u200e\u200e<\/h3>\r\n\r\n<p>Si le Client a des demandes particuli\u00e8res, y compris dans notre accord, nous devons \u00eatre inform\u00e9s avant votre date d\u2019arriv\u00e9e pour \u00eatre not\u00e9 et essayer de traiter cette demande mais si elle n\u2019est pas incluse dans l\u2019accord, nous ne garantissons pas de traiter.\u200e<\/p>\r\n<p>[\/vc_column_text][\/vc_column][\/vc_row]<\/p><\/div>","protected":false},"excerpt":{"rendered":"<p>[vc_row][vc_column][vc_empty_space][\/vc_column][\/vc_row][vc_row][vc_column][vc_column_text] Votre accord avec Tour Egypt Club &nbsp; &nbsp; Politique de paiement : Pour garantir une r\u00e9servation, la soci\u00e9t\u00e9 exige d\u2019abord un avis de votre part de votre demande de r\u00e9servation. La r\u00e9servation ne sera s\u00e9curis\u00e9e qu\u2019une fois que vous et la soci\u00e9t\u00e9 aurez confirm\u00e9 les pr\u00e9paratifs de voyage et que la soci\u00e9t\u00e9 sera convaincue [&hellip;]<\/p>\n","protected":false},"author":1,"featured_media":21547,"parent":0,"menu_order":0,"comment_status":"closed","ping_status":"closed","template":"template-home-modern.php","meta":{"_acf_changed":false,"_uf_show_specific_survey":0,"_uf_disable_surveys":false,"footnotes":""},"class_list":["post-28638","page","type-page","status-publish","has-post-thumbnail","hentry"],"acf":[],"_links":{"self":[{"href":"https:\/\/www.touregyptclub.com\/fr\/wp-json\/wp\/v2\/pages\/28638","targetHints":{"allow":["GET"]}}],"collection":[{"href":"https:\/\/www.touregyptclub.com\/fr\/wp-json\/wp\/v2\/pages"}],"about":[{"href":"https:\/\/www.touregyptclub.com\/fr\/wp-json\/wp\/v2\/types\/page"}],"author":[{"embeddable":true,"href":"https:\/\/www.touregyptclub.com\/fr\/wp-json\/wp\/v2\/users\/1"}],"replies":[{"embeddable":true,"href":"https:\/\/www.touregyptclub.com\/fr\/wp-json\/wp\/v2\/comments?post=28638"}],"version-history":[{"count":2,"href":"https:\/\/www.touregyptclub.com\/fr\/wp-json\/wp\/v2\/pages\/28638\/revisions"}],"predecessor-version":[{"id":47373,"href":"https:\/\/www.touregyptclub.com\/fr\/wp-json\/wp\/v2\/pages\/28638\/revisions\/47373"}],"wp:featuredmedia":[{"embeddable":true,"href":"https:\/\/www.touregyptclub.com\/fr\/wp-json\/wp\/v2\/media\/21547"}],"wp:attachment":[{"href":"https:\/\/www.touregyptclub.com\/fr\/wp-json\/wp\/v2\/media?parent=28638"}],"curies":[{"name":"wp","href":"https:\/\/api.w.org\/{rel}","templated":true}]}}