{"id":28634,"date":"2022-01-14T08:36:50","date_gmt":"2022-01-14T08:36:50","guid":{"rendered":"https:\/\/touregyptclub.com\/thanks\/"},"modified":"2023-12-25T14:45:17","modified_gmt":"2023-12-25T14:45:17","slug":"merci","status":"publish","type":"page","link":"http:\/\/www.touregyptclub.com\/fr\/merci\/","title":{"rendered":"Merci"},"content":{"rendered":"\r\n<p class=\"has-text-align-center\"><img decoding=\"async\" src=\"https:\/\/www.memphistours.com\/theme\/Com2018\/img\/confirm.png\" alt=\"Inquiry sent!\" \/><\/p>\r\n\r\n\r\n\r\n<p class=\"has-text-align-center\"><strong>Demande envoy\u00e9e !<\/strong><\/p>\r\n\r\n\r\n\r\n<p class=\"has-text-align-center\">Merci, nous avons bien re\u00e7u votre demande et l&rsquo;un de nos experts en voyages vous contactera dans les 24 heures. Nous enverrons vos nouveaux plans de voyage \u00e0 :<\/p>\r\n\r\n\r\n\r\n<p class=\"has-text-align-center\">Vous ne voyez pas de r\u00e9ponse apr\u00e8s 24 heures ? Veuillez v\u00e9rifier votre dossier spam pour un message de <strong>Tour Egypt Club<\/strong> . Nous nous retrouvons tous l\u00e0 de temps en temps.<\/p>\r\n","protected":false},"excerpt":{"rendered":"<p>Demande envoy\u00e9e ! Merci, nous avons bien re\u00e7u votre demande et l&rsquo;un de nos experts en voyages vous contactera dans les 24 heures. Nous enverrons vos nouveaux plans de voyage \u00e0 : Vous ne voyez pas de r\u00e9ponse apr\u00e8s 24 heures ? Veuillez v\u00e9rifier votre dossier spam pour un message de Tour Egypt Club . [&hellip;]<\/p>\n","protected":false},"author":1,"featured_media":24316,"parent":28636,"menu_order":0,"comment_status":"closed","ping_status":"closed","template":"template-home-modern.php","meta":{"_acf_changed":false,"_uf_show_specific_survey":0,"_uf_disable_surveys":false,"footnotes":""},"class_list":["post-28634","page","type-page","status-publish","has-post-thumbnail","hentry"],"acf":[],"_links":{"self":[{"href":"https:\/\/www.touregyptclub.com\/fr\/wp-json\/wp\/v2\/pages\/28634","targetHints":{"allow":["GET"]}}],"collection":[{"href":"https:\/\/www.touregyptclub.com\/fr\/wp-json\/wp\/v2\/pages"}],"about":[{"href":"https:\/\/www.touregyptclub.com\/fr\/wp-json\/wp\/v2\/types\/page"}],"author":[{"embeddable":true,"href":"https:\/\/www.touregyptclub.com\/fr\/wp-json\/wp\/v2\/users\/1"}],"replies":[{"embeddable":true,"href":"https:\/\/www.touregyptclub.com\/fr\/wp-json\/wp\/v2\/comments?post=28634"}],"version-history":[{"count":0,"href":"https:\/\/www.touregyptclub.com\/fr\/wp-json\/wp\/v2\/pages\/28634\/revisions"}],"up":[{"embeddable":true,"href":"https:\/\/www.touregyptclub.com\/fr\/wp-json\/wp\/v2\/pages\/28636"}],"wp:featuredmedia":[{"embeddable":true,"href":"https:\/\/www.touregyptclub.com\/fr\/wp-json\/wp\/v2\/media\/24316"}],"wp:attachment":[{"href":"https:\/\/www.touregyptclub.com\/fr\/wp-json\/wp\/v2\/media?parent=28634"}],"curies":[{"name":"wp","href":"https:\/\/api.w.org\/{rel}","templated":true}]}}