{"id":28628,"date":"2022-01-14T08:33:21","date_gmt":"2022-01-14T08:33:21","guid":{"rendered":"https:\/\/touregyptclub.com\/entrance-fees-in-egypt-for-major-monuments\/"},"modified":"2023-11-26T15:26:45","modified_gmt":"2023-11-26T15:26:45","slug":"frais-dentree-en-egypte-pour-les-principaux-monuments","status":"publish","type":"page","link":"http:\/\/www.touregyptclub.com\/fr\/frais-dentr%C3%A9e-en-%C3%89gypte-pour-les-principaux-monuments\/","title":{"rendered":"Frais d&rsquo;entr\u00e9e en \u00c9gypte : Tarifs pour les Principaux Monuments"},"content":{"rendered":"\r\n<p>Voici une liste des droits d&rsquo;entr\u00e9e en \u00c9gypte pour les principaux monuments, temples, tombes et mus\u00e9es\u00a0:\u200e<br \/>Les prix sont affich\u00e9s en livre \u00e9gyptienne &#8211; sauf indication contraire, la devise \u00e9gyptienne est la livre qui est appel\u00e9e L.E signifie Livere Egyptien, ou EGP signifie livre \u00e9gyptienne. Il est indispensable en \u00c9gypte d&rsquo;utiliser la livre \u00e9gyptienne pour acheter les frais d&rsquo;admission, alors soyez pr\u00eat\u00a0! Les prix sont sujets \u00e0 changement, nous faisons de notre mieux pour maintenir ces prix \u00e0 jour.<br \/>Remarque : la plupart des tombes n&rsquo;autorisent pas la photographie au flash<br \/>Nous n&rsquo;incluons pas les frais d&rsquo;entr\u00e9e dans nos prix de voyage. Parce qu&rsquo;il y a un certain nombre de personnes qui ne veulent pas se sentir oblig\u00e9es de visiter un site. Nous laissons la d\u00e9cision au voyageur individuel lorsqu&rsquo;il est r\u00e9ellement sur place \u00ab\u00a0oui ou non\u00a0\u00bb. Beaucoup de ceux qui voyagent avec nous pr\u00e9f\u00e8rent ne pas \u00eatre li\u00e9s par \u00ab\u00a0il faut voir, parce que c&rsquo;est payant\u00a0\u00bb<br \/>\u200eNom du site Adulte Prix \u00c9tudiant \u200ePrix Photo \/ Vid\u00e9o \/ \u200ePhoto &#8211; Notes Le Caire &amp; Gizeh<br \/>Citadelle \u200e50.00 L.E \u200e25.00\u200e\u00a0<br \/>Mus\u00e9e Copte \u200e50.00\u200e \u200e25.00\u200e Non<br \/>Mus\u00e9e des antiquit\u00e9s \u00e9gyptiennes \u200e60.00\u200e \u200e30.00\u200e Non<br \/>Mus\u00e9e des Antiquit\u00e9s Salle des Momies \u200e100.00\u200e \u200e60.00\u200e NON<br \/>Maison Gayer Anderson \u200e35.00\u200e \u200e20.00\u200e&amp;nbsp<br \/>Mus\u00e9e d&rsquo;art islamique \u200e40.00\u200e \u200e20.00\u200e NON<br \/>Mus\u00e9e Mahmud Khalil \u200e25.00\u200e\u00a0<br \/>Mus\u00e9e national d&rsquo;art moderne \u00e9gyptien \u200e20.00\u200e NON<br \/>Panorama de la guerre d&rsquo;octobre \u200e20h00\u200e\u00a0<br \/>Mosqu\u00e9e Sultan Hassan \u200e25.00\u200e \u200e15.00\u200e&amp;nbsp<br \/>Mosqu\u00e9e Al-Refai \u200e25.00\u200e \u200e15.00\u200e\u00a0<br \/>Tour du Caire \u200e60,00\u200e\u00a0<br \/>Palais Manial \u200e35.00\u200e \u200e25.00\u200e\u00a0<br \/>Bayt El-Suhaymy \u200e30.00\u200e \u200e15.00\u200e\u00a0<br \/>Hosh El-Basha \u200e15.00\u200e&amp;nbsp<br \/>Plateau de Gizeh \u200e60.00\u200e \u200e30.00\u200e\u00a0<br \/>Entrer dans la Pyramide de Kh\u00e9ops \u200e100.00\u200e NON<br \/>Pyramide de Menkaour\u00ea 30.00\u200e \u200e15.00<br \/>Mus\u00e9e du Bateau Solaire \u200e50.00\u200e \u200e25.00\u200e&amp;nbsp<br \/>Spectacle de lumi\u00e8re \u200e75.00\u200e \u200e75.00\u200e<br \/>Saqqarah \u200e60.00\u200e \u200e30.00\u200e\u00a0 Autres mastabas\u00a0 Comprend\u00a0: Tels que Ty, Nefer, Irukaptah, Niannkh-\u200ekhnum, Khnumhotep (Remarque\u00a0: Serapeum est ferm\u00e9 jusqu&rsquo;\u00e0 nouvel ordre).<\/p>\r\n\r\n\r\n\r\n<p>\u00a0Dahchour\u00a0=\u200e \u200e30.00\u200e<br \/>Inclut\u00a0: href= \u00ab\u00a0noreferrer noopener\u00a0\u00bb<br \/>Pyramide Rouge ; Int\u00e9rieur.\u200e \u200e25.00\u200e \u200e15.00\u200e\u00a0<br \/>Memphis \u200e35.00\u200e \u200e20.00\u200e<br \/>Meidum \u200e35.00\u200e \u200e20.00\u200e&amp;nbsp<br \/>Hawara \u200e35.00\u200e \u200e20.00\u200e\u00a0<br \/>Louxor<br \/>Vall\u00e9e des Rois \u200e \u200e80 + 04.00\u200e \u200e40 + 04.00\u200e NON<br \/>Vall\u00e9e des Reines \u200e \u200e30 + 02.00\u200e \u200e15 + 02.00\u200e NON<br \/><a class=\"\" style=\"display: inline !important; width: auto !important;\" href=\"https:\/\/www.touregyptclub.com\/fr\/le-temple-de-karnak\/\" data-wpil-post-to-id=\"346\">Temple de Karnak<\/a> \u200e65.00\u200e \u200e35.00\u200e Bien<br \/>Mus\u00e9e <a class=\"\" style=\"display: inline !important; width: auto !important;\" href=\"https:\/\/www.touregyptclub.com\/es\/egipto-informacion-turistica-para-viajeros\/luxor-guia-de-viaje\/el-templo-de-karnak-en\/\" data-wpil-post-to-id=\"15843\">en plein air de Karnak<\/a> \u200e25.00\u200e \u200e15.00\u200e\u00a0<br \/>Son du Temple de Karnak &amp;<br \/>Spectacle de lumi\u00e8re \u200e55.00\u200e&amp;nbsp<br \/><a class=\"\" style=\"display: inline !important; width: auto !important;\" href=\"https:\/\/www.touregyptclub.com\/fr\/guide-de-voyage-a-louxor\/temple-de-louxor\/\" data-wpil-post-to-id=\"345\">Temple de Louxor<\/a> \u200e50.00\u200e \u200e25.00\u200e Ok<br \/>Mus\u00e9e de Louxor \u200e80.00\u200e \u200e40.00\u200e\u00a0<br \/>Mus\u00e9e de la Momification \u200e50.00\u200e \u200e25.00\u200e\u00a0<br \/>Colosses de Memnon Gratuit\u00a0<br \/>Ramessum \u200e30.00\u200e \u200e15.00\u200e\u00a0<br \/>Ay \u200e25.00\u200e \u200e15.00\u200e NOb<br \/>Temple d&rsquo;Hatchepsout \u200e30 + 02.00\u200e \u200e15 + 02.00\u200e D&rsquo;accord<br \/>Ramesseum \u200e30.00\u200e \u200e15.00\u200e Ok<br \/><a href=\"https:\/\/en.wikipedia.org\/wiki\/Medinet_Habu\" target=\"_blank\" rel=\"noopener\">M\u00e9dinat Habou<\/a> \u200e30.00\u200e \u200e15.00\u200e Ok<br \/>Deir El-Medina (Sennedjem, Inherkau, Temple)\u200e \u200e30.00\u200e \u200e15.00\u200e\u00a0<br \/>Deir El-Median Pashedu \u200e30.00\u200e \u200e15.00\u200e&amp;nbsp<br \/>Temple de Seti I \u200e30.00\u200e \u200e15.00\u200e\u00a0<br \/>Temple Merenptah \u200e20h00\u200e \u200e10h00\u200e\u00a0<br \/>Tombe de Toutankhamon (KV62)\u200e \u200e100.00\u200e \u200e50.00\u200e Non<br \/>Titi, Amenherkhopshef, Kahemwaset \u200e30.00\u200e \u200e15.00\u200e\u00a0<br \/>N\u00e9fertari\u00a0<br \/>\u200e(actuellement ferm\u00e9) Permission requise.\u200e \u200e00.00\u200e Non \/ Ferm\u00e9<br \/>Nakht, Menna \u200e25.00\u200e \u200e15.00\u200e Non<br \/>Rekmire, Sennefer \u200e25.00\u200e \u200e10.00\u200e\u00a0<br \/>Ramose, Ouserhet, Khaemhet \u200e25.00\u200e \u200e15.00\u200e\u00a0<br \/>Khons, Ouserhet, Benia \u200e12.00\u200e \u200e06.00\u200e\u00a0<br \/>Pabasa \u200e25.00\u200e \u200e15.00\u200e\u00a0<br \/>Keref, Ancre \u200e20.00\u200e\u00a0<br \/>R\u00e9gion de Khokha \u200e20.00\u200e\u00a0<br \/>Roy, Shuroy \u200e12.00\u200e \u200e06.00\u200e\u00a0<br \/>Abydos \u200e30.00\u200e \u200e15.00\u200e\u00a0<br \/>Dend\u00e9rah \u200e35.00\u200e \u200e20.00\u200e\u00a0<br \/>Esna \u200e20.00\u200e \u200e15.00\u200e\u00a0<br \/>Edfou \u200e50.00\u200e \u200e25.00\u200e\u00a0<br \/>Kom Ombo \u200e30.00\u200e \u200e15.00\u200e\u00a0<br \/>M\u00e9nia<br \/>Tombes Beni Hassan \u200e30.00\u200e \u200e15.00\u200e\u00a0<br \/>Thon Al-Gabal \u200e20.00\u200e \u200e15.00\u200e\u00a0<br \/>Tel El-Amarna \u200e30.00\u200e \u200e15.00\u200e\u00a0<br \/>Assouan<br \/>Temple d&rsquo;Abou Simbel \u200e90.00\u200e \u200e45.00\u200e\u00a0<br \/>Jardins botaniques \u200e10h00\u200e\u00a0<br \/>Haut Barrage \u200e15.00\u200e\u00a0<br \/>Mus\u00e9e Nubien \u200e50.00\u200e \u200e25.00\u200e\u00a0<br \/>Mus\u00e9e d&rsquo;Assouan \u200e30.00\u200e \u200e15.00\u200e\u00a0<br \/>Temple de Philae\u00a0<br \/>\u200e(N&rsquo;inclut pas le bateau)\u200e 50.00\u200e \u200e25.00\u200e\u00a0<br \/>Spectacle son et lumi\u00e8re du temple de Philae \u200e33,00\u200e\u00a0<br \/>Tombes des Nobles \u200e30.00\u200e \u200e15.00\u200e\u00a0<br \/>Ob\u00e9lisque inachev\u00e9 \u200e30.00\u200e \u200e15.00\u200e\u00a0<br \/>Temple de Kalabsha \u200e35.00\u200e \u200e20.00<\/p>\r\n\r\n\r\n\r\n<p>Monast\u00e8re Saint-Sim\u00e9on \u200e25,00\u200e\u00a0<br \/>Temple de Kalabsha \u200e35.00\u200e \u200e20.00\u200e\u00a0<br \/>Alexandrie<br \/>Catacombes de Kom El-Shoqafa \u200e35.00\u200e \u200e20.00\u200e Non<br \/>Fort Qait Bey \u200e25.00\u200e \u200e15.00\u200e Gratuit<br \/>Mus\u00e9e des Antiquit\u00e9s gr\u00e9co-romaines \u200e00.00\u200e \u200e00.00\u200e Ferm\u00e9<br \/>Villa des Oiseaux \u200e15h00\u200e \u200e08h00\u200e\u00a0<br \/>Mus\u00e9e de la Bijouterie \u200e00.00\u200e \u200e00.00\u200e Ferm\u00e9<br \/>Jardins du Palais de Montazah (Certains jours 5.00)\u200e \u200e05.00\u200e Gratuit<br \/>Colonne de Pomp\u00e9e\u00a0<br \/>Comprend : M\u00e9morial de Diocl\u00e9tien et Amoud El \u200eSawari.\u200e \u200e20.00\u200e \u200e15.00\u200e Gratuit<br \/>Amphith\u00e9\u00e2tre romain \u200e20.00\u200e \u200e15.00\u200e Gratuit<br \/>Mus\u00e9e national \u200e35.00\u200e \u200e20.00\u200e No Flash<br \/>Biblioth\u00e8que d&rsquo;Alexandrie \u200e10.00\u200e Gratuit<br \/>Mosqu\u00e9e Abou El-Abbas Gratuit<br \/>\u00c9glise Saint-Marc Gratuit Gratuit<br \/>El Alamain<br \/>Mus\u00e9e militaire\u00a0<br \/>Remarque\u00a0: gratuit pour les enfants de moins de 6\u00a0ans, mais pas dans la zone de la biblioth\u00e8que.<br \/>Maisons de l&rsquo;\u00e9poque ottomane \u200e20.00\u200e Gratuit<br \/>Hurghada<br \/>Mus\u00e9e de biologie marine \u200e05.00\u200e\u00a0<br \/>Aquarium de la Mer Rouge \u200e05.00\u200e\u00a0<br \/>Sina\u00ef<br \/>Parc national de Ras Mohammed U$D 20,00\u200e\u00a0<br \/>Monast\u00e8re Sainte-Catherine U$D 20.00\u200e<\/p>\r\n","protected":false},"excerpt":{"rendered":"<p>Voici une liste des droits d&rsquo;entr\u00e9e en \u00c9gypte pour les principaux monuments, temples, tombes et mus\u00e9es\u00a0:\u200eLes prix sont affich\u00e9s en livre \u00e9gyptienne &#8211; sauf indication contraire, la devise \u00e9gyptienne est la livre qui est appel\u00e9e L.E signifie Livere Egyptien, ou EGP signifie livre \u00e9gyptienne. Il est indispensable en \u00c9gypte d&rsquo;utiliser la livre \u00e9gyptienne pour acheter [&hellip;]<\/p>\n","protected":false},"author":1,"featured_media":0,"parent":0,"menu_order":0,"comment_status":"closed","ping_status":"closed","template":"template-home-modern.php","meta":{"_acf_changed":false,"_uf_show_specific_survey":0,"_uf_disable_surveys":false,"footnotes":""},"class_list":["post-28628","page","type-page","status-publish","has-post-thumbnail","hentry"],"acf":[],"_links":{"self":[{"href":"https:\/\/www.touregyptclub.com\/fr\/wp-json\/wp\/v2\/pages\/28628","targetHints":{"allow":["GET"]}}],"collection":[{"href":"https:\/\/www.touregyptclub.com\/fr\/wp-json\/wp\/v2\/pages"}],"about":[{"href":"https:\/\/www.touregyptclub.com\/fr\/wp-json\/wp\/v2\/types\/page"}],"author":[{"embeddable":true,"href":"https:\/\/www.touregyptclub.com\/fr\/wp-json\/wp\/v2\/users\/1"}],"replies":[{"embeddable":true,"href":"https:\/\/www.touregyptclub.com\/fr\/wp-json\/wp\/v2\/comments?post=28628"}],"version-history":[{"count":0,"href":"https:\/\/www.touregyptclub.com\/fr\/wp-json\/wp\/v2\/pages\/28628\/revisions"}],"wp:attachment":[{"href":"https:\/\/www.touregyptclub.com\/fr\/wp-json\/wp\/v2\/media?parent=28628"}],"curies":[{"name":"wp","href":"https:\/\/api.w.org\/{rel}","templated":true}]}}