{"id":28626,"date":"2022-01-14T08:32:23","date_gmt":"2022-01-14T08:32:23","guid":{"rendered":"https:\/\/touregyptclub.com\/egypt-holiday-calendar\/"},"modified":"2023-12-23T06:33:42","modified_gmt":"2023-12-23T06:33:42","slug":"calendrier-vacances-egypte","status":"publish","type":"page","link":"http:\/\/www.touregyptclub.com\/fr\/calendrier-des-vacances-en-egypte\/","title":{"rendered":"Calendrier des jours f\u00e9ri\u00e9s en \u00c9gypte"},"content":{"rendered":"\r\n<p>Partez \u00e0 la d\u00e9couverte de l&rsquo; Calendrier des jours f\u00e9ri\u00e9s en \u00c9gypte des f\u00eates De la f\u00eate nationale aux c\u00e9l\u00e9brations familiales, d\u00e9couvrez la joie, les traditions et la richesse culturelle qui font de chaque occasion un moment sp\u00e9cial. Rejoignez-nous pour d\u00e9couvrir les moments r\u00e9confortants qui rassemblent les gens \u00e0 travers ce pays dynamique.<\/p>\r\n<h2>Jour de l&rsquo;an (1er janvier)<\/h2>\r\n<p>Le jour du Nouvel An en \u00c9gypte, tout le monde est enthousiaste et heureux. Les villes sont tr\u00e8s jolies, avec de nombreuses d\u00e9corations, et il y a de grandes f\u00eates avec des feux d&rsquo;artifice dans le ciel. Les familles organisent leurs propres f\u00eates ou se rendent \u00e0 celles des autres. Elles mangent des plats d\u00e9licieux et c&rsquo;est un moment o\u00f9 tout le monde se sent heureux et plein d&rsquo;espoir pour la nouvelle ann\u00e9e. Les gens se rassemblent pour appr\u00e9cier le d\u00e9but de quelque chose de nouveau, et c&rsquo;est une p\u00e9riode de sourires et de bons sentiments pour tout le monde.<\/p>\r\n<h2>No\u00ebl copte (7 janvier)<\/h2>\r\n<p>Le No\u00ebl copte rev\u00eat une grande importance culturelle et religieuse en \u00c9gypte. Ce jour est marqu\u00e9 par des services liturgiques sp\u00e9ciaux dans les \u00e9glises coptes orthodoxes du pays. Les familles se r\u00e9unissent pour partager des repas, \u00e9changer des cadeaux et participer \u00e0 des activit\u00e9s religieuses. L&rsquo;atmosph\u00e8re festive s&rsquo;\u00e9tend aux espaces publics, orn\u00e9s de lumi\u00e8res et de d\u00e9corations de No\u00ebl.<\/p>\r\n<h2>Journ\u00e9e de la r\u00e9volution (25 janvier)<\/h2>\r\n<p>La journ\u00e9e de la r\u00e9volution, le 25 janvier, est une journ\u00e9e sp\u00e9ciale en \u00c9gypte qui comm\u00e9more un grand changement qui s&rsquo;est produit en 2011. Ce changement a entra\u00een\u00e9 d&rsquo;importantes divergences politiques. Ce jour-l\u00e0, les \u00c9gyptiens participent \u00e0 diff\u00e9rentes activit\u00e9s, comme des rassemblements et des \u00e9v\u00e9nements culturels. Ils parlent \u00e9galement de l&rsquo;impact de la r\u00e9volution sur leur pays.<\/p>\r\n<p>C&rsquo;est un peu comme une journ\u00e9e pour regarder en arri\u00e8re et r\u00e9fl\u00e9chir \u00e0 la fa\u00e7on dont l&rsquo;\u00c9gypte a \u00e9volu\u00e9 vers plus de d\u00e9mocratie et d&rsquo;\u00e9quit\u00e9 pour tout le monde. Les gens partagent leurs pens\u00e9es et c&rsquo;est l&rsquo;occasion de se souvenir du chemin parcouru par l&rsquo;\u00c9gypte pour cr\u00e9er une soci\u00e9t\u00e9 juste et \u00e9quitable pour tous.<\/p>\r\n<h2>Sham el-Nessim (mars)<\/h2>\r\n<p>Sham el-Nessim, en mars, est une c\u00e9l\u00e9bration sp\u00e9ciale en \u00c9gypte qui remonte \u00e0 l&rsquo;Antiquit\u00e9. C&rsquo;est une sorte de f\u00eate pour accueillir le printemps, et les familles font beaucoup de choses amusantes ensemble. Les gens sortent g\u00e9n\u00e9ralement pour pique-niquer et profiter de l&rsquo;air frais. Ils mangent des aliments sp\u00e9ciaux, comme du poisson sal\u00e9 et des \u0153ufs color\u00e9s, qui rendent la journ\u00e9e encore plus festive. Cette c\u00e9l\u00e9bration permet \u00e0 chacun de se sentir heureux et uni en partageant l&rsquo;excitation de la nouvelle saison. Sham el-Nessim est l&rsquo;occasion pour les familles de se r\u00e9unir, de s&rsquo;amuser et de profiter du d\u00e9but du printemps en \u00c9gypte.<\/p>\r\n<h2>Journ\u00e9e de la lib\u00e9ration du Sina\u00ef (25 avril)<\/h2>\r\n<p>La journ\u00e9e de la lib\u00e9ration du Sina\u00ef, le 25 avril, est une journ\u00e9e sp\u00e9ciale en \u00c9gypte qui rappelle \u00e0 la population un \u00e9v\u00e9nement important qui s&rsquo;est produit en 1982. Ce jour-l\u00e0, tout le monde est tr\u00e8s fier car il marque le moment o\u00f9 les forces isra\u00e9liennes ont quitt\u00e9 la p\u00e9ninsule du Sina\u00ef. Pour c\u00e9l\u00e9brer cette journ\u00e9e, de grands \u00e9v\u00e9nements sont organis\u00e9s, tels que des d\u00e9fil\u00e9s militaires, des activit\u00e9s culturelles et des c\u00e9r\u00e9monies.<\/p>\r\n<p>Ces \u00e9v\u00e9nements permettent \u00e0 chacun de se souvenir et d&rsquo;honorer les sacrifices qui ont \u00e9t\u00e9 faits pendant cette p\u00e9riode. Les \u00c9gyptiens profitent de cette journ\u00e9e pour montrer \u00e0 quel point ils aiment leur pays et ressentent une grande fiert\u00e9 d&rsquo;\u00eatre \u00c9gyptiens. Le jour de la lib\u00e9ration du Sina\u00ef est l&rsquo;occasion de se rassembler en tant que nation et de c\u00e9l\u00e9brer la libert\u00e9 et l&rsquo;unit\u00e9 de l&rsquo;\u00c9gypte.<\/p>\r\n<h2>F\u00eate du travail (1er mai)<\/h2>\r\n<p>La f\u00eate du travail, le 1er mai, est une journ\u00e9e importante en \u00c9gypte, au cours de laquelle nous appr\u00e9cions le dur labeur des personnes occupant diff\u00e9rents emplois. Cette journ\u00e9e est consacr\u00e9e \u00e0 la c\u00e9l\u00e9bration des travailleurs et des t\u00e2ches importantes qu&rsquo;ils accomplissent pour notre pays. Les gens se r\u00e9unissent pour de grands rassemblements appel\u00e9s manifestations et d\u00e9fil\u00e9s, organis\u00e9s par des groupes appel\u00e9s syndicats.<\/p>\r\n<p>Ces manifestations sont un moyen de parler des probl\u00e8mes li\u00e9s au travail et de veiller \u00e0 ce que les travailleurs soient trait\u00e9s \u00e9quitablement. C&rsquo;est l&rsquo;occasion de d\u00e9fendre les droits des travailleurs et de veiller \u00e0 ce que chacun soit bien trait\u00e9 dans son travail. La f\u00eate du travail est l&rsquo;occasion pour chacun de se rassembler et de veiller \u00e0 ce que les personnes qui travaillent dur soient appr\u00e9ci\u00e9es et respect\u00e9es.<\/p>\r\n<h2>A\u00efd al-Fitr (mai)<\/h2>\r\n<p>L&rsquo;A\u00efd al-Fitr, en mai, est une f\u00eate tr\u00e8s joyeuse en \u00c9gypte qui vient apr\u00e8s le Ramadan, un mois de je\u00fbne et de r\u00e9flexion. C&rsquo;est une grande f\u00eate de la joie, de la reconnaissance et de l&rsquo;unit\u00e9. Les familles se r\u00e9unissent pour des pri\u00e8res sp\u00e9ciales marquant la fin du ramadan, puis elles partagent de d\u00e9licieux repas et s&rsquo;\u00e9changent des cadeaux.<\/p>\r\n<p>Ce qui est vraiment g\u00e9nial, c&rsquo;est que beaucoup de gens s&rsquo;efforcent \u00e9galement d&rsquo;\u00eatre gentils avec les autres pendant cette p\u00e9riode. De nombreux \u00c9gyptiens font des dons \u00e0 des \u0153uvres caritatives et aident ceux qui sont dans le besoin. L&rsquo;A\u00efd al-Fitr est une p\u00e9riode o\u00f9 toute la communaut\u00e9 se r\u00e9unit pour r\u00e9pandre le bonheur, partager les b\u00e9n\u00e9dictions et faire preuve de gentillesse les uns envers les autres.<\/p>\r\n<h2>Wafaa El-Nil (crue du Nil) (juillet)<\/h2>\r\n<p>Bien que l&rsquo;irrigation moderne ait modifi\u00e9 la crue naturelle du Nil, la <a href=\"https:\/\/en.sputniknews.africa\/20230816\/wafaa-el-nil-celebrating-the-niles-blessings-in-egypt-1061376498.html\" target=\"_blank\" rel=\"noopener\">Wafaa El-Nil<\/a> reste une c\u00e9l\u00e9bration culturelle. Les \u00c9gyptiens peuvent participer \u00e0 des \u00e9v\u00e9nements, des spectacles et des activit\u00e9s \u00e9ducatives pour honorer l&rsquo;importance historique du Nil dans le maintien de l&rsquo;ancienne civilisation \u00e9gyptienne.Journ\u00e9e de la r\u00e9volution (23 juillet).<\/p>\r\n<p>Le 23 juillet comm\u00e9more la r\u00e9volution \u00e9gyptienne de 1952. Les \u00c9gyptiens assistent \u00e0 des c\u00e9r\u00e9monies, visitent des sites historiques et discutent de l&rsquo;impact de la r\u00e9volution sur la nation. C&rsquo;est une journ\u00e9e de c\u00e9l\u00e9bration de l&rsquo;ind\u00e9pendance et de r\u00e9flexion sur le cheminement du pays vers l&rsquo;autod\u00e9termination.<\/p>\r\n<h2>F\u00eate nationale (15 ao\u00fbt)<\/h2>\r\n<p>La f\u00eate nationale, c\u00e9l\u00e9br\u00e9e le 15 ao\u00fbt, est un hommage jubilatoire \u00e0 l&rsquo;identit\u00e9 et \u00e0 la souverainet\u00e9 de l&rsquo;\u00c9gypte. Les festivit\u00e9s peignent le pays en teintes patriotiques, avec de grandes manifestations de fiert\u00e9 nationale au travers d&rsquo;\u00e9v\u00e9nements vibrants. Les c\u00e9l\u00e9brations culturelles mettent en valeur la riche tapisserie du patrimoine \u00e9gyptien, soulignant l&rsquo;unit\u00e9 et la force.<\/p>\r\n<p>Alors que les communaut\u00e9s se rassemblent dans la joie, cette journ\u00e9e est un rappel poignant de l&rsquo;esprit collectif qui d\u00e9finit la nation, favorisant un sentiment d&rsquo;appartenance et un objectif commun parmi ses habitants.<\/p>\r\n<h2>Le jour d&rsquo;Arafat et l&rsquo;A\u00efd al-Adha (septembre)<\/h2>\r\n<p>Le jour d&rsquo;Arafat, qui pr\u00e9c\u00e8de l&rsquo;A\u00efd al-Adha, est un jour solennel de pri\u00e8re et de r\u00e9flexion pour les musulmans d&rsquo;\u00c9gypte. Les fid\u00e8les participent \u00e0 des pri\u00e8res et \u00e0 des rituels sp\u00e9ciaux, mettant l&rsquo;accent sur l&rsquo;autodiscipline et la spiritualit\u00e9. Au fur et \u00e0 mesure que la journ\u00e9e se prolonge jusqu&rsquo;\u00e0 l&rsquo;A\u00efd al-Adha, la f\u00eate du sacrifice, l&rsquo;atmosph\u00e8re se transforme en un climat de g\u00e9n\u00e9rosit\u00e9 et de compassion.<\/p>\r\n<p>Les familles se r\u00e9unissent pour comm\u00e9morer l&rsquo;\u00e9v\u00e9nement par le sacrifice rituel d&rsquo;animaux, symbole d&rsquo;altruisme et de charit\u00e9. Ces c\u00e9l\u00e9brations permettent non seulement d&rsquo;approfondir les liens spirituels, mais aussi de renforcer les liens communautaires, incarnant ainsi l&rsquo;essence de l&rsquo;unit\u00e9 et des valeurs partag\u00e9es.<\/p>\r\n<h2>Nouvel an islamique (octobre)<\/h2>\r\n<p>Le Nouvel An islamique, c\u00e9l\u00e9br\u00e9 en octobre, marque une p\u00e9riode de profonde introspection et de renouveau spirituel pour les musulmans d&rsquo;\u00c9gypte. Cet \u00e9v\u00e9nement donne lieu \u00e0 des pri\u00e8res sp\u00e9ciales, \u00e0 des engagements religieux et \u00e0 la contemplation d&rsquo;objectifs personnels pour l&rsquo;ann\u00e9e \u00e0 venir. C&rsquo;est une p\u00e9riode de connexion avec la foi, qui encourage les individus \u00e0 rechercher le d\u00e9veloppement spirituel et \u00e0 embrasser les vertus de la gentillesse, de la compassion et de l&rsquo;am\u00e9lioration de soi.<\/p>\r\n<h2>Journ\u00e9e des forces arm\u00e9es (6 octobre)<\/h2>\r\n<p>Le 6 octobre, Journ\u00e9e des forces arm\u00e9es, est un hommage puissant au r\u00f4le central jou\u00e9 par l&rsquo;arm\u00e9e dans la guerre d&rsquo;octobre 1973. Cette journ\u00e9e est marqu\u00e9e par des d\u00e9fil\u00e9s militaires majestueux, des manifestations patriotiques \u00e9mouvantes et des \u00e9v\u00e9nements qui mettent en lumi\u00e8re la force et l&rsquo;unit\u00e9 des forces arm\u00e9es \u00e9gyptiennes. Les \u00c9gyptiens sont fiers d&rsquo;honorer les sacrifices consentis en p\u00e9riode de conflit, r\u00e9affirmant ainsi la r\u00e9silience de la nation et son engagement \u00e0 sauvegarder sa souverainet\u00e9.<\/p>\r\n<h2>Journ\u00e9e de la victoire (24 octobre)<\/h2>\r\n<p>La Journ\u00e9e de la victoire, le 24 octobre, comm\u00e9more les moments de triomphe de l&rsquo;\u00c9gypte lors de la guerre isra\u00e9lo-arabe de 1973. Cette journ\u00e9e est marqu\u00e9e par des \u00e9v\u00e9nements qui rendent hommage \u00e0 la bravoure et aux sacrifices de ceux qui ont contribu\u00e9 au succ\u00e8s de l&rsquo;\u00c9gypte dans le conflit. C&rsquo;est un moment de fiert\u00e9 nationale, de souvenir et de gratitude pour le courage dont ils ont fait preuve \u00e0 des moments historiques cruciaux.<\/p>\r\n<h2>Anniversaire du proph\u00e8te Mahomet (d\u00e9cembre)<\/h2>\r\n<p>La c\u00e9l\u00e9bration de l&rsquo;anniversaire du proph\u00e8te Mahomet, en d\u00e9cembre, est un moment de r\u00e9flexion et de profonde religiosit\u00e9 pour les musulmans d&rsquo;\u00c9gypte. Comm\u00e9mor\u00e9e par des pri\u00e8res sp\u00e9ciales, des sermons et des actes de bont\u00e9, cette journ\u00e9e est l&rsquo;occasion pour les croyants de r\u00e9fl\u00e9chir aux enseignements du proph\u00e8te. Nombreux sont ceux qui s&rsquo;efforcent d&rsquo;incarner ses vertus de compassion, de tol\u00e9rance et de g\u00e9n\u00e9rosit\u00e9, favorisant ainsi un sentiment d&rsquo;unit\u00e9 et de partage des valeurs au sein de la communaut\u00e9 musulmane.<\/p>\r\n<h2>Jour de No\u00ebl (25 d\u00e9cembre)<\/h2>\r\n<p>Le 25 d\u00e9cembre, les communaut\u00e9s chr\u00e9tiennes d&rsquo;\u00c9gypte c\u00e9l\u00e8brent joyeusement No\u00ebl. Des services religieux sp\u00e9ciaux, des repas festifs et l&rsquo;\u00e9change de cadeaux caract\u00e9risent cette journ\u00e9e. Cette journ\u00e9e rev\u00eat une importance culturelle et religieuse, car elle rassemble les familles et les communaut\u00e9s dans un esprit de joie et d&rsquo;unit\u00e9. En \u00c9gypte, No\u00ebl est une p\u00e9riode de r\u00e9flexion spirituelle, de camaraderie et de partage de l&rsquo;amour et de la bonne volont\u00e9.<\/p>\r\n<h2>Journ\u00e9e de la famille (26 d\u00e9cembre)<\/h2>\r\n<p>La journ\u00e9e de la famille, le 26 d\u00e9cembre, est une c\u00e9l\u00e9bration r\u00e9confortante qui souligne l&rsquo;importance des liens familiaux en \u00c9gypte. Les familles se r\u00e9unissent pour partager des repas et s&rsquo;adonner \u00e0 diverses activit\u00e9s, faisant une pause dans leur routine pour renforcer les liens qui constituent le fondement de la soci\u00e9t\u00e9 \u00e9gyptienne.<\/p>\r\n<p>Qu&rsquo;il s&rsquo;agisse de d\u00e9guster des plats sp\u00e9ciaux \u00e0 la maison ou de se promener tranquillement dans le parc, cette journ\u00e9e est un rappel simple mais profond de l&rsquo;amour et du soutien que les familles apportent, ce qui en fait une occasion pr\u00e9cieuse pour tous les \u00c9gyptiens.<\/p>\r\n<h2>Journ\u00e9e de la victoire de Suez (29 d\u00e9cembre)<\/h2>\r\n<p>La Journ\u00e9e de la victoire de Suez, le 29 d\u00e9cembre, comm\u00e9more le triomphe de l&rsquo;\u00c9gypte lors de la crise de Suez en 1956. Cette journ\u00e9e est marqu\u00e9e par des \u00e9v\u00e9nements qui rendent hommage \u00e0 la r\u00e9silience et \u00e0 la d\u00e9termination du peuple \u00e9gyptien pendant cette p\u00e9riode charni\u00e8re de l&rsquo;histoire de la nation. Les \u00c9gyptiens se rassemblent pour r\u00e9fl\u00e9chir \u00e0 leur force collective, \u00e0 leur unit\u00e9 et \u00e0 leur esprit in\u00e9branlable, en reconnaissant les sacrifices consentis pour la souverainet\u00e9 de la nation.<\/p>\r\n<h2>R\u00e9veillon du Nouvel An (31 d\u00e9cembre)<\/h2>\r\n<p>Le r\u00e9veillon du 31 d\u00e9cembre, c\u00e9l\u00e9br\u00e9 par de joyeuses festivit\u00e9s, marque le point culminant de l&rsquo;ann\u00e9e en \u00c9gypte. Les espaces publics, les h\u00f4tels et les restaurants s&rsquo;animent de feux d&rsquo;artifice, de musique et de rassemblements exub\u00e9rants, tandis que les \u00c9gyptiens font leurs adieux \u00e0 l&rsquo;ancienne ann\u00e9e et accueillent la nouvelle. C&rsquo;est un moment de r\u00e9flexion, d&rsquo;anticipation et de r\u00e9jouissances collectives, qui symbolise l&rsquo;espoir et l&rsquo;optimisme quant aux possibilit\u00e9s de l&rsquo;ann\u00e9e \u00e0 venir.<\/p>\r\n<p>Reli\u00e9: <a href=\"https:\/\/www.touregyptclub.com\/fr\/le-ramadan-en-egypte-est-different\/\">Le Ramadan en Egypte est diff\u00e9rent<\/a><\/p>\r\n","protected":false},"excerpt":{"rendered":"<p>Partez \u00e0 la d\u00e9couverte de l&rsquo; Calendrier des jours f\u00e9ri\u00e9s en \u00c9gypte des f\u00eates De la f\u00eate nationale aux c\u00e9l\u00e9brations familiales, d\u00e9couvrez la joie, les traditions et la richesse culturelle qui font de chaque occasion un moment sp\u00e9cial. Rejoignez-nous pour d\u00e9couvrir les moments r\u00e9confortants qui rassemblent les gens \u00e0 travers ce pays dynamique. Jour de [&hellip;]<\/p>\n","protected":false},"author":1,"featured_media":0,"parent":0,"menu_order":0,"comment_status":"closed","ping_status":"closed","template":"template-home-modern.php","meta":{"_acf_changed":false,"_uf_show_specific_survey":0,"_uf_disable_surveys":false,"footnotes":""},"class_list":["post-28626","page","type-page","status-publish","has-post-thumbnail","hentry"],"acf":[],"_links":{"self":[{"href":"https:\/\/www.touregyptclub.com\/fr\/wp-json\/wp\/v2\/pages\/28626","targetHints":{"allow":["GET"]}}],"collection":[{"href":"https:\/\/www.touregyptclub.com\/fr\/wp-json\/wp\/v2\/pages"}],"about":[{"href":"https:\/\/www.touregyptclub.com\/fr\/wp-json\/wp\/v2\/types\/page"}],"author":[{"embeddable":true,"href":"https:\/\/www.touregyptclub.com\/fr\/wp-json\/wp\/v2\/users\/1"}],"replies":[{"embeddable":true,"href":"https:\/\/www.touregyptclub.com\/fr\/wp-json\/wp\/v2\/comments?post=28626"}],"version-history":[{"count":0,"href":"https:\/\/www.touregyptclub.com\/fr\/wp-json\/wp\/v2\/pages\/28626\/revisions"}],"wp:attachment":[{"href":"https:\/\/www.touregyptclub.com\/fr\/wp-json\/wp\/v2\/media?parent=28626"}],"curies":[{"name":"wp","href":"https:\/\/api.w.org\/{rel}","templated":true}]}}