{"id":28624,"date":"2022-01-14T08:32:14","date_gmt":"2022-01-14T08:32:14","guid":{"rendered":"https:\/\/touregyptclub.com\/egypt-ferries-schedules\/"},"modified":"2024-08-29T09:22:56","modified_gmt":"2024-08-29T09:22:56","slug":"egypt-ferries-schedules","status":"publish","type":"page","link":"http:\/\/www.touregyptclub.com\/fr\/egypt-ferries-schedules\/","title":{"rendered":"Horaires des ferries en \u00c9gypte"},"content":{"rendered":"<p>D\u00e9couvrez les horaires des ferries en \u00c9gypte, votre guide ultime pour voyager sans encombre \u00e0 travers les magnifiques destinations de l&rsquo;\u00c9gypte. Que vous alliez de Nuweiba \u00e0 Aqaba ou que vous exploriez les itin\u00e9raires de Sharm El-Sheikh \u00e0 Hurghada, nous avons tout ce qu&rsquo;il vous faut. Plongez dans les d\u00e9tails des heures de d\u00e9part, des options de navires et des tarifs pour une aventure en douceur sur la mer Rouge. Vous pr\u00e9voyez de vous rendre de High Dam \u00e0 Wadi Halfa. Nous nous en occupons aussi ! Consultez nos horaires simples pour planifier votre voyage sans effort et cr\u00e9er des exp\u00e9riences inoubliables. Bon voyage et d\u00e9couvrez la beaut\u00e9 captivante de la r\u00e9gion de la mer Rouge.<script async=\"async\" data-cfasync=\"false\" src=\"\/\/pl23925331.cpmrevenuegate.com\/976e82e34110e7274144112203762b63\/invoke.js\"><\/script><\/p>\n<div id=\"container-976e82e34110e7274144112203762b63\"><\/div>\n<div id=\"container-976e82e34110e7274144112203762b63\"><\/div>\n<table style=\"width: 98.799%;\" border=\"1\" class=\"mtr-table mtr-thead-th\">\n<thead>\n<tr><script type=\"text\/javascript\">\n\tatOptions = {\n\t\t'key' : '31092da35245e47d50b64972c66b4b44',\n\t\t'format' : 'iframe',\n\t\t'height' : 90,\n\t\t'width' : 728,\n\t\t'params' : {}\n\t};\n<\/script><br>\n<script type=\"text\/javascript\" src=\"\/\/www.topcreativeformat.com\/31092da35245e47d50b64972c66b4b44\/invoke.js\"><\/script>\n<th style=\"width: 19.8091%;\" data-mtr-content=\"Vessel\" class=\"mtr-th-tag\"><div class=\"mtr-cell-content\">Vessel<\/div><\/th>\n<th style=\"width: 24.3437%;\" data-mtr-content=\"Time\" class=\"mtr-th-tag\"><div class=\"mtr-cell-content\">Time<\/div><\/th>\n<th style=\"width: 13.3652%;\" data-mtr-content=\"Adult\" class=\"mtr-th-tag\"><div class=\"mtr-cell-content\">Adult<\/div><\/th>\n<th style=\"width: 19.3317%;\" data-mtr-content=\"3-5 Years\" class=\"mtr-th-tag\"><div class=\"mtr-cell-content\">3-5 Years<\/div><\/th>\n<th style=\"width: 152.997%;\" data-mtr-content=\"5-12 Years\" class=\"mtr-th-tag\"><div class=\"mtr-cell-content\">5-12 Years<\/div><\/th>\n<\/tr>\n<\/thead>\n<tbody>\n<tr>\n<td style=\"width: 19.8091%;\" data-mtr-content=\"Vessel\" class=\"mtr-td-tag\"><div class=\"mtr-cell-content\">Slow Boat<\/div><\/td>\n<td style=\"width: 24.3437%;\" data-mtr-content=\"Time\" class=\"mtr-td-tag\"><div class=\"mtr-cell-content\">11:00 &amp; 17:00<\/div><\/td>\n<td style=\"width: 13.3652%;\" data-mtr-content=\"Adult\" class=\"mtr-td-tag\"><div class=\"mtr-cell-content\">$35.00<\/div><\/td>\n<td style=\"width: 19.3317%;\" data-mtr-content=\"3-5 Years\" class=\"mtr-td-tag\"><div class=\"mtr-cell-content\">\u2013<\/div><\/td>\n<td style=\"width: 152.997%;\" data-mtr-content=\"5-12 Years\" class=\"mtr-td-tag\"><div class=\"mtr-cell-content\">\u2013<\/div><\/td>\n<\/tr>\n<tr>\n<td style=\"width: 19.8091%;\" data-mtr-content=\"Vessel\" class=\"mtr-td-tag\"><div class=\"mtr-cell-content\">Catamaran<\/div><\/td>\n<td style=\"width: 24.3437%;\" data-mtr-content=\"Time\" class=\"mtr-td-tag\"><div class=\"mtr-cell-content\">14:40<\/div><\/td>\n<td style=\"width: 13.3652%;\" data-mtr-content=\"Adult\" class=\"mtr-td-tag\"><div class=\"mtr-cell-content\">$45.00<\/div><\/td>\n<td style=\"width: 19.3317%;\" data-mtr-content=\"3-5 Years\" class=\"mtr-td-tag\"><div class=\"mtr-cell-content\">$19.00<\/div><\/td>\n<td style=\"width: 152.997%;\" data-mtr-content=\"5-12 Years\" class=\"mtr-td-tag\"><div class=\"mtr-cell-content\">$29.00<\/div><\/td>\n<\/tr>\n<\/tbody>\n<\/table>\n<h2>Car rates for crossing to Jordan<\/h2>\n<p><script type=\"text\/javascript\">\n\tatOptions = {\n\t\t'key' : '31092da35245e47d50b64972c66b4b44',\n\t\t'format' : 'iframe',\n\t\t'height' : 90,\n\t\t'width' : 728,\n\t\t'params' : {}\n\t};\n<\/script><br \/>\n<script type=\"text\/javascript\" src=\"\/\/www.topcreativeformat.com\/31092da35245e47d50b64972c66b4b44\/invoke.js\"><\/script><br \/>\nEmbarquez pour un voyage sans encombre en Jordanie gr\u00e2ce \u00e0 nos tarifs pratiques de travers\u00e9e en voiture. Que vous pr\u00e9f\u00e9riez l&rsquo;\u00e9l\u00e9gance d&rsquo;une limousine ou l&rsquo;espace d&rsquo;un minibus, nous offrons des options sans tracas pour r\u00e9pondre \u00e0 votre style de voyage. Pour une transition en douceur entre l&rsquo;\u00c9gypte et la Jordanie, le prix de la travers\u00e9e en limousine est de 100 $ et 10 LE, tandis que le prix de la travers\u00e9e en minibus est de 176 $ et 10 LE. Assurez-vous que votre voyage soit aussi confortable que votre destination gr\u00e2ce \u00e0 nos tarifs fiables et abordables de travers\u00e9e en voiture. Bon voyage .<\/p>\n<table style=\"width: 99.6978%;\" border=\"1\" class=\"mtr-table mtr-thead-th\"><script type=\"text\/javascript\">\n\tatOptions = {\n\t\t'key' : '31092da35245e47d50b64972c66b4b44',\n\t\t'format' : 'iframe',\n\t\t'height' : 90,\n\t\t'width' : 728,\n\t\t'params' : {}\n\t};\n<\/script><br>\n<script type=\"text\/javascript\" src=\"\/\/www.topcreativeformat.com\/31092da35245e47d50b64972c66b4b44\/invoke.js\"><\/script>\n<thead>\n<tr>\n<th style=\"width: 52.0147%;\" data-mtr-content=\"Vehicle Type\" class=\"mtr-th-tag\"><div class=\"mtr-cell-content\">Vehicle Type<\/div><\/th>\n<th style=\"width: 300%;\" data-mtr-content=\"Rate\" class=\"mtr-th-tag\"><div class=\"mtr-cell-content\">Rate<\/div><\/th>\n<\/tr>\n<\/thead>\n<tbody>\n<tr>\n<td style=\"width: 52.0147%;\" data-mtr-content=\"Vehicle Type\" class=\"mtr-td-tag\"><div class=\"mtr-cell-content\">Limousine crossing<\/div><\/td>\n<td style=\"width: 300%;\" data-mtr-content=\"Rate\" class=\"mtr-td-tag\"><div class=\"mtr-cell-content\">$100.00 &amp; LE 10<\/div><\/td>\n<\/tr>\n<tr>\n<td style=\"width: 52.0147%;\" data-mtr-content=\"Vehicle Type\" class=\"mtr-td-tag\"><div class=\"mtr-cell-content\">Minibus crossing<\/div><\/td>\n<td style=\"width: 300%;\" data-mtr-content=\"Rate\" class=\"mtr-td-tag\"><div class=\"mtr-cell-content\">$176.00 &amp; LE 10<\/div><\/td>\n<\/tr>\n<\/tbody>\n<\/table>\n<h2>Sharm El-Sheikh &#8211; Hurghada<\/h2>\n<p>Une aventure maritime de Sharm El-Sheikh \u00e0 Hurghada ! Imaginez-vous en train de naviguer sur la mer Rouge \u00e0 bord d&rsquo;un ferry lent tous les lundis, mercredis et vendredis, avec un d\u00e9part \u00e0 9h00 et une arriv\u00e9e \u00e0 15h00. Si vous \u00eates press\u00e9, prenez le ferry rapide les lundi, jeudi et samedi, qui part \u00e0 18 h et arrive \u00e0 Hurghada \u00e0 19 h 30. Les prix sont abordables : 270 LE (environ 50 $) pour un si\u00e8ge, ce qui en fait un moyen \u00e9conomique et pittoresque de faire le trajet entre ces deux destinations fantastiques. Plongez dans la magie de la mer Rouge avec ce d\u00e9licieux voyage.<script type=\"text\/javascript\">\n\tatOptions = {\n\t\t'key' : '31092da35245e47d50b64972c66b4b44',\n\t\t'format' : 'iframe',\n\t\t'height' : 90,\n\t\t'width' : 728,\n\t\t'params' : {}\n\t};\n<\/script><br \/>\n<script type=\"text\/javascript\" src=\"\/\/www.topcreativeformat.com\/31092da35245e47d50b64972c66b4b44\/invoke.js\"><\/script><\/p>\n<table border=\"1\" class=\"mtr-table mtr-thead-th\">\n<thead>\n<tr>\n<th data-mtr-content=\"Route\" class=\"mtr-th-tag\"><div class=\"mtr-cell-content\">Route<\/div><\/th>\n<th data-mtr-content=\"Day &amp; Time\" class=\"mtr-th-tag\"><div class=\"mtr-cell-content\">Day &amp; Time<\/div><\/th>\n<th data-mtr-content=\"Fare\" class=\"mtr-th-tag\"><div class=\"mtr-cell-content\">Fare<\/div><\/th>\n<\/tr>\n<\/thead>\n<tbody>\n<tr>\n<td data-mtr-content=\"Route\" class=\"mtr-td-tag\"><div class=\"mtr-cell-content\">Sharm El-Sheikh to Hurghada (Slow ferry)<\/div><\/td>\n<td data-mtr-content=\"Day &amp; Time\" class=\"mtr-td-tag\"><div class=\"mtr-cell-content\">Mon, Wed, Fri 9:00 am \u2013 3:00 pm<\/div><\/td>\n<td data-mtr-content=\"Fare\" class=\"mtr-td-tag\"><div class=\"mtr-cell-content\">LE 270 ($50.00)<\/div><\/td>\n<\/tr>\n<tr>\n<td data-mtr-content=\"Route\" class=\"mtr-td-tag\"><div class=\"mtr-cell-content\">Sharm El-Sheikh to Hurghada (Fast ferry)<\/div><\/td>\n<td data-mtr-content=\"Day &amp; Time\" class=\"mtr-td-tag\"><div class=\"mtr-cell-content\">Mon, Thu, Sat 6:00 pm \u2013 7:30 pm<\/div><\/td>\n<td data-mtr-content=\"Fare\" class=\"mtr-td-tag\"><div class=\"mtr-cell-content\">Egyptians LE 270, Foreigners $50 USD<\/div><\/td>\n<\/tr>\n<tr>\n<td data-mtr-content=\"Route\" class=\"mtr-td-tag\"><div class=\"mtr-cell-content\">Hurghada to Sharm El-Sheikh (Slow ferry)<\/div><\/td>\n<td data-mtr-content=\"Day &amp; Time\" class=\"mtr-td-tag\"><div class=\"mtr-cell-content\">Tue, Thu, Sun 9:00 am \u2013 3:00 pm<\/div><\/td>\n<td data-mtr-content=\"Fare\" class=\"mtr-td-tag\"><div class=\"mtr-cell-content\">\u2013<\/div><\/td>\n<\/tr>\n<tr>\n<td data-mtr-content=\"Route\" class=\"mtr-td-tag\"><div class=\"mtr-cell-content\">Hurghada to Sharm El-Sheikh (Fast ferry)<\/div><\/td>\n<td data-mtr-content=\"Day &amp; Time\" class=\"mtr-td-tag\"><div class=\"mtr-cell-content\">Mon 5:00 am \u2013 6:30 am, Thu, Sat 8:00 am \u2013 9:30 am<\/div><\/td>\n<td data-mtr-content=\"Fare\" class=\"mtr-td-tag\"><div class=\"mtr-cell-content\">\u2013<\/div><\/td>\n<\/tr>\n<\/tbody>\n<\/table>\n<h2>High Dam &#8211; Wadi Halfa<\/h2>\n<p><script type=\"text\/javascript\">\n\tatOptions = {\n\t\t'key' : '31092da35245e47d50b64972c66b4b44',\n\t\t'format' : 'iframe',\n\t\t'height' : 90,\n\t\t'width' : 728,\n\t\t'params' : {}\n\t};\n<\/script><br \/>\n<script type=\"text\/javascript\" src=\"\/\/www.topcreativeformat.com\/31092da35245e47d50b64972c66b4b44\/invoke.js\"><\/script><br \/>\nPartez \u00e0 la d\u00e9couverte d&rsquo;un voyage unique entre le High Dam \u00e9gyptien et le Wadi Halfa soudanais ! Naviguez sur des eaux sereines, au d\u00e9part de High Dam le samedi et de Wadi Halfa le mardi. Appr\u00e9ciez la beaut\u00e9 des paysages, choisissez entre la 1\u00e8re et la 2\u00e8me classe, et laissez l&rsquo;aventure se d\u00e9rouler sur cet itin\u00e9raire sp\u00e9cial. C&rsquo;est l&rsquo;occasion de d\u00e9couvrir de nouveaux paysages et de cr\u00e9er des souvenirs en chemin. Pr\u00e9parez-vous \u00e0 vivre une exp\u00e9rience d\u00e9licieuse entre High Dam et <a href=\"https:\/\/wikitravel.org\/wiki\/en\/index.php?title=Wadi_Halfa&amp;mobileaction=toggle_view_desktop\" target=\"_blank\" rel=\"noopener\">Wadi Halfa<\/a>.<script type=\"text\/javascript\">\n\tatOptions = {\n\t\t'key' : '31092da35245e47d50b64972c66b4b44',\n\t\t'format' : 'iframe',\n\t\t'height' : 90,\n\t\t'width' : 728,\n\t\t'params' : {}\n\t};\n<\/script><br \/>\n<script type=\"text\/javascript\" src=\"\/\/www.topcreativeformat.com\/31092da35245e47d50b64972c66b4b44\/invoke.js\"><\/script><\/p>\n<table style=\"width: 100.088%;\" border=\"1\" class=\"mtr-table mtr-thead-th\">\n<thead>\n<tr>\n<th style=\"width: 37.5262%;\" data-mtr-content=\"Route\" class=\"mtr-th-tag\"><div class=\"mtr-cell-content\">Route<\/div><\/th>\n<th style=\"width: 28.0922%;\" data-mtr-content=\"Departure Days\" class=\"mtr-th-tag\"><div class=\"mtr-cell-content\">Departure Days<\/div><\/th>\n<th style=\"width: 15.7233%;\" data-mtr-content=\"1st Class\" class=\"mtr-th-tag\"><div class=\"mtr-cell-content\">1st Class<\/div><\/th>\n<th style=\"width: 112.17%;\" data-mtr-content=\"2nd Class\" class=\"mtr-th-tag\"><div class=\"mtr-cell-content\">2nd Class<\/div><\/th>\n<\/tr>\n<\/thead>\n<tbody>\n<tr>\n<td style=\"width: 37.5262%;\" data-mtr-content=\"Route\" class=\"mtr-td-tag\"><div class=\"mtr-cell-content\">High Dam to Wadi Halfa<\/div><\/td>\n<td style=\"width: 28.0922%;\" data-mtr-content=\"Departure Days\" class=\"mtr-td-tag\"><div class=\"mtr-cell-content\">Saturday<\/div><\/td>\n<p><script type=\"text\/javascript\">\n\tatOptions = {\n\t\t'key' : '31092da35245e47d50b64972c66b4b44',\n\t\t'format' : 'iframe',\n\t\t'height' : 90,\n\t\t'width' : 728,\n\t\t'params' : {}\n\t};\n<\/script><br>\n<script type=\"text\/javascript\" src=\"\/\/www.topcreativeformat.com\/31092da35245e47d50b64972c66b4b44\/invoke.js\"><\/script><\/p>\n<td style=\"width: 15.7233%;\" data-mtr-content=\"1st Class\" class=\"mtr-td-tag\"><div class=\"mtr-cell-content\">LE 131.00<\/div><\/td>\n<td style=\"width: 112.17%;\" data-mtr-content=\"2nd Class\" class=\"mtr-td-tag\"><div class=\"mtr-cell-content\">LE 77.54<\/div><\/td>\n<\/tr>\n<tr>\n<td style=\"width: 37.5262%;\" data-mtr-content=\"Route\" class=\"mtr-td-tag\"><div class=\"mtr-cell-content\">Wadi Halfa to High Dam<\/div><\/td>\n<td style=\"width: 28.0922%;\" data-mtr-content=\"Departure Days\" class=\"mtr-td-tag\"><div class=\"mtr-cell-content\">Tuesdays<\/div><\/td>\n<td style=\"width: 15.7233%;\" data-mtr-content=\"1st Class\" class=\"mtr-td-tag\"><div class=\"mtr-cell-content\">LE 131.00<\/div><\/td>\n<p><script type=\"text\/javascript\">\n\tatOptions = {\n\t\t'key' : '31092da35245e47d50b64972c66b4b44',\n\t\t'format' : 'iframe',\n\t\t'height' : 90,\n\t\t'width' : 728,\n\t\t'params' : {}\n\t};\n<\/script><br>\n<script type=\"text\/javascript\" src=\"\/\/www.topcreativeformat.com\/31092da35245e47d50b64972c66b4b44\/invoke.js\"><\/script><\/p>\n<td style=\"width: 112.17%;\" data-mtr-content=\"2nd Class\" class=\"mtr-td-tag\"><div class=\"mtr-cell-content\">LE 77.54<\/div><\/td>\n<\/tr>\n<\/tbody>\n<\/table>\n<p>En rapport: <a href=\"https:\/\/www.touregyptclub.com\/fr\/un-des-tresors-touristiques-de-gizeh\/\">Un des tr\u00e9sors touristiques de Gizeh<\/a><\/p>\n","protected":false},"excerpt":{"rendered":"<p>D\u00e9couvrez les horaires des ferries en \u00c9gypte, votre guide ultime pour voyager sans encombre \u00e0 travers les magnifiques destinations de l&rsquo;\u00c9gypte. Que vous alliez de Nuweiba \u00e0 Aqaba ou que vous exploriez les itin\u00e9raires de Sharm El-Sheikh \u00e0 Hurghada, nous avons tout ce qu&rsquo;il vous faut. Plongez dans les d\u00e9tails des heures de d\u00e9part, des [&hellip;]<\/p>\n","protected":false},"author":1,"featured_media":22510,"parent":0,"menu_order":0,"comment_status":"closed","ping_status":"closed","template":"template-home-modern.php","meta":{"_acf_changed":false,"_uf_show_specific_survey":0,"_uf_disable_surveys":false,"footnotes":""},"class_list":["post-28624","page","type-page","status-publish","has-post-thumbnail","hentry"],"acf":[],"_links":{"self":[{"href":"https:\/\/www.touregyptclub.com\/fr\/wp-json\/wp\/v2\/pages\/28624","targetHints":{"allow":["GET"]}}],"collection":[{"href":"https:\/\/www.touregyptclub.com\/fr\/wp-json\/wp\/v2\/pages"}],"about":[{"href":"https:\/\/www.touregyptclub.com\/fr\/wp-json\/wp\/v2\/types\/page"}],"author":[{"embeddable":true,"href":"https:\/\/www.touregyptclub.com\/fr\/wp-json\/wp\/v2\/users\/1"}],"replies":[{"embeddable":true,"href":"https:\/\/www.touregyptclub.com\/fr\/wp-json\/wp\/v2\/comments?post=28624"}],"version-history":[{"count":4,"href":"https:\/\/www.touregyptclub.com\/fr\/wp-json\/wp\/v2\/pages\/28624\/revisions"}],"predecessor-version":[{"id":52483,"href":"https:\/\/www.touregyptclub.com\/fr\/wp-json\/wp\/v2\/pages\/28624\/revisions\/52483"}],"wp:featuredmedia":[{"embeddable":true,"href":"https:\/\/www.touregyptclub.com\/fr\/wp-json\/wp\/v2\/media\/22510"}],"wp:attachment":[{"href":"https:\/\/www.touregyptclub.com\/fr\/wp-json\/wp\/v2\/media?parent=28624"}],"curies":[{"name":"wp","href":"https:\/\/api.w.org\/{rel}","templated":true}]}}