{"id":28622,"date":"2018-12-10T04:55:29","date_gmt":"2018-12-10T04:55:29","guid":{"rendered":"https:\/\/touregyptclub.com\/contact-2\/"},"modified":"2024-01-16T08:35:53","modified_gmt":"2024-01-16T08:35:53","slug":"contact","status":"publish","type":"page","link":"http:\/\/www.touregyptclub.com\/fr\/contactez-nous\/","title":{"rendered":"Contactez-nous"},"content":{"rendered":"<div class=\"wpb-content-wrapper\"><p>[vc_row][vc_column][vc_empty_space][\/vc_column][\/vc_row][vc_row full_width=\u00a0\u00bbstretch_row_content_no_spaces\u00a0\u00bb][vc_column][vc_column_text]<\/p>\n<div class=\"vc_row wpb_row st bg-holder vc_row-no-padding\" data-vc-full-width=\"true\" data-vc-full-width-init=\"true\" data-vc-stretch-content=\"true\">\n<div class=\"container \">\n<div class=\"row\">\n<div class=\"wpb_column column_container col-md-12\">\n<div class=\"vc_column-inner wpb_wrapper\">\n<div class=\"wpb_text_column wpb_content_element \">\n<div class=\"wpb_wrapper\">\n<div class=\"entry-content\">\n<h4>Tour Egypt Club<\/h4>\n<p>Vous avez des questions sur l\u2019Egypte, Duba\u00ef ou la Jordanie ??<\/p>\n<p>Vous souhaitez personnaliser vos vacances en Egypte, Duba\u00ef ou Jordanie ??<\/p>\n<p>Vous avez une question ou un probl\u00e8me pour planifier votre voyage en Egypte, \u00e0 Duba\u00ef ou en Jordanie ??<\/p>\n<p>Tour Egypt Club est un groupe d\u2019experts en voyages, de voyagistes locaux et de guides touristiques en Egypte,<\/p>\n<p>Duba\u00ef et la Jordanie<\/p>\n<p>Nous attendons de vous aider et de r\u00e9pondre \u00e0 toutes vos questions sur les informations de voyage, Tour<\/p>\n<p>forfaits, transports, croisi\u00e8re sur le Nil, voyage en felouque, safari, excursion \u00e0 terre, plong\u00e9e en mer rouge\u2026<\/p>\n<p>Etc.<\/p>\n<p>Soumettez simplement votre requ\u00eate et notre \u00e9quipe d\u2019assistance vous contactera par e-mail.<\/p>\n<p>Nous promettons une attention rapide \u00e0 vos demandes dans les 12 heures avec toute l\u2019aide possible<\/p>\n<p>offre pour r\u00e9pondre \u00e0 vos besoins de voyage.<\/p>\n<p><img decoding=\"async\" class=\"alignnone wp-image-47180\" src=\"https:\/\/www.touregyptclub.com\/wp-content\/uploads\/2024\/01\/17736-300x300.png\" alt=\"\" width=\"21\" height=\"21\" srcset=\"https:\/\/www.touregyptclub.com\/wp-content\/uploads\/2024\/01\/17736-300x300.png 300w, https:\/\/www.touregyptclub.com\/wp-content\/uploads\/2024\/01\/17736-1024x1024.png 1024w, https:\/\/www.touregyptclub.com\/wp-content\/uploads\/2024\/01\/17736-150x150.png 150w, https:\/\/www.touregyptclub.com\/wp-content\/uploads\/2024\/01\/17736-768x768.png 768w, https:\/\/www.touregyptclub.com\/wp-content\/uploads\/2024\/01\/17736-1536x1536.png 1536w, https:\/\/www.touregyptclub.com\/wp-content\/uploads\/2024\/01\/17736-2048x2048.png 2048w, https:\/\/www.touregyptclub.com\/wp-content\/uploads\/2024\/01\/17736-600x600.png 600w, https:\/\/www.touregyptclub.com\/wp-content\/uploads\/2024\/01\/17736-100x100.png 100w, https:\/\/www.touregyptclub.com\/wp-content\/uploads\/2024\/01\/17736.png 512w\" sizes=\"(max-width: 21px) 100vw, 21px\" \/>\u00a0112 rue El Haram<\/p>\n<p><img decoding=\"async\" class=\"alignnone wp-image-47166\" src=\"https:\/\/www.touregyptclub.com\/wp-content\/uploads\/2024\/01\/whatsapp-logo-background-29-300x300.png\" alt=\"\" width=\"20\" height=\"14\" srcset=\"https:\/\/www.touregyptclub.com\/wp-content\/uploads\/2024\/01\/whatsapp-logo-background-29-768x545.png 768w, https:\/\/www.touregyptclub.com\/wp-content\/uploads\/2024\/01\/whatsapp-logo-background-29-600x426.png 600w, https:\/\/www.touregyptclub.com\/wp-content\/uploads\/2024\/01\/whatsapp-logo-background-29.png 1600w\" sizes=\"(max-width: 20px) 100vw, 20px\" \/>\u00a0+20 106 259 2809<\/p>\n<p><img decoding=\"async\" class=\"alignnone wp-image-47166\" src=\"https:\/\/www.touregyptclub.com\/wp-content\/uploads\/2024\/01\/whatsapp-logo-background-29-300x300.png\" alt=\"\" width=\"20\" height=\"14\" srcset=\"https:\/\/www.touregyptclub.com\/wp-content\/uploads\/2024\/01\/whatsapp-logo-background-29-768x545.png 768w, https:\/\/www.touregyptclub.com\/wp-content\/uploads\/2024\/01\/whatsapp-logo-background-29-600x426.png 600w, https:\/\/www.touregyptclub.com\/wp-content\/uploads\/2024\/01\/whatsapp-logo-background-29.png 1600w\" sizes=\"(max-width: 20px) 100vw, 20px\" \/> +20 101 446 7554<\/p>\n<p><img decoding=\"async\" class=\"alignnone wp-image-47160\" src=\"https:\/\/www.touregyptclub.com\/wp-content\/uploads\/2024\/01\/vecteezy_email-and-mail-icon-black_200096141-300x300.png\" alt=\"\" width=\"20\" height=\"20\" srcset=\"https:\/\/www.touregyptclub.com\/wp-content\/uploads\/2024\/01\/vecteezy_email-and-mail-icon-black_200096141-300x300.png 300w, https:\/\/www.touregyptclub.com\/wp-content\/uploads\/2024\/01\/vecteezy_email-and-mail-icon-black_200096141-1024x1024.png 1024w, https:\/\/www.touregyptclub.com\/wp-content\/uploads\/2024\/01\/vecteezy_email-and-mail-icon-black_200096141-150x150.png 150w, https:\/\/www.touregyptclub.com\/wp-content\/uploads\/2024\/01\/vecteezy_email-and-mail-icon-black_200096141-768x768.png 768w, https:\/\/www.touregyptclub.com\/wp-content\/uploads\/2024\/01\/vecteezy_email-and-mail-icon-black_200096141-1536x1536.png 1536w, https:\/\/www.touregyptclub.com\/wp-content\/uploads\/2024\/01\/vecteezy_email-and-mail-icon-black_200096141-2048x2048.png 2048w, https:\/\/www.touregyptclub.com\/wp-content\/uploads\/2024\/01\/vecteezy_email-and-mail-icon-black_200096141-600x600.png 600w, https:\/\/www.touregyptclub.com\/wp-content\/uploads\/2024\/01\/vecteezy_email-and-mail-icon-black_200096141-100x100.png 100w\" sizes=\"(max-width: 20px) 100vw, 20px\" \/>\u00a0<a href=\"sales@touregyptclub.com\">sales@touregyptclub.com<\/a><\/p>\n<p><img decoding=\"async\" class=\"alignnone wp-image-47160\" src=\"https:\/\/www.touregyptclub.com\/wp-content\/uploads\/2024\/01\/vecteezy_email-and-mail-icon-black_200096141-300x300.png\" alt=\"\" width=\"20\" height=\"20\" srcset=\"https:\/\/www.touregyptclub.com\/wp-content\/uploads\/2024\/01\/vecteezy_email-and-mail-icon-black_200096141-300x300.png 300w, https:\/\/www.touregyptclub.com\/wp-content\/uploads\/2024\/01\/vecteezy_email-and-mail-icon-black_200096141-1024x1024.png 1024w, https:\/\/www.touregyptclub.com\/wp-content\/uploads\/2024\/01\/vecteezy_email-and-mail-icon-black_200096141-150x150.png 150w, https:\/\/www.touregyptclub.com\/wp-content\/uploads\/2024\/01\/vecteezy_email-and-mail-icon-black_200096141-768x768.png 768w, https:\/\/www.touregyptclub.com\/wp-content\/uploads\/2024\/01\/vecteezy_email-and-mail-icon-black_200096141-1536x1536.png 1536w, https:\/\/www.touregyptclub.com\/wp-content\/uploads\/2024\/01\/vecteezy_email-and-mail-icon-black_200096141-2048x2048.png 2048w, https:\/\/www.touregyptclub.com\/wp-content\/uploads\/2024\/01\/vecteezy_email-and-mail-icon-black_200096141-600x600.png 600w, https:\/\/www.touregyptclub.com\/wp-content\/uploads\/2024\/01\/vecteezy_email-and-mail-icon-black_200096141-100x100.png 100w\" sizes=\"(max-width: 20px) 100vw, 20px\" \/>\u00a0<a href=\"ng@reflectionstravel.net\">ng@reflectionstravel.net<\/a><\/p>\n<h4>Bureau en Am\u00e9rique du Nord :<\/h4>\n<p>Rosette Obedoza, co-fondatrice de Capstone World Travel<br \/>\nPartenaire de voyage affili\u00e9, \u00c9tats-Unis d\u2019Am\u00e9rique<br \/>\nT\u00e9l\u00e9phone portable (WhatsApp) : \u00c9tats-Unis +1.951.816.5438<br \/>\n<img decoding=\"async\" class=\"alignnone wp-image-47160\" src=\"https:\/\/www.touregyptclub.com\/wp-content\/uploads\/2024\/01\/vecteezy_email-and-mail-icon-black_200096141-300x300.png\" alt=\"\" width=\"20\" height=\"20\" srcset=\"https:\/\/www.touregyptclub.com\/wp-content\/uploads\/2024\/01\/vecteezy_email-and-mail-icon-black_200096141-300x300.png 300w, https:\/\/www.touregyptclub.com\/wp-content\/uploads\/2024\/01\/vecteezy_email-and-mail-icon-black_200096141-1024x1024.png 1024w, https:\/\/www.touregyptclub.com\/wp-content\/uploads\/2024\/01\/vecteezy_email-and-mail-icon-black_200096141-150x150.png 150w, https:\/\/www.touregyptclub.com\/wp-content\/uploads\/2024\/01\/vecteezy_email-and-mail-icon-black_200096141-768x768.png 768w, https:\/\/www.touregyptclub.com\/wp-content\/uploads\/2024\/01\/vecteezy_email-and-mail-icon-black_200096141-1536x1536.png 1536w, https:\/\/www.touregyptclub.com\/wp-content\/uploads\/2024\/01\/vecteezy_email-and-mail-icon-black_200096141-2048x2048.png 2048w, https:\/\/www.touregyptclub.com\/wp-content\/uploads\/2024\/01\/vecteezy_email-and-mail-icon-black_200096141-600x600.png 600w, https:\/\/www.touregyptclub.com\/wp-content\/uploads\/2024\/01\/vecteezy_email-and-mail-icon-black_200096141-100x100.png 100w\" sizes=\"(max-width: 20px) 100vw, 20px\" \/>\u00a0<a href=\"rosette@touregyptclub.com\">rosette@touregyptclub.com<\/a><br \/>\n<img decoding=\"async\" class=\"alignnone wp-image-47180\" src=\"https:\/\/www.touregyptclub.com\/wp-content\/uploads\/2024\/01\/17736-300x300.png\" alt=\"\" width=\"21\" height=\"21\" srcset=\"https:\/\/www.touregyptclub.com\/wp-content\/uploads\/2024\/01\/17736-300x300.png 300w, https:\/\/www.touregyptclub.com\/wp-content\/uploads\/2024\/01\/17736-1024x1024.png 1024w, https:\/\/www.touregyptclub.com\/wp-content\/uploads\/2024\/01\/17736-150x150.png 150w, https:\/\/www.touregyptclub.com\/wp-content\/uploads\/2024\/01\/17736-768x768.png 768w, https:\/\/www.touregyptclub.com\/wp-content\/uploads\/2024\/01\/17736-1536x1536.png 1536w, https:\/\/www.touregyptclub.com\/wp-content\/uploads\/2024\/01\/17736-2048x2048.png 2048w, https:\/\/www.touregyptclub.com\/wp-content\/uploads\/2024\/01\/17736-600x600.png 600w, https:\/\/www.touregyptclub.com\/wp-content\/uploads\/2024\/01\/17736-100x100.png 100w, https:\/\/www.touregyptclub.com\/wp-content\/uploads\/2024\/01\/17736.png 512w\" sizes=\"(max-width: 21px) 100vw, 21px\" \/> 30211 Avenida de las Banderas, Rancho Santa Margarita, Californie 92688<\/p>\n<\/div>\n<div class=\"entry-meta\"><\/div>\n<\/div>\n<\/div>\n<\/div>\n<\/div>\n<\/div>\n<\/div>\n<\/div>\n<div class=\"vc_row-full-width vc_clearfix\"><\/div>\n<div class=\"vc_row wpb_row st bg-holder vc_custom_1592946107392\" data-vc-full-width=\"true\" data-vc-full-width-init=\"true\">\n<div class=\"container-fluid\">\n<div class=\"row\">\n<div class=\"wpb_column column_container col-md-12 vc_custom_1543213048580\">\n<div class=\"vc_column-inner wpb_wrapper\"><\/div>\n<\/div>\n<\/div>\n<\/div>\n<\/div>\n<p>[\/vc_column_text][vc_empty_space][\/vc_column][\/vc_row][vc_row full_width=\u00a0\u00bbstretch_row\u00a0\u00bb row_fullwidth=\u00a0\u00bbyes\u00a0\u00bb css=\u00a0\u00bb.vc_custom_1592946107392{margin-bottom: -100px !important;}\u00a0\u00bb][vc_column css=\u00a0\u00bb.vc_custom_1543213048580{padding-right: 0px !important;padding-left: 0px !important;}\u00a0\u00bb][vc_single_image image=\u00a0\u00bb11990&Prime; img_size=\u00a0\u00bbfull\u00a0\u00bb alignment=\u00a0\u00bbcenter\u00a0\u00bb][\/vc_column][\/vc_row][vc_row full_width=\u00a0\u00bbstretch_row_content_no_spaces\u00a0\u00bb][vc_column]\n<div class=\"wpcf7 no-js\" id=\"wpcf7-f29008-o1\" lang=\"en-US\" dir=\"ltr\" data-wpcf7-id=\"29008\">\n<div class=\"screen-reader-response\"><p role=\"status\" aria-live=\"polite\" aria-atomic=\"true\"><\/p> <ul><\/ul><\/div>\n<form action=\"\/fr\/wp-json\/wp\/v2\/pages\/28622#wpcf7-f29008-o1\" method=\"post\" class=\"wpcf7-form init\" aria-label=\"Contact form\" novalidate=\"novalidate\" data-status=\"init\">\n<fieldset class=\"hidden-fields-container\"><input type=\"hidden\" name=\"_wpcf7\" value=\"29008\" \/><input type=\"hidden\" name=\"_wpcf7_version\" value=\"6.1.5\" \/><input type=\"hidden\" name=\"_wpcf7_locale\" value=\"en_US\" \/><input type=\"hidden\" name=\"_wpcf7_unit_tag\" value=\"wpcf7-f29008-o1\" \/><input type=\"hidden\" name=\"_wpcf7_container_post\" value=\"0\" \/><input type=\"hidden\" name=\"_wpcf7_posted_data_hash\" value=\"\" \/><input type=\"hidden\" name=\"_wpcf7_recaptcha_response\" value=\"\" \/>\n<\/fieldset>\n<div class=\"st-contact-form\">\n\t<div class=\"contact-header\">\n\t\t<h3>Nous aimerions recevoir de vos nouvelles\n\t\t<\/h3>\n\t\t<p>Envoyez-nous un message et nous vous r\u00e9pondrons d\u00e8s que possible\n\t\t<\/p>\n\t<\/div>\n\t<div class=\"contact-form\">\n\t\t<div class=\"form-group\">\n\t\t\t<p><span class=\"wpcf7-form-control-wrap\" data-name=\"your-name\"><input size=\"40\" maxlength=\"400\" class=\"wpcf7-form-control wpcf7-text wpcf7-validates-as-required form-control\" aria-required=\"true\" aria-invalid=\"false\" placeholder=\"Nom\" value=\"\" type=\"text\" name=\"your-name\" \/><\/span>\n\t\t\t<\/p>\n\t\t<\/div>\n\t\t<div class=\"form-group\">\n\t\t\t<p><span class=\"wpcf7-form-control-wrap\" data-name=\"your-email\"><input size=\"40\" maxlength=\"400\" class=\"wpcf7-form-control wpcf7-email wpcf7-validates-as-required wpcf7-text wpcf7-validates-as-email form-control\" aria-required=\"true\" aria-invalid=\"false\" placeholder=\"Email\" value=\"\" type=\"email\" name=\"your-email\" \/><\/span>\n\t\t\t<\/p>\n\t\t<\/div>\n\t\t<div class=\"form-group\">\n\t\t\t<p><span class=\"wpcf7-form-control-wrap\" data-name=\"your-message\"><textarea cols=\"40\" rows=\"10\" maxlength=\"2000\" class=\"wpcf7-form-control wpcf7-textarea form-control\" aria-invalid=\"false\" placeholder=\"Message\" name=\"your-message\"><\/textarea><\/span>\n\t\t\t<\/p>\n\t\t<\/div>\n\t\t<p><input class=\"wpcf7-form-control wpcf7-submit has-spinner btn btn-primary\" type=\"submit\" value=\"ENVOYER LE MESSAGE\" \/>\n\t\t<\/p>\n\t<\/div>\n<\/div><div class=\"wpcf7-response-output\" aria-hidden=\"true\"><\/div>\n<\/form>\n<\/div>\n[\/vc_column][\/vc_row]<\/p>\n<\/div>","protected":false},"excerpt":{"rendered":"<p>[vc_row][vc_column][vc_empty_space][\/vc_column][\/vc_row][vc_row full_width=\u00a0\u00bbstretch_row_content_no_spaces\u00a0\u00bb][vc_column][vc_column_text] Tour Egypt Club Vous avez des questions sur l\u2019Egypte, Duba\u00ef ou la Jordanie ?? Vous souhaitez personnaliser vos vacances en Egypte, Duba\u00ef ou Jordanie ?? Vous avez une question ou un probl\u00e8me pour planifier votre voyage en Egypte, \u00e0 Duba\u00ef ou en Jordanie ?? Tour Egypt Club est un groupe d\u2019experts en voyages, [&hellip;]<\/p>\n","protected":false},"author":1,"featured_media":19697,"parent":0,"menu_order":0,"comment_status":"closed","ping_status":"closed","template":"template-home-modern.php","meta":{"_acf_changed":false,"_uf_show_specific_survey":0,"_uf_disable_surveys":false,"footnotes":""},"class_list":["post-28622","page","type-page","status-publish","has-post-thumbnail","hentry"],"acf":[],"_links":{"self":[{"href":"https:\/\/www.touregyptclub.com\/fr\/wp-json\/wp\/v2\/pages\/28622","targetHints":{"allow":["GET"]}}],"collection":[{"href":"https:\/\/www.touregyptclub.com\/fr\/wp-json\/wp\/v2\/pages"}],"about":[{"href":"https:\/\/www.touregyptclub.com\/fr\/wp-json\/wp\/v2\/types\/page"}],"author":[{"embeddable":true,"href":"https:\/\/www.touregyptclub.com\/fr\/wp-json\/wp\/v2\/users\/1"}],"replies":[{"embeddable":true,"href":"https:\/\/www.touregyptclub.com\/fr\/wp-json\/wp\/v2\/comments?post=28622"}],"version-history":[{"count":4,"href":"https:\/\/www.touregyptclub.com\/fr\/wp-json\/wp\/v2\/pages\/28622\/revisions"}],"predecessor-version":[{"id":47370,"href":"https:\/\/www.touregyptclub.com\/fr\/wp-json\/wp\/v2\/pages\/28622\/revisions\/47370"}],"wp:featuredmedia":[{"embeddable":true,"href":"https:\/\/www.touregyptclub.com\/fr\/wp-json\/wp\/v2\/media\/19697"}],"wp:attachment":[{"href":"https:\/\/www.touregyptclub.com\/fr\/wp-json\/wp\/v2\/media?parent=28622"}],"curies":[{"name":"wp","href":"https:\/\/api.w.org\/{rel}","templated":true}]}}