{"id":28617,"date":"2022-01-14T08:31:19","date_gmt":"2022-01-14T08:31:19","guid":{"rendered":"https:\/\/touregyptclub.com\/sobre-nosotras\/"},"modified":"2025-12-30T13:54:52","modified_gmt":"2025-12-30T13:54:52","slug":"sobre-nosotras","status":"publish","type":"page","link":"http:\/\/www.touregyptclub.com\/fr\/%C3%80-propos-de-nous\/","title":{"rendered":"\u00c0 propos de nous"},"content":{"rendered":"<div class=\"wpb-content-wrapper\"><p>[vc_row][vc_column][vc_empty_space][\/vc_column][\/vc_row][vc_row][vc_column][vc_column_text css=\u00a0\u00bb\u00a0\u00bb]<\/p>\r\n<h2 data-start=\"3020\" data-end=\"3043\"><strong data-start=\"3020\" data-end=\"3043\">Travel Lovers Egypt<\/strong><\/h2>\r\n<p data-start=\"3045\" data-end=\"3321\">L\u2019un des principaux tour-op\u00e9rateurs en \u00c9gypte. Nous sommes sp\u00e9cialis\u00e9s dans les circuits locaux \u00e0 travers la terre d\u2019\u00c9gypte et le reste du Moyen-Orient. <strong data-start=\"3198\" data-end=\"3217\">Tour Egypt Club<\/strong> est fi\u00e8rement op\u00e9r\u00e9 par Travel Lovers Egypt, une agence de voyages \u00e9gyptienne agr\u00e9\u00e9e (Licence n\u00b0 2390).<\/p>\r\n<p data-start=\"3323\" data-end=\"3771\">Travel Lovers Egypt est la soci\u00e9t\u00e9 m\u00e8re et le principal centre op\u00e9rationnel derri\u00e8re un groupe de sites de voyage sp\u00e9cialis\u00e9s, dont Tour Egypt Club. En tant que soci\u00e9t\u00e9 m\u00e8re, Travel Lovers Egypt fournit l\u2019infrastructure professionnelle, les licences et l\u2019expertise n\u00e9cessaires pour permettre \u00e0 ses sites web d\u2019offrir des services touristiques de haute qualit\u00e9, des itin\u00e9raires sur mesure et des exp\u00e9riences exceptionnelles \u00e0 travers toute l\u2019\u00c9gypte.<\/p>\r\n<p data-start=\"3773\" data-end=\"3806\"><strong data-start=\"3773\" data-end=\"3784\">Contact<\/strong><br data-start=\"3784\" data-end=\"3787\" \/><strong data-start=\"3787\" data-end=\"3806\">Bureau du Caire<\/strong><\/p>\r\n<p data-start=\"3808\" data-end=\"3988\"><a class=\"decorated-link\" href=\"https:\/\/travelloversegypt.com\/\" target=\"_new\" rel=\"noopener\" data-start=\"3808\" data-end=\"3838\">https:\/\/travelloversegypt.com\/<\/a><br data-start=\"3838\" data-end=\"3841\" \/><a class=\"decorated-link cursor-pointer\" rel=\"noopener\" data-start=\"3841\" data-end=\"3868\">sales@travelloversegypt.com<\/a><br data-start=\"3868\" data-end=\"3871\" \/>T\u00e9l\u00e9phone portable : +2 011 222 633 72<br data-start=\"3909\" data-end=\"3912\" \/>T\u00e9l\u00e9phone fixe : +2 (02) 37723880<br data-start=\"3945\" data-end=\"3948\" \/>Adresse : 120 El-Haram St, Giza \u2013 \u00c9gypte<\/p>\r\n\r\n<h2><strong>Notre mission<\/strong><\/h2>\r\n\r\n<p>Est d&rsquo;organiser des vacances m\u00e9morables en \u00c9gypte, \u00e0 J\u00e9rusalem et en Jordanie, et de continuer \u00e0 \u00e9couter les demandes des clients, en les aidant avec des suggestions et des conseils.<br \/>Cr\u00e9er de la valeur et faire la diff\u00e9rence. Nos clients d\u00e9couvrent la riche histoire et la beaut\u00e9 de l&rsquo;\u00c9gypte, mais d\u00e9couvrent \u00e9galement la culture, la vie quotidienne des habitants et les avantages du tourisme pour les communaut\u00e9s locales.<\/p>\r\n<p>\u00a0<\/p>\r\n\r\n<h2><strong>Notre vision<\/strong><\/h2>\r\n\r\n<p>C&rsquo;est accomplir croissance et qualit\u00e9 pour l&rsquo;avenir, ce qui n\u00e9cessite :<br \/>Une entreprise o\u00f9 les gens travaillent avec enthousiasme pour le tourisme en Egypte.<br \/>Un r\u00e9seau de fournisseurs passionn\u00e9s par le pays et les services h\u00f4teliers.<br \/>Offrir des services touristiques en \u00c9gypte plus pratiques avec des solutions toutes faites en r\u00e9pondant \u00e0 tous les int\u00e9r\u00eats.<br \/>Un voyagiste responsable qui fait la diff\u00e9rence en soutenant un tourisme durable et responsable.<br \/>Contribuer \u00e0 la conservation des sites \u00e9gyptiens du patrimoine mondial.<\/p>\r\n<h2>Contact<\/h2>\r\n<p><img decoding=\"async\" class=\"wp-image-47160 alignnone\" src=\"https:\/\/www.touregyptclub.com\/wp-content\/uploads\/2024\/01\/vecteezy_email-and-mail-icon-black_200096141-300x300.png\" alt=\"\" width=\"20\" height=\"20\" srcset=\"https:\/\/www.touregyptclub.com\/wp-content\/uploads\/2024\/01\/vecteezy_email-and-mail-icon-black_200096141-300x300.png 300w, https:\/\/www.touregyptclub.com\/wp-content\/uploads\/2024\/01\/vecteezy_email-and-mail-icon-black_200096141-1024x1024.png 1024w, https:\/\/www.touregyptclub.com\/wp-content\/uploads\/2024\/01\/vecteezy_email-and-mail-icon-black_200096141-150x150.png 150w, https:\/\/www.touregyptclub.com\/wp-content\/uploads\/2024\/01\/vecteezy_email-and-mail-icon-black_200096141-768x768.png 768w, https:\/\/www.touregyptclub.com\/wp-content\/uploads\/2024\/01\/vecteezy_email-and-mail-icon-black_200096141-1536x1536.png 1536w, https:\/\/www.touregyptclub.com\/wp-content\/uploads\/2024\/01\/vecteezy_email-and-mail-icon-black_200096141-2048x2048.png 2048w, https:\/\/www.touregyptclub.com\/wp-content\/uploads\/2024\/01\/vecteezy_email-and-mail-icon-black_200096141-600x600.png 600w, https:\/\/www.touregyptclub.com\/wp-content\/uploads\/2024\/01\/vecteezy_email-and-mail-icon-black_200096141-100x100.png 100w\" sizes=\"(max-width: 20px) 100vw, 20px\" \/><a href=\"sales@touregyptclub.com\">sales@touregyptclub.com<\/a><br \/><img decoding=\"async\" class=\"alignnone wp-image-47160\" src=\"https:\/\/www.touregyptclub.com\/wp-content\/uploads\/2024\/01\/vecteezy_email-and-mail-icon-black_200096141-300x300.png\" alt=\"\" width=\"20\" height=\"20\" srcset=\"https:\/\/www.touregyptclub.com\/wp-content\/uploads\/2024\/01\/vecteezy_email-and-mail-icon-black_200096141-300x300.png 300w, https:\/\/www.touregyptclub.com\/wp-content\/uploads\/2024\/01\/vecteezy_email-and-mail-icon-black_200096141-1024x1024.png 1024w, https:\/\/www.touregyptclub.com\/wp-content\/uploads\/2024\/01\/vecteezy_email-and-mail-icon-black_200096141-150x150.png 150w, https:\/\/www.touregyptclub.com\/wp-content\/uploads\/2024\/01\/vecteezy_email-and-mail-icon-black_200096141-768x768.png 768w, https:\/\/www.touregyptclub.com\/wp-content\/uploads\/2024\/01\/vecteezy_email-and-mail-icon-black_200096141-1536x1536.png 1536w, https:\/\/www.touregyptclub.com\/wp-content\/uploads\/2024\/01\/vecteezy_email-and-mail-icon-black_200096141-2048x2048.png 2048w, https:\/\/www.touregyptclub.com\/wp-content\/uploads\/2024\/01\/vecteezy_email-and-mail-icon-black_200096141-600x600.png 600w, https:\/\/www.touregyptclub.com\/wp-content\/uploads\/2024\/01\/vecteezy_email-and-mail-icon-black_200096141-100x100.png 100w\" sizes=\"(max-width: 20px) 100vw, 20px\" \/><a href=\"ng@reflectionstravel.net\">ng@reflectionstravel.net<\/a><\/p>\r\n<p><img decoding=\"async\" class=\"alignnone wp-image-47166\" src=\"https:\/\/www.touregyptclub.com\/wp-content\/uploads\/2024\/01\/whatsapp-logo-background-29-300x300.png\" alt=\"\" width=\"20\" height=\"14\" srcset=\"https:\/\/www.touregyptclub.com\/wp-content\/uploads\/2024\/01\/whatsapp-logo-background-29-768x545.png 768w, https:\/\/www.touregyptclub.com\/wp-content\/uploads\/2024\/01\/whatsapp-logo-background-29-600x426.png 600w, https:\/\/www.touregyptclub.com\/wp-content\/uploads\/2024\/01\/whatsapp-logo-background-29.png 1600w\" sizes=\"(max-width: 20px) 100vw, 20px\" \/>+20 106 259 2809<\/p>\r\n<p><img decoding=\"async\" class=\"alignnone wp-image-47166\" src=\"https:\/\/www.touregyptclub.com\/wp-content\/uploads\/2024\/01\/whatsapp-logo-background-29-300x300.png\" alt=\"\" width=\"20\" height=\"14\" srcset=\"https:\/\/www.touregyptclub.com\/wp-content\/uploads\/2024\/01\/whatsapp-logo-background-29-768x545.png 768w, https:\/\/www.touregyptclub.com\/wp-content\/uploads\/2024\/01\/whatsapp-logo-background-29-600x426.png 600w, https:\/\/www.touregyptclub.com\/wp-content\/uploads\/2024\/01\/whatsapp-logo-background-29.png 1600w\" sizes=\"(max-width: 20px) 100vw, 20px\" \/>+20 101 446 7554<\/p>\r\n\r\n<p>&nbsp;<\/p>\r\n<p>[\/vc_column_text][\/vc_column][\/vc_row]<\/p><\/div>","protected":false},"excerpt":{"rendered":"<p>[vc_row][vc_column][vc_empty_space][\/vc_column][\/vc_row][vc_row][vc_column][vc_column_text css=\u00a0\u00bb\u00a0\u00bb] Travel Lovers Egypt L\u2019un des principaux tour-op\u00e9rateurs en \u00c9gypte. Nous sommes sp\u00e9cialis\u00e9s dans les circuits locaux \u00e0 travers la terre d\u2019\u00c9gypte et le reste du Moyen-Orient. Tour Egypt Club est fi\u00e8rement op\u00e9r\u00e9 par Travel Lovers Egypt, une agence de voyages \u00e9gyptienne agr\u00e9\u00e9e (Licence n\u00b0 2390). Travel Lovers Egypt est la soci\u00e9t\u00e9 m\u00e8re et [&hellip;]<\/p>\n","protected":false},"author":1,"featured_media":0,"parent":0,"menu_order":0,"comment_status":"closed","ping_status":"closed","template":"template-home-modern.php","meta":{"_acf_changed":false,"_uf_show_specific_survey":0,"_uf_disable_surveys":false,"footnotes":""},"class_list":["post-28617","page","type-page","status-publish","has-post-thumbnail","hentry"],"acf":[],"_links":{"self":[{"href":"https:\/\/www.touregyptclub.com\/fr\/wp-json\/wp\/v2\/pages\/28617","targetHints":{"allow":["GET"]}}],"collection":[{"href":"https:\/\/www.touregyptclub.com\/fr\/wp-json\/wp\/v2\/pages"}],"about":[{"href":"https:\/\/www.touregyptclub.com\/fr\/wp-json\/wp\/v2\/types\/page"}],"author":[{"embeddable":true,"href":"https:\/\/www.touregyptclub.com\/fr\/wp-json\/wp\/v2\/users\/1"}],"replies":[{"embeddable":true,"href":"https:\/\/www.touregyptclub.com\/fr\/wp-json\/wp\/v2\/comments?post=28617"}],"version-history":[{"count":3,"href":"https:\/\/www.touregyptclub.com\/fr\/wp-json\/wp\/v2\/pages\/28617\/revisions"}],"predecessor-version":[{"id":55994,"href":"https:\/\/www.touregyptclub.com\/fr\/wp-json\/wp\/v2\/pages\/28617\/revisions\/55994"}],"wp:attachment":[{"href":"https:\/\/www.touregyptclub.com\/fr\/wp-json\/wp\/v2\/media?parent=28617"}],"curies":[{"name":"wp","href":"https:\/\/api.w.org\/{rel}","templated":true}]}}