{"id":28614,"date":"2022-01-14T08:30:59","date_gmt":"2022-01-14T08:30:59","guid":{"rendered":"https:\/\/touregyptclub.com\/about-jordan\/"},"modified":"2023-12-23T05:56:56","modified_gmt":"2023-12-23T05:56:56","slug":"about-jordan","status":"publish","type":"page","link":"http:\/\/www.touregyptclub.com\/fr\/about-jordan\/","title":{"rendered":"\u00c0 propos de la Jordanie &#8211; D\u00e9couvrir la tapisserie culturelle"},"content":{"rendered":"<p>Dans cet \u00e2ge, nous couvrirons \u00c0 propos de la Jordanie La Jordanie, joyau nich\u00e9 au c\u0153ur du Moyen-Orient, attire les voyageurs par son m\u00e9lange irr\u00e9sistible d&rsquo;histoire, de culture et de beaut\u00e9 naturelle. Des merveilles <a href=\"https:\/\/www.touregyptclub.com\/en\/egypt-tours\/sharm-el-sheikh-tours\/petra-day-trip-sharm-el-sheikh-ferry-boat\/\">antiques de Petra<\/a> \u00e0 l&rsquo;attrait moderne d&rsquo;Amman, le pays se d\u00e9ploie comme un livre d&rsquo;histoires, invitant \u00e0 l&rsquo;exploration.<\/p>\n<p>La situation strat\u00e9gique de la Jordanie en a fait un carrefour de civilisations, laissant derri\u00e8re elle une riche tapisserie de patrimoine et de traditions. Lorsque vous p\u00e9n\u00e9trez dans ce pays enchanteur, l&rsquo;hospitalit\u00e9 chaleureuse de ses habitants, connus pour leur gentillesse et leur g\u00e9n\u00e9rosit\u00e9, ajoute un charme suppl\u00e9mentaire \u00e0 votre exp\u00e9rience.<\/p>\n<h2>La cit\u00e9 antique de Petra<\/h2>\n<p>Site du patrimoine mondial de l&rsquo;UNESCO et l&rsquo;une des sept nouvelles merveilles du monde, P\u00e9tra est un tr\u00e9sor arch\u00e9ologique fascinant qui refl\u00e8te l&rsquo;ing\u00e9niosit\u00e9 des Nabat\u00e9ens. Taill\u00e9e dans les falaises rose-rouge du sud de la Jordanie, cette ancienne cit\u00e9 transporte les visiteurs dans une \u00e9poque r\u00e9volue.<\/p>\n<p>L&#8217;embl\u00e9matique Al-Khazneh, ou Tr\u00e9sor, t\u00e9moigne de l&rsquo;\u00e9clat architectural de Petra, tandis que les structures complexes taill\u00e9es dans la roche et le paysage spectaculaire suscitent un sentiment d&rsquo;\u00e9merveillement. L&rsquo;exploration de l&rsquo;\u00e9troit siq, une gorge naturelle qui m\u00e8ne \u00e0 la ville, ajoute un \u00e9l\u00e9ment d&rsquo;anticipation, faisant de chaque pas un voyage dans le temps.<\/p>\n<h2>Wadi Rum : La vall\u00e9e de la lune<\/h2>\n<p>Le Wadi Rum, \u00e9galement connu sous le nom de Vall\u00e9e de la Lune, pr\u00e9sente un paysage surr\u00e9aliste qui captive l&rsquo;imagination. Ce vaste d\u00e9sert sauvage, ponctu\u00e9 d&rsquo;imposantes montagnes de gr\u00e8s, d&rsquo;anciens p\u00e9troglyphes et d&rsquo;\u00e9troits canyons, n&rsquo;a pas seulement \u00e9t\u00e9 un refuge pour les tribus b\u00e9douines, mais aussi un d\u00e9cor cin\u00e9matographique pour des films comme Lawrence d&rsquo;Arabie.<\/p>\n<p>Les visiteurs peuvent s&#8217;embarquer pour des safaris en jeep, des vols en montgolfi\u00e8re ou simplement se d\u00e9lecter de la tranquillit\u00e9 du d\u00e9sert sous un ciel constell\u00e9 d&rsquo;\u00e9toiles. La beaut\u00e9 intemporelle et l&rsquo;atmosph\u00e8re mystique de Wadi Rum en font une destination incontournable pour ceux qui recherchent \u00e0 la fois l&rsquo;aventure et la s\u00e9r\u00e9nit\u00e9.<\/p>\n<h2>L&rsquo;exp\u00e9rience de la mer Morte<\/h2>\n<p>La mer Morte, merveille naturelle situ\u00e9e \u00e0 cheval sur la fronti\u00e8re entre la Jordanie et Isra\u00ebl, offre une exp\u00e9rience unique et th\u00e9rapeutique. R\u00e9put\u00e9e pour sa concentration en sel incroyablement \u00e9lev\u00e9e, flotter sans effort \u00e0 la surface devient une rencontre surr\u00e9aliste.<\/p>\n<p>La boue riche en min\u00e9raux que l&rsquo;on trouve le long des rives est connue pour ses propri\u00e9t\u00e9s nourrissantes pour la peau, ce qui attire les amateurs de spa du monde entier. Au-del\u00e0 de son attrait pour le bien-\u00eatre, l&rsquo;importance historique de la mer Morte ajoute \u00e0 son attrait, avec des mentions dans les textes anciens et un paysage qui r\u00e9sonne avec les r\u00e9cits bibliques.<\/p>\n<h2>Amman : Une m\u00e9tropole moderne au c\u0153ur historique<\/h2>\n<p>Amman, la capitale anim\u00e9e de la Jordanie, t\u00e9moigne de l&rsquo;int\u00e9gration harmonieuse de la modernit\u00e9 et de la tradition dans le pays. Le paysage urbain est orn\u00e9 de structures contemporaines \u00e9l\u00e9gantes et de ruines anciennes, comme la Citadelle qui offre une vue panoramique sur la ville.<\/p>\n<p>Les march\u00e9s anim\u00e9s d&rsquo;Amman, comme celui d&rsquo;Al Balad, montrent le pouls de la vie quotidienne, tandis que les quartiers chics offrent un aper\u00e7u de la vie cosmopolite. Qu&rsquo;il s&rsquo;agisse de se promener dans des sites historiques comme le th\u00e9\u00e2tre romain ou de profiter des sc\u00e8nes artistiques et culinaires florissantes, Amman capture l&rsquo;essence d&rsquo;une ville o\u00f9 le pass\u00e9 et le pr\u00e9sent coexistent harmonieusement.<\/p>\n<h2>La cuisine jordanienne : Un d\u00e9lice gastronomique<\/h2>\n<p>La cuisine jordanienne est un voyage d\u00e9licieux pour le palais, offrant un \u00e9ventail vari\u00e9 de saveurs et de textures. Des omnipr\u00e9sents falafels et shawarma aux plats plus complexes comme le mansaf, un festin jordanien traditionnel, la sc\u00e8ne culinaire du pays refl\u00e8te sa richesse culturelle. Des douceurs comme le knafeh, une d\u00e9licieuse p\u00e2tisserie tremp\u00e9e dans du sirop, ajoutent une note sucr\u00e9e \u00e0 chaque repas.<\/p>\n<p>La culture alimentaire jordanienne n&rsquo;est pas seulement un d\u00e9lice gustatif, mais aussi le reflet de son histoire, avec des influences de traditions b\u00e9douines, de saveurs levantines et d&rsquo;ingr\u00e9dients m\u00e9diterran\u00e9ens qui cr\u00e9ent une tapisserie culinaire typiquement jordanienne.<\/p>\n<h2>Le myst\u00e8re des ch\u00e2teaux du d\u00e9sert jordanien<\/h2>\n<p>Les paysages arides de la Jordanie sont parsem\u00e9s de ch\u00e2teaux du d\u00e9sert enchanteurs, qui t\u00e9moignent du pass\u00e9 m\u00e9di\u00e9val du pays. Ces forteresses, qui remontent \u00e0 la p\u00e9riode omeyyade, ont servi \u00e0 diverses fins, des caravans\u00e9rails aux pavillons de chasse.<\/p>\n<p>Chaque ch\u00e2teau a sa propre histoire, avec des mosa\u00efques complexes et des d\u00e9tails architecturaux qui donnent un aper\u00e7u du mode de vie d&rsquo;autrefois. L&rsquo;exploration de ces joyaux historiques, tels que Qasr Amra et Qasr Kharana, d\u00e9voile la grandeur et la sophistication de l&rsquo;art et de la culture des d\u00e9buts de l&rsquo;I<\/p>\n<h2>\u00c9co-tourisme dans la r\u00e9serve de biosph\u00e8re de Dana<\/h2>\n<p>Pour les amoureux de la nature, la Jordanie offre un havre de paix sous la forme de la r\u00e9serve de biosph\u00e8re de Dana. Cette destination \u00e9cotouristique t\u00e9moigne de l&rsquo;engagement de la Jordanie en faveur de la conservation de l&rsquo;environnement. Abritant une flore et une faune diverses, y compris des esp\u00e8ces rares comme le bouquetin de Nubie, la r\u00e9serve offre une opportunit\u00e9 unique d&rsquo;\u00e9cotourisme.<\/p>\n<p>Les sentiers de randonn\u00e9e traversent des paysages vari\u00e9s, des montagnes escarp\u00e9es aux vall\u00e9es luxuriantes, offrant une exp\u00e9rience immersive dans l&rsquo;une des zones les plus riches en biodiversit\u00e9 du Moyen-Orient. La r\u00e9serve de biosph\u00e8re de Dana est une vitrine de l&rsquo;engagement de la Jordanie \u00e0 pr\u00e9server son patrimoine naturel tout en offrant des options de tourisme durable aux visiteurs.<\/p>\n<h2>La diversit\u00e9 religieuse : Une coexistence harmonieuse<\/h2>\n<p>En Jordanie, la diversit\u00e9 religieuse n&rsquo;est pas seulement un concept, mais une r\u00e9alit\u00e9 vivante. Mosqu\u00e9es, \u00e9glises et synagogues coexistent harmonieusement, refl\u00e9tant l&rsquo;engagement du pays en faveur de la tol\u00e9rance et de l&rsquo;int\u00e9gration. La mosqu\u00e9e du roi Abdallah Ier \u00e0 Amman est un symbole de l&rsquo;architecture islamique moderne, tandis que des sites historiques comme le mont N\u00e9bo rev\u00eatent une grande importance pour le christianisme.<\/p>\n<p>Le site du bapt\u00eame sur le Jourdain est v\u00e9n\u00e9r\u00e9 par les p\u00e8lerins, ajoutant une dimension spirituelle \u00e0 la mosa\u00efque culturelle du pays. L&rsquo;engagement de la Jordanie en faveur de la libert\u00e9 religieuse cr\u00e9e une atmosph\u00e8re o\u00f9 diverses confessions partagent pacifiquement des espaces sacr\u00e9s.<\/p>\n<h2>Tourisme d&rsquo;aventure : De la plong\u00e9e sous-marine aux safaris dans le d\u00e9sert<\/h2>\n<p>Pour les amateurs d&rsquo;adr\u00e9naline, la Jordanie offre un \u00e9ventail d&rsquo;activit\u00e9s d&rsquo;aventure dans un d\u00e9cor naturel \u00e9poustouflant. Plongez dans les eaux cristallines de la mer Rouge pour d\u00e9couvrir les r\u00e9cifs coralliens et la vie marine. Vous pouvez aussi vous lancer dans un <a href=\"https:\/\/www.desert-safari-dxb.com\/fr\/\" target=\"_blank\" rel=\"noopener\">safari dans le d\u00e9sert<\/a> \u00e0 Wadi Rum, o\u00f9 le dune bashing et les randonn\u00e9es \u00e0 dos de chameau vous promettent une pouss\u00e9e d&rsquo;adr\u00e9naline.<\/p>\n<p>Qu&rsquo;il s&rsquo;agisse d&rsquo;explorer le monde sous-marin ou de conqu\u00e9rir les dunes du d\u00e9sert, le tourisme d&rsquo;aventure en Jordanie est aussi diversifi\u00e9 que ses paysages et s&rsquo;adresse aux amateurs de sensations fortes qui ont un penchant pour l&rsquo;exploration.<\/p>\n<h2>FAQ<br \/>La Jordanie est-elle une destination s\u00fbre ?<\/h2>\n<p>Oui, la Jordanie est g\u00e9n\u00e9ralement consid\u00e9r\u00e9e comme une destination s\u00fbre. Le pays jouit d&rsquo;un environnement politique stable et est connu pour son hospitalit\u00e9 chaleureuse. Toutefois, comme pour tout voyage, il est conseill\u00e9 de se tenir au courant des avis de voyage et de prendre des mesures de s\u00e9curit\u00e9 de bon sens.<\/p>\n<h3>Quelle est la meilleure p\u00e9riode pour visiter la Jordanie ?<\/h3>\n<p>La meilleure p\u00e9riode pour visiter la Jordanie est le printemps (de mars \u00e0 mai) et l&rsquo;automne (de septembre \u00e0 novembre), lorsque le temps est doux et que les activit\u00e9s de plein air sont agr\u00e9ables. Les \u00e9t\u00e9s peuvent \u00eatre chauds, en particulier dans les r\u00e9gions d\u00e9sertiques, tandis que les hivers peuvent \u00eatre frais, en particulier le soir.<\/p>\n<h3>Quelle est la monnaie utilis\u00e9e en Jordanie ?<\/h3>\n<p>La monnaie officielle de la Jordanie est le dinar jordanien (JOD). Les distributeurs automatiques de billets sont largement disponibles et les cartes de cr\u00e9dit sont couramment accept\u00e9es dans les zones urbaines, mais il est conseill\u00e9 d&#8217;emporter un peu d&rsquo;argent liquide, en particulier lorsque l&rsquo;on explore des endroits plus recul\u00e9s.<\/p>\n<h3>Ai-je besoin d&rsquo;un visa pour entrer en Jordanie ?<\/h3>\n<p>Les exigences en mati\u00e8re de visa varient en fonction de votre nationalit\u00e9. De nombreux visiteurs peuvent obtenir un visa \u00e0 leur arriv\u00e9e, tandis que d&rsquo;autres doivent l&rsquo;obtenir \u00e0 l&rsquo;avance. Il est essentiel de v\u00e9rifier les exigences sp\u00e9cifiques de votre pays en mati\u00e8re de visa avant de planifier votre voyage.<\/p>\n<h2>Conclusion<\/h2>\n<p>En conclusion, la Jordanie se pr\u00e9sente comme une captivante tapisserie d&rsquo;histoire, de culture et de merveilles naturelles. Des anciennes merveilles de Petra \u00e0 l&rsquo;effervescence moderne d&rsquo;Amman, des paysages tranquilles de Wadi Rum aux eaux th\u00e9rapeutiques de la mer Morte, la Jordanie offre une exp\u00e9rience de voyage diversifi\u00e9e et enrichissante.<\/p>\n<p>Que vous soyez amateur d&rsquo;aventure, d&rsquo;histoire ou de nature, l&rsquo;attrait de la Jordanie r\u00e9side dans sa capacit\u00e9 \u00e0 r\u00e9pondre \u00e0 un large \u00e9ventail d&rsquo;int\u00e9r\u00eats. En explorant ce joyau du Moyen-Orient, vous d\u00e9couvrirez une coexistence harmonieuse de traditions anciennes et de modes de vie contemporains, ce qui fait de la Jordanie une destination qui r\u00e9sonne avec l&rsquo;esprit d&rsquo;exploration et d&rsquo;appr\u00e9ciation culturelle.<\/p>\n","protected":false},"excerpt":{"rendered":"<p>Dans cet \u00e2ge, nous couvrirons \u00c0 propos de la Jordanie La Jordanie, joyau nich\u00e9 au c\u0153ur du Moyen-Orient, attire les voyageurs par son m\u00e9lange irr\u00e9sistible d&rsquo;histoire, de culture et de beaut\u00e9 naturelle. Des merveilles antiques de Petra \u00e0 l&rsquo;attrait moderne d&rsquo;Amman, le pays se d\u00e9ploie comme un livre d&rsquo;histoires, invitant \u00e0 l&rsquo;exploration. La situation strat\u00e9gique [&hellip;]<\/p>\n","protected":false},"author":1,"featured_media":21676,"parent":0,"menu_order":0,"comment_status":"closed","ping_status":"closed","template":"template-home-modern.php","meta":{"_acf_changed":false,"_uf_show_specific_survey":0,"_uf_disable_surveys":false,"footnotes":""},"class_list":["post-28614","page","type-page","status-publish","has-post-thumbnail","hentry"],"acf":[],"_links":{"self":[{"href":"https:\/\/www.touregyptclub.com\/fr\/wp-json\/wp\/v2\/pages\/28614","targetHints":{"allow":["GET"]}}],"collection":[{"href":"https:\/\/www.touregyptclub.com\/fr\/wp-json\/wp\/v2\/pages"}],"about":[{"href":"https:\/\/www.touregyptclub.com\/fr\/wp-json\/wp\/v2\/types\/page"}],"author":[{"embeddable":true,"href":"https:\/\/www.touregyptclub.com\/fr\/wp-json\/wp\/v2\/users\/1"}],"replies":[{"embeddable":true,"href":"https:\/\/www.touregyptclub.com\/fr\/wp-json\/wp\/v2\/comments?post=28614"}],"version-history":[{"count":0,"href":"https:\/\/www.touregyptclub.com\/fr\/wp-json\/wp\/v2\/pages\/28614\/revisions"}],"wp:featuredmedia":[{"embeddable":true,"href":"https:\/\/www.touregyptclub.com\/fr\/wp-json\/wp\/v2\/media\/21676"}],"wp:attachment":[{"href":"https:\/\/www.touregyptclub.com\/fr\/wp-json\/wp\/v2\/media?parent=28614"}],"curies":[{"name":"wp","href":"https:\/\/api.w.org\/{rel}","templated":true}]}}