{"id":28588,"date":"2022-01-14T08:16:56","date_gmt":"2022-01-14T08:16:56","guid":{"rendered":"https:\/\/touregyptclub.com\/a-propos-de-dubai\/"},"modified":"2023-12-23T04:39:28","modified_gmt":"2023-12-23T04:39:28","slug":"a-propos-de-dubai","status":"publish","type":"page","link":"http:\/\/www.touregyptclub.com\/fr\/a-propos-de-dubai\/","title":{"rendered":"\u00c0 propos de Duba\u00ef"},"content":{"rendered":"\r\n<p>Dans cette page, nous avons fourni quelques informations \u00c0 propos de Duba\u00ef.\u00a0 Duba\u00ef est l&rsquo;un des sept \u00c9mirats des \u00c9mirats arabes unis, situ\u00e9 au sud-est du golfe Persique sur la p\u00e9ninsule arabique et a la deuxi\u00e8me plus grande population avec le deuxi\u00e8me plus grand territoire par superficie de tous les \u00c9mirats.<\/p>\r\n\r\n\r\n\r\n<p>Duba\u00ef a \u00e9t\u00e9 officiellement cr\u00e9\u00e9 en 1833 par le cheikh Maktoum Bin Buti Al Maktoum. Le Royaume-Uni a assum\u00e9 la protection de Duba\u00ef en 1892, sa situation g\u00e9ographique en a fait une plaque tournante commerciale importante et au d\u00e9but du 20\u00e8me si\u00e8cle, c&rsquo;\u00e9tait une partie importante. <br \/>Aujourd&rsquo;hui, la ville de Duba\u00ef est devenue une plaque tournante mondiale et commerciale, \u00e0 c\u00f4t\u00e9 de l&rsquo;industrie p\u00e9troli\u00e8re, du tourisme, de l&rsquo;immobilier et des services financiers.<\/p>\r\n<h2>Kal\u00e9idoscope culturel\u00a0<\/h2>\r\n<p>L&rsquo;engagement de Duba\u00ef en faveur de l&rsquo;enrichissement culturel est \u00e9vident dans sa vaste sc\u00e8ne artistique et de divertissement. L&rsquo;Op\u00e9ra de Duba\u00ef, chef-d&rsquo;\u0153uvre de l&rsquo;architecture moderne, accueille toute une s\u00e9rie de spectacles, des ballets classiques aux concerts contemporains. Le quartier artistique d&rsquo;Alserkal Avenue, nich\u00e9 dans le quartier industriel d&rsquo;<a href=\"https:\/\/dubaiculture.gov.ae\/en\/about-us\/special-projects\/our-projects-events\/al-quoz-creative-zone\" target=\"_blank\" rel=\"noopener\">Al Quoz<\/a>, est un havre pour les amateurs d&rsquo;art, avec ses galeries d&rsquo;avant-garde, ses expositions et ses espaces cr\u00e9atifs.<\/p>\r\n<p>Au-del\u00e0 des lieux officiels, les rues de Duba\u00ef s&rsquo;animent lors d&rsquo;\u00e9v\u00e9nements comme Art Dubai, o\u00f9 la ville devient une toile pour les artistes locaux et internationaux. Cet engagement en faveur de l&rsquo;expression artistique souligne le r\u00f4le de Duba\u00ef en tant que centre culturel mondial, encourageant la cr\u00e9ativit\u00e9 et offrant une sc\u00e8ne \u00e0 divers talents.<\/p>\r\n<h2>La Porte de l&rsquo;avenir<\/h2>\r\n<p><img fetchpriority=\"high\" decoding=\"async\" class=\"aligncenter wp-image-41365 size-large\" src=\"https:\/\/www.touregyptclub.com\/wp-content\/uploads\/2023\/11\/dubai_united_arabic_emirate-1024x1024.jpeg\" alt=\"\u00e9mirat_arabe_unique_dubai\" width=\"1024\" height=\"1024\" \/><\/p>\r\n<p>Alors que Duba\u00ef continue d&rsquo;\u00e9voluer, sa vision de l&rsquo;avenir atteint de nouveaux sommets. Des projets ambitieux comme le Dubai Creek Harbour et Dubai South sont sur le point de red\u00e9finir le paysage de la ville. La Dubai Future Foundation est \u00e0 la pointe de l&rsquo;innovation, se concentrant sur des projets qui exploitent les derni\u00e8res technologies, de l&rsquo;intelligence artificielle \u00e0 la planification urbaine durable.<\/p>\r\n<p>L&rsquo;engagement de la ville \u00e0 devenir une ville intelligente n&rsquo;est pas qu&rsquo;un slogan, c&rsquo;est une r\u00e9alit\u00e9 qui se dessine. Avec des avanc\u00e9es telles que l&rsquo;Hyperloop et le transport autonome, Duba\u00ef se positionne comme un leader mondial de l&rsquo;innovation technologique. La ligne d&rsquo;horizon de la ville, autrefois symbole de merveilles architecturales, devient aujourd&rsquo;hui une toile pour une vie urbaine durable et futuriste.<\/p>\r\n<h2>Foire aux questions<\/h2>\r\n<h3>Quelle est la meilleure p\u00e9riode pour visiter Duba\u00ef ?<\/h3>\r\n<p>R\u00e9ponse : La meilleure p\u00e9riode pour visiter Duba\u00ef est l&rsquo;hiver, de novembre \u00e0 mars, lorsque le temps est agr\u00e9able et varie entre 15\u00b0C et 25\u00b0C (59\u00b0F et 77\u00b0F). Cette p\u00e9riode offre des conditions id\u00e9ales pour les activit\u00e9s de plein air, les visites touristiques et les attractions de la ville. Toutefois, n&rsquo;oubliez pas qu&rsquo;il s&rsquo;agit \u00e9galement de la haute saison touristique, et qu&rsquo;il est donc conseill\u00e9 de planifier et de r\u00e9server son h\u00e9bergement \u00e0 l&rsquo;avance.<\/p>\r\n<h3>Duba\u00ef est-elle une destination s\u00fbre pour les touristes ?<\/h3>\r\n<p>R\u00e9ponse : Oui, Duba\u00ef est consid\u00e9r\u00e9e comme l&rsquo;une des destinations les plus s\u00fbres pour les touristes. La ville accorde une grande importance \u00e0 la s\u00e9curit\u00e9 et le taux de criminalit\u00e9 est relativement faible. Les espaces publics, les h\u00f4tels et les attractions touristiques sont bien surveill\u00e9s, ce qui contribue \u00e0 un environnement s\u00fbr. Comme pour toute destination de voyage, il est toujours sage de prendre les pr\u00e9cautions d&rsquo;usage, notamment de prot\u00e9ger ses effets personnels et d&rsquo;\u00eatre attentif \u00e0 ce qui se passe autour de soi.<\/p>\r\n<h3>Puis-je explorer Duba\u00ef avec un budget limit\u00e9 ?<\/h3>\r\n<p>R\u00e9ponse : Absolument. Bien que Duba\u00ef soit connue pour son luxe, il existe de nombreuses fa\u00e7ons d&rsquo;explorer la ville avec un budget limit\u00e9. Profitez des transports publics, tels que le m\u00e9tro et les bus, pour vous d\u00e9placer \u00e0 moindre co\u00fbt. Profitez des attractions gratuites, comme le spectacle de la fontaine de Duba\u00ef au Burj Khalifa et les plages publiques. En outre, explorez les march\u00e9s locaux (souks) pour faire du shopping et manger \u00e0 des prix abordables. Avec une planification minutieuse, il est possible de d\u00e9couvrir le meilleur de Duba\u00ef sans se ruiner.<\/p>\r\n<h3>Y a-t-il des normes culturelles et des codes vestimentaires \u00e0 respecter \u00e0 Duba\u00ef ?<\/h3>\r\n<p>R\u00e9ponse : Oui, Duba\u00ef suit les traditions islamiques et les visiteurs sont encourag\u00e9s \u00e0 respecter les coutumes locales. Bien que la ville soit diversifi\u00e9e et tol\u00e9rante, il est conseill\u00e9 de s&rsquo;habiller modestement, en particulier dans les lieux publics. Les maillots de bain sont autoris\u00e9s \u00e0 la plage ou au bord de la piscine, mais ne doivent pas \u00eatre port\u00e9s dans les autres lieux publics. En outre, pendant le mois sacr\u00e9 du Ramadan, il est important d&rsquo;\u00eatre conscient des pratiques locales de je\u00fbne et de s&rsquo;abstenir de manger, de boire ou de fumer en public pendant les heures de clart\u00e9.<\/p>\r\n<h3>Conclusion<\/h3>\r\n<p>En conclusion, Duba\u00ef est plus qu&rsquo;une ville ; c&rsquo;est une tapisserie dynamique qui tisse la tradition, le luxe et l&rsquo;innovation. Des hauteurs \u00e9blouissantes de la Burj Khalifa aux ruelles historiques du quartier d&rsquo;Al Fahidi, Duba\u00ef concilie harmonieusement son riche patrimoine culturel avec une approche avant-gardiste de l&rsquo;avenir. L&rsquo;engagement de la ville en faveur de la durabilit\u00e9, qui se traduit par des projets tels que la ville durable et le parc solaire, t\u00e9moigne d&rsquo;une coexistence harmonieuse entre le progr\u00e8s et la responsabilit\u00e9 environnementale.<\/p>\r\n<p>L&rsquo;attrait de Duba\u00ef ne r\u00e9side pas seulement dans ses merveilles architecturales et ses stations baln\u00e9aires luxueuses, mais aussi dans son engagement \u00e0 devenir un centre culturel mondial. Les \u00e9v\u00e9nements annuels, la sc\u00e8ne artistique florissante et les d\u00e9lices gastronomiques contribuent tous \u00e0 faire de Duba\u00ef une ville qui embrasse la diversit\u00e9 et la cr\u00e9ativit\u00e9. Alors que Duba\u00ef continue d&rsquo;envisager et de fa\u00e7onner son avenir, elle invite le monde \u00e0 faire partie de son histoire, une histoire qui c\u00e9l\u00e8bre l&rsquo;union de la tradition, de l&rsquo;opulence et d&rsquo;un engagement in\u00e9branlable \u00e0 repousser les limites du possible.<\/p>\r\n<p>Relat: <a href=\"https:\/\/www.touregyptclub.com\/fr\/la-fete-de-cham-el-nessim-en-egypte\/\">La f\u00eate de Cham El-Nessim en Egypte<\/a><\/p>\r\n","protected":false},"excerpt":{"rendered":"<p>Dans cette page, nous avons fourni quelques informations \u00c0 propos de Duba\u00ef.\u00a0 Duba\u00ef est l&rsquo;un des sept \u00c9mirats des \u00c9mirats arabes unis, situ\u00e9 au sud-est du golfe Persique sur la p\u00e9ninsule arabique et a la deuxi\u00e8me plus grande population avec le deuxi\u00e8me plus grand territoire par superficie de tous les \u00c9mirats. Duba\u00ef a \u00e9t\u00e9 officiellement [&hellip;]<\/p>\n","protected":false},"author":1,"featured_media":21674,"parent":0,"menu_order":0,"comment_status":"closed","ping_status":"closed","template":"template-home-modern.php","meta":{"_acf_changed":false,"_uf_show_specific_survey":0,"_uf_disable_surveys":false,"footnotes":""},"class_list":["post-28588","page","type-page","status-publish","has-post-thumbnail","hentry"],"acf":[],"_links":{"self":[{"href":"https:\/\/www.touregyptclub.com\/fr\/wp-json\/wp\/v2\/pages\/28588","targetHints":{"allow":["GET"]}}],"collection":[{"href":"https:\/\/www.touregyptclub.com\/fr\/wp-json\/wp\/v2\/pages"}],"about":[{"href":"https:\/\/www.touregyptclub.com\/fr\/wp-json\/wp\/v2\/types\/page"}],"author":[{"embeddable":true,"href":"https:\/\/www.touregyptclub.com\/fr\/wp-json\/wp\/v2\/users\/1"}],"replies":[{"embeddable":true,"href":"https:\/\/www.touregyptclub.com\/fr\/wp-json\/wp\/v2\/comments?post=28588"}],"version-history":[{"count":0,"href":"https:\/\/www.touregyptclub.com\/fr\/wp-json\/wp\/v2\/pages\/28588\/revisions"}],"wp:featuredmedia":[{"embeddable":true,"href":"https:\/\/www.touregyptclub.com\/fr\/wp-json\/wp\/v2\/media\/21674"}],"wp:attachment":[{"href":"https:\/\/www.touregyptclub.com\/fr\/wp-json\/wp\/v2\/media?parent=28588"}],"curies":[{"name":"wp","href":"https:\/\/api.w.org\/{rel}","templated":true}]}}