{"id":38147,"date":"2022-06-26T17:35:59","date_gmt":"2022-06-26T17:35:59","guid":{"rendered":"https:\/\/www.touregyptclub.com\/search-page-faq\/"},"modified":"2025-06-16T07:21:27","modified_gmt":"2025-06-16T07:21:27","slug":"search-page-faq","status":"publish","type":"page","link":"http:\/\/www.touregyptclub.com\/es\/search-page-faq\/","title":{"rendered":"footer page faq"},"content":{"rendered":"<div class=\"wpb-content-wrapper\"><p>[vc_row][vc_column el_class=\u00bbsearchpagfaq\u00bb]<div class=\"st-faq-new st-faq\">\r\n\t<h3>faq<\/h3>\r\n\t\t\t\t\t\t\t\t<div class=\"item active\">\r\n\t\t\t\t\t<div class=\"header\">\r\n\t\t\t\t\t\t<i class=\"input-icon st-border-radius field-icon fa\"><svg height=\"18px\" width=\"18px\" version=\"1.1\" id=\"Layer_1\" xmlns=\"http:\/\/www.w3.org\/2000\/svg\" xmlns:xlink=\"http:\/\/www.w3.org\/1999\/xlink\" x=\"0px\" y=\"0px\"\r\n     viewBox=\"0 0 24 24\" style=\"enable-background:new 0 0 24 24;\" xml:space=\"preserve\">\r\n\r\n<g fill=\"#5E6D77\">\r\n    <path d=\"M5.25,24c-0.116,0-0.232-0.027-0.336-0.079C4.659,23.793,4.5,23.536,4.5,23.25V19.5H2.25C1.009,19.5,0,18.491,0,17.25v-15\r\n        C0,1.009,1.009,0,2.25,0h19.5C22.991,0,24,1.009,24,2.25v15c0,1.241-1.009,2.25-2.25,2.25H11.5l-5.8,4.35\r\n        C5.571,23.947,5.411,24,5.25,24z M2.25,1.5C1.836,1.5,1.5,1.836,1.5,2.25v15C1.5,17.664,1.836,18,2.25,18h3\r\n        C5.664,18,6,18.336,6,18.75v3l4.8-3.6c0.129-0.097,0.289-0.15,0.45-0.15h10.5c0.414,0,0.75-0.336,0.75-0.75v-15\r\n        c0-0.414-0.336-0.75-0.75-0.75H2.25z\"\/>\r\n    <path d=\"M12,12c-0.414,0-0.75-0.336-0.75-0.75v-0.256c-0.001-0.952,0.602-1.805,1.5-2.122c0.897-0.317,1.5-1.17,1.5-2.121\r\n        c0-0.6-0.234-1.165-0.66-1.59c-0.425-0.426-0.99-0.66-1.59-0.66c-0.601,0-1.166,0.234-1.591,0.659\r\n        C9.984,5.584,9.75,6.149,9.75,6.75C9.75,7.164,9.414,7.5,9,7.5S8.25,7.163,8.25,6.75c0-2.067,1.683-3.749,3.75-3.749\r\n        c1.002,0,1.944,0.39,2.652,1.099c0.708,0.709,1.098,1.65,1.098,2.652c0,1.586-1.005,3.006-2.5,3.535\r\n        c-0.299,0.106-0.5,0.39-0.5,0.708v0.256C12.75,11.664,12.414,12,12,12z\"\/>\r\n    <circle cx=\"12\" cy=\"14.625\" r=\"1.125\"\/>\r\n<\/g>\r\n<\/svg><\/i>\t\t\t\t\t\t<h5>TitleTitleTitle<\/h5>\r\n\t\t\t\t\t\t<span class=\"arrow\">\r\n\t\t\t\t\t\t\t<i class=\"fa fa-angle-down\"><\/i>\r\n\t\t\t\t\t\t<\/span>\r\n\t\t\t\t\t<\/div>\r\n\r\n\t\t\t\t\t\t\t\t\t\t\t<div class=\"body\">\r\n\t\t\t\t\t\t\tContent\nContent\nContent\nContent\n\t\t\t\t\t\t<\/div>\r\n\t\t\t\t\t\t\t\t\t<\/div>\r\n\t\t\t\t\t\t\t<\/div>\r\n[\/vc_column][\/vc_row][vc_row full_width=\u00bbstretch_row\u00bb css=\u00bb.vc_custom_1542265299369{background-color: #ffffff !important;}\u00bb][vc_column width=\u00bb1\/4&#8243;][vc_column_text css=\u00bb.vc_custom_1629819029047{margin-bottom: 20px !important;}\u00bb]<\/p>\n<p>Tour Egypt Club<\/p>\n<p>[\/vc_column_text][vc_column_text css=\u00bb.vc_custom_1595238377778{border-left-width: 3px !important;padding-left: 20px !important;border-left-color: #5191fa !important;border-left-style: solid !important;}\u00bb][\/vc_column_text][vc_column_text css=\u00bb.vc_custom_1750058448156{border-left-width: 3px !important;padding-left: 20px !important;border-left-style: solid !important;border-color: #5191fa !important;}\u00bb]Tour Egypt Club ofrece la garant\u00eda de que experimentar\u00e1 s\u00f3lo las mejores vacaciones en Egipto para usted y su familia.<\/p>\n<p>Los lugares m\u00e1s hist\u00f3ricos del mundo antiguo en Egipto, Jordania y Jerusal\u00e9n, \u00a1lo tenemos cubierto!<\/p>\n<p>Ofrecemos una excelente colecci\u00f3n de excursiones de un d\u00eda, cruceros por el r\u00edo Nilo, visitas guiadas por la ciudad y paquetes de viaje a Egipto de alta calidad y cuidadosamente seleccionados que se adaptan a cualquier presupuesto de viaje.<\/p>\n<p>\u00a1Aprovecha la oportunidad \u00fanica y experimenta el Antiguo Egipto con nosotros!<\/p>\n<p>El Antiguo Egipto te espera en 2025, crea un recuerdo duradero y reserva tu viaje con expertos en viajes.[\/vc_column_text][vc_column_text css=\u00bb.vc_custom_1629920358520{margin-bottom: 15px !important;border-left-width: 3px !important;padding-left: 20px !important;border-left-color: #5191fa !important;border-left-style: solid !important;}\u00bb]Follow us<\/p>\n<p>[\/vc_column_text][\/vc_column][vc_column width=\u00bb1\/4&#8243;][vc_column_text css=\u00bb.vc_custom_1750058426224{margin-bottom: 20px !important;}\u00bb]Los 10 mejores tours en Egipto 2025[\/vc_column_text][vc_separator][vc_separator color=\u00bbcustom\u00bb align=\u00bbalign_left\u00bb el_width=\u00bb40&#8243; accent_color=\u00bb#eaeaea\u00bb]<div class=\"widget widget_nav_menu\"><ul id=\"menu-footer-new-2-spanish\" class=\"menu\"><li id=\"menu-item-38255\" class=\"menu-item menu-item-type-custom menu-item-object-custom menu-item-38255\"><a href=\"https:\/\/www.touregyptclub.com\/es\/egipto-paquetes-viajes\/cl%C3%A1sico-tours-egipto\/el-cairo-luxor-alejandr%C3%ADa-tour\/\">El Cairo, Luxor y Alejandr\u00eda Tour 7 d\u00edas<\/a><\/li>\n<li id=\"menu-item-38256\" class=\"menu-item menu-item-type-custom menu-item-object-custom menu-item-38256\"><a href=\"https:\/\/www.touregyptclub.com\/es\/egipto-tours\/excursi%C3%B3nes-en-el-cairo\/tour-en-avi%C3%B3n-luxor-desde-el-cairo-un-d%C3%ADa\/\">Tour en Avi\u00f3n a Luxor desde El Cairo un d\u00eda<\/a><\/li>\n<li id=\"menu-item-38257\" class=\"menu-item menu-item-type-custom menu-item-object-custom menu-item-38257\"><a href=\"https:\/\/www.touregyptclub.com\/es\/egipto-paquetes-viajes\/cl%C3%A1sico-tours-egipto\/las-pir%C3%A1mides-tour-y-crucero-por-el-nilo-por-avi%C3%B3n\/\">Viaje de 8 d\u00edas en El Cairo, Luxor y Asu\u00e1n, Crucero por El Nilo<\/a><\/li>\n<li id=\"menu-item-38258\" class=\"menu-item menu-item-type-custom menu-item-object-custom menu-item-38258\"><a href=\"https:\/\/www.touregyptclub.com\/es\/egipto-paquetes-viajes\/cl%C3%A1sico-tours-egipto\/cairo-crucero-por-el-nilo-tour\/\">El Cairo y Crucero por el Nilo Tour 9 d\u00edas<\/a><\/li>\n<li id=\"menu-item-38259\" class=\"menu-item menu-item-type-custom menu-item-object-custom menu-item-38259\"><a href=\"https:\/\/www.touregyptclub.com\/es\/egipto-paquetes-viajes\/viajes-baratos-egipto-tours-para-estudiantes\/viaje-barato-cairo-alejandr%C3%ADa\/\">Viaje Barato En El Cairo y Alejandr\u00eda 4 D\u00edas<\/a><\/li>\n<\/ul><\/div>[vc_raw_html]JTNDZGl2JTIwaWQlM0QlMjJib29rbXVuZGktd2lkZ2V0LWZvb3RlciUyMiUzRSUzQ2ElMjBocmVmJTNEJTIyaHR0cHMlM0ElMkYlMkZ3d3cuYm9va211bmRpLmNvbSUyRmNvbXBhbmllcyUyRnRvdXItZWd5cHQtY2x1YiUyRmMyMjk0JTIyJTIwdGFyZ2V0JTNEJTIyX2JsYW5rJTIyJTIwaWQlM0QlMjJib29rbXVuZGktbGluayUyMiUzRVRvdXIlMjBFZ3lwdCUyMENsdWIlM0MlMkZhJTNFJTNDJTJGZGl2JTNFJTNDc2NyaXB0JTIwc3JjJTNEJTIyaHR0cHMlM0ElMkYlMkZ3d3cuYm9va211bmRpLmNvbSUyRnJldmlldy13aWRnZXQlMkYlM0ZjJTNEMTE3NjM4JTIyJTNFJTNDJTJGc2NyaXB0JTNF[\/vc_raw_html][\/vc_column][vc_column width=\u00bb1\/4&#8243;][vc_column_text css=\u00bb.vc_custom_1661179674326{margin-bottom: 20px !important;}\u00bb]Wiki Viajeros[\/vc_column_text][vc_separator color=\u00bbcustom\u00bb align=\u00bbalign_left\u00bb el_width=\u00bb40&#8243; accent_color=\u00bb#eaeaea\u00bb]<div class=\"widget widget_nav_menu\"><ul id=\"menu-footer-new-spanish\" class=\"menu\"><li id=\"menu-item-38245\" class=\"menu-item menu-item-type-taxonomy menu-item-object-category menu-item-38245\"><a href=\"http:\/\/www.touregyptclub.com\/es\/wiki-viajeros\/egipto-informacion-turistica-para-viajeros\/\">Wiki Viajeros<\/a><\/li>\n<li id=\"menu-item-38246\" class=\"menu-item menu-item-type-taxonomy menu-item-object-category menu-item-38246\"><a href=\"http:\/\/www.touregyptclub.com\/es\/wiki-viajeros\/egipto-informacion-turistica-para-viajeros\/asuan-guia-de-viaje\/\">Asu\u00e1n Gu\u00eda de viaje<\/a><\/li>\n<li id=\"menu-item-38247\" class=\"menu-item menu-item-type-taxonomy menu-item-object-category menu-item-38247\"><a href=\"http:\/\/www.touregyptclub.com\/es\/wiki-viajeros\/egipto-informacion-turistica-para-viajeros\/el-cairo-gu%C3%ADa-de-viaje\/\">El Cairo Gu\u00eda de Viaje<\/a><\/li>\n<li id=\"menu-item-38248\" class=\"menu-item menu-item-type-taxonomy menu-item-object-category menu-item-38248\"><a href=\"http:\/\/www.touregyptclub.com\/es\/wiki-viajeros\/egipto-informacion-turistica-para-viajeros\/guiza-guia-de-viaje\/\">Guiza Gu\u00eda de Viaje<\/a><\/li>\n<li id=\"menu-item-38249\" class=\"menu-item menu-item-type-taxonomy menu-item-object-category menu-item-38249\"><a href=\"http:\/\/www.touregyptclub.com\/es\/wiki-viajeros\/egipto-informacion-turistica-para-viajeros\/luxor-guia-de-viaje\/\">Luxor Gu\u00eda de viaje<\/a><\/li>\n<li id=\"menu-item-38250\" class=\"menu-item menu-item-type-taxonomy menu-item-object-category menu-item-38250\"><a href=\"http:\/\/www.touregyptclub.com\/es\/wiki-viajeros\/egipto-informacion-turistica-para-viajeros\/alejandria-guia-de-viaje\/\">Alejandr\u00eda Gu\u00eda de Viaje<\/a><\/li>\n<li id=\"menu-item-38251\" class=\"menu-item menu-item-type-taxonomy menu-item-object-category menu-item-38251\"><a href=\"http:\/\/www.touregyptclub.com\/es\/wiki-viajeros\/egipto-informacion-turistica-para-viajeros\/sinai-guia-de-viajelugares\/\">Sina\u00ed Gu\u00eda de viaje<\/a><\/li>\n<li id=\"menu-item-38252\" class=\"menu-item menu-item-type-taxonomy menu-item-object-category menu-item-38252\"><a href=\"http:\/\/www.touregyptclub.com\/es\/wiki-viajeros\/egipto-informacion-turistica-para-viajeros\/sharm-el-sheikh-guia-de-viaje\/\">Sharm el Sheikh Gu\u00eda de viaje<\/a><\/li>\n<\/ul><\/div>[vc_raw_html]JTBBJTNDZGl2JTIwaWQlM0QlMjJUQV9jZXJ0aWZpY2F0ZU9mRXhjZWxsZW5jZTkyMSUyMiUyMGNsYXNzJTNEJTIyVEFfY2VydGlmaWNhdGVPZkV4Y2VsbGVuY2UlMjIlM0UlM0N1bCUyMGlkJTNEJTIyWlZYV1F3cXElMjIlMjBjbGFzcyUzRCUyMlRBX2xpbmtzJTIwU1ZzVHFFJTIyJTNFJTNDbGklMjBpZCUzRCUyMnJScWowRkJKOVY2JTIyJTIwY2xhc3MlM0QlMjJmbzJ1WWclMjIlM0UlM0NhJTIwdGFyZ2V0JTNEJTIyX2JsYW5rJTIyJTIwaHJlZiUzRCUyMmh0dHBzJTNBJTJGJTJGd3d3LnRyaXBhZHZpc29yLmVzJTJGQXR0cmFjdGlvbl9SZXZpZXctZzI5NDIwMi1kMjA3ODYzMC1SZXZpZXdzLVRvdXJfRWd5cHRfQ2x1Yi1HaXphX0dpemFfR292ZXJub3JhdGUuaHRtbCUyMiUzRSUzQ2ltZyUyMHNyYyUzRCUyMmh0dHBzJTNBJTJGJTJGd3d3LnRyaXBhZHZpc29yLmVzJTJGaW1nJTJGY2RzaSUyRmltZzIlMkZhd2FyZHMlMkZ2MiUyRnRjaG90ZWxfMjAyMF9MTC0xNDM0OC0yLnBuZyUyMiUyMGFsdCUzRCUyMlRyaXBBZHZpc29yJTIyJTIwY2xhc3MlM0QlMjJ3aWRDT0VJbWclMjIlMjBpZCUzRCUyMkNEU1dJRENPRUxPR08lMjIlMkYlM0UlM0MlMkZhJTNFJTNDJTJGbGklM0UlM0MlMkZ1bCUzRSUzQyUyRmRpdiUzRSUzQ3NjcmlwdCUyMGFzeW5jJTIwc3JjJTNEJTIyaHR0cHMlM0ElMkYlMkZ3d3cuanNjYWNoZS5jb20lMkZ3ZWpzJTNGd3R5cGUlM0RjZXJ0aWZpY2F0ZU9mRXhjZWxsZW5jZSUyNmFtcCUzQnVuaXElM0Q5MjElMjZhbXAlM0Jsb2NhdGlvbklkJTNEMjA3ODYzMCUyNmFtcCUzQmxhbmclM0RlcyUyNmFtcCUzQnllYXIlM0QyMDIwJTI2YW1wJTNCZGlzcGxheV92ZXJzaW9uJTNEMiUyMiUyMGRhdGEtbG9hZHRyayUyMG9ubG9hZCUzRCUyMnRoaXMubG9hZHRyayUzRHRydWUlMjIlM0UlM0MlMkZzY3JpcHQlM0U=[\/vc_raw_html][\/vc_column][vc_column width=\u00bb1\/4&#8243;][vc_column_text css=\u00bb.vc_custom_1661179835998{margin-bottom: 20px !important;}\u00bb]Informaci\u00f3n de viaje a Egipto[\/vc_column_text][vc_separator color=\u00bbcustom\u00bb align=\u00bbalign_left\u00bb el_width=\u00bb40&#8243; accent_color=\u00bb#eaeaea\u00bb]<div class=\"widget widget_nav_menu\"><ul id=\"menu-footer-new-3-spanish\" class=\"menu\"><li id=\"menu-item-17728\" class=\"menu-item menu-item-type-post_type menu-item-object-page menu-item-17728\"><a href=\"http:\/\/www.touregyptclub.com\/es\/about-us\/\">Acerca de nosotros<\/a><\/li>\n<li id=\"menu-item-17730\" class=\"menu-item menu-item-type-post_type menu-item-object-page menu-item-17730\"><a href=\"http:\/\/www.touregyptclub.com\/es\/historia-de-egipto\/\">Historia de Egipto<\/a><\/li>\n<li id=\"menu-item-17752\" class=\"menu-item menu-item-type-post_type menu-item-object-page menu-item-17752\"><a href=\"http:\/\/www.touregyptclub.com\/es\/l%C3%ADneas-de-cruceros-internacionales\/\">L\u00edneas De Cruceros Internacionales Visita  En Egipto<\/a><\/li>\n<li id=\"menu-item-17729\" class=\"menu-item menu-item-type-post_type menu-item-object-page menu-item-17729\"><a href=\"http:\/\/www.touregyptclub.com\/es\/egipto-viajes-info\/\">Egipto Sincategorizar Visita En Egipto<\/a><\/li>\n<li id=\"menu-item-17753\" class=\"menu-item menu-item-type-post_type menu-item-object-page menu-item-17753\"><a href=\"http:\/\/www.touregyptclub.com\/es\/l%C3%ADneas-de-cruceros-internacionales\/\">Descubra las mejores compa\u00f1\u00edas internacionales de cruceros Viaje a Egipto<\/a><\/li>\n<li id=\"menu-item-17735\" class=\"menu-item menu-item-type-post_type menu-item-object-page menu-item-17735\"><a href=\"http:\/\/www.touregyptclub.com\/es\/supervivencia-del-viajero\/\">Supervivencia del Viajero<\/a><\/li>\n<li id=\"menu-item-17736\" class=\"menu-item menu-item-type-post_type menu-item-object-page menu-item-17736\"><a href=\"http:\/\/www.touregyptclub.com\/es\/supervivencia-en-el-desierto\/\">Supervivencia en el desierto<\/a><\/li>\n<li id=\"menu-item-17738\" class=\"menu-item menu-item-type-post_type menu-item-object-page menu-item-17738\"><a href=\"http:\/\/www.touregyptclub.com\/es\/tarifa-de-entrada-para-grandes-monumentos-en-egipto\/\">Tarifa de entrada para grandes monumentos en Egipto<\/a><\/li>\n<li id=\"menu-item-17739\" class=\"menu-item menu-item-type-post_type menu-item-object-page menu-item-17739\"><a href=\"http:\/\/www.touregyptclub.com\/es\/las-distancias-estimadas-entre-las-principales-ciudades-de-egipto\/\">Las distancias estimadas entre las principales ciudades de Egipto<\/a><\/li>\n<\/ul><\/div>[\/vc_column][\/vc_row][vc_row][vc_column][vc_separator][\/vc_column][\/vc_row][vc_row][vc_column width=\u00bb1\/4&#8243;][vc_column_text css=\u00bb\u00bb]All rights reserved \u00a9 2010 &#8211; 2025 Tour Egypt[\/vc_column_text][\/vc_column][vc_column width=\u00bb3\/4&#8243;][vc_row_inner][vc_column_inner width=\u00bb1\/4&#8243;][vc_column_text]<\/p>\n<p style=\"text-align: center;\"><a href=\"https:\/\/www.touregyptclub.com\/es\/about-us\/\">Acerca de nosotros<\/a><\/p>\n<p>[\/vc_column_text][\/vc_column_inner][vc_column_inner width=\u00bb1\/4&#8243;][vc_column_text]<\/p>\n<p style=\"text-align: center;\"><a href=\"https:\/\/www.touregyptclub.com\/es\/conecta-nos\/\">Cont\u00e1ctenos<\/a><\/p>\n<p>[\/vc_column_text][\/vc_column_inner][vc_column_inner width=\u00bb1\/4&#8243;][vc_column_text]<\/p>\n<p style=\"text-align: center;\"><a href=\"https:\/\/www.touregyptclub.com\/es\/terms-conditions\/\">T\u00e9rminos y condiciones<\/a><\/p>\n<p>[\/vc_column_text][\/vc_column_inner][vc_column_inner width=\u00bb1\/4&#8243;][vc_column_text]<\/p>\n<p style=\"text-align: center;\"><a href=\"https:\/\/www.touregyptclub.com\/es\/preguntas-frecuentes\/\">FAQs<\/a><\/p>\n<p>[\/vc_column_text][\/vc_column_inner][\/vc_row_inner][\/vc_column][\/vc_row]<\/p>\n<\/div>","protected":false},"excerpt":{"rendered":"<p>[vc_row][vc_column el_class=\u00bbsearchpagfaq\u00bb][\/vc_column][\/vc_row][vc_row full_width=\u00bbstretch_row\u00bb css=\u00bb.vc_custom_1542265299369{background-color: #ffffff !important;}\u00bb][vc_column width=\u00bb1\/4&#8243;][vc_column_text css=\u00bb.vc_custom_1629819029047{margin-bottom: 20px !important;}\u00bb] Tour Egypt Club [\/vc_column_text][vc_column_text css=\u00bb.vc_custom_1595238377778{border-left-width: 3px !important;padding-left: 20px !important;border-left-color: #5191fa !important;border-left-style: solid !important;}\u00bb][\/vc_column_text][vc_column_text css=\u00bb.vc_custom_1750058448156{border-left-width: 3px !important;padding-left: 20px !important;border-left-style: solid !important;border-color: #5191fa !important;}\u00bb]Tour Egypt Club ofrece la garant\u00eda de que experimentar\u00e1 s\u00f3lo las mejores vacaciones en Egipto para usted y su familia. Los lugares m\u00e1s hist\u00f3ricos [&hellip;]<\/p>\n","protected":false},"author":1,"featured_media":41575,"parent":0,"menu_order":0,"comment_status":"closed","ping_status":"closed","template":"","meta":{"_acf_changed":false,"_uf_show_specific_survey":0,"_uf_disable_surveys":false,"footnotes":""},"class_list":["post-38147","page","type-page","status-publish","has-post-thumbnail","hentry"],"acf":[],"_links":{"self":[{"href":"https:\/\/www.touregyptclub.com\/es\/wp-json\/wp\/v2\/pages\/38147","targetHints":{"allow":["GET"]}}],"collection":[{"href":"https:\/\/www.touregyptclub.com\/es\/wp-json\/wp\/v2\/pages"}],"about":[{"href":"https:\/\/www.touregyptclub.com\/es\/wp-json\/wp\/v2\/types\/page"}],"author":[{"embeddable":true,"href":"https:\/\/www.touregyptclub.com\/es\/wp-json\/wp\/v2\/users\/1"}],"replies":[{"embeddable":true,"href":"https:\/\/www.touregyptclub.com\/es\/wp-json\/wp\/v2\/comments?post=38147"}],"version-history":[{"count":3,"href":"https:\/\/www.touregyptclub.com\/es\/wp-json\/wp\/v2\/pages\/38147\/revisions"}],"predecessor-version":[{"id":55531,"href":"https:\/\/www.touregyptclub.com\/es\/wp-json\/wp\/v2\/pages\/38147\/revisions\/55531"}],"wp:featuredmedia":[{"embeddable":true,"href":"https:\/\/www.touregyptclub.com\/es\/wp-json\/wp\/v2\/media\/41575"}],"wp:attachment":[{"href":"https:\/\/www.touregyptclub.com\/es\/wp-json\/wp\/v2\/media?parent=38147"}],"curies":[{"name":"wp","href":"https:\/\/api.w.org\/{rel}","templated":true}]}}