{"id":37616,"date":"2022-07-20T08:26:15","date_gmt":"2022-07-20T08:26:15","guid":{"rendered":"https:\/\/2022.exploreegypttours.com\/shore-excursion\/"},"modified":"2023-12-26T02:36:17","modified_gmt":"2023-12-26T02:36:17","slug":"shore-excursion","status":"publish","type":"page","link":"http:\/\/www.touregyptclub.com\/es\/mejores-excursiones-para-cruceros-de-egipto\/","title":{"rendered":"Excursiones en crucero y viaje en crucero por Egipto"},"content":{"rendered":"<div class=\"wpb-content-wrapper\"><p>[vc_row][vc_column][vc_column_text]Descubra los encantadores paisajes y el rico patrimonio cultural de Egipto a trav\u00e9s de nuestras variadas experiencias de Excursiones en Crucero y Viajes en Crucero. Ad\u00e9ntrese en el coraz\u00f3n de las maravillas hist\u00f3ricas y los impresionantes paisajes de Egipto con nuestros itinerarios meticulosamente dise\u00f1ados que prometen un inolvidable Viaje de Excursiones en Tierra por Egipto. Sum\u00e9rjase en el encanto de los tesoros antiguos y las maravillas modernas al embarcarse en un viaje que desvela el esplendor de las joyas costeras de Egipto. Desde las fascinantes pir\u00e1mides hasta las tranquilas aguas del Mar Rojo, nuestras excursiones en crucero ofrecen una combinaci\u00f3n perfecta de relajaci\u00f3n y descubrimiento. Acomp\u00e1\u00f1enos mientras navegamos por las v\u00edas fluviales, brind\u00e1ndole una oportunidad inigualable de contemplar la belleza de Egipto desde una perspectiva \u00fanica. Su aventura egipcia comienza aqu\u00ed, prometi\u00e9ndole una experiencia de crucero sin igual.<\/p>\n<p>Cuando los grandes barcos de otros pa\u00edses vienen a Egipto, se detienen en diferentes lugares a lo largo de la costa egipcia. Tour Egypt Club est\u00e1 listo con un mont\u00f3n de diferentes viajes llamado Egipto Shore Excursions Trip para las personas que se bajan de estos barcos en el Mar Rojo y el Mar Mediterr\u00e1neo.<\/p>\n<p>En estos viajes, se puede ver cosas incre\u00edbles como la colorida vida marina en el Mar Rojo o explorar lugares antiguos e interesantes cerca del Mediterr\u00e1neo. El objetivo de estos viajes es hacer que su visita a Egipto sea superdivertida e inolvidable. Podr\u00e1 disfrutar de hermosas vistas, aprender cosas interesantes sobre la historia y ver c\u00f3mo vive la gente all\u00ed.<\/p>\n<p>As\u00ed que, si se baja de un gran barco, Tour Egypt Club tiene fant\u00e1sticos viajes a Egipto Shore Excursions esperando s\u00f3lo para usted a lo largo del Mar Rojo y el <a href=\"https:\/\/es.wikipedia.org\/wiki\/Mar_Mediterr%C3%A1neo\" target=\"_blank\" rel=\"noopener\">Mar Mediterr\u00e1neo<\/a>. Es una gran manera de hacer que su tiempo en Egipto lleno de emocionantes aventuras y recuerdos impresionantes.<\/p>\n<p>Relacionado: <a href=\"https:\/\/www.touregyptclub.com\/es\/egipto-paquetes-viajes\/viajes-de-lujo-egipto\/el-cairo-y-crucero-por-el-nilo-asu%C3%A1n-luxor-y-el-mar-rojo-tour\/\">Explorando Egipto: Tour 11 D\u00edas Mar Rojo<\/a>[\/vc_column_text][\/vc_column][\/vc_row]<\/p>\n<\/div>","protected":false},"excerpt":{"rendered":"<p>[vc_row][vc_column][vc_column_text]Descubra los encantadores paisajes y el rico patrimonio cultural de Egipto a trav\u00e9s de nuestras variadas experiencias de Excursiones en Crucero y Viajes en Crucero. Ad\u00e9ntrese en el coraz\u00f3n de las maravillas hist\u00f3ricas y los impresionantes paisajes de Egipto con nuestros itinerarios meticulosamente dise\u00f1ados que prometen un inolvidable Viaje de Excursiones en Tierra por Egipto. [&hellip;]<\/p>\n","protected":false},"author":1,"featured_media":44703,"parent":0,"menu_order":0,"comment_status":"closed","ping_status":"closed","template":"template-tour-search.php","meta":{"_acf_changed":false,"_uf_show_specific_survey":0,"_uf_disable_surveys":false,"footnotes":""},"class_list":["post-37616","page","type-page","status-publish","has-post-thumbnail","hentry"],"acf":[],"_links":{"self":[{"href":"https:\/\/www.touregyptclub.com\/es\/wp-json\/wp\/v2\/pages\/37616","targetHints":{"allow":["GET"]}}],"collection":[{"href":"https:\/\/www.touregyptclub.com\/es\/wp-json\/wp\/v2\/pages"}],"about":[{"href":"https:\/\/www.touregyptclub.com\/es\/wp-json\/wp\/v2\/types\/page"}],"author":[{"embeddable":true,"href":"https:\/\/www.touregyptclub.com\/es\/wp-json\/wp\/v2\/users\/1"}],"replies":[{"embeddable":true,"href":"https:\/\/www.touregyptclub.com\/es\/wp-json\/wp\/v2\/comments?post=37616"}],"version-history":[{"count":0,"href":"https:\/\/www.touregyptclub.com\/es\/wp-json\/wp\/v2\/pages\/37616\/revisions"}],"wp:featuredmedia":[{"embeddable":true,"href":"https:\/\/www.touregyptclub.com\/es\/wp-json\/wp\/v2\/media\/44703"}],"wp:attachment":[{"href":"https:\/\/www.touregyptclub.com\/es\/wp-json\/wp\/v2\/media?parent=37616"}],"curies":[{"name":"wp","href":"https:\/\/api.w.org\/{rel}","templated":true}]}}