{"id":37615,"date":"2022-07-20T08:26:30","date_gmt":"2022-07-20T08:26:30","guid":{"rendered":"https:\/\/2022.exploreegypttours.com\/nile-cruise-dahabyia\/"},"modified":"2023-12-25T16:17:02","modified_gmt":"2023-12-25T16:17:02","slug":"cruceros-por-el-nilo-dahabiya","status":"publish","type":"page","link":"http:\/\/www.touregyptclub.com\/es\/mejores-cruceros-por-el-nilo-dahabiya-crucero-lago-asser\/","title":{"rendered":"Cruceros por el Nilo y Dahabiya Visita"},"content":{"rendered":"<p>Embarcarse en un\u00a0crucero por el r\u00edo Nilo es una opci\u00f3n excelente de viaje.El Nilo ha sido siempre el fuente de vida para Egipto, muchos de sus importantes templos se encuentran cerca de sus m\u00e1rgenes, as\u00ed que cada d\u00eda tendr\u00e1s una nueva aventura para vivir.Le ofrecemos un crucero por el Nilo en Dahabiya, que es la forma m\u00e1s lujosa de experimentar el r\u00edo. Estos barcos, conocidos como Dahabiyas en \u00e1rabe, recuerdan una \u00e9poca pasada para los reyes para explorar el valle del Nilo. Entonces, tome <a class=\"\" style=\"display: inline !important; width: auto !important;\" href=\"https:\/\/www.touregyptclub.com\/es\/egipto-informacion-turistica-para-viajeros\/el-cairo-guia-de-viaje\/la-mezquita-de-el\/\" data-wpil-post-to-id=\"15238\">la forma cl\u00e1sica de ver el<\/a> Nilo y navegue hacia el pasado.<\/p>\n<p>Es una forma tranquila de explorer el Nilo entre Luxor y Asu\u00e1n y tener inolvidables vistas, navegaci\u00f3n, deliciosas comidas tradicionales y un atento servicio personalizado. Un d\u00eda a bordo de un Dahabiya tiene placer como si fuera en el paraiso.Y le damos la opcion tambien de Cruceros por\u00a0el lago Nasser en Egipto\u00a0y visitas en\u00a0<a href=\"https:\/\/en.wikipedia.org\/wiki\/Abu_Simbel\" target=\"_blank\" rel=\"noopener\">Abu Simbel<\/a>y\u00a0Aswan, es viaje inolvidable, todos los barcos de crucero lago Nasser son de lujo y son cruceros de tour complete desde Asu\u00e1n, el Templo de Dakka, Wadi el Seboua, Wadi el Arab, Toshqa hasta los majestuosos templos de Abu Simbel, El crucero por el lago Nasser le llevar\u00e1 a trav\u00e9s de la rica arqueolog\u00eda del antiguo Egipto. El Lago Nasser est\u00e1 situado en el sur de Egipto, el lago Nasser, un lago artificial y\u00a0 una de las grandes obras de ingenier\u00eda de Egipto.<\/p>\n","protected":false},"excerpt":{"rendered":"<p>Embarcarse en un\u00a0crucero por el r\u00edo Nilo es una opci\u00f3n excelente de viaje.El Nilo ha sido siempre el fuente de vida para Egipto, muchos de sus importantes templos se encuentran cerca de sus m\u00e1rgenes, as\u00ed que cada d\u00eda tendr\u00e1s una nueva aventura para vivir.Le ofrecemos un crucero por el Nilo en Dahabiya, que es la [&hellip;]<\/p>\n","protected":false},"author":1,"featured_media":37197,"parent":0,"menu_order":0,"comment_status":"closed","ping_status":"closed","template":"template-tour-search.php","meta":{"_acf_changed":false,"_uf_show_specific_survey":0,"_uf_disable_surveys":false,"footnotes":""},"class_list":["post-37615","page","type-page","status-publish","has-post-thumbnail","hentry"],"acf":[],"_links":{"self":[{"href":"https:\/\/www.touregyptclub.com\/es\/wp-json\/wp\/v2\/pages\/37615","targetHints":{"allow":["GET"]}}],"collection":[{"href":"https:\/\/www.touregyptclub.com\/es\/wp-json\/wp\/v2\/pages"}],"about":[{"href":"https:\/\/www.touregyptclub.com\/es\/wp-json\/wp\/v2\/types\/page"}],"author":[{"embeddable":true,"href":"https:\/\/www.touregyptclub.com\/es\/wp-json\/wp\/v2\/users\/1"}],"replies":[{"embeddable":true,"href":"https:\/\/www.touregyptclub.com\/es\/wp-json\/wp\/v2\/comments?post=37615"}],"version-history":[{"count":0,"href":"https:\/\/www.touregyptclub.com\/es\/wp-json\/wp\/v2\/pages\/37615\/revisions"}],"wp:featuredmedia":[{"embeddable":true,"href":"https:\/\/www.touregyptclub.com\/es\/wp-json\/wp\/v2\/media\/37197"}],"wp:attachment":[{"href":"https:\/\/www.touregyptclub.com\/es\/wp-json\/wp\/v2\/media?parent=37615"}],"curies":[{"name":"wp","href":"https:\/\/api.w.org\/{rel}","templated":true}]}}