{"id":37610,"date":"2022-07-20T08:25:14","date_gmt":"2022-07-20T08:25:14","guid":{"rendered":"https:\/\/2022.exploreegypttours.com\/tour-package\/"},"modified":"2023-12-26T05:32:32","modified_gmt":"2023-12-26T05:32:32","slug":"paquetes-de-vacaciones-de-viaje-egipto","status":"publish","type":"page","link":"http:\/\/www.touregyptclub.com\/es\/mejores-viajes-paquetes-vacacionales-en-egipto\/","title":{"rendered":"Paquetes de vacaciones en Egipto: Descubra las mejores ofertas para una experiencia inolvidable"},"content":{"rendered":"<p>Prep\u00e1rese para un viaje incre\u00edble con nuestros paquetes de vacaciones en Egipto. Hemos planificado cada uno de ellos cuidadosamente para hacer realidad sus sue\u00f1os de viajar. Explora diferentes partes de esta incre\u00edble tierra con experiencias dise\u00f1adas solo para ti.<\/p>\n<h2>Explorar la historia<\/h2>\n<p>Emb\u00e1rcate en un apasionante viaje a trav\u00e9s de las arenas del tiempo mientras exploras la enigm\u00e1tica historia del antiguo Egipto. Sea testigo del legado perdurable de las pir\u00e1mides de Giza, incluidas las imponentes estructuras de Khufu, Khafre y Menkaure, maravillas que han desafiado siglos. En Luxor, recorra los terrenos sagrados del Templo de Karnak y el cautivador <a href=\"https:\/\/www.touregyptclub.com\/es\/egipto-informacion-turistica-para-viajeros\/luxor-guia-de-viaje\/el-templo-de-luxor\/\">Templo de Luxor<\/a>, donde la esencia de la espiritualidad y la grandeza del antiguo Egipto resuena a trav\u00e9s de los siglos.<\/p>\n<p>Guiada por apasionados egipt\u00f3logos, su visita se convierte en un v\u00edvido tapiz de historias que dan vida a los rituales, ceremonias y la existencia diaria de una civilizaci\u00f3n que prosper\u00f3 a lo largo de las orillas del Nilo. Los jerogl\u00edficos y la arquitectura monumental revelan historias de faraones y plebeyos, transformando su exploraci\u00f3n en una odisea inmersiva a trav\u00e9s de un mundo donde el mito y la realidad se entrelazan, esperando ser revelados por el viajero curioso.<\/p>\n<h2>Crucero por el Nilo<\/h2>\n<p>En el viaje a lo largo del eterno r\u00edo Nilo, donde un sereno crucero lo invita a relajarse en medio de los esplendores de la historia de Egipto. A medida que avanza tranquilamente r\u00edo abajo, las orillas del r\u00edo revelan un tapiz de maravillas arqueol\u00f3gicas, incluido el majestuoso Templo de Philae, Edfu y Kom Ombo. Al realizar una transici\u00f3n perfecta entre momentos de relajaci\u00f3n a bordo y exploraciones cautivadoras de sitios antiguos, el crucero logra un equilibrio armonioso. Las relajantes corrientes del Nilo le llevar\u00e1n a trav\u00e9s de un paisaje lleno de milenios de historia.<\/p>\n<p>Disfrute de la comodidad de su retiro flotante, del\u00e9itese con exquisitas experiencias gastron\u00f3micas bajo las estrellas y interact\u00fae con gu\u00edas expertos que dan vida a las historias de faraones y dioses. Esto crea una fusi\u00f3n inolvidable de ocio e inmersi\u00f3n cultural, donde cada curva del r\u00edo da vida a un nuevo cap\u00edtulo del rico patrimonio de Egipto.<\/p>\n<h2>Felicidad del Mar Rojo<\/h2>\n<p>Red Sea Bliss con nuestros paquetes exclusivos a Sharm El Sheikh y Hurghada, que prometen una escapada a la playa incomparable. Realice una transici\u00f3n fluida de la rutina a lo extraordinario mientras se sumerge en las aguas cristalinas y la vibrante vida marina del Mar Rojo. Estos paquetes cuidadosamente seleccionados ofrecen un refugio ideal para los entusiastas del mar, donde les espera la promesa de exploraci\u00f3n submarina y relajaci\u00f3n tranquila a lo largo de playas v\u00edrgenes.<\/p>\n<p>Alej\u00e1ndose del ajetreo y el bullicio de la vida cotidiana, estos paquetes lo invitan a descubrir una combinaci\u00f3n perfecta de encanto costero, lo que garantiza un retiro maravilloso que satisface el sue\u00f1o de todo entusiasta del mar. Ya sea que est\u00e9 ansioso por explorar el fascinante mundo submarino a trav\u00e9s de aventuras de snorkel y buceo o simplemente anhele una relajaci\u00f3n serena en las costas ba\u00f1adas por el sol, Red Sea Bliss ofrece un escape id\u00edlico.<\/p>\n<p>Los paisajes pintorescos y las aguas azules crean un ambiente que combina a la perfecci\u00f3n la belleza natural con la tranquilidad, ofreciendo una experiencia incomparable para quienes buscan una escapada rejuvenecedora e inmersiva junto al mar.<\/p>\n<h2>Aventura en El Cairo<\/h2>\n<p>Descubra el din\u00e1mico latido del coraz\u00f3n de El Cairo con nuestros paquetes de aventuras, que lo guiar\u00e1n a trav\u00e9s de los bulliciosos mercados de la ciudad, como <a href=\"https:\/\/www.introducingegypt.com\/khan-el-khalili\" target=\"_blank\" rel=\"noopener\">Khan El Khalili<\/a>, y le mostrar\u00e1n su combinaci\u00f3n de maravillas antiguas y modernas. Explore las ic\u00f3nicas Pir\u00e1mides y la Esfinge y ascienda a la Torre de El Cairo para disfrutar de vistas panor\u00e1micas que resumen el esp\u00edritu en constante evoluci\u00f3n de la ciudad.<\/p>\n<p>Desde las calles laber\u00ednticas de los barrios hist\u00f3ricos hasta el reluciente horizonte, cada rinc\u00f3n de El Cairo lo invita a una aventura, prometiendo una experiencia de inmersi\u00f3n en el vibrante tapiz de la capital de Egipto.<\/p>\n<h2>Safari por el desierto<\/h2>\n<p>Desert Safari, un viaje que trasciende lo com\u00fan y te lleva a lo m\u00e1s profundo de los fascinantes paisajes del Sahara. Realice una transici\u00f3n perfecta de los bulliciosos paisajes urbanos a la serena desolaci\u00f3n del desierto, donde la extensi\u00f3n ilimitada de arenas doradas se extiende hasta donde alcanza la vista. Participe en paseos en camello que brindan un viaje r\u00edtmico a trav\u00e9s de este terreno vasto y atemporal, permiti\u00e9ndole conectarse \u00edntimamente con la belleza natural del desierto.<\/p>\n<p>Al hacer la transici\u00f3n de los paseos en camello, atravesar\u00e1 majestuosas dunas de arena que se elevan como esculturas antiguas y sus formas onduladas crean un paisaje surrealista. Acampe bajo el vasto cielo egipcio, donde los cambiantes tonos del atardecer pintan el desierto con una paleta de tonos c\u00e1lidos. A medida que el d\u00eda se convierte en noche, el cielo estrellado en el desierto revela un espect\u00e1culo celestial, ofreciendo una conclusi\u00f3n encantadora a su aventura en el Sahara.<\/p>\n<p>La quietud de la noche del desierto, interrumpida s\u00f3lo por los suaves sonidos del viento, transforma su experiencia de campamento en un momento de tranquila reflexi\u00f3n, creando recuerdos que perduran mucho despu\u00e9s de haber dejado atr\u00e1s la arena.<\/p>\n<h2>Buceo Cultural<\/h2>\n<p>Buceo cultural con nuestros paquetes especialmente dise\u00f1ados, que trascienden la experiencia tur\u00edstica ordinaria para brindar una exploraci\u00f3n aut\u00e9ntica e inmersiva.<\/p>\n","protected":false},"excerpt":{"rendered":"<p>Prep\u00e1rese para un viaje incre\u00edble con nuestros paquetes de vacaciones en Egipto. Hemos planificado cada uno de ellos cuidadosamente para hacer realidad sus sue\u00f1os de viajar. Explora diferentes partes de esta incre\u00edble tierra con experiencias dise\u00f1adas solo para ti. Explorar la historia Emb\u00e1rcate en un apasionante viaje a trav\u00e9s de las arenas del tiempo mientras [&hellip;]<\/p>\n","protected":false},"author":1,"featured_media":37838,"parent":0,"menu_order":0,"comment_status":"closed","ping_status":"closed","template":"template-tour-search.php","meta":{"_acf_changed":false,"_uf_show_specific_survey":0,"_uf_disable_surveys":false,"footnotes":""},"class_list":["post-37610","page","type-page","status-publish","has-post-thumbnail","hentry"],"acf":[],"_links":{"self":[{"href":"https:\/\/www.touregyptclub.com\/es\/wp-json\/wp\/v2\/pages\/37610","targetHints":{"allow":["GET"]}}],"collection":[{"href":"https:\/\/www.touregyptclub.com\/es\/wp-json\/wp\/v2\/pages"}],"about":[{"href":"https:\/\/www.touregyptclub.com\/es\/wp-json\/wp\/v2\/types\/page"}],"author":[{"embeddable":true,"href":"https:\/\/www.touregyptclub.com\/es\/wp-json\/wp\/v2\/users\/1"}],"replies":[{"embeddable":true,"href":"https:\/\/www.touregyptclub.com\/es\/wp-json\/wp\/v2\/comments?post=37610"}],"version-history":[{"count":0,"href":"https:\/\/www.touregyptclub.com\/es\/wp-json\/wp\/v2\/pages\/37610\/revisions"}],"wp:featuredmedia":[{"embeddable":true,"href":"https:\/\/www.touregyptclub.com\/es\/wp-json\/wp\/v2\/media\/37838"}],"wp:attachment":[{"href":"https:\/\/www.touregyptclub.com\/es\/wp-json\/wp\/v2\/media?parent=37610"}],"curies":[{"name":"wp","href":"https:\/\/api.w.org\/{rel}","templated":true}]}}