{"id":37601,"date":"2022-07-20T08:15:24","date_gmt":"2022-07-20T08:15:24","guid":{"rendered":"https:\/\/2022.exploreegypttours.com\/day-tours\/"},"modified":"2023-12-26T07:17:26","modified_gmt":"2023-12-26T07:17:26","slug":"mejores-tours-excursiones-de-un-dia-de-egipto","status":"publish","type":"page","link":"http:\/\/www.touregyptclub.com\/es\/mejores-tours-excursiones-de-un-dia-de-egipto\/","title":{"rendered":"Viajes a Egipto &#8211; Explore las maravillas de la Antig\u00fcedad con nuestros paquetes exclusivos"},"content":{"rendered":"<div class=\"wpb-content-wrapper\"><p>[vc_row][vc_column][vc_column_text]Explorar en Viajes a Egipto abre un mundo de posibilidades, mejora su experiencia de viaje y le brinda la oportunidad de presenciar a\u00fan m\u00e1s maravillas al seleccionar entre nuestra amplia gama de los mejores Tours en Egipto y paquetes de excursiones. Dondequiera que se encuentre en Egipto, tenga la seguridad de que Tour Egypt Club est\u00e1 aqu\u00ed para ayudarle.<\/p>\n<p>Nuestro compromiso en Tour Egypt Club es garantizar que usted disfrute al m\u00e1ximo de su tiempo, haciendo que su excursi\u00f3n a Egipto y su viaje de un d\u00eda sean realmente memorables. Ya sea que est\u00e9 explorando sitios hist\u00f3ricos comunes o aventur\u00e1ndose en destinos no tur\u00edsticos menos conocidos, nuestro equipo de operadores tur\u00edsticos locales profesionales en Egipto est\u00e1 ansioso por ayudarlo a dise\u00f1ar y reservar su excursi\u00f3n de un d\u00eda en l\u00ednea. Nuestra flexibilidad incluso se adapta a planes de \u00faltimo momento, lo que le permite satisfacer sus necesidades de viaje sin problemas mientras crea hermosos recuerdos con su familia y amigos.<\/p>\n<p>En una excursi\u00f3n a Egipto, donde las posibilidades son ilimitadas. Hay innumerables tesoros por descubrir y lugares que contemplar en este fascinante pa\u00eds. Hemos dise\u00f1ado excursiones meticulosamente dise\u00f1adas para satisfacer a viajeros de todos los gustos, ya sea que tenga un presupuesto limitado o busque el ep\u00edtome del lujo. Personalice sus vacaciones sumergi\u00e9ndose en los cautivadores escenarios de las ciudades clave de Egipto, incluidas El Cairo, Alejandr\u00eda, Sharm, Asu\u00e1n y Luxor, todas ellas a precios asequibles.<\/p>\n<p><a href=\"https:\/\/en.wikipedia.org\/wiki\/El_Cairo\" target=\"_blank\" rel=\"noopener\">El Cairo<\/a>, la vibrante capital, atrae con su rica historia y su encanto moderno. Nuestros recorridos brindan una visi\u00f3n de los lugares emblem\u00e1ticos de la ciudad, desde las impresionantes pir\u00e1mides de Giza hasta la hist\u00f3rica Esfinge. Alejandr\u00eda, con su encanto mediterr\u00e1neo, ofrece una combinaci\u00f3n \u00fanica de maravillas antiguas y delicias contempor\u00e1neas. Mientras tanto, Sharm el-Sheikh le invita a explorar su cautivador mundo submarino y disfrutar de la belleza del Mar Rojo.<\/p>\n<p>Asu\u00e1n y <a href=\"https:\/\/www.touregyptclub.com\/es\/egipto-informacion-turistica-para-viajeros\/luxor-guia-de-viaje\/el-templo-de-luxor\/\">Luxor<\/a>, con su atractivo atemporal, muestran el esplendor de las antiguas civilizaciones a lo largo del Nilo. Desde los majestuosos templos de Karnak hasta el Valle de los Reyes, nuestros Tours en Egipto garantizan una exploraci\u00f3n exhaustiva de estas joyas hist\u00f3ricas. Nuestros precios asequibles le permiten experimentar la magia de estas ciudades sin comprometer la calidad.<\/p>\n<p>Tour Egypt Club entiende que cada viajero tiene preferencias y prioridades \u00fanicas. Ya sea que busque inmersi\u00f3n cultural, aventura o relajaci\u00f3n, nuestra amplia gama de excursiones se adapta a sus gustos. Estamos orgullosos de ser su socio de confianza a la hora de crear viajes inolvidables a trav\u00e9s de las maravillas de Egipto.<\/p>\n<p>Reserva con nosotros y desbloquea todo el potencial de tus excursiones de un d\u00eda a Egipto. Perm\u00edtanos guiarle a trav\u00e9s de la belleza, la historia y el encanto de este extraordinario pa\u00eds, creando una experiencia que supere sus expectativas. Tour Egypt Club es su puerta de entrada a un mundo de descubrimientos, donde cada excursi\u00f3n es una oportunidad para desentra\u00f1ar los misterios y maravillas de Egipto.[\/vc_column_text][\/vc_column][\/vc_row]<\/p>\n<\/div>","protected":false},"excerpt":{"rendered":"<p>[vc_row][vc_column][vc_column_text]Explorar en Viajes a Egipto abre un mundo de posibilidades, mejora su experiencia de viaje y le brinda la oportunidad de presenciar a\u00fan m\u00e1s maravillas al seleccionar entre nuestra amplia gama de los mejores Tours en Egipto y paquetes de excursiones. Dondequiera que se encuentre en Egipto, tenga la seguridad de que Tour Egypt Club [&hellip;]<\/p>\n","protected":false},"author":1,"featured_media":31025,"parent":0,"menu_order":0,"comment_status":"closed","ping_status":"closed","template":"template-tour-search.php","meta":{"_acf_changed":false,"_uf_show_specific_survey":0,"_uf_disable_surveys":false,"footnotes":""},"class_list":["post-37601","page","type-page","status-publish","has-post-thumbnail","hentry"],"acf":[],"_links":{"self":[{"href":"https:\/\/www.touregyptclub.com\/es\/wp-json\/wp\/v2\/pages\/37601","targetHints":{"allow":["GET"]}}],"collection":[{"href":"https:\/\/www.touregyptclub.com\/es\/wp-json\/wp\/v2\/pages"}],"about":[{"href":"https:\/\/www.touregyptclub.com\/es\/wp-json\/wp\/v2\/types\/page"}],"author":[{"embeddable":true,"href":"https:\/\/www.touregyptclub.com\/es\/wp-json\/wp\/v2\/users\/1"}],"replies":[{"embeddable":true,"href":"https:\/\/www.touregyptclub.com\/es\/wp-json\/wp\/v2\/comments?post=37601"}],"version-history":[{"count":0,"href":"https:\/\/www.touregyptclub.com\/es\/wp-json\/wp\/v2\/pages\/37601\/revisions"}],"wp:featuredmedia":[{"embeddable":true,"href":"https:\/\/www.touregyptclub.com\/es\/wp-json\/wp\/v2\/media\/31025"}],"wp:attachment":[{"href":"https:\/\/www.touregyptclub.com\/es\/wp-json\/wp\/v2\/media?parent=37601"}],"curies":[{"name":"wp","href":"https:\/\/api.w.org\/{rel}","templated":true}]}}