{"id":17818,"date":"2021-08-25T16:22:04","date_gmt":"2021-08-25T16:22:04","guid":{"rendered":"https:\/\/touregyptclub.com\/?page_id=17818"},"modified":"2025-12-30T14:02:28","modified_gmt":"2025-12-30T14:02:28","slug":"sobre-nosotras","status":"publish","type":"page","link":"http:\/\/www.touregyptclub.com\/es\/sobre-nosotras\/","title":{"rendered":"Qui\u00e9nes somos"},"content":{"rendered":"<div class=\"wpb-content-wrapper\"><p>[vc_row][vc_column][vc_column_text css=\u00bb\u00bb]<\/p>\n<h2 data-start=\"143\" data-end=\"166\"><span style=\"color: #3366ff;\"><strong data-start=\"143\" data-end=\"166\">Travel Lovers Egypt<\/strong><\/span><\/h2>\n<p data-start=\"168\" data-end=\"443\">Uno de los principales operadores tur\u00edsticos en Egipto. Nos especializamos en tours locales por la tierra de Egipto y el resto de Oriente Medio. <strong data-start=\"313\" data-end=\"332\">Tour Egypt Club<\/strong> es operado con orgullo por Travel Lovers Egypt, una agencia de viajes egipcia con licencia (Licencia N\u00ba 2390).<\/p>\n<p data-start=\"445\" data-end=\"875\">Travel Lovers Egypt act\u00faa como la empresa matriz y el principal centro operativo detr\u00e1s de un grupo de sitios web de viajes especializados, incluyendo Tour Egypt Club. Como empresa madre, Travel Lovers Egypt proporciona la infraestructura profesional, las licencias y la experiencia que permiten a sus sitios web ofrecer servicios tur\u00edsticos de alta calidad, itinerarios personalizados y experiencias excepcionales en todo Egipto.<\/p>\n<p data-start=\"877\" data-end=\"915\"><strong data-start=\"877\" data-end=\"889\">Contacto<\/strong><br data-start=\"889\" data-end=\"892\" \/><strong data-start=\"892\" data-end=\"915\">Oficina de El Cairo<\/strong><\/p>\n<p data-start=\"917\" data-end=\"1091\"><a class=\"decorated-link\" href=\"https:\/\/travelloversegypt.com\/\" target=\"_new\" rel=\"noopener\" data-start=\"917\" data-end=\"947\">https:\/\/travelloversegypt.com\/<\/a><br data-start=\"947\" data-end=\"950\" \/><a class=\"decorated-link cursor-pointer\" rel=\"noopener\" data-start=\"950\" data-end=\"977\">sales@travelloversegypt.com<\/a><br data-start=\"977\" data-end=\"980\" \/>Tel\u00e9fono m\u00f3vil: +2 011 222 633 72<br data-start=\"1013\" data-end=\"1016\" \/>Tel\u00e9fono fijo: +2 (02) 37723880<br data-start=\"1047\" data-end=\"1050\" \/>Direcci\u00f3n: 120 El-Haram St, Giza \u2013 Egipto<\/p>\n<h2><span style=\"color: #3366ff;\">Nuestra misi\u00f3n<\/span><\/h2>\n<p>Es organizar vacaciones memorables en Egipto, Jerusal\u00e9n y Jordania, y seguir escuchando las solicitudes de los clientes, ayud\u00e1ndolos con sugerencias y consejos.<br \/>Crear valor y marcar la diferencia. Nuestros clientes ven la rica historia y la belleza de Egipto, pero adem\u00e1s aprenden sobre la cultura, la vida cotidiana de la gente y c\u00f3mo las comunidades locales se benefician del turismo.<\/p>\n<h2><span style=\"color: #3366ff;\">Nuestra visi\u00f3n<\/span><\/h2>\n<p>Es lograr crecimiento y calidad para el futuro, lo que requiere:<br \/>Una empresa donde la gente trabaja con entusiasmo por el turismo en Egipto.<br \/>Una red de proveedores apasionados por el pa\u00eds y los servicios de hosteler\u00eda.<br \/>Ofrecer servicios tur\u00edsticos a Egipto m\u00e1s pr\u00e1cticos con soluciones listas para usar que satisfagan todos los intereses.<br \/>Un tour operador responsable que marca la diferencia apoyando el turismo sostenible y responsable.<br \/>Contribuir a la conservaci\u00f3n de los sitios del Patrimonio Mundial de Egipto.<\/p>\n<h4><span style=\"color: #3366ff;\">Contact<\/span><\/h4>\n<p class=\"has-medium-font-size\"><img decoding=\"async\" class=\"alignnone wp-image-47162\" src=\"https:\/\/www.touregyptclub.com\/wp-content\/uploads\/2024\/01\/vecteezy_email-and-mail-icon-black_200096141-300x300.png\" sizes=\"(max-width: 20px) 100vw, 20px\" srcset=\"https:\/\/www.touregyptclub.com\/wp-content\/uploads\/2024\/01\/vecteezy_email-and-mail-icon-black_200096141-300x300.png 300w, https:\/\/www.touregyptclub.com\/wp-content\/uploads\/2024\/01\/vecteezy_email-and-mail-icon-black_200096141-1024x1024.png 1024w, https:\/\/www.touregyptclub.com\/wp-content\/uploads\/2024\/01\/vecteezy_email-and-mail-icon-black_200096141-150x150.png 150w, https:\/\/www.touregyptclub.com\/wp-content\/uploads\/2024\/01\/vecteezy_email-and-mail-icon-black_200096141-768x768.png 768w, https:\/\/www.touregyptclub.com\/wp-content\/uploads\/2024\/01\/vecteezy_email-and-mail-icon-black_200096141-1536x1536.png 1536w, https:\/\/www.touregyptclub.com\/wp-content\/uploads\/2024\/01\/vecteezy_email-and-mail-icon-black_200096141-2048x2048.png 2048w, https:\/\/www.touregyptclub.com\/wp-content\/uploads\/2024\/01\/vecteezy_email-and-mail-icon-black_200096141-600x600.png 600w, https:\/\/www.touregyptclub.com\/wp-content\/uploads\/2024\/01\/vecteezy_email-and-mail-icon-black_200096141-100x100.png 100w\" alt=\"\" width=\"20\" height=\"20\" \/><a href=\"https:\/\/touregyptclub.com\/en\/sales@touregyptclub.com\">sales@touregyptclub.com<\/a><br \/><img decoding=\"async\" class=\"alignnone wp-image-47162\" src=\"https:\/\/www.touregyptclub.com\/wp-content\/uploads\/2024\/01\/vecteezy_email-and-mail-icon-black_200096141-300x300.png\" sizes=\"(max-width: 20px) 100vw, 20px\" srcset=\"https:\/\/www.touregyptclub.com\/wp-content\/uploads\/2024\/01\/vecteezy_email-and-mail-icon-black_200096141-300x300.png 300w, https:\/\/www.touregyptclub.com\/wp-content\/uploads\/2024\/01\/vecteezy_email-and-mail-icon-black_200096141-1024x1024.png 1024w, https:\/\/www.touregyptclub.com\/wp-content\/uploads\/2024\/01\/vecteezy_email-and-mail-icon-black_200096141-150x150.png 150w, https:\/\/www.touregyptclub.com\/wp-content\/uploads\/2024\/01\/vecteezy_email-and-mail-icon-black_200096141-768x768.png 768w, https:\/\/www.touregyptclub.com\/wp-content\/uploads\/2024\/01\/vecteezy_email-and-mail-icon-black_200096141-1536x1536.png 1536w, https:\/\/www.touregyptclub.com\/wp-content\/uploads\/2024\/01\/vecteezy_email-and-mail-icon-black_200096141-2048x2048.png 2048w, https:\/\/www.touregyptclub.com\/wp-content\/uploads\/2024\/01\/vecteezy_email-and-mail-icon-black_200096141-600x600.png 600w, https:\/\/www.touregyptclub.com\/wp-content\/uploads\/2024\/01\/vecteezy_email-and-mail-icon-black_200096141-100x100.png 100w\" alt=\"\" width=\"20\" height=\"20\" \/><a href=\"https:\/\/touregyptclub.com\/en\/ng@reflectionstravel.net\">ng@reflectionstravel.net<\/a><\/p>\n<p><img decoding=\"async\" class=\"alignnone wp-image-47168\" src=\"https:\/\/www.touregyptclub.com\/wp-content\/uploads\/2024\/01\/whatsapp-logo-background-29-300x300.png\" sizes=\"(max-width: 20px) 100vw, 20px\" srcset=\"https:\/\/www.touregyptclub.com\/wp-content\/uploads\/2024\/01\/whatsapp-logo-background-29-768x545.png 768w, https:\/\/www.touregyptclub.com\/wp-content\/uploads\/2024\/01\/whatsapp-logo-background-29-600x426.png 600w, https:\/\/www.touregyptclub.com\/wp-content\/uploads\/2024\/01\/whatsapp-logo-background-29.png 1600w\" alt=\"\" width=\"20\" height=\"14\" \/>+20 106 259 2809<\/p>\n<p><img decoding=\"async\" class=\"alignnone wp-image-47168\" src=\"https:\/\/www.touregyptclub.com\/wp-content\/uploads\/2024\/01\/whatsapp-logo-background-29-300x300.png\" sizes=\"(max-width: 20px) 100vw, 20px\" srcset=\"https:\/\/www.touregyptclub.com\/wp-content\/uploads\/2024\/01\/whatsapp-logo-background-29-768x545.png 768w, https:\/\/www.touregyptclub.com\/wp-content\/uploads\/2024\/01\/whatsapp-logo-background-29-600x426.png 600w, https:\/\/www.touregyptclub.com\/wp-content\/uploads\/2024\/01\/whatsapp-logo-background-29.png 1600w\" alt=\"\" width=\"20\" height=\"14\" \/>+20 101 446 7554<\/p>\n<p>[\/vc_column_text][\/vc_column][\/vc_row]<\/p>\n<\/div>","protected":false},"excerpt":{"rendered":"<p>[vc_row][vc_column][vc_column_text css=\u00bb\u00bb] Travel Lovers Egypt Uno de los principales operadores tur\u00edsticos en Egipto. Nos especializamos en tours locales por la tierra de Egipto y el resto de Oriente Medio. Tour Egypt Club es operado con orgullo por Travel Lovers Egypt, una agencia de viajes egipcia con licencia (Licencia N\u00ba 2390). Travel Lovers Egypt act\u00faa como [&hellip;]<\/p>\n","protected":false},"author":1,"featured_media":0,"parent":0,"menu_order":0,"comment_status":"closed","ping_status":"closed","template":"template-home-modern.php","meta":{"_acf_changed":false,"_uf_show_specific_survey":0,"_uf_disable_surveys":false,"footnotes":""},"class_list":["post-17818","page","type-page","status-publish","has-post-thumbnail","hentry"],"acf":[],"_links":{"self":[{"href":"https:\/\/www.touregyptclub.com\/es\/wp-json\/wp\/v2\/pages\/17818","targetHints":{"allow":["GET"]}}],"collection":[{"href":"https:\/\/www.touregyptclub.com\/es\/wp-json\/wp\/v2\/pages"}],"about":[{"href":"https:\/\/www.touregyptclub.com\/es\/wp-json\/wp\/v2\/types\/page"}],"author":[{"embeddable":true,"href":"https:\/\/www.touregyptclub.com\/es\/wp-json\/wp\/v2\/users\/1"}],"replies":[{"embeddable":true,"href":"https:\/\/www.touregyptclub.com\/es\/wp-json\/wp\/v2\/comments?post=17818"}],"version-history":[{"count":2,"href":"https:\/\/www.touregyptclub.com\/es\/wp-json\/wp\/v2\/pages\/17818\/revisions"}],"predecessor-version":[{"id":55996,"href":"https:\/\/www.touregyptclub.com\/es\/wp-json\/wp\/v2\/pages\/17818\/revisions\/55996"}],"wp:attachment":[{"href":"https:\/\/www.touregyptclub.com\/es\/wp-json\/wp\/v2\/media?parent=17818"}],"curies":[{"name":"wp","href":"https:\/\/api.w.org\/{rel}","templated":true}]}}