{"id":13291,"date":"2020-06-25T12:09:57","date_gmt":"2020-06-25T12:09:57","guid":{"rendered":"https:\/\/mercatomisr.com\/entrance-fees-in-egypt-for-major-monuments\/"},"modified":"2023-11-19T05:11:25","modified_gmt":"2023-11-19T05:11:25","slug":"tarifa-de-entrada-para-grandes-monumentos-en-egipto","status":"publish","type":"page","link":"http:\/\/www.touregyptclub.com\/es\/tarifa-de-entrada-para-grandes-monumentos-en-egipto\/","title":{"rendered":"Tarifa de entrada para grandes monumentos en Egipto"},"content":{"rendered":"\r\n<h2><strong>Descubre las Maravillas Egipcias<\/strong><\/h2>\r\n<p>viaje a trav\u00e9s de la rica herencia cultural de Egipto con nuestra completa gu\u00eda sobre las tarifas de entrada para los principales monumentos. Al adentrarte en la milenaria historia de las pir\u00e1mides y templos, la fascinaci\u00f3n de Egipto como destino cautivador se hace a\u00fan m\u00e1s evidente. Asegura una visita sin contratiempos planificando con informaci\u00f3n actualizada y d\u00e9jate envolver por el encanto \u00fanico de este pa\u00eds ancestral desde el principio.<\/p>\r\n<p>Las tarifas est\u00e1n expresadas en libras egipcias, a menos que se indique lo contrario. La moneda egipcia se conoce como libra egipcia (L.E), que significa Livre Egyptien, o EGP, que significa libra egipcia. En Egipto, es imprescindible utilizar la libra egipcia para comprar las entradas, \u00a1as\u00ed que prep\u00e1rate! Las tarifas est\u00e1n sujetas a cambios, y hacemos todo lo posible por mantener actualizados estos precios.<\/p>\r\n<h2><strong>En la mayor\u00eda de las tumbas no se permite la fotograf\u00eda con flash.<\/strong><\/h2>\r\n<p>No incluimos las tarifas de entrada en nuestros precios de tours. Esto se debe a que hay personas a las que no les gusta sentirse obligadas a visitar un sitio. Dejamos la decisi\u00f3n al viajero individual cuando est\u00e1 en el lugar, \u00abs\u00ed\u00bb o \u00abno\u00bb. Muchos de los que viajan con nosotros prefieren no estar obligados a ver algo solo porque ya lo han pagado.<\/p>\r\n<h2><strong>Nombre del Sitio &#8211; Precio Adulto &#8211; Precio Estudiante &#8211; Foto\/Video\/Notas<\/strong><\/h2>\r\n<h3><strong>Cairo y Giza<\/strong><\/h3>\r\n<p>Ciudadela: 50.00 L.E &#8211; 25.00 L.E<\/p>\r\n<p>Museo Copto: 50.00 L.E &#8211; 25.00 L.E (No permitido)<\/p>\r\n<p>Museo de Antig\u00fcedades Egipcias: 60.00 L.E &#8211; 30.00 L.E (No permitido)<\/p>\r\n<p>Sala de Momias del Museo de Antig\u00fcedades: 100.00 L.E &#8211; 60.00 L.E (No permitido)<\/p>\r\n<p>Casa Gayer Anderson: 35.00 L.E &#8211; 20.00 L.E<\/p>\r\n<p>Museo de Arte Isl\u00e1mico: 40.00 L.E &#8211; 20.00 L.E (No permitido)<\/p>\r\n<p>Museo Mahmud Khalil: 25.00 L.E<\/p>\r\n<p>Museo Nacional de Arte Moderno Egipcio: 20.00 L.E (No permitido)<\/p>\r\n<p>Panorama de la Guerra de Octubre: 20.00 L.E<\/p>\r\n<p>Mezquita de Sultan Hassan: 25.00 L.E &#8211; 15.00 L.E<\/p>\r\n<p>Mezquita de Al-Refai: 25.00 L.E &#8211; 15.00 L.E<\/p>\r\n<p>Torre de El Cairo: 60.00 L.E<\/p>\r\n<p>Palacio de Manial: 35.00 L.E &#8211; 25.00 L.E<\/p>\r\n<p>Bayt El-Suhaymy: 30.00 L.E &#8211; 15.00 L.E<\/p>\r\n<p>Hosh El-Basha: 15.00 L.E<\/p>\r\n<p>Meseta de Giza: 60.00 L.E &#8211; 30.00 L.E<\/p>\r\n<p>Tarifa de entrada a la Pir\u00e1mide de Khufu: 100.00 L.E (No permitido)<\/p>\r\n<p>Entrada a la Pir\u00e1mide de Khafre: 30.00 L.E &#8211; 15.00 L.E (Cerrada)<\/p>\r\n<p>Entrada a la Pir\u00e1mide de Menkaure: 30.00 L.E &#8211; 15.00 L.E<\/p>\r\n<p>Museo del Barco Solar: 50.00 L.E &#8211; 25.00 L.E<\/p>\r\n<p>Espect\u00e1culo de Luz y Sonido: 75.00 L.E<\/p>\r\n<h2><strong>Otras Mastabas<\/strong><\/h2>\r\n<p>Incluye tumbas como Ty, Nefer, Irukaptah, Niannkh-Khnum, Khnumhotep (Nota: el Serapeum est\u00e1 cerrado hasta nuevo aviso): 30.00 L.E<\/p>\r\n<p>Dahshur (Incluye el Interior de la Pir\u00e1mide Roja): 25.00 L.E &#8211; 15.00 L.E<\/p>\r\n<p>Menfis: 35.00 L.E &#8211; 20.00 L.E<\/p>\r\n<p>Meidum: 35.00 L.E &#8211; 20.00 L.E<\/p>\r\n<p>Hawara: 35.00 L.E &#8211; 20.00 L.E<\/p>\r\n<h2><strong>Luxor<\/strong><\/h2>\r\n<p>Valle de los Reyes: 80.00 L.E + 04.00 L.E &#8211; 40.00 L.E + 04.00 L.E (No permitido)<\/p>\r\n<p>Valle de las Reinas: 30.00 L.E + 02.00 L.E &#8211; 15.00 L.E + 02.00 L.E (No permitido)<\/p>\r\n<p>Templo de Karnak: 65.00 L.E &#8211; 35.00 L.E (Permitido)<\/p>\r\n<p>Museo al Aire Libre: 25.00 L.E &#8211; 15.00 L.E<\/p>\r\n<p>Espect\u00e1culo de Luz y Sonido del Templo de Karnak: 55.00 L.E<\/p>\r\n<p>Templo de Luxor: 50.00 L.E &#8211; 25.00 L.E (Permitido)<\/p>\r\n<p>Museo de Luxor: 80.00 L.E &#8211; 40.00 L.E<\/p>\r\n<p>Museo de Momificaci\u00f3n: 50.00 L.E &#8211; 25.00 L.E<\/p>\r\n<p>Colosos de Memn\u00f3n: Gratis<\/p>\r\n<p>Ramesseum: 30.00 L.E &#8211; 15.00 L.E<\/p>\r\n<p>Ay: 25.00 L.E &#8211; 15.00 L.E (No permitido)<\/p>\r\n<p>Templo de Hatshepsut: 30.00 L.E + 02.00 L.E &#8211; 15.00 L.E + 02.00 L.E (Permitido)<\/p>\r\n<p>Medinat Habu: 30.00 L.E &#8211; 15.00 L.E (Permitido)<\/p>\r\n<p>Deir El-Medina (Sennedjem, Inherkau, Templo): 30.00 L.E &#8211; 15.00 L.E<\/p>\r\n<p>Deir El-Median Pashedu: 30.00 L.E &#8211; 15.00 L.E<\/p>\r\n<p>Templo de Seti I: 30.00 L.E &#8211; 15.00 L.E<\/p>\r\n<p>Templo de Merenptah: 20.00 L.E &#8211; 10.00 L.E<\/p>\r\n<p>Tumba de Tutankam\u00f3n (KV62): 100.00 L.E &#8211; 50.00 L.E (No permitido)<\/p>\r\n<p>Titi, Amenherkhopshef, Kahemwaset: 30.00 L.E &#8211; 15.00 L.E<\/p>\r\n<p>Nefertari (actualmente cerrado): Permiso requerido &#8211; 00.00 L.E (No permitido\/Cerrado)<\/p>\r\n<p>Nakht, Menna: 25.00 L.E &#8211; 15.00 L.E (No permitido)<\/p>\r\n<p>Rekmire, Sennefer: 25.00 L.E &#8211; 10.00 L.E<\/p>\r\n<p>Ramose, Userhet, Khaemhet: 25.00 L.E &#8211; 15.00 L.E<\/p>\r\n<p>Khons, Userhet, Benia: 12.00 L.E &#8211; 06.00 L.E<\/p>\r\n<p>Pabasa: 25.00 L.E &#8211; 15.00 L.E<\/p>\r\n<p>Keref, Anchhor: 20.00 L.E<\/p>\r\n<p>\u00c1rea de Khokha: 20.00 L.E<\/p>\r\n<p>Roy, Shuroy: 12.00 L.E &#8211; 06.00 L.E<\/p>\r\n<p>Abydos: 30.00 L.E &#8211; 15.00 L.E<\/p>\r\n<p>Dendera: 35.00 L.E &#8211; 20.00 L.E<\/p>\r\n<p>Esna: 20.00 L.E &#8211; 15.00 L.E<\/p>\r\n<p>Edfu: 50.00 L.E &#8211; 25.00 L.E<\/p>\r\n<p>Kom Ombo: 30.00 L.E &#8211; 15.00 L.E<\/p>\r\n<p>Tumbas de Beni Hassan: 30.00 L.E &#8211; 15.00 L.E<\/p>\r\n<p>Tuna Al-Gabal: 20.00 L.E &#8211; 15.00 L.E<\/p>\r\n<p>Tel El-Amarna: 30.00 L.E &#8211; 15.00 L.E<\/p>\r\n<h2><strong>Asu\u00e1n<\/strong><\/h2>\r\n<p>Templo de Abu Simbel: 90.00 L.E &#8211; 45.00 L.E<\/p>\r\n<p>Jardines Bot\u00e1nicos: 10.00 L.E<\/p>\r\n<p>Alto Dique: 15.00 L.E<\/p>\r\n<p>Museo Nubio: 50.00 L.E &#8211; 25.00 L.E<\/p>\r\n<p>Museo de Asu\u00e1n: 30.00 L.E &#8211; 15.00 L.E<\/p>\r\n<p><a class=\"\" style=\"display: inline !important; width: auto !important;\" href=\"https:\/\/www.touregyptclub.com\/es\/egipto-informacion-turistica-para-viajeros\/asuan-guia-de-viaje\/el-templo-de-filae\/\" data-wpil-post-to-id=\"15453\">Templo de Philae<\/a> (no incluye barco): 50.00 L.E &#8211; 25.00 L.E<\/p>\r\n<p>Espect\u00e1culo de Luz y Sonido del Templo de Philae: 33.00 L.E<\/p>\r\n<p>Tumbas de los Nobles: 30.00 L.E &#8211; 15.00 L.E<\/p>\r\n<p>Obelisco Inacabado: 30.00 L.E &#8211; 15.00 L.E<\/p>\r\n<p>Templo de Kalabsha: 35.00 L.E &#8211; 20.00 L.E<\/p>\r\n<p>Monasterio de San Sime\u00f3n: 25.00 L.E<\/p>\r\n<p>Templo de Kalabsha: 35.00 L.E &#8211; 20.00 L.E<\/p>\r\n<h2><strong>Alejandr\u00eda<\/strong><\/h2>\r\n<p>Catacumbas de Kom El-Shoqafa: 35.00 L.E &#8211; 20.00 L.E (No permitido)<\/p>\r\n<p>Fuerte Qait Bey: 25.00 L.E &#8211; 15.00 L.E (Gratis)<\/p>\r\n<p><a href=\"https:\/\/pt.wikipedia.org\/wiki\/Cole%C3%A7%C3%A3o_Greco-Romana_do_Museu_Nacional\" target=\"_blank\" rel=\"noopener\">Museo de Antig\u00fcedades Greco-Romanas<\/a>: 00.00 L.E (Cerrado)<\/p>\r\n<p>Villa de las Aves: 15.00 L.E &#8211; 08.00 L.E<\/p>\r\n<p>Museo de Joyas: 00.00 L.E (Cerrado)<\/p>\r\n<p>Jardines del Palacio Montazah (algunos d\u00edas 5.00): 05.00 L.E (Gratis)<\/p>\r\n<h2><strong>Columna de Pompeyo<\/strong><\/h2>\r\n<p>Incluye: Monumento Conmemorativo de Diocleciano y Amoud El Sawari: 20.00 L.E &#8211; 15.00 L.E (Gratis)<\/p>\r\n<p>Anfiteatro Romano: 20.00 L.E &#8211; 15.00 L.E (Gratis)<\/p>\r\n<p>Museo Nacional: 35.00 L.E &#8211; 20.00 L.E (No flash)<\/p>\r\n<p>Biblioteca de Alejandr\u00eda: 10.00 L.E (Gratis)<\/p>\r\n<p>Mezquita de Abu El-Abbas: Gratis (Gratis)<\/p>\r\n<p>Iglesia de San Marcos: Gratis (Gratis)<\/p>\r\n<h2><strong>El Alamain<\/strong><\/h2>\r\n<p>Museo Militar (Nota: Los ni\u00f1os menores de 6 a\u00f1os entran gratis, aunque no se les permite en la zona de la biblioteca): 10.00 L.E &#8211; 05.00 L.E &#8211; 20.00 L.E (Video)<\/p>\r\n<p>Rosetta (Rashid): Casas de la Era Otomana: 20.00 L.E (Gratis)<\/p>\r\n<h2><strong>Hurghada<\/strong><\/h2>\r\n<p>Museo de Biolog\u00eda Marina: 05.00 L.E<\/p>\r\n<p>Acuario del Mar Rojo: 05.00 L.E<\/p>\r\n<h2><strong>Sina\u00ed<\/strong><\/h2>\r\n<p>Parque Nacional Ras Mohammed: 20.00 USD<\/p>\r\n<p>Monasterio de Santa Catalina: 20.00 USD<\/p>\r\n","protected":false},"excerpt":{"rendered":"<p>Descubre las Maravillas Egipcias viaje a trav\u00e9s de la rica herencia cultural de Egipto con nuestra completa gu\u00eda sobre las tarifas de entrada para los principales monumentos. Al adentrarte en la milenaria historia de las pir\u00e1mides y templos, la fascinaci\u00f3n de Egipto como destino cautivador se hace a\u00fan m\u00e1s evidente. Asegura una visita sin contratiempos [&hellip;]<\/p>\n","protected":false},"author":1,"featured_media":0,"parent":0,"menu_order":0,"comment_status":"closed","ping_status":"closed","template":"template-home-modern.php","meta":{"_acf_changed":false,"_uf_show_specific_survey":0,"_uf_disable_surveys":false,"footnotes":""},"class_list":["post-13291","page","type-page","status-publish","has-post-thumbnail","hentry"],"acf":[],"_links":{"self":[{"href":"https:\/\/www.touregyptclub.com\/es\/wp-json\/wp\/v2\/pages\/13291","targetHints":{"allow":["GET"]}}],"collection":[{"href":"https:\/\/www.touregyptclub.com\/es\/wp-json\/wp\/v2\/pages"}],"about":[{"href":"https:\/\/www.touregyptclub.com\/es\/wp-json\/wp\/v2\/types\/page"}],"author":[{"embeddable":true,"href":"https:\/\/www.touregyptclub.com\/es\/wp-json\/wp\/v2\/users\/1"}],"replies":[{"embeddable":true,"href":"https:\/\/www.touregyptclub.com\/es\/wp-json\/wp\/v2\/comments?post=13291"}],"version-history":[{"count":0,"href":"https:\/\/www.touregyptclub.com\/es\/wp-json\/wp\/v2\/pages\/13291\/revisions"}],"wp:attachment":[{"href":"https:\/\/www.touregyptclub.com\/es\/wp-json\/wp\/v2\/media?parent=13291"}],"curies":[{"name":"wp","href":"https:\/\/api.w.org\/{rel}","templated":true}]}}