{"id":13263,"date":"2020-06-25T12:01:37","date_gmt":"2020-06-25T12:01:37","guid":{"rendered":"https:\/\/mercatomisr.com\/egypt-travel-info\/"},"modified":"2023-12-26T07:55:45","modified_gmt":"2023-12-26T07:55:45","slug":"egypt-travel-info","status":"publish","type":"page","link":"http:\/\/www.touregyptclub.com\/es\/egipto-viajes-info\/","title":{"rendered":"Egipto Sincategorizar Visita En Egipto"},"content":{"rendered":"<div class=\"flex-1 overflow-hidden\">\n<div class=\"react-scroll-to-bottom--css-qoftx-79elbk h-full\">\n<div class=\"react-scroll-to-bottom--css-qoftx-1n7m0yu\">\n<div class=\"flex flex-col pb-9 text-sm\">\n<div class=\"w-full text-token-text-primary\" data-testid=\"conversation-turn-11\">\n<div class=\"px-4 py-2 justify-center text-base md:gap-6 m-auto\">\n<div class=\"flex flex-1 text-base mx-auto gap-3 md:px-5 lg:px-1 xl:px-5 md:max-w-3xl lg:max-w-[40rem] xl:max-w-[48rem] group final-completion\">\n<div class=\"relative flex w-full flex-col lg:w-[calc(100%-115px)] agent-turn\">\n<div class=\"flex-col gap-1 md:gap-3\">\n<div class=\"flex flex-grow flex-col max-w-full\">\n<div class=\"min-h-[20px] text-message flex flex-col items-start gap-3 whitespace-pre-wrap break-words [.text-message+&amp;]:mt-5 overflow-x-auto\" data-message-author-role=\"assistant\" data-message-id=\"6106a75f-e98c-44e5-b1cd-c7120a55af63\">\n<div class=\"markdown prose w-full break-words dark:prose-invert light\">\n<p>Descubra las maravillas de Egipto como nunca antes con nuestro recorrido por p\u00e1ginas, Egipto Sin Visitar. Estamos aqu\u00ed para mostrarle un lado de Egipto que no se suele explorar. Desde su fascinante historia hasta su vibrante presente, nuestro recorrido pretende descubrir joyas ocultas y aspectos \u00fanicos que hacen de Egipto un lugar especial. Acomp\u00e1\u00f1enos en esta aventura en la que le revelaremos los tesoros menos conocidos y le ofreceremos una nueva visi\u00f3n de la incre\u00edble belleza de Egipto.<\/p>\n<\/div>\n<\/div>\n<\/div>\n<\/div>\n<\/div>\n<\/div>\n<\/div>\n<\/div>\n<\/div>\n<\/div>\n<\/div>\n<\/div>\n<h3><strong>Rep\u00fablica \u00c1rabe de Egipto<\/strong><\/h3>\n<table border=\"1\">\n<tbody>\n<tr>\n<th>Informaci\u00f3n<\/th>\n<th>Datos<\/th>\n<\/tr>\n<tr>\n<td>Capital (y ciudad m\u00e1s poblada)<\/td>\n<td>El Cairo<\/td>\n<\/tr>\n<tr>\n<td>Coordenadas<\/td>\n<td>30\u00b05\u2032 N 31\u00b025\u2032 E<\/td>\n<\/tr>\n<tr>\n<td>Idiomas oficiales<\/td>\n<td>\u00c1rabe egipcio<\/td>\n<\/tr>\n<p><!-- ... Rest of the data ... --><\/p>\n<tr>\n<td>Nombre del pa\u00eds en espa\u00f1ol<\/td>\n<td>Egipto<\/td>\n<\/tr>\n<tr>\n<td>Etimolog\u00eda<\/td>\n<td>Keemett: Antiguo nombre de la parte f\u00e9rtil del pa\u00eds, (km.t), o \u2018tierra negra\u2019.<br \/>\n<a href=\"https:\/\/www.britannica.com\/place\/Misr-al-Qadimah\" target=\"_blank\" rel=\"noopener\">Mi\u1e63r<\/a>: Nombre oficial \u00e1rabe (\u0645\u0635\u0631), de origen sem\u00edtico que significa \u00abestrecho\u00bb.<br \/>\nNombre en espa\u00f1ol: Egipto, proviene del lat\u00edn Aegyptus, derivado de la palabra griega \u0391\u03af\u03b3\u03c5\u03c0\u03c4\u03bf\u03c2 (Aigyptos).<\/td>\n<\/tr>\n<\/tbody>\n<\/table>\n<p>En relaci\u00f3n con: <a href=\"https:\/\/www.touregyptclub.com\/es\/descubre-las-joyas-escondidas-de-egipto-en-asuan\/\">Descubre las joyas escondidas de Egipto en Asu\u00e1n<\/a><\/p>\n","protected":false},"excerpt":{"rendered":"<p>Descubra las maravillas de Egipto como nunca antes con nuestro recorrido por p\u00e1ginas, Egipto Sin Visitar. Estamos aqu\u00ed para mostrarle un lado de Egipto que no se suele explorar. Desde su fascinante historia hasta su vibrante presente, nuestro recorrido pretende descubrir joyas ocultas y aspectos \u00fanicos que hacen de Egipto un lugar especial. Acomp\u00e1\u00f1enos en [&hellip;]<\/p>\n","protected":false},"author":1,"featured_media":0,"parent":0,"menu_order":0,"comment_status":"closed","ping_status":"closed","template":"template-home-modern.php","meta":{"_acf_changed":false,"_uf_show_specific_survey":0,"_uf_disable_surveys":false,"footnotes":""},"class_list":["post-13263","page","type-page","status-publish","has-post-thumbnail","hentry"],"acf":[],"_links":{"self":[{"href":"https:\/\/www.touregyptclub.com\/es\/wp-json\/wp\/v2\/pages\/13263","targetHints":{"allow":["GET"]}}],"collection":[{"href":"https:\/\/www.touregyptclub.com\/es\/wp-json\/wp\/v2\/pages"}],"about":[{"href":"https:\/\/www.touregyptclub.com\/es\/wp-json\/wp\/v2\/types\/page"}],"author":[{"embeddable":true,"href":"https:\/\/www.touregyptclub.com\/es\/wp-json\/wp\/v2\/users\/1"}],"replies":[{"embeddable":true,"href":"https:\/\/www.touregyptclub.com\/es\/wp-json\/wp\/v2\/comments?post=13263"}],"version-history":[{"count":0,"href":"https:\/\/www.touregyptclub.com\/es\/wp-json\/wp\/v2\/pages\/13263\/revisions"}],"wp:attachment":[{"href":"https:\/\/www.touregyptclub.com\/es\/wp-json\/wp\/v2\/media?parent=13263"}],"curies":[{"name":"wp","href":"https:\/\/api.w.org\/{rel}","templated":true}]}}