{"id":12094,"date":"2020-06-21T16:28:50","date_gmt":"2020-06-21T16:28:50","guid":{"rendered":"https:\/\/mercatomisr.com\/terms-conditions\/"},"modified":"2024-01-16T07:51:12","modified_gmt":"2024-01-16T07:51:12","slug":"terms-conditions","status":"publish","type":"page","link":"http:\/\/www.touregyptclub.com\/es\/terms-conditions\/","title":{"rendered":"T\u00e9rminos y condiciones"},"content":{"rendered":"<div class=\"wpb-content-wrapper\"><p>[vc_row][vc_column][vc_empty_space][\/vc_column][\/vc_row][vc_row][vc_column][vc_column_text]<\/p>\n<h2>Su acuerdo con Tour Egypt Club<\/h2>\n<h3>Pol\u00edtica de pago:<\/h3>\n<p>Para asegurar su reserva, confirme activamente sus arreglos de viaje tanto con usted como con la empresa. Posteriormente, la reserva se vuelve segura al recibir el dep\u00f3sito\/pago correcto mediante una transferencia bancaria a la cuenta bancaria de nuestra empresa. Cuando realiza los dep\u00f3sitos requeridos o completa el pago de paquetes tur\u00edsticos independientes o acompa\u00f1ados, acepta impl\u00edcitamente todos los t\u00e9rminos e informaci\u00f3n general descritos.<\/p>\n<p>Para reservaciones, recomendamos encarecidamente reservar con anticipaci\u00f3n enviando un dep\u00f3sito del 50%. Convenientemente, realiza este dep\u00f3sito a trav\u00e9s de transferencia bancaria o Western Union. Aseg\u00farese de que el saldo nos llegue dentro de los 7 d\u00edas posteriores a la confirmaci\u00f3n. Si reserva dentro de los 7 d\u00edas anteriores a la salida, deber\u00e1 pagar el importe total en el momento de la reserva.<\/p>\n<h3>Enmiendas:<\/h3>\n<p>Los cambios en la reserva original dependen de la disponibilidad. Es importante destacar que si hemos recibido el pago completo o hemos emitido un vale, tenga la seguridad de que no se aplicar\u00e1 ninguna tarifa administrativa.<\/p>\n<h3>Pol\u00edtica de ni\u00f1os:<\/h3>\n<h5>Paquetes, cruceros por el Nilo u hoteles:<\/h5>\n<p>Hasta 2 ni\u00f1os menores de 11,99 a\u00f1os pueden compartir c\u00f3modamente la habitaci\u00f3n de sus padres.<br \/>\nPara los m\u00e1s peque\u00f1os, los ni\u00f1os hasta 1,99 a\u00f1os se alojan gratis.<br \/>\nLos ni\u00f1os de 2 a 5,99 a\u00f1os incurren en un cargo nominal del 25% del costo total de adulto.<br \/>\nDel mismo modo, los ni\u00f1os de entre 6 y 11,99 a\u00f1os incurren en un cargo del 50 % del coste total de adulto.<br \/>\nLos ni\u00f1os mayores de 12 a\u00f1os se convierten autom\u00e1ticamente en adultos.<\/p>\n<h5>Visitas tur\u00edsticas y visitas opcionales:<\/h5>\n<p>Los ni\u00f1os m\u00e1s peque\u00f1os, hasta 5,99 a\u00f1os, disfrutan de estancias gratuitas.<br \/>\nPara ni\u00f1os de 6 a 11,99 a\u00f1os que participan en recorridos, el cargo es del 50 % del costo total del recorrido para adultos.<br \/>\nAl igual que en otros aspectos, se consideran adultos a los ni\u00f1os mayores de 12 a\u00f1os.<\/p>\n<h5>Vuelo dom\u00e9stico:<\/h5>\n<p>Para los viajeros m\u00e1s j\u00f3venes, los ni\u00f1os de hasta 1,99 a\u00f1os incurren en un modesto cargo del 10% del coste de adulto.<br \/>\nMientras tanto, los ni\u00f1os de 2 a 11,99 a\u00f1os incurren en un coste razonable del 75% del coste de un adulto.<\/p>\n<h3>Pol\u00edtica de cancelaci\u00f3n:<\/h3>\n<p>Proporcionar documentaci\u00f3n escrita por fax o correo electr\u00f3nico para cancelaciones. Los cargos aplicables son los siguientes:<\/p>\n<p>Si cancelas entre 40 y 30 d\u00edas antes de la salida, te deducimos el 25% del precio total del tour.<br \/>\nDel mismo modo, las cancelaciones entre 29 y 15 d\u00edas antes de la salida conllevan una deducci\u00f3n del 50% del precio total del viaje.<br \/>\nLas cancelaciones dentro de 1 a 14 d\u00edas antes de la salida garantizan una deducci\u00f3n del 100% del precio total del viaje.<br \/>\nEs importante destacar que no ofrecemos reembolsos por no presentarse.<\/p>\n<h5>Pol\u00edtica de Cancelaci\u00f3n de Navidad y A\u00f1o Nuevo: (18 de diciembre al 10 de enero)<\/h5>\n<p>Las cancelaciones realizadas entre 60 y 31 d\u00edas antes de la llegada conllevan una deducci\u00f3n del 50% del precio total.<br \/>\nAlternativamente, las cancelaciones entre 30 d\u00edas y el d\u00eda de llegada resultar\u00e1n en una deducci\u00f3n del 100% del precio total.<\/p>\n<h3>Reclamos y Quejas:<\/h3>\n<p>Si tiene alguna queja durante su estancia, informe inmediatamente a la direcci\u00f3n del alojamiento para su resoluci\u00f3n. De no hacerlo podr\u00e1 resultar en la p\u00e9rdida de los derechos de compensaci\u00f3n. Si el problema persiste, comun\u00edquese con nuestro representante y, si a\u00fan no se resuelve, comun\u00edquese con nuestro operador tur\u00edstico. Dirija cualquier disputa al proveedor de alojamiento correspondiente.<\/p>\n<h3>Solicitudes especiales:<\/h3>\n<p>El aviso previo de cualquier solicitud especial antes de la fecha de llegada es esencial para su consideraci\u00f3n. Sin embargo, no garantizamos solicitudes que no est\u00e9n incluidas expl\u00edcitamente en el acuerdo.[\/vc_column_text][\/vc_column][\/vc_row]<\/p>\n<\/div>","protected":false},"excerpt":{"rendered":"<p>[vc_row][vc_column][vc_empty_space][\/vc_column][\/vc_row][vc_row][vc_column][vc_column_text] Su acuerdo con Tour Egypt Club Pol\u00edtica de pago: Para asegurar su reserva, confirme activamente sus arreglos de viaje tanto con usted como con la empresa. Posteriormente, la reserva se vuelve segura al recibir el dep\u00f3sito\/pago correcto mediante una transferencia bancaria a la cuenta bancaria de nuestra empresa. Cuando realiza los dep\u00f3sitos requeridos o [&hellip;]<\/p>\n","protected":false},"author":1,"featured_media":11816,"parent":0,"menu_order":0,"comment_status":"closed","ping_status":"closed","template":"template-home-modern.php","meta":{"_acf_changed":false,"_uf_show_specific_survey":0,"_uf_disable_surveys":false,"footnotes":""},"class_list":["post-12094","page","type-page","status-publish","has-post-thumbnail","hentry"],"acf":[],"_links":{"self":[{"href":"https:\/\/www.touregyptclub.com\/es\/wp-json\/wp\/v2\/pages\/12094","targetHints":{"allow":["GET"]}}],"collection":[{"href":"https:\/\/www.touregyptclub.com\/es\/wp-json\/wp\/v2\/pages"}],"about":[{"href":"https:\/\/www.touregyptclub.com\/es\/wp-json\/wp\/v2\/types\/page"}],"author":[{"embeddable":true,"href":"https:\/\/www.touregyptclub.com\/es\/wp-json\/wp\/v2\/users\/1"}],"replies":[{"embeddable":true,"href":"https:\/\/www.touregyptclub.com\/es\/wp-json\/wp\/v2\/comments?post=12094"}],"version-history":[{"count":3,"href":"https:\/\/www.touregyptclub.com\/es\/wp-json\/wp\/v2\/pages\/12094\/revisions"}],"predecessor-version":[{"id":47362,"href":"https:\/\/www.touregyptclub.com\/es\/wp-json\/wp\/v2\/pages\/12094\/revisions\/47362"}],"wp:featuredmedia":[{"embeddable":true,"href":"https:\/\/www.touregyptclub.com\/es\/wp-json\/wp\/v2\/media\/11816"}],"wp:attachment":[{"href":"https:\/\/www.touregyptclub.com\/es\/wp-json\/wp\/v2\/media?parent=12094"}],"curies":[{"name":"wp","href":"https:\/\/api.w.org\/{rel}","templated":true}]}}