{"id":12047,"date":"2019-02-18T06:39:36","date_gmt":"2019-02-18T06:39:36","guid":{"rendered":"https:\/\/mercatomisr.com\/tour\/"},"modified":"2023-12-26T02:24:18","modified_gmt":"2023-12-26T02:24:18","slug":"excursiones-en-gipto","status":"publish","type":"page","link":"http:\/\/www.touregyptclub.com\/es\/excursiones-en-gipto\/","title":{"rendered":"Excursiones Egipto"},"content":{"rendered":"<div class=\"wpb-content-wrapper\"><p>[vc_row][vc_column][vc_column_text]<\/p>\n<p dir=\"LTR\" style=\"background: white; margin: 0in 0in 7.5pt 0in;\"><span style=\"font-size: 12pt;\"><span style=\"font-family: Arial, 'sans-serif';\">Excursiones Egipto, su puerta de entrada a experiencias inolvidables entre las antiguas maravillas de Egipto. Sum\u00e9rjase en una encantadora mezcla de historia, cultura y aventura con nuestras exclusivas ofertas de viajes a Egipto , dise\u00f1adas para satisfacer todas las ansias de viajar. <\/span><\/span><\/p>\n<p dir=\"LTR\" style=\"background: white; margin: 0in 0in 7.5pt 0in;\"><span style=\"font-size: 12pt;\"><span style=\"font-family: Arial, 'sans-serif';\">Desde las sobrecogedoras pir\u00e1mides hasta el m\u00edstico encanto del r\u00edo Nilo, nuestras selectas excursiones prometen un viaje a trav\u00e9s del tiempo y la tradici\u00f3n. \u00danase a nosotros en una odisea extraordinaria, en la que nuestras Ofertas de Viajes a Egipto le invitan a descubrir los secretos de esta tierra fascinante, garantiz\u00e1ndole un viaje lleno de momentos incomparables y recuerdos inolvidables. Emb\u00e1rquese en la aventura de su vida con Excursiones Egipto, donde cada oferta de viaje est\u00e1 dise\u00f1ada para desvelar los misterios y la belleza de Egipto.<\/span><\/span><\/p>\n<p dir=\"LTR\" style=\"background: white; margin: 0in 0in 7.5pt 0in;\"><span style=\"font-size: 12pt;\"><span style=\"font-family: Arial, 'sans-serif';\">Adquiera la experiencia de\u00a0<\/span><span style=\"font-family: Arial, 'sans-serif';\">Tours y <\/span><span style=\"font-family: Arial, 'sans-serif';\">Excursions de Egipto<\/span><span style=\"font-family: Arial, 'sans-serif';\">, No importa d\u00f3nde usted est\u00e1 en Egipto, ya que estamos comprometidos a ayudarle a sacar el m\u00e1ximo provecho de su tiempo para disfrutar m\u00e1s de sus vacaciones en Egipto, as\u00ed que vea las excursi\u00f3nes de un d\u00eda y actividades de viajes para elegir.<\/span><\/span><\/p>\n<p dir=\"LTR\"><span style=\"font-size: 12pt;\"><span style=\"font-family: Arial, 'sans-serif';\">Viajes y paquetes vacacionales<\/span><span style=\"font-family: Arial, 'sans-serif';\">, <\/span><span style=\"font-family: Arial, 'sans-serif';\">S<\/span><span style=\"font-family: Arial, 'sans-serif';\">u viaje de la vida se lo vamos a hacer real si eliga un paquete para recorrer todo Egipto y tomar un crucero por el Nilo yendo al mar rojo y la mayoria de los lugares mas interesantes en Egipto que se les ofrecemos en nuestras paquetes que incluyan todo lo que lo necesitara.<\/span><\/span><\/p>\n<p dir=\"LTR\"><span style=\"font-size: 12pt; font-family: Arial, 'sans-serif';\">Excursiones para cruceros, Obtenga la oportunidad de ver m\u00e1s de lo que imagine, <span style=\"font-family: 'Arial','sans-serif';\">Visite Egipto<\/span>\u00a0<span style=\"font-family: 'Arial','sans-serif';\">desde los puertos de Egipto<\/span>\u00a0en barco de crucero, si aloje en Egipto y tiene d\u00eda libre o de tr\u00e1nsito en los aeropuertos de Egipto puede elegir entre de tours opcionales y excursi\u00f3nes de un d\u00eda.<\/span><\/p>\n<p dir=\"LTR\" style=\"background: white; margin: 0in 0in 7.5pt 0in;\"><span style=\"font-size: 12pt;\"><span style=\"font-family: Arial, 'sans-serif';\">Cruceros por el <a href=\"https:\/\/www.terdegypt.com\/en\/trip-search\/egypt\/dahabiya-nile-cruise-aswan-luxor\" target=\"_blank\" rel=\"noopener\">Nilo Y dahabiya<\/a>, <\/span><span style=\"font-family: Arial, 'sans-serif';\">Disfruta del Nilo por pasar 3 o 4 dias en un Crucero o Dahabiya (Crucero Privado) recurriendo la parte mayor de los templos de los Reyes y la naturaleza. <\/span><span style=\"font-family: Arial, 'sans-serif';\">Tours especiales y Ofertas de viajes, <\/span><span style=\"font-family: Arial, 'sans-serif';\">Le daremos la opcion por si quiere tener un viaje inolvidable y especial con las ofertas mas actualizadas. <\/span><span style=\"font-family: Arial, 'sans-serif';\">No dude en contactarnos para preparar su viaje de la vida<strong>.<\/strong><b><\/b><\/span><\/span><\/p>\n<p dir=\"LTR\">Relacionado: <a href=\"https:\/\/www.touregyptclub.com\/es\/egipto-informacion-turistica-para-viajeros\/abidos-abydos-guia-de-viaje\/el-templo-de-0\/\">El templo de Rams\u00e9s segundo<\/a><\/p>\n<p>[\/vc_column_text][\/vc_column][\/vc_row]<\/p>\n<\/div>","protected":false},"excerpt":{"rendered":"<p>[vc_row][vc_column][vc_column_text] Excursiones Egipto, su puerta de entrada a experiencias inolvidables entre las antiguas maravillas de Egipto. Sum\u00e9rjase en una encantadora mezcla de historia, cultura y aventura con nuestras exclusivas ofertas de viajes a Egipto , dise\u00f1adas para satisfacer todas las ansias de viajar. Desde las sobrecogedoras pir\u00e1mides hasta el m\u00edstico encanto del r\u00edo Nilo, nuestras [&hellip;]<\/p>\n","protected":false},"author":1,"featured_media":11949,"parent":37619,"menu_order":0,"comment_status":"closed","ping_status":"closed","template":"template-tour-search.php","meta":{"_acf_changed":false,"_uf_show_specific_survey":0,"_uf_disable_surveys":false,"footnotes":""},"class_list":["post-12047","page","type-page","status-publish","has-post-thumbnail","hentry"],"acf":[],"_links":{"self":[{"href":"https:\/\/www.touregyptclub.com\/es\/wp-json\/wp\/v2\/pages\/12047","targetHints":{"allow":["GET"]}}],"collection":[{"href":"https:\/\/www.touregyptclub.com\/es\/wp-json\/wp\/v2\/pages"}],"about":[{"href":"https:\/\/www.touregyptclub.com\/es\/wp-json\/wp\/v2\/types\/page"}],"author":[{"embeddable":true,"href":"https:\/\/www.touregyptclub.com\/es\/wp-json\/wp\/v2\/users\/1"}],"replies":[{"embeddable":true,"href":"https:\/\/www.touregyptclub.com\/es\/wp-json\/wp\/v2\/comments?post=12047"}],"version-history":[{"count":0,"href":"https:\/\/www.touregyptclub.com\/es\/wp-json\/wp\/v2\/pages\/12047\/revisions"}],"up":[{"embeddable":true,"href":"https:\/\/www.touregyptclub.com\/es\/wp-json\/wp\/v2\/pages\/37619"}],"wp:featuredmedia":[{"embeddable":true,"href":"https:\/\/www.touregyptclub.com\/es\/wp-json\/wp\/v2\/media\/11949"}],"wp:attachment":[{"href":"https:\/\/www.touregyptclub.com\/es\/wp-json\/wp\/v2\/media?parent=12047"}],"curies":[{"name":"wp","href":"https:\/\/api.w.org\/{rel}","templated":true}]}}